{"id":902,"date":"2020-05-08T16:20:52","date_gmt":"2020-05-08T16:20:52","guid":{"rendered":"https:\/\/radius-radpol.pl\/?post_type=product&#038;p=902"},"modified":"2024-08-08T12:43:58","modified_gmt":"2024-08-08T12:43:58","slug":"rlk-402","status":"publish","type":"product","link":"https:\/\/radius-radpol.pl\/en\/product\/rlk-402\/","title":{"rendered":"RLK 402"},"content":{"rendered":"<div class=\"section-content relative\">\n<div id=\"row-1287202964\" class=\"row\">\n<div class=\"col medium-8 small-12 large-8\">\n<div class=\"col-inner\">\n<h3><strong>RLK 402<\/strong><\/h3>\n<p>Pier\u015bcienie zaciskowe do ci\u0119\u017ckich zastosowa\u0144. Wielk\u0105 zalet\u0105 s\u0105 du\u017ce powierzchnie mocuj\u0105ce w pier\u015bcieniu zewn\u0119trznym i wewn\u0119trznym. Dzi\u0119ki temu nawet przy du\u017cych momentach obrotowych naciski powierzchniowe na wa\u0142 i piast\u0119 pozostaj\u0105 stosunkowo niskie. Ustalona pozycja pier\u015bcienia nie zmienia si\u0119 przy dokr\u0119caniu \u015brub.<\/p>\n<p>Dost\u0119pne w zakresie \u015brednic: 45 \u2013 600 mm.<br \/>\nS\u0105 to bardzo ekonomiczne elementy s\u0142u\u017c\u0105ce do po\u0142\u0105czenia wa\u0142u z piast\u0105 przy mocowaniu k\u00f3\u0142 z\u0119batych, \u0142a\u0144cuchowych, pasowych , b\u0119bn\u00f3w transporter\u00f3w ta\u015bmowych i wielu innych element\u00f3w nap\u0119dowych.<\/p>\n<\/div>\n<\/div>\n<div class=\"col medium-4 small-12 large-4\">\n<div class=\"col-inner\">\n<div id=\"image_1090118212\" class=\"img has-hover x md-x lg-x y md-y lg-y\">\n<div class=\"img-inner dark\"><img loading=\"lazy\" decoding=\"async\" class=\"attachment-large size-large\" src=\"https:\/\/radius-radpol.pl\/wp-content\/uploads\/2020\/05\/402.jpg\" sizes=\"auto, (max-width: 135px) 100vw, 135px\" srcset=\"https:\/\/radius-radpol.pl\/wp-content\/uploads\/2020\/05\/402.jpg 135w, https:\/\/radius-radpol.pl\/wp-content\/uploads\/2020\/05\/402-100x100.jpg 100w\" alt=\"\" width=\"135\" height=\"135\" \/><\/div>\n<\/div>\n<\/div>\n<\/div>\n<div class=\"col small-12 large-12\">\n<div class=\"col-inner\">\n<p><strong>Zalety:<\/strong><\/p>\n<ul>\n<li>bezluzowe mocowanie przenosz\u0105ce momenty obrotowe, si\u0142y poprzeczne i pod\u0142u\u017cne<\/li>\n<li>\u0142atwe w monta\u017cu i demonta\u017cu<\/li>\n<li>g\u0142adki wa\u0142, korzystny cenowo, bez potrzeby wykonywania dodatkowo rowka,\u00a0nie ma os\u0142abienia wa\u0142u przez rowek wpustowy, wysoka wytrzyma\u0142o\u015b\u0107 zm\u0119czeniowa<\/li>\n<li>a w przypadku element\u00f3w samocentruj\u0105cych: przelotowe, korzystne cenowo otwory w\u00a0piastach; do centrowania oraz prowadzenia osiowego na wale nie s\u0105 wymagane odsadzenia<\/li>\n<li>dok\u0142adno\u015b\u0107 ko\u0142owa po\u0142\u0105czenia zaciskanego wynosi 0,02 do 0,04 mm<\/li>\n<li>wszystkie wielko\u015bci dost\u0119pne w magazynie producenta<\/li>\n<\/ul>\n<\/div>\n<\/div>\n<\/div>\n<\/div>","protected":false},"excerpt":{"rendered":"<p>RLK 402 Pier\u015bcienie zaciskowe do ci\u0119\u017ckich zastosowa\u0144. Wielk\u0105 zalet\u0105 s\u0105 du\u017ce powierzchnie mocuj\u0105ce w pier\u015bcieniu zewn\u0119trznym i wewn\u0119trznym. Dzi\u0119ki temu nawet przy du\u017cych momentach obrotowych naciski powierzchniowe na wa\u0142 i piast\u0119 pozostaj\u0105 stosunkowo niskie. Ustalona pozycja pier\u015bcienia nie zmienia si\u0119 przy dokr\u0119caniu \u015brub. Dost\u0119pne w zakresie \u015brednic: 45 \u2013 600 mm. S\u0105 to bardzo ekonomiczne [&#8230;]","protected":false},"featured_media":903,"template":"","meta":[],"product_cat":[77],"product_tag":[93],"class_list":{"0":"post-902","1":"product","2":"type-product","3":"status-publish","4":"has-post-thumbnail","6":"product_cat-pierscienie-i-tarcze-rozprezno-zaciskowe","7":"product_tag-ringspann","9":"first","10":"instock","11":"shipping-taxable","12":"product-type-simple"},"yoast_head":"<!-- This site is optimized with the Yoast SEO plugin v24.0 - https:\/\/yoast.com\/wordpress\/plugins\/seo\/ -->\n<title>RLK 402 - Radius Radpol - technika nap\u0119d\u00f3w mechanicznych<\/title>\n<meta name=\"description\" content=\"Oferujemy pier\u015bcienie zaciskowe RLK 402 do ci\u0119\u017ckich zastosowa\u0144. Dost\u0119pne w zakresie \u015brednic od 45 do 600 mm.\" \/>\n<meta name=\"robots\" content=\"index, follow, max-snippet:-1, max-image-preview:large, max-video-preview:-1\" \/>\n<link rel=\"canonical\" href=\"https:\/\/radius-radpol.pl\/en\/product\/rlk-402\/\" \/>\n<script type=\"application\/ld+json\" class=\"yoast-schema-graph\">{\"@context\":\"https:\/\/schema.org\",\"@graph\":[{\"@type\":\"WebPage\",\"@id\":\"https:\/\/radius-radpol.pl\/produkt\/rlk-402\/\",\"url\":\"https:\/\/radius-radpol.pl\/produkt\/rlk-402\/\",\"name\":\"RLK 402 - Radius Radpol - technika nap\u0119d\u00f3w mechanicznych\",\"isPartOf\":{\"@id\":\"https:\/\/radius-radpol.pl\/#website\"},\"primaryImageOfPage\":{\"@id\":\"https:\/\/radius-radpol.pl\/produkt\/rlk-402\/#primaryimage\"},\"image\":{\"@id\":\"https:\/\/radius-radpol.pl\/produkt\/rlk-402\/#primaryimage\"},\"thumbnailUrl\":\"https:\/\/radius-radpol.pl\/wp-content\/uploads\/2020\/05\/402-141001.png\",\"datePublished\":\"2020-05-08T16:20:52+00:00\",\"dateModified\":\"2024-08-08T12:43:58+00:00\",\"description\":\"Oferujemy pier\u015bcienie zaciskowe RLK 402 do ci\u0119\u017ckich zastosowa\u0144. Dost\u0119pne w zakresie \u015brednic od 45 do 600 mm.\",\"breadcrumb\":{\"@id\":\"https:\/\/radius-radpol.pl\/produkt\/rlk-402\/#breadcrumb\"},\"inLanguage\":\"en-US\",\"potentialAction\":[{\"@type\":\"ReadAction\",\"target\":[\"https:\/\/radius-radpol.pl\/produkt\/rlk-402\/\"]}]},{\"@type\":\"ImageObject\",\"inLanguage\":\"en-US\",\"@id\":\"https:\/\/radius-radpol.pl\/produkt\/rlk-402\/#primaryimage\",\"url\":\"https:\/\/radius-radpol.pl\/wp-content\/uploads\/2020\/05\/402-141001.png\",\"contentUrl\":\"https:\/\/radius-radpol.pl\/wp-content\/uploads\/2020\/05\/402-141001.png\",\"width\":450,\"height\":295,\"caption\":\"RLK 402\"},{\"@type\":\"BreadcrumbList\",\"@id\":\"https:\/\/radius-radpol.pl\/produkt\/rlk-402\/#breadcrumb\",\"itemListElement\":[{\"@type\":\"ListItem\",\"position\":1,\"name\":\"Strona g\u0142\u00f3wna\",\"item\":\"https:\/\/radius-radpol.pl\/\"},{\"@type\":\"ListItem\",\"position\":2,\"name\":\"Produkty\",\"item\":\"https:\/\/radius-radpol.pl\/produkty\/\"},{\"@type\":\"ListItem\",\"position\":3,\"name\":\"RLK 402\"}]},{\"@type\":\"WebSite\",\"@id\":\"https:\/\/radius-radpol.pl\/#website\",\"url\":\"https:\/\/radius-radpol.pl\/\",\"name\":\"Radius Radpol\",\"description\":\"Technika nap\u0119d\u00f3w mechanicznych\",\"publisher\":{\"@id\":\"https:\/\/radius-radpol.pl\/#organization\"},\"potentialAction\":[{\"@type\":\"SearchAction\",\"target\":{\"@type\":\"EntryPoint\",\"urlTemplate\":\"https:\/\/radius-radpol.pl\/?s={search_term_string}\"},\"query-input\":{\"@type\":\"PropertyValueSpecification\",\"valueRequired\":true,\"valueName\":\"search_term_string\"}}],\"inLanguage\":\"en-US\"},{\"@type\":\"Organization\",\"@id\":\"https:\/\/radius-radpol.pl\/#organization\",\"name\":\"Radius Radpol\",\"url\":\"https:\/\/radius-radpol.pl\/\",\"logo\":{\"@type\":\"ImageObject\",\"inLanguage\":\"en-US\",\"@id\":\"https:\/\/radius-radpol.pl\/#\/schema\/logo\/image\/\",\"url\":\"https:\/\/radius-radpol.pl\/wp-content\/uploads\/2021\/10\/Radius-LOGO4.png\",\"contentUrl\":\"https:\/\/radius-radpol.pl\/wp-content\/uploads\/2021\/10\/Radius-LOGO4.png\",\"width\":1500,\"height\":900,\"caption\":\"Radius Radpol\"},\"image\":{\"@id\":\"https:\/\/radius-radpol.pl\/#\/schema\/logo\/image\/\"}}]}<\/script>\n<!-- \/ Yoast SEO plugin. -->","yoast_head_json":{"title":"RLK 402 - Radius Radpol - technika nap\u0119d\u00f3w mechanicznych","description":"Oferujemy pier\u015bcienie zaciskowe RLK 402 do ci\u0119\u017ckich zastosowa\u0144. Dost\u0119pne w zakresie \u015brednic od 45 do 600 mm.","robots":{"index":"index","follow":"follow","max-snippet":"max-snippet:-1","max-image-preview":"max-image-preview:large","max-video-preview":"max-video-preview:-1"},"canonical":"https:\/\/radius-radpol.pl\/en\/product\/rlk-402\/","schema":{"@context":"https:\/\/schema.org","@graph":[{"@type":"WebPage","@id":"https:\/\/radius-radpol.pl\/produkt\/rlk-402\/","url":"https:\/\/radius-radpol.pl\/produkt\/rlk-402\/","name":"RLK 402 - Radius Radpol - technika nap\u0119d\u00f3w mechanicznych","isPartOf":{"@id":"https:\/\/radius-radpol.pl\/#website"},"primaryImageOfPage":{"@id":"https:\/\/radius-radpol.pl\/produkt\/rlk-402\/#primaryimage"},"image":{"@id":"https:\/\/radius-radpol.pl\/produkt\/rlk-402\/#primaryimage"},"thumbnailUrl":"https:\/\/radius-radpol.pl\/wp-content\/uploads\/2020\/05\/402-141001.png","datePublished":"2020-05-08T16:20:52+00:00","dateModified":"2024-08-08T12:43:58+00:00","description":"Oferujemy pier\u015bcienie zaciskowe RLK 402 do ci\u0119\u017ckich zastosowa\u0144. Dost\u0119pne w zakresie \u015brednic od 45 do 600 mm.","breadcrumb":{"@id":"https:\/\/radius-radpol.pl\/produkt\/rlk-402\/#breadcrumb"},"inLanguage":"en-US","potentialAction":[{"@type":"ReadAction","target":["https:\/\/radius-radpol.pl\/produkt\/rlk-402\/"]}]},{"@type":"ImageObject","inLanguage":"en-US","@id":"https:\/\/radius-radpol.pl\/produkt\/rlk-402\/#primaryimage","url":"https:\/\/radius-radpol.pl\/wp-content\/uploads\/2020\/05\/402-141001.png","contentUrl":"https:\/\/radius-radpol.pl\/wp-content\/uploads\/2020\/05\/402-141001.png","width":450,"height":295,"caption":"RLK 402"},{"@type":"BreadcrumbList","@id":"https:\/\/radius-radpol.pl\/produkt\/rlk-402\/#breadcrumb","itemListElement":[{"@type":"ListItem","position":1,"name":"Strona g\u0142\u00f3wna","item":"https:\/\/radius-radpol.pl\/"},{"@type":"ListItem","position":2,"name":"Produkty","item":"https:\/\/radius-radpol.pl\/produkty\/"},{"@type":"ListItem","position":3,"name":"RLK 402"}]},{"@type":"WebSite","@id":"https:\/\/radius-radpol.pl\/#website","url":"https:\/\/radius-radpol.pl\/","name":"Radius Radpol","description":"Technika nap\u0119d\u00f3w mechanicznych","publisher":{"@id":"https:\/\/radius-radpol.pl\/#organization"},"potentialAction":[{"@type":"SearchAction","target":{"@type":"EntryPoint","urlTemplate":"https:\/\/radius-radpol.pl\/?s={search_term_string}"},"query-input":{"@type":"PropertyValueSpecification","valueRequired":true,"valueName":"search_term_string"}}],"inLanguage":"en-US"},{"@type":"Organization","@id":"https:\/\/radius-radpol.pl\/#organization","name":"Radius Radpol","url":"https:\/\/radius-radpol.pl\/","logo":{"@type":"ImageObject","inLanguage":"en-US","@id":"https:\/\/radius-radpol.pl\/#\/schema\/logo\/image\/","url":"https:\/\/radius-radpol.pl\/wp-content\/uploads\/2021\/10\/Radius-LOGO4.png","contentUrl":"https:\/\/radius-radpol.pl\/wp-content\/uploads\/2021\/10\/Radius-LOGO4.png","width":1500,"height":900,"caption":"Radius Radpol"},"image":{"@id":"https:\/\/radius-radpol.pl\/#\/schema\/logo\/image\/"}}]}},"_links":{"self":[{"href":"https:\/\/radius-radpol.pl\/en\/wp-json\/wp\/v2\/product\/902","targetHints":{"allow":["GET"]}}],"collection":[{"href":"https:\/\/radius-radpol.pl\/en\/wp-json\/wp\/v2\/product"}],"about":[{"href":"https:\/\/radius-radpol.pl\/en\/wp-json\/wp\/v2\/types\/product"}],"wp:featuredmedia":[{"embeddable":true,"href":"https:\/\/radius-radpol.pl\/en\/wp-json\/wp\/v2\/media\/903"}],"wp:attachment":[{"href":"https:\/\/radius-radpol.pl\/en\/wp-json\/wp\/v2\/media?parent=902"}],"wp:term":[{"taxonomy":"product_cat","embeddable":true,"href":"https:\/\/radius-radpol.pl\/en\/wp-json\/wp\/v2\/product_cat?post=902"},{"taxonomy":"product_tag","embeddable":true,"href":"https:\/\/radius-radpol.pl\/en\/wp-json\/wp\/v2\/product_tag?post=902"}],"curies":[{"name":"wp","href":"https:\/\/api.w.org\/{rel}","templated":true}]}}