{"id":804,"date":"2020-05-06T14:19:49","date_gmt":"2020-05-06T14:19:49","guid":{"rendered":"https:\/\/radius-radpol.pl\/?post_type=product&#038;p=804"},"modified":"2024-08-14T12:53:43","modified_gmt":"2024-08-14T12:53:43","slug":"obce-chlodzenia-do-silnikow-elektrycznych","status":"publish","type":"product","link":"https:\/\/radius-radpol.pl\/en\/product\/obce-chlodzenia-do-silnikow-elektrycznych\/","title":{"rendered":"Cooling units for electric motors"},"content":{"rendered":"<section class=\"section\" id=\"section_1510624699\">\n\t\t<div class=\"section-bg fill\" >\n\t\t\t\t\t\t\t\t\t\n\t\t\t\n\n\t\t<\/div>\n\n\t\t\n\n\t\t<div class=\"section-content relative\">\n\t\t\t\n\t<div id=\"gap-2122746676\" class=\"gap-element clearfix\" style=\"display:block; height:auto;\">\n\t\t\n<style>\n#gap-2122746676 {\n  padding-top: 50px;\n}\n<\/style>\n\t<\/div>\n\t\n<h1>External ventilation kits for electric motors OMT3\/OMT4<\/h1>\n<div id=\"tab_opis\" class=\"panel active entry-content\">\n<div id=\"tab_opis\" class=\"panel active entry-content\">\n<p data-line-height=\"s\">Modular sets of extraneous (forced) ventilation are designed for use in electric motors with adjustable speed (e.g., when powered by an inverter) - in drives with constant-torque load characteristics as a function of speed [T=f(n)=const.], such as presses, conveyors, centrifuges, gearboxes, etc.<\/p>\n<p data-line-height=\"s\">The use of an independently powered fan with constant performance, ensures that the motor shaft torque is constant within the control range of 0\u00f7100% of the rated speed.<\/p>\n<p data-line-height=\"s\">Ready-made external ventilation kits are adapted for mounting on engines after removing the standard cover and vent.<\/p>\n<p data-line-height=\"s\">The basic offer includes sets for motors of mechanical size 63\u00f7180, with a fan powered by 1-phase 230VAC.<\/p>\n<p data-line-height=\"s\"><strong>Fan modules for IEC size 200\u00f7450 motors - available on request.<\/strong><\/p>\n<\/div>\n<\/div>\n<h1><\/h1>\n<div class=\"row align-middle\"  id=\"row-1765403514\">\n\n\t<div id=\"col-1427366989\" class=\"col medium-6 small-12 large-6\"  >\n\t\t\t\t<div class=\"col-inner\"  >\n\t\t\t\n\t\t\t\n\t<div class=\"img has-hover x md-x lg-x y md-y lg-y\" id=\"image_1308943789\">\n\t\t\t\t\t\t\t\t<div class=\"img-inner dark\" >\n\t\t\t<img loading=\"lazy\" decoding=\"async\" width=\"800\" height=\"418\" src=\"https:\/\/radius-radpol.pl\/wp-content\/uploads\/2020\/08\/wistro2.png\" class=\"attachment-large size-large\" alt=\"Modu\u0142y wentylator\u00f3w\" srcset=\"https:\/\/radius-radpol.pl\/wp-content\/uploads\/2020\/08\/wistro2.png 800w, https:\/\/radius-radpol.pl\/wp-content\/uploads\/2020\/08\/wistro2-766x400.png 766w, https:\/\/radius-radpol.pl\/wp-content\/uploads\/2020\/08\/wistro2-768x401.png 768w, https:\/\/radius-radpol.pl\/wp-content\/uploads\/2020\/08\/wistro2-510x266.png 510w\" sizes=\"auto, (max-width: 800px) 100vw, 800px\" \/>\t\t\t\t\t\t\n\t\t\t\t\t<\/div>\n\t\t\t\t\t\t\t\t\n<style>\n#image_1308943789 {\n  width: 100%;\n}\n<\/style>\n\t<\/div>\n\t\n\t\t<\/div>\n\t\t\t\t\t<\/div>\n\n\t\n\n\t<div id=\"col-1528429643\" class=\"col medium-6 small-12 large-6\"  >\n\t\t\t\t<div class=\"col-inner\"  >\n\t\t\t\n\t\t\t\n\t<div class=\"img has-hover x md-x lg-x y md-y lg-y\" id=\"image_71296822\">\n\t\t\t\t\t\t\t\t<div class=\"img-inner dark\" >\n\t\t\t<img loading=\"lazy\" decoding=\"async\" width=\"577\" height=\"433\" src=\"https:\/\/radius-radpol.pl\/wp-content\/uploads\/2020\/08\/IMG_20200604_153829-removebg-preview.png\" class=\"attachment-large size-large\" alt=\"Modu\u0142y wentylator\u00f3w\" srcset=\"https:\/\/radius-radpol.pl\/wp-content\/uploads\/2020\/08\/IMG_20200604_153829-removebg-preview.png 577w, https:\/\/radius-radpol.pl\/wp-content\/uploads\/2020\/08\/IMG_20200604_153829-removebg-preview-533x400.png 533w, https:\/\/radius-radpol.pl\/wp-content\/uploads\/2020\/08\/IMG_20200604_153829-removebg-preview-510x383.png 510w\" sizes=\"auto, (max-width: 577px) 100vw, 577px\" \/>\t\t\t\t\t\t\n\t\t\t\t\t<\/div>\n\t\t\t\t\t\t\t\t\n<style>\n#image_71296822 {\n  width: 100%;\n}\n<\/style>\n\t<\/div>\n\t\n\t\t<\/div>\n\t\t\t\t\t<\/div>\n\n\t\n<\/div>\n\t\t<\/div>\n\n\t\t\n<style>\n#section_1510624699 {\n  padding-top: 20px;\n  padding-bottom: 20px;\n}\n<\/style>\n\t<\/section>","protected":false},"excerpt":{"rendered":"","protected":false},"featured_media":809,"template":"","meta":[],"product_cat":[68],"product_tag":[98],"class_list":{"0":"post-804","1":"product","2":"type-product","3":"status-publish","4":"has-post-thumbnail","6":"product_cat-silniki-elektryczne","7":"product_tag-omec-motors","9":"first","10":"instock","11":"shipping-taxable","12":"product-type-simple"},"yoast_head":"<!-- This site is optimized with the Yoast SEO plugin v24.0 - https:\/\/yoast.com\/wordpress\/plugins\/seo\/ -->\n<title>Obce ch\u0142odzenia do silnik\u00f3w elektrycznych - Radius Radpol<\/title>\n<meta name=\"description\" content=\"Oferujemy modu\u0142owe zestawy wentylacji obcej (wymuszonej) przeznaczone do stosowania w silnikach elektrycznych z regulowan\u0105 pr\u0119dko\u015bci\u0105 obrotow\u0105.\" \/>\n<meta name=\"robots\" content=\"index, follow, max-snippet:-1, max-image-preview:large, max-video-preview:-1\" \/>\n<link rel=\"canonical\" href=\"https:\/\/radius-radpol.pl\/en\/product\/obce-chlodzenia-do-silnikow-elektrycznych\/\" \/>\n<script type=\"application\/ld+json\" class=\"yoast-schema-graph\">{\"@context\":\"https:\/\/schema.org\",\"@graph\":[{\"@type\":\"WebPage\",\"@id\":\"https:\/\/radius-radpol.pl\/produkt\/obce-chlodzenia-do-silnikow-elektrycznych\/\",\"url\":\"https:\/\/radius-radpol.pl\/produkt\/obce-chlodzenia-do-silnikow-elektrycznych\/\",\"name\":\"Obce ch\u0142odzenia do silnik\u00f3w elektrycznych - Radius Radpol\",\"isPartOf\":{\"@id\":\"https:\/\/radius-radpol.pl\/#website\"},\"primaryImageOfPage\":{\"@id\":\"https:\/\/radius-radpol.pl\/produkt\/obce-chlodzenia-do-silnikow-elektrycznych\/#primaryimage\"},\"image\":{\"@id\":\"https:\/\/radius-radpol.pl\/produkt\/obce-chlodzenia-do-silnikow-elektrycznych\/#primaryimage\"},\"thumbnailUrl\":\"https:\/\/radius-radpol.pl\/wp-content\/uploads\/2020\/05\/5-3.png\",\"datePublished\":\"2020-05-06T14:19:49+00:00\",\"dateModified\":\"2024-08-14T12:53:43+00:00\",\"description\":\"Oferujemy modu\u0142owe zestawy wentylacji obcej (wymuszonej) przeznaczone do stosowania w silnikach elektrycznych z regulowan\u0105 pr\u0119dko\u015bci\u0105 obrotow\u0105.\",\"breadcrumb\":{\"@id\":\"https:\/\/radius-radpol.pl\/produkt\/obce-chlodzenia-do-silnikow-elektrycznych\/#breadcrumb\"},\"inLanguage\":\"en-US\",\"potentialAction\":[{\"@type\":\"ReadAction\",\"target\":[\"https:\/\/radius-radpol.pl\/produkt\/obce-chlodzenia-do-silnikow-elektrycznych\/\"]}]},{\"@type\":\"ImageObject\",\"inLanguage\":\"en-US\",\"@id\":\"https:\/\/radius-radpol.pl\/produkt\/obce-chlodzenia-do-silnikow-elektrycznych\/#primaryimage\",\"url\":\"https:\/\/radius-radpol.pl\/wp-content\/uploads\/2020\/05\/5-3.png\",\"contentUrl\":\"https:\/\/radius-radpol.pl\/wp-content\/uploads\/2020\/05\/5-3.png\",\"width\":500,\"height\":500,\"caption\":\"Ch\u0142odzenie silnik\u00f3w elektrycznych\"},{\"@type\":\"BreadcrumbList\",\"@id\":\"https:\/\/radius-radpol.pl\/produkt\/obce-chlodzenia-do-silnikow-elektrycznych\/#breadcrumb\",\"itemListElement\":[{\"@type\":\"ListItem\",\"position\":1,\"name\":\"Strona g\u0142\u00f3wna\",\"item\":\"https:\/\/radius-radpol.pl\/\"},{\"@type\":\"ListItem\",\"position\":2,\"name\":\"Produkty\",\"item\":\"https:\/\/radius-radpol.pl\/produkty\/\"},{\"@type\":\"ListItem\",\"position\":3,\"name\":\"Obce ch\u0142odzenia do silnik\u00f3w elektrycznych\"}]},{\"@type\":\"WebSite\",\"@id\":\"https:\/\/radius-radpol.pl\/#website\",\"url\":\"https:\/\/radius-radpol.pl\/\",\"name\":\"Radius Radpol\",\"description\":\"Technika nap\u0119d\u00f3w mechanicznych\",\"publisher\":{\"@id\":\"https:\/\/radius-radpol.pl\/#organization\"},\"potentialAction\":[{\"@type\":\"SearchAction\",\"target\":{\"@type\":\"EntryPoint\",\"urlTemplate\":\"https:\/\/radius-radpol.pl\/?s={search_term_string}\"},\"query-input\":{\"@type\":\"PropertyValueSpecification\",\"valueRequired\":true,\"valueName\":\"search_term_string\"}}],\"inLanguage\":\"en-US\"},{\"@type\":\"Organization\",\"@id\":\"https:\/\/radius-radpol.pl\/#organization\",\"name\":\"Radius Radpol\",\"url\":\"https:\/\/radius-radpol.pl\/\",\"logo\":{\"@type\":\"ImageObject\",\"inLanguage\":\"en-US\",\"@id\":\"https:\/\/radius-radpol.pl\/#\/schema\/logo\/image\/\",\"url\":\"https:\/\/radius-radpol.pl\/wp-content\/uploads\/2021\/10\/Radius-LOGO4.png\",\"contentUrl\":\"https:\/\/radius-radpol.pl\/wp-content\/uploads\/2021\/10\/Radius-LOGO4.png\",\"width\":1500,\"height\":900,\"caption\":\"Radius Radpol\"},\"image\":{\"@id\":\"https:\/\/radius-radpol.pl\/#\/schema\/logo\/image\/\"}}]}<\/script>\n<!-- \/ Yoast SEO plugin. -->","yoast_head_json":{"title":"Obce ch\u0142odzenia do silnik\u00f3w elektrycznych - Radius Radpol","description":"Oferujemy modu\u0142owe zestawy wentylacji obcej (wymuszonej) przeznaczone do stosowania w silnikach elektrycznych z regulowan\u0105 pr\u0119dko\u015bci\u0105 obrotow\u0105.","robots":{"index":"index","follow":"follow","max-snippet":"max-snippet:-1","max-image-preview":"max-image-preview:large","max-video-preview":"max-video-preview:-1"},"canonical":"https:\/\/radius-radpol.pl\/en\/product\/obce-chlodzenia-do-silnikow-elektrycznych\/","schema":{"@context":"https:\/\/schema.org","@graph":[{"@type":"WebPage","@id":"https:\/\/radius-radpol.pl\/produkt\/obce-chlodzenia-do-silnikow-elektrycznych\/","url":"https:\/\/radius-radpol.pl\/produkt\/obce-chlodzenia-do-silnikow-elektrycznych\/","name":"Obce ch\u0142odzenia do silnik\u00f3w elektrycznych - Radius Radpol","isPartOf":{"@id":"https:\/\/radius-radpol.pl\/#website"},"primaryImageOfPage":{"@id":"https:\/\/radius-radpol.pl\/produkt\/obce-chlodzenia-do-silnikow-elektrycznych\/#primaryimage"},"image":{"@id":"https:\/\/radius-radpol.pl\/produkt\/obce-chlodzenia-do-silnikow-elektrycznych\/#primaryimage"},"thumbnailUrl":"https:\/\/radius-radpol.pl\/wp-content\/uploads\/2020\/05\/5-3.png","datePublished":"2020-05-06T14:19:49+00:00","dateModified":"2024-08-14T12:53:43+00:00","description":"Oferujemy modu\u0142owe zestawy wentylacji obcej (wymuszonej) przeznaczone do stosowania w silnikach elektrycznych z regulowan\u0105 pr\u0119dko\u015bci\u0105 obrotow\u0105.","breadcrumb":{"@id":"https:\/\/radius-radpol.pl\/produkt\/obce-chlodzenia-do-silnikow-elektrycznych\/#breadcrumb"},"inLanguage":"en-US","potentialAction":[{"@type":"ReadAction","target":["https:\/\/radius-radpol.pl\/produkt\/obce-chlodzenia-do-silnikow-elektrycznych\/"]}]},{"@type":"ImageObject","inLanguage":"en-US","@id":"https:\/\/radius-radpol.pl\/produkt\/obce-chlodzenia-do-silnikow-elektrycznych\/#primaryimage","url":"https:\/\/radius-radpol.pl\/wp-content\/uploads\/2020\/05\/5-3.png","contentUrl":"https:\/\/radius-radpol.pl\/wp-content\/uploads\/2020\/05\/5-3.png","width":500,"height":500,"caption":"Ch\u0142odzenie silnik\u00f3w elektrycznych"},{"@type":"BreadcrumbList","@id":"https:\/\/radius-radpol.pl\/produkt\/obce-chlodzenia-do-silnikow-elektrycznych\/#breadcrumb","itemListElement":[{"@type":"ListItem","position":1,"name":"Strona g\u0142\u00f3wna","item":"https:\/\/radius-radpol.pl\/"},{"@type":"ListItem","position":2,"name":"Produkty","item":"https:\/\/radius-radpol.pl\/produkty\/"},{"@type":"ListItem","position":3,"name":"Obce ch\u0142odzenia do silnik\u00f3w elektrycznych"}]},{"@type":"WebSite","@id":"https:\/\/radius-radpol.pl\/#website","url":"https:\/\/radius-radpol.pl\/","name":"Radius Radpol","description":"Technika nap\u0119d\u00f3w mechanicznych","publisher":{"@id":"https:\/\/radius-radpol.pl\/#organization"},"potentialAction":[{"@type":"SearchAction","target":{"@type":"EntryPoint","urlTemplate":"https:\/\/radius-radpol.pl\/?s={search_term_string}"},"query-input":{"@type":"PropertyValueSpecification","valueRequired":true,"valueName":"search_term_string"}}],"inLanguage":"en-US"},{"@type":"Organization","@id":"https:\/\/radius-radpol.pl\/#organization","name":"Radius Radpol","url":"https:\/\/radius-radpol.pl\/","logo":{"@type":"ImageObject","inLanguage":"en-US","@id":"https:\/\/radius-radpol.pl\/#\/schema\/logo\/image\/","url":"https:\/\/radius-radpol.pl\/wp-content\/uploads\/2021\/10\/Radius-LOGO4.png","contentUrl":"https:\/\/radius-radpol.pl\/wp-content\/uploads\/2021\/10\/Radius-LOGO4.png","width":1500,"height":900,"caption":"Radius Radpol"},"image":{"@id":"https:\/\/radius-radpol.pl\/#\/schema\/logo\/image\/"}}]}},"_links":{"self":[{"href":"https:\/\/radius-radpol.pl\/en\/wp-json\/wp\/v2\/product\/804","targetHints":{"allow":["GET"]}}],"collection":[{"href":"https:\/\/radius-radpol.pl\/en\/wp-json\/wp\/v2\/product"}],"about":[{"href":"https:\/\/radius-radpol.pl\/en\/wp-json\/wp\/v2\/types\/product"}],"wp:featuredmedia":[{"embeddable":true,"href":"https:\/\/radius-radpol.pl\/en\/wp-json\/wp\/v2\/media\/809"}],"wp:attachment":[{"href":"https:\/\/radius-radpol.pl\/en\/wp-json\/wp\/v2\/media?parent=804"}],"wp:term":[{"taxonomy":"product_cat","embeddable":true,"href":"https:\/\/radius-radpol.pl\/en\/wp-json\/wp\/v2\/product_cat?post=804"},{"taxonomy":"product_tag","embeddable":true,"href":"https:\/\/radius-radpol.pl\/en\/wp-json\/wp\/v2\/product_tag?post=804"}],"curies":[{"name":"wp","href":"https:\/\/api.w.org\/{rel}","templated":true}]}}