{"id":801,"date":"2020-05-06T14:05:37","date_gmt":"2020-05-06T14:05:37","guid":{"rendered":"https:\/\/radius-radpol.pl\/?post_type=product&#038;p=801"},"modified":"2024-08-13T08:41:42","modified_gmt":"2024-08-13T08:41:42","slug":"silniki-ip55-w-kadlubie-zeliwnym","status":"publish","type":"product","link":"https:\/\/radius-radpol.pl\/en\/product\/silniki-ip55-w-kadlubie-zeliwnym\/","title":{"rendered":"3 PHASE Cast Iron OMT3"},"content":{"rendered":"<h1><span style=\"font-size: 100%;\">OMT3 Electric motors<\/span><\/h1>\n<p><span style=\"font-size: 100%;\"><strong>Power range: 3kW - 315kW<br \/>\n<\/strong><\/span><\/p>\n<p><span style=\"font-size: 100%;\"><strong>IEC mechanical sizes: 80 \u00f7 355<\/strong><\/span><\/p>\n<div id=\"tab_opis\" class=\"panel active entry-content\">\n<p data-line-height=\"s\" class=\"translation-block\">OMT3-IE3 series motors in cast iron cages, are manufactured in mechanical sizes 80\u00f7355.<\/p>\n<p data-line-height=\"s\"><span style=\"font-size: 100%;\">The cast iron body is a monolith frame together with feets B3 . The terminal box is placed on top of the body  as standard. A variant with a box located on the side of the body  is available only on request.<\/span><\/p>\n<p data-line-height=\"s\" class=\"translation-block\">The motors are used in general industry. They can be used to drive machines and devices whose operation is continuous without frequent starts and relapses. Due to the degree of protection (IP55), they can work in conditions where the surrounding air contains impurities. Air dust content should not be higher than 10 mg\/m3. However, these cannot be chemically aggressive contaminants, such as acid and lye vapors, or explosive mixtures. The motors are designed for bi-directional operation as standard.<\/p>\n<p data-line-height=\"s\"><span style=\"font-size: 100%;\">OMT3-IE3 motors meet the requirements of the PN-EN 60034-30 standard and the Regulation of the European Commission EC 640\/2009 regarding high-efficiency motors - IE3 (premium) classification.<\/span><\/p>\n<\/div>\n<div class=\"accordion\">\n\t<div id=\"accordion-2273792935\" class=\"accordion-item\">\n\t\t<a id=\"accordion-2273792935-label\" class=\"accordion-title plain\" href=\"#accordion-item-modyfikacje\" aria-expanded=\"false\" aria-controls=\"accordion-2273792935-content\" >\n\t\t\t<button class=\"toggle\" aria-label=\"Toggle\"><i class=\"icon-angle-down\"><\/i><\/button>\n\t\t\t<span>Modifications<\/span>\n\t\t<\/a>\n\t\t<div id=\"accordion-2273792935-content\" class=\"accordion-inner\" aria-labelledby=\"accordion-2273792935-label\" >\n\t\t\t\n<p>Our offer also includes modifications and modernizations of standard products according to the special  customer needs.<\/p>\n<h5><strong>Our workshop include:<\/strong><\/h5>\n<ul>\n<li class=\"lead\"><span data-line-height=\"s\">mechanical modifications related to the method of mounting and connecting the motor<\/span><\/li>\n<li class=\"lead\">increasing the degree of protection; additional winding impregnation; higher class of insulation<\/li>\n<li class=\"lead\">installation of winding and bearing temperature sensors according to the customer's needs<\/li>\n<li class=\"lead\">installation of bearing vibration sensors<\/li>\n<li class=\"lead\">installation of anti-condensation heaters to prevent condensation of water vapor inside the engine during long-term standstill<\/li>\n<li class=\"lead\">installation of encoders with parameters in accordance with customer requirements (including those provided by the customer)<\/li>\n<li class=\"lead\">electromagnetic brake installation; selection of the correct brake<\/li>\n<li class=\"lead\">electromagnetic brake installation; selection of the correct brake<\/li>\n<li class=\"lead\">installation of external (forced) cooling with a separately powered and driven fan, for engines designed to regulate the rotational speed; production of special external cooling modules for self-assembly by the user<\/li>\n<li class=\"lead\">analysis of bearing loads and durability for the needs of the drive application (reinforced bearings for belt drives or other transmissions with high radial and axial forces, insulated bearings for motors designed to work with inverters, etc.)<\/li>\n<li class=\"lead\">selection of couplings, pulleys, etc. and alignment of the drive system using precise laser devices<\/li>\n<li class=\"lead\"><span data-line-height=\"s\">selection of correct slides and tensioning rails<\/span><\/li>\n<\/ul>\n\t\t<\/div>\n\t<\/div>\n\t\n\t<div id=\"accordion-3210097229\" class=\"accordion-item\">\n\t\t<a id=\"accordion-3210097229-label\" class=\"accordion-title plain\" href=\"#accordion-item-\u0141o\u017cyska\" aria-expanded=\"false\" aria-controls=\"accordion-3210097229-content\" >\n\t\t\t<button class=\"toggle\" aria-label=\"Toggle\"><i class=\"icon-angle-down\"><\/i><\/button>\n\t\t\t<span>Bearings<\/span>\n\t\t<\/a>\n\t\t<div id=\"accordion-3210097229-content\" class=\"accordion-inner\" aria-labelledby=\"accordion-3210097229-label\" >\n\t\t\t\n<p>Motors from  mechanical range  56\u00f7160 are equipped as standard with closed \nball bearings that do not require additional lubrication.<\/p>\n<p>In motors from  mechanical size 180\u00f7355, open bearings with the possibility of relubrication on the run are used.<\/p>\n<table width=\"2\">\n<tbody>\n<tr>\n<td width=\"76\">IEC Size<\/td>\n<td width=\"66\">\n<h5>Poles<\/h5>\n<h5>biegun\u00f3w<\/h5>\n<\/td>\n<td width=\"90\">\n<h5>Strona<\/h5>\n<h5>nap\u0119dowa DE<\/h5>\n<\/td>\n<td width=\"90\">\n<h5>Strona<\/h5>\n<h5>przeciwna NDE<\/h5>\n<\/td>\n<\/tr>\n<tr>\n<td width=\"76\">56-63<\/td>\n<td width=\"66\">2,4<\/td>\n<td width=\"90\">6201 2RS<\/td>\n<td width=\"90\">6201 2RS<\/td>\n<\/tr>\n<tr>\n<td width=\"76\">71<\/td>\n<td width=\"66\">2,4,6<\/td>\n<td width=\"90\">6202 2RS<\/td>\n<td width=\"90\">6202 2RS<\/td>\n<\/tr>\n<tr>\n<td width=\"76\">80<\/td>\n<td width=\"66\">2,4,6,8<\/td>\n<td width=\"90\">6204 2RS<\/td>\n<td width=\"90\">6204 2RS<\/td>\n<\/tr>\n<tr>\n<td width=\"76\">90<\/td>\n<td width=\"66\">2,4,6,8<\/td>\n<td width=\"90\">6205 2RS<\/td>\n<td width=\"90\">6205 2RS<\/td>\n<\/tr>\n<tr>\n<td width=\"76\">100<\/td>\n<td width=\"66\">2,4,6,8<\/td>\n<td width=\"90\">6206 2RS<\/td>\n<td width=\"90\">6206 2RS<\/td>\n<\/tr>\n<tr>\n<td width=\"76\">112<\/td>\n<td width=\"66\">2,4,6,8<\/td>\n<td width=\"90\">6306 2RS<\/td>\n<td width=\"90\">6306 2RS<\/td>\n<\/tr>\n<tr>\n<td width=\"76\">132<\/td>\n<td width=\"66\">2,4,6,8<\/td>\n<td width=\"90\">6308 2RS<\/td>\n<td width=\"90\">6308 2RS<\/td>\n<\/tr>\n<tr>\n<td width=\"76\">160<\/td>\n<td width=\"66\">2,4,6,8<\/td>\n<td width=\"90\">6309 2RS<\/td>\n<td width=\"90\">6309 2RS<\/td>\n<\/tr>\n<tr>\n<td width=\"76\">180<\/td>\n<td width=\"66\">2,4,6,8<\/td>\n<td width=\"90\">6311 C3<\/td>\n<td width=\"90\">6311 C3<\/td>\n<\/tr>\n<tr>\n<td width=\"76\">200<\/td>\n<td width=\"66\">2,4,6,8<\/td>\n<td width=\"90\">6312 C3<\/td>\n<td width=\"90\">6312 C3<\/td>\n<\/tr>\n<tr>\n<td width=\"76\">225<\/td>\n<td width=\"66\">2,4,6,8<\/td>\n<td width=\"90\">6313 C3<\/td>\n<td width=\"90\">6313 C3<\/td>\n<\/tr>\n<tr>\n<td width=\"76\">250<\/td>\n<td width=\"66\">2,4,6,8<\/td>\n<td width=\"90\">6314 C3<\/td>\n<td width=\"90\">6314 C3<\/td>\n<\/tr>\n<tr>\n<td rowspan=\"2\" width=\"76\">280<\/td>\n<td width=\"66\">2<\/td>\n<td width=\"90\">6314 C3<\/td>\n<td width=\"90\">6314 C3<\/td>\n<\/tr>\n<tr>\n<td width=\"66\">4,6,8<\/td>\n<td width=\"90\">6317 C3<\/td>\n<td width=\"90\">6317 C3<\/td>\n<\/tr>\n<tr>\n<td rowspan=\"2\" width=\"76\">315<\/td>\n<td width=\"66\">2<\/td>\n<td width=\"90\">6317 C3<\/td>\n<td width=\"90\">6317 C3<\/td>\n<\/tr>\n<tr>\n<td width=\"66\">4,6,8<\/td>\n<td width=\"90\">NU319<\/td>\n<td width=\"90\">6319 C3<\/td>\n<\/tr>\n<tr>\n<td rowspan=\"2\" width=\"76\">355<\/td>\n<td width=\"66\">2<\/td>\n<td width=\"90\">6319 C3<\/td>\n<td width=\"90\">6319 C3<\/td>\n<\/tr>\n<tr>\n<td width=\"66\">4,6,8<\/td>\n<td width=\"90\">NU322<\/td>\n<td width=\"90\">6322 C3<\/p>\n<p>7322B (V1)<\/td>\n<\/tr>\n<\/tbody>\n<\/table>\n<p>On special request, the motors can be equipped with reinforced roller bearings from the NU series , mounted on the frontal drive side of the motor. When using motor for a belt transmission, permissible radial loads must be agreed. An example of a departure from ball bearings can be high-power electric motors. In many applications  often use groove ball bearings , such  bearings may not be able to transmit the required radial loads and consequently do not provide satisfactory durability. Therefore, the replacement by  roller bearings allows for more reliable motor operation under heavy loads.<\/p>\n\t\t<\/div>\n\t<\/div>\n\t\n\t<div id=\"accordion-1775818005\" class=\"accordion-item\">\n\t\t<a id=\"accordion-1775818005-label\" class=\"accordion-title plain\" href=\"#accordion-item-normy\" aria-expanded=\"false\" aria-controls=\"accordion-1775818005-content\" >\n\t\t\t<button class=\"toggle\" aria-label=\"Toggle\"><i class=\"icon-angle-down\"><\/i><\/button>\n\t\t\t<span>Standards<\/span>\n\t\t<\/a>\n\t\t<div id=\"accordion-1775818005-content\" class=\"accordion-inner\" aria-labelledby=\"accordion-1775818005-label\" >\n\t\t\t\n<p>The motors meets the requirements contained in the standards PN-EN 60034-1, IEC 34-1\/9, PN-IEC 72-1, IEC 85, DIN 57530\/VDE 0530 and in related and equivalent standards.<\/p>\n<p>Motors marked with IE2\/IE3 symbols meet the requirements of the standard PN-EN 60034-30 and EC 640\/2009 + UE4\/2014 regulations regarding high efficiency electric motors according to IE2 and IE3 classification.<\/p>\n<ul>\n<li>Protection class: IP55 according to the PN-IEC 34-5 standard<\/li>\n<li>Cooling method: IC411 according to the PN-IEC 34-6 standard<\/li>\n<li>Mounting method: B3; B35; B5; B14; B34; V1 acc. PN-IEC 34-7 standard 34-7 standard<\/li>\n<li>Insulation class: F<\/li>\n<li>Temperature rise: B (\u2264 80 \u00b0C)<\/li>\n<li>Ambient air temperature range: -20 \u2026 +40 \u00b0C<\/li>\n<li>Installation height: &lt;1000 m above sea level<\/li>\n<\/ul>\n<p><strong>Voltage and frequency<\/strong><\/p>\n<p>In the basic version, the motors are supplied for the following supply voltages:<\/p>\n<ul>\n<li>230V(\u0394) \/ 400V(Y) \u00b15%; 50Hz for power \u22642,2 kW<\/li>\n<li>400V(\u0394) \/ 690V(Y) \u00b15%; 50Hz for power \u22653,0 kW<\/li>\n<\/ul>\n<p>The windings of motors with a power \u22642.2 kW are connected in star (Y) at the factory, while those with a power \u22653.0 kW are connected in delta (\u0394)- as standard for a 400V\/50Hz mains supply voltage.<\/p>\n<p>The motors have 6 winding terminals, which allows them to be switched in delta or star depending on the available power supply.For all motors wound for 400\/690V, starting is possible with a Y\/\u0394 switch.<\/p>\n<p>Standard motors can also be powered from the mains with a rated frequency of 60Hz, in which case they achieve a power rating approximately 15% higher than when powered from the 50Hz mains, respectively:<\/p>\n<ul>\n<li>265V(\u0394) \/ 460V(Y) \u00b15%; 60Hz \u00de P<sub>60Hz<\/sub>=115%\u00d7P<sub>50Hz<\/sub><\/li>\n<li>460V(\u0394) \/ 796V(Y) \u00b15%; 60Hz \u00de P<sub>60Hz<\/sub>=115%\u00d7P<sub>50Hz<\/sub><\/li>\n<\/ul>\n<p>In accordance with EN60034-1, IEC34-1, it is also permissible to supply motors with a voltage tolerance of \u00b110%, but the parameters may deviate from the rated, and the permissible winding temperature rise may differ by approximately 10\u02daC from the values accepted for the specified heat resistance class.<\/p>\n\t\t<\/div>\n\t<\/div>\n\t\n<\/div>","protected":false},"excerpt":{"rendered":"<p>Silniki OMEC Motors OMT3 Zakres mocy: 3kW &#8211; 315kW Wielko\u015bci mechaniczne IEC: 80 \u00f7 355 Silniki serii OMT3-IE3 w kad\u0142ubach odlewanych \u017celiwnych, produkowane s\u0105 w wielko\u015bciach mechanicznych 80\u00f7355. Korpus \u017celiwny odlany jest wraz z \u0142apami. Skrzynka zaciskowa umieszczona jest standardowo na g\u00f3rze kad\u0142uba. Wariant ze skrzynk\u0105 usytuowan\u0105 z boku kad\u0142uba dost\u0119pny jest tylko na \u017cyczenie. [&#8230;]","protected":false},"featured_media":3213,"template":"","meta":[],"product_cat":[68],"product_tag":[98],"class_list":{"0":"post-801","1":"product","2":"type-product","3":"status-publish","4":"has-post-thumbnail","6":"product_cat-silniki-elektryczne","7":"product_tag-omec-motors","9":"first","10":"instock","11":"shipping-taxable","12":"product-type-simple"},"yoast_head":"<!-- This site is optimized with the Yoast SEO plugin v24.0 - https:\/\/yoast.com\/wordpress\/plugins\/seo\/ -->\n<title>Silniki tr\u00f3jfazowe \u017celiwne OMT3 - Radius Radpol - technika nap\u0119d\u00f3w mechanicznych<\/title>\n<meta name=\"description\" content=\"Oferujemy \u017celiwne silniki tr\u00f3jfazowe serii OMT3-IE3, z mo\u017cliwo\u015bci\u0105 modyfikacji lub modernizacji wed\u0142ug potrzeb klienta.\" \/>\n<meta name=\"robots\" content=\"index, follow, max-snippet:-1, max-image-preview:large, max-video-preview:-1\" \/>\n<link rel=\"canonical\" href=\"https:\/\/radius-radpol.pl\/en\/product\/silniki-ip55-w-kadlubie-zeliwnym\/\" \/>\n<script type=\"application\/ld+json\" class=\"yoast-schema-graph\">{\"@context\":\"https:\/\/schema.org\",\"@graph\":[{\"@type\":\"WebPage\",\"@id\":\"https:\/\/radius-radpol.pl\/produkt\/silniki-ip55-w-kadlubie-zeliwnym\/\",\"url\":\"https:\/\/radius-radpol.pl\/produkt\/silniki-ip55-w-kadlubie-zeliwnym\/\",\"name\":\"Silniki tr\u00f3jfazowe \u017celiwne OMT3 - Radius Radpol - technika nap\u0119d\u00f3w mechanicznych\",\"isPartOf\":{\"@id\":\"https:\/\/radius-radpol.pl\/#website\"},\"primaryImageOfPage\":{\"@id\":\"https:\/\/radius-radpol.pl\/produkt\/silniki-ip55-w-kadlubie-zeliwnym\/#primaryimage\"},\"image\":{\"@id\":\"https:\/\/radius-radpol.pl\/produkt\/silniki-ip55-w-kadlubie-zeliwnym\/#primaryimage\"},\"thumbnailUrl\":\"https:\/\/radius-radpol.pl\/wp-content\/uploads\/2020\/05\/omec-motors-omt3.jpg\",\"datePublished\":\"2020-05-06T14:05:37+00:00\",\"dateModified\":\"2024-08-13T08:41:42+00:00\",\"description\":\"Oferujemy \u017celiwne silniki tr\u00f3jfazowe serii OMT3-IE3, z mo\u017cliwo\u015bci\u0105 modyfikacji lub modernizacji wed\u0142ug potrzeb klienta.\",\"breadcrumb\":{\"@id\":\"https:\/\/radius-radpol.pl\/produkt\/silniki-ip55-w-kadlubie-zeliwnym\/#breadcrumb\"},\"inLanguage\":\"en-US\",\"potentialAction\":[{\"@type\":\"ReadAction\",\"target\":[\"https:\/\/radius-radpol.pl\/produkt\/silniki-ip55-w-kadlubie-zeliwnym\/\"]}]},{\"@type\":\"ImageObject\",\"inLanguage\":\"en-US\",\"@id\":\"https:\/\/radius-radpol.pl\/produkt\/silniki-ip55-w-kadlubie-zeliwnym\/#primaryimage\",\"url\":\"https:\/\/radius-radpol.pl\/wp-content\/uploads\/2020\/05\/omec-motors-omt3.jpg\",\"contentUrl\":\"https:\/\/radius-radpol.pl\/wp-content\/uploads\/2020\/05\/omec-motors-omt3.jpg\",\"width\":500,\"height\":500,\"caption\":\"Silnik tr\u00f3jfazowy OMT3\"},{\"@type\":\"BreadcrumbList\",\"@id\":\"https:\/\/radius-radpol.pl\/produkt\/silniki-ip55-w-kadlubie-zeliwnym\/#breadcrumb\",\"itemListElement\":[{\"@type\":\"ListItem\",\"position\":1,\"name\":\"Strona g\u0142\u00f3wna\",\"item\":\"https:\/\/radius-radpol.pl\/\"},{\"@type\":\"ListItem\",\"position\":2,\"name\":\"Produkty\",\"item\":\"https:\/\/radius-radpol.pl\/produkty\/\"},{\"@type\":\"ListItem\",\"position\":3,\"name\":\"Silniki tr\u00f3jfazowe \u017celiwne OMT3\"}]},{\"@type\":\"WebSite\",\"@id\":\"https:\/\/radius-radpol.pl\/#website\",\"url\":\"https:\/\/radius-radpol.pl\/\",\"name\":\"Radius Radpol\",\"description\":\"Technika nap\u0119d\u00f3w mechanicznych\",\"publisher\":{\"@id\":\"https:\/\/radius-radpol.pl\/#organization\"},\"potentialAction\":[{\"@type\":\"SearchAction\",\"target\":{\"@type\":\"EntryPoint\",\"urlTemplate\":\"https:\/\/radius-radpol.pl\/?s={search_term_string}\"},\"query-input\":{\"@type\":\"PropertyValueSpecification\",\"valueRequired\":true,\"valueName\":\"search_term_string\"}}],\"inLanguage\":\"en-US\"},{\"@type\":\"Organization\",\"@id\":\"https:\/\/radius-radpol.pl\/#organization\",\"name\":\"Radius Radpol\",\"url\":\"https:\/\/radius-radpol.pl\/\",\"logo\":{\"@type\":\"ImageObject\",\"inLanguage\":\"en-US\",\"@id\":\"https:\/\/radius-radpol.pl\/#\/schema\/logo\/image\/\",\"url\":\"https:\/\/radius-radpol.pl\/wp-content\/uploads\/2021\/10\/Radius-LOGO4.png\",\"contentUrl\":\"https:\/\/radius-radpol.pl\/wp-content\/uploads\/2021\/10\/Radius-LOGO4.png\",\"width\":1500,\"height\":900,\"caption\":\"Radius Radpol\"},\"image\":{\"@id\":\"https:\/\/radius-radpol.pl\/#\/schema\/logo\/image\/\"}}]}<\/script>\n<!-- \/ Yoast SEO plugin. -->","yoast_head_json":{"title":"Silniki tr\u00f3jfazowe \u017celiwne OMT3 - Radius Radpol - technika nap\u0119d\u00f3w mechanicznych","description":"Oferujemy \u017celiwne silniki tr\u00f3jfazowe serii OMT3-IE3, z mo\u017cliwo\u015bci\u0105 modyfikacji lub modernizacji wed\u0142ug potrzeb klienta.","robots":{"index":"index","follow":"follow","max-snippet":"max-snippet:-1","max-image-preview":"max-image-preview:large","max-video-preview":"max-video-preview:-1"},"canonical":"https:\/\/radius-radpol.pl\/en\/product\/silniki-ip55-w-kadlubie-zeliwnym\/","schema":{"@context":"https:\/\/schema.org","@graph":[{"@type":"WebPage","@id":"https:\/\/radius-radpol.pl\/produkt\/silniki-ip55-w-kadlubie-zeliwnym\/","url":"https:\/\/radius-radpol.pl\/produkt\/silniki-ip55-w-kadlubie-zeliwnym\/","name":"Silniki tr\u00f3jfazowe \u017celiwne OMT3 - Radius Radpol - technika nap\u0119d\u00f3w mechanicznych","isPartOf":{"@id":"https:\/\/radius-radpol.pl\/#website"},"primaryImageOfPage":{"@id":"https:\/\/radius-radpol.pl\/produkt\/silniki-ip55-w-kadlubie-zeliwnym\/#primaryimage"},"image":{"@id":"https:\/\/radius-radpol.pl\/produkt\/silniki-ip55-w-kadlubie-zeliwnym\/#primaryimage"},"thumbnailUrl":"https:\/\/radius-radpol.pl\/wp-content\/uploads\/2020\/05\/omec-motors-omt3.jpg","datePublished":"2020-05-06T14:05:37+00:00","dateModified":"2024-08-13T08:41:42+00:00","description":"Oferujemy \u017celiwne silniki tr\u00f3jfazowe serii OMT3-IE3, z mo\u017cliwo\u015bci\u0105 modyfikacji lub modernizacji wed\u0142ug potrzeb klienta.","breadcrumb":{"@id":"https:\/\/radius-radpol.pl\/produkt\/silniki-ip55-w-kadlubie-zeliwnym\/#breadcrumb"},"inLanguage":"en-US","potentialAction":[{"@type":"ReadAction","target":["https:\/\/radius-radpol.pl\/produkt\/silniki-ip55-w-kadlubie-zeliwnym\/"]}]},{"@type":"ImageObject","inLanguage":"en-US","@id":"https:\/\/radius-radpol.pl\/produkt\/silniki-ip55-w-kadlubie-zeliwnym\/#primaryimage","url":"https:\/\/radius-radpol.pl\/wp-content\/uploads\/2020\/05\/omec-motors-omt3.jpg","contentUrl":"https:\/\/radius-radpol.pl\/wp-content\/uploads\/2020\/05\/omec-motors-omt3.jpg","width":500,"height":500,"caption":"Silnik tr\u00f3jfazowy OMT3"},{"@type":"BreadcrumbList","@id":"https:\/\/radius-radpol.pl\/produkt\/silniki-ip55-w-kadlubie-zeliwnym\/#breadcrumb","itemListElement":[{"@type":"ListItem","position":1,"name":"Strona g\u0142\u00f3wna","item":"https:\/\/radius-radpol.pl\/"},{"@type":"ListItem","position":2,"name":"Produkty","item":"https:\/\/radius-radpol.pl\/produkty\/"},{"@type":"ListItem","position":3,"name":"Silniki tr\u00f3jfazowe \u017celiwne OMT3"}]},{"@type":"WebSite","@id":"https:\/\/radius-radpol.pl\/#website","url":"https:\/\/radius-radpol.pl\/","name":"Radius Radpol","description":"Technika nap\u0119d\u00f3w mechanicznych","publisher":{"@id":"https:\/\/radius-radpol.pl\/#organization"},"potentialAction":[{"@type":"SearchAction","target":{"@type":"EntryPoint","urlTemplate":"https:\/\/radius-radpol.pl\/?s={search_term_string}"},"query-input":{"@type":"PropertyValueSpecification","valueRequired":true,"valueName":"search_term_string"}}],"inLanguage":"en-US"},{"@type":"Organization","@id":"https:\/\/radius-radpol.pl\/#organization","name":"Radius Radpol","url":"https:\/\/radius-radpol.pl\/","logo":{"@type":"ImageObject","inLanguage":"en-US","@id":"https:\/\/radius-radpol.pl\/#\/schema\/logo\/image\/","url":"https:\/\/radius-radpol.pl\/wp-content\/uploads\/2021\/10\/Radius-LOGO4.png","contentUrl":"https:\/\/radius-radpol.pl\/wp-content\/uploads\/2021\/10\/Radius-LOGO4.png","width":1500,"height":900,"caption":"Radius Radpol"},"image":{"@id":"https:\/\/radius-radpol.pl\/#\/schema\/logo\/image\/"}}]}},"_links":{"self":[{"href":"https:\/\/radius-radpol.pl\/en\/wp-json\/wp\/v2\/product\/801","targetHints":{"allow":["GET"]}}],"collection":[{"href":"https:\/\/radius-radpol.pl\/en\/wp-json\/wp\/v2\/product"}],"about":[{"href":"https:\/\/radius-radpol.pl\/en\/wp-json\/wp\/v2\/types\/product"}],"wp:featuredmedia":[{"embeddable":true,"href":"https:\/\/radius-radpol.pl\/en\/wp-json\/wp\/v2\/media\/3213"}],"wp:attachment":[{"href":"https:\/\/radius-radpol.pl\/en\/wp-json\/wp\/v2\/media?parent=801"}],"wp:term":[{"taxonomy":"product_cat","embeddable":true,"href":"https:\/\/radius-radpol.pl\/en\/wp-json\/wp\/v2\/product_cat?post=801"},{"taxonomy":"product_tag","embeddable":true,"href":"https:\/\/radius-radpol.pl\/en\/wp-json\/wp\/v2\/product_tag?post=801"}],"curies":[{"name":"wp","href":"https:\/\/api.w.org\/{rel}","templated":true}]}}