{"id":715,"date":"2020-05-06T07:32:10","date_gmt":"2020-05-06T07:32:10","guid":{"rendered":"https:\/\/radius-radpol.pl\/?post_type=product&#038;p=715"},"modified":"2024-08-08T13:10:05","modified_gmt":"2024-08-08T13:10:05","slug":"tarcze-skurczowe-rlk-603","status":"publish","type":"product","link":"https:\/\/radius-radpol.pl\/en\/product\/tarcze-skurczowe-rlk-603\/","title":{"rendered":"Shrink discs RLK 603"},"content":{"rendered":"<h2><strong>RLK 603<\/strong><strong><br \/>\n<\/strong><\/h2>\n<p><strong>tarcza skurczowa trzycz\u0119\u015bciowa<\/strong><\/p>\n<p>Jest to standardowe zewn\u0119trzne po\u0142\u0105czenie zaciskowe do bezluzowego zamocowania wa\u0142u dr\u0105\u017conego na wale pe\u0142nym.<\/p>\n<p>Dost\u0119pne w zakresie \u015brednic: 14 &#8211; 360 mm.<\/p>\n<p>S\u0105 to bardzo ekonomiczne elementy s\u0142u\u017c\u0105ce do po\u0142\u0105czenia wa\u0142u z piast\u0105 przy mocowaniu k\u00f3\u0142 z\u0119batych, \u0142a\u0144cuchowych, pasowych , b\u0119bn\u00f3w transporter\u00f3w ta\u015bmowych i wielu innych element\u00f3w nap\u0119dowych.<\/p>\n<p><strong>Zalety:<\/strong><\/p>\n<ul>\n<li>bezluzowe mocowanie przenosz\u0105ce momenty obrotowe, si\u0142y poprzeczne i pod\u0142u\u017cne<\/li>\n<li>\u0142atwe w monta\u017cu i demonta\u017cu<\/li>\n<li>g\u0142adki wa\u0142, korzystny cenowo, bez potrzeby wykonywania dodatkowo rowka,\u00a0nie ma os\u0142abienia wa\u0142u przez rowek wpustowy, wysoka wytrzyma\u0142o\u015b\u0107 zm\u0119czeniowa<\/li>\n<li>a w przypadku element\u00f3w samocentruj\u0105cych: przelotowe, korzystne cenowo otwory w\u00a0piastach; do centrowania oraz prowadzenia osiowego na wale nie s\u0105 wymagane odsadzenia<\/li>\n<li>dok\u0142adno\u015b\u0107 ko\u0142owa po\u0142\u0105czenia zaciskanego wynosi 0,02 do 0,04 mm<\/li>\n<li>wszystkie wielko\u015bci dost\u0119pne w magazynie producenta<\/li>\n<\/ul>\n<p><a href=\"https:\/\/www.ringspann.com\/en\/service\/downloads\/cad-models\/shaft-hub-connections\/shrink-discs\/three-part-design\/shrink-discs-rlk-603\">Modele 3D<\/a><\/p>","protected":false},"excerpt":{"rendered":"<p>RLK 603 tarcza skurczowa trzycz\u0119\u015bciowa Jest to standardowe zewn\u0119trzne po\u0142\u0105czenie zaciskowe do bezluzowego zamocowania wa\u0142u dr\u0105\u017conego na wale pe\u0142nym. Dost\u0119pne w zakresie \u015brednic: 14 &#8211; 360 mm. S\u0105 to bardzo ekonomiczne elementy s\u0142u\u017c\u0105ce do po\u0142\u0105czenia wa\u0142u z piast\u0105 przy mocowaniu k\u00f3\u0142 z\u0119batych, \u0142a\u0144cuchowych, pasowych , b\u0119bn\u00f3w transporter\u00f3w ta\u015bmowych i wielu innych element\u00f3w nap\u0119dowych. Zalety: bezluzowe [&#8230;]","protected":false},"featured_media":981,"template":"","meta":[],"product_cat":[77],"product_tag":[93],"class_list":{"0":"post-715","1":"product","2":"type-product","3":"status-publish","4":"has-post-thumbnail","6":"product_cat-pierscienie-i-tarcze-rozprezno-zaciskowe","7":"product_tag-ringspann","9":"first","10":"instock","11":"shipping-taxable","12":"product-type-simple"},"yoast_head":"<!-- This site is optimized with the Yoast SEO plugin v24.0 - https:\/\/yoast.com\/wordpress\/plugins\/seo\/ -->\n<title>Tarcze skurczowe RLK 603 - Radius Radpol - technika nap\u0119d\u00f3w mechanicznych<\/title>\n<meta name=\"description\" content=\"Tarcza skurczowa trzycz\u0119\u015bciowa, dost\u0119pna w zakresie \u015brednic 14-390 mm. Dok\u0142adno\u015b\u0107 ko\u0142owa po\u0142\u0105czenia zaciskanego wynosi od 0,02 do 0,04 mm.\" \/>\n<meta name=\"robots\" content=\"index, follow, max-snippet:-1, max-image-preview:large, max-video-preview:-1\" \/>\n<link rel=\"canonical\" href=\"https:\/\/radius-radpol.pl\/en\/product\/tarcze-skurczowe-rlk-603\/\" \/>\n<script type=\"application\/ld+json\" class=\"yoast-schema-graph\">{\"@context\":\"https:\/\/schema.org\",\"@graph\":[{\"@type\":\"WebPage\",\"@id\":\"https:\/\/radius-radpol.pl\/produkt\/tarcze-skurczowe-rlk-603\/\",\"url\":\"https:\/\/radius-radpol.pl\/produkt\/tarcze-skurczowe-rlk-603\/\",\"name\":\"Tarcze skurczowe RLK 603 - Radius Radpol - technika nap\u0119d\u00f3w mechanicznych\",\"isPartOf\":{\"@id\":\"https:\/\/radius-radpol.pl\/#website\"},\"primaryImageOfPage\":{\"@id\":\"https:\/\/radius-radpol.pl\/produkt\/tarcze-skurczowe-rlk-603\/#primaryimage\"},\"image\":{\"@id\":\"https:\/\/radius-radpol.pl\/produkt\/tarcze-skurczowe-rlk-603\/#primaryimage\"},\"thumbnailUrl\":\"https:\/\/radius-radpol.pl\/wp-content\/uploads\/2020\/05\/603-141001.png\",\"datePublished\":\"2020-05-06T07:32:10+00:00\",\"dateModified\":\"2024-08-08T13:10:05+00:00\",\"description\":\"Tarcza skurczowa trzycz\u0119\u015bciowa, dost\u0119pna w zakresie \u015brednic 14-390 mm. Dok\u0142adno\u015b\u0107 ko\u0142owa po\u0142\u0105czenia zaciskanego wynosi od 0,02 do 0,04 mm.\",\"breadcrumb\":{\"@id\":\"https:\/\/radius-radpol.pl\/produkt\/tarcze-skurczowe-rlk-603\/#breadcrumb\"},\"inLanguage\":\"en-US\",\"potentialAction\":[{\"@type\":\"ReadAction\",\"target\":[\"https:\/\/radius-radpol.pl\/produkt\/tarcze-skurczowe-rlk-603\/\"]}]},{\"@type\":\"ImageObject\",\"inLanguage\":\"en-US\",\"@id\":\"https:\/\/radius-radpol.pl\/produkt\/tarcze-skurczowe-rlk-603\/#primaryimage\",\"url\":\"https:\/\/radius-radpol.pl\/wp-content\/uploads\/2020\/05\/603-141001.png\",\"contentUrl\":\"https:\/\/radius-radpol.pl\/wp-content\/uploads\/2020\/05\/603-141001.png\",\"width\":450,\"height\":295,\"caption\":\"RLK 603\"},{\"@type\":\"BreadcrumbList\",\"@id\":\"https:\/\/radius-radpol.pl\/produkt\/tarcze-skurczowe-rlk-603\/#breadcrumb\",\"itemListElement\":[{\"@type\":\"ListItem\",\"position\":1,\"name\":\"Strona g\u0142\u00f3wna\",\"item\":\"https:\/\/radius-radpol.pl\/\"},{\"@type\":\"ListItem\",\"position\":2,\"name\":\"Produkty\",\"item\":\"https:\/\/radius-radpol.pl\/produkty\/\"},{\"@type\":\"ListItem\",\"position\":3,\"name\":\"Tarcze skurczowe RLK 603\"}]},{\"@type\":\"WebSite\",\"@id\":\"https:\/\/radius-radpol.pl\/#website\",\"url\":\"https:\/\/radius-radpol.pl\/\",\"name\":\"Radius Radpol\",\"description\":\"Technika nap\u0119d\u00f3w mechanicznych\",\"publisher\":{\"@id\":\"https:\/\/radius-radpol.pl\/#organization\"},\"potentialAction\":[{\"@type\":\"SearchAction\",\"target\":{\"@type\":\"EntryPoint\",\"urlTemplate\":\"https:\/\/radius-radpol.pl\/?s={search_term_string}\"},\"query-input\":{\"@type\":\"PropertyValueSpecification\",\"valueRequired\":true,\"valueName\":\"search_term_string\"}}],\"inLanguage\":\"en-US\"},{\"@type\":\"Organization\",\"@id\":\"https:\/\/radius-radpol.pl\/#organization\",\"name\":\"Radius Radpol\",\"url\":\"https:\/\/radius-radpol.pl\/\",\"logo\":{\"@type\":\"ImageObject\",\"inLanguage\":\"en-US\",\"@id\":\"https:\/\/radius-radpol.pl\/#\/schema\/logo\/image\/\",\"url\":\"https:\/\/radius-radpol.pl\/wp-content\/uploads\/2021\/10\/Radius-LOGO4.png\",\"contentUrl\":\"https:\/\/radius-radpol.pl\/wp-content\/uploads\/2021\/10\/Radius-LOGO4.png\",\"width\":1500,\"height\":900,\"caption\":\"Radius Radpol\"},\"image\":{\"@id\":\"https:\/\/radius-radpol.pl\/#\/schema\/logo\/image\/\"}}]}<\/script>\n<!-- \/ Yoast SEO plugin. -->","yoast_head_json":{"title":"Tarcze skurczowe RLK 603 - Radius Radpol - technika nap\u0119d\u00f3w mechanicznych","description":"Tarcza skurczowa trzycz\u0119\u015bciowa, dost\u0119pna w zakresie \u015brednic 14-390 mm. Dok\u0142adno\u015b\u0107 ko\u0142owa po\u0142\u0105czenia zaciskanego wynosi od 0,02 do 0,04 mm.","robots":{"index":"index","follow":"follow","max-snippet":"max-snippet:-1","max-image-preview":"max-image-preview:large","max-video-preview":"max-video-preview:-1"},"canonical":"https:\/\/radius-radpol.pl\/en\/product\/tarcze-skurczowe-rlk-603\/","schema":{"@context":"https:\/\/schema.org","@graph":[{"@type":"WebPage","@id":"https:\/\/radius-radpol.pl\/produkt\/tarcze-skurczowe-rlk-603\/","url":"https:\/\/radius-radpol.pl\/produkt\/tarcze-skurczowe-rlk-603\/","name":"Tarcze skurczowe RLK 603 - Radius Radpol - technika nap\u0119d\u00f3w mechanicznych","isPartOf":{"@id":"https:\/\/radius-radpol.pl\/#website"},"primaryImageOfPage":{"@id":"https:\/\/radius-radpol.pl\/produkt\/tarcze-skurczowe-rlk-603\/#primaryimage"},"image":{"@id":"https:\/\/radius-radpol.pl\/produkt\/tarcze-skurczowe-rlk-603\/#primaryimage"},"thumbnailUrl":"https:\/\/radius-radpol.pl\/wp-content\/uploads\/2020\/05\/603-141001.png","datePublished":"2020-05-06T07:32:10+00:00","dateModified":"2024-08-08T13:10:05+00:00","description":"Tarcza skurczowa trzycz\u0119\u015bciowa, dost\u0119pna w zakresie \u015brednic 14-390 mm. Dok\u0142adno\u015b\u0107 ko\u0142owa po\u0142\u0105czenia zaciskanego wynosi od 0,02 do 0,04 mm.","breadcrumb":{"@id":"https:\/\/radius-radpol.pl\/produkt\/tarcze-skurczowe-rlk-603\/#breadcrumb"},"inLanguage":"en-US","potentialAction":[{"@type":"ReadAction","target":["https:\/\/radius-radpol.pl\/produkt\/tarcze-skurczowe-rlk-603\/"]}]},{"@type":"ImageObject","inLanguage":"en-US","@id":"https:\/\/radius-radpol.pl\/produkt\/tarcze-skurczowe-rlk-603\/#primaryimage","url":"https:\/\/radius-radpol.pl\/wp-content\/uploads\/2020\/05\/603-141001.png","contentUrl":"https:\/\/radius-radpol.pl\/wp-content\/uploads\/2020\/05\/603-141001.png","width":450,"height":295,"caption":"RLK 603"},{"@type":"BreadcrumbList","@id":"https:\/\/radius-radpol.pl\/produkt\/tarcze-skurczowe-rlk-603\/#breadcrumb","itemListElement":[{"@type":"ListItem","position":1,"name":"Strona g\u0142\u00f3wna","item":"https:\/\/radius-radpol.pl\/"},{"@type":"ListItem","position":2,"name":"Produkty","item":"https:\/\/radius-radpol.pl\/produkty\/"},{"@type":"ListItem","position":3,"name":"Tarcze skurczowe RLK 603"}]},{"@type":"WebSite","@id":"https:\/\/radius-radpol.pl\/#website","url":"https:\/\/radius-radpol.pl\/","name":"Radius Radpol","description":"Technika nap\u0119d\u00f3w mechanicznych","publisher":{"@id":"https:\/\/radius-radpol.pl\/#organization"},"potentialAction":[{"@type":"SearchAction","target":{"@type":"EntryPoint","urlTemplate":"https:\/\/radius-radpol.pl\/?s={search_term_string}"},"query-input":{"@type":"PropertyValueSpecification","valueRequired":true,"valueName":"search_term_string"}}],"inLanguage":"en-US"},{"@type":"Organization","@id":"https:\/\/radius-radpol.pl\/#organization","name":"Radius Radpol","url":"https:\/\/radius-radpol.pl\/","logo":{"@type":"ImageObject","inLanguage":"en-US","@id":"https:\/\/radius-radpol.pl\/#\/schema\/logo\/image\/","url":"https:\/\/radius-radpol.pl\/wp-content\/uploads\/2021\/10\/Radius-LOGO4.png","contentUrl":"https:\/\/radius-radpol.pl\/wp-content\/uploads\/2021\/10\/Radius-LOGO4.png","width":1500,"height":900,"caption":"Radius Radpol"},"image":{"@id":"https:\/\/radius-radpol.pl\/#\/schema\/logo\/image\/"}}]}},"_links":{"self":[{"href":"https:\/\/radius-radpol.pl\/en\/wp-json\/wp\/v2\/product\/715","targetHints":{"allow":["GET"]}}],"collection":[{"href":"https:\/\/radius-radpol.pl\/en\/wp-json\/wp\/v2\/product"}],"about":[{"href":"https:\/\/radius-radpol.pl\/en\/wp-json\/wp\/v2\/types\/product"}],"wp:featuredmedia":[{"embeddable":true,"href":"https:\/\/radius-radpol.pl\/en\/wp-json\/wp\/v2\/media\/981"}],"wp:attachment":[{"href":"https:\/\/radius-radpol.pl\/en\/wp-json\/wp\/v2\/media?parent=715"}],"wp:term":[{"taxonomy":"product_cat","embeddable":true,"href":"https:\/\/radius-radpol.pl\/en\/wp-json\/wp\/v2\/product_cat?post=715"},{"taxonomy":"product_tag","embeddable":true,"href":"https:\/\/radius-radpol.pl\/en\/wp-json\/wp\/v2\/product_tag?post=715"}],"curies":[{"name":"wp","href":"https:\/\/api.w.org\/{rel}","templated":true}]}}