{"id":710,"date":"2020-05-06T07:16:37","date_gmt":"2020-05-06T07:16:37","guid":{"rendered":"https:\/\/radius-radpol.pl\/?post_type=product&#038;p=710"},"modified":"2024-08-08T13:17:03","modified_gmt":"2024-08-08T13:17:03","slug":"sprzeglo-orpex","status":"publish","type":"product","link":"https:\/\/radius-radpol.pl\/en\/product\/sprzeglo-orpex\/","title":{"rendered":"Fail-safe pin coupling Orpex"},"content":{"rendered":"<h2>Elastyczne sprz\u0119g\u0142a ORPEX<\/h2>\n<p>Sprz\u0119g\u0142a palcowe stosowane s\u0105 jako sprz\u0119g\u0142a wyr\u00f3wnawcze tam, gdzie wymagane jest bezwzgl\u0119dnie niezawodne przenoszenie momentu obrotowego.<\/p>\n<p>Znajduj\u0105 one szeroki zakres zastosowania.<\/p>\n<p>Dzi\u0119ki 26 wielko\u015bciom sprz\u0119g\u0142a pokrywaj\u0105 zakres momentu obrotowego od 200 Nm do 1 300 000 Nm.<\/p>\n<p><strong>Rodzaje wykona\u0144:<\/strong><br \/>\nwykonanie <strong>WN<\/strong> &#8211; Po\u0142\u00f3wki sprz\u0119g\u0142a wykonane s\u0105 z \u017celiwa szarego,<br \/>\nwykonanie <strong>WS<\/strong> &#8211; Po\u0142\u00f3wki sprz\u0119g\u0142a wykonane s\u0105 ze stali. Znajduj\u0105 zastosowanie przy wysokich pr\u0119dko\u015bciach.<\/p>\n<p>Elementy elastyczne ORPEX wykonane s\u0105 w postaci beczkowatych tulei (zderzak\u00f3w), umieszczonych ruchomo w otworach piasty sprz\u0119g\u0142a, przez co umo\u017cliwiaj\u0105 wyr\u00f3wnanie k\u0105towych, promieniowych i osiowych przesuni\u0119\u0107 \u0142\u0105czonych wa\u0142\u00f3w. Sprz\u0119g\u0142o t\u0142umi uderzenia momentu obrotowego i przenosi krytyczne momenty obrotowe<\/p>\n<p><span class=\"fontstyle0\">\u00a0<\/span><\/p>","protected":false},"excerpt":{"rendered":"<p>Elastyczne sprz\u0119g\u0142a ORPEX Sprz\u0119g\u0142a palcowe stosowane s\u0105 jako sprz\u0119g\u0142a wyr\u00f3wnawcze tam, gdzie wymagane jest bezwzgl\u0119dnie niezawodne przenoszenie momentu obrotowego. Znajduj\u0105 one szeroki zakres zastosowania. Dzi\u0119ki 26 wielko\u015bciom sprz\u0119g\u0142a pokrywaj\u0105 zakres momentu obrotowego od 200 Nm do 1 300 000 Nm. Rodzaje wykona\u0144: wykonanie WN &#8211; Po\u0142\u00f3wki sprz\u0119g\u0142a wykonane s\u0105 z \u017celiwa szarego, wykonanie WS &#8211; [&#8230;]","protected":false},"featured_media":1684,"template":"","meta":[],"product_cat":[90,72],"product_tag":[],"class_list":{"0":"post-710","1":"product","2":"type-product","3":"status-publish","4":"has-post-thumbnail","6":"product_cat-sprzegla-przeciazeniowe","7":"product_cat-sprzegla-elastyczne","9":"first","10":"instock","11":"shipping-taxable","12":"product-type-simple"},"yoast_head":"<!-- This site is optimized with the Yoast SEO plugin v24.0 - https:\/\/yoast.com\/wordpress\/plugins\/seo\/ -->\n<title>Sprz\u0119g\u0142o palcowe Orpex - Radius Radpol - technika nap\u0119d\u00f3w mechanicznych<\/title>\n<meta name=\"description\" content=\"Sprz\u0119g\u0142a palcowe, dzi\u0119ki 26 wielko\u015bciom pokrywaj\u0105 zakres momentu obrotowego od 200 Nm do 1 300 000 Nm.\u00a0\" \/>\n<meta name=\"robots\" content=\"index, follow, max-snippet:-1, max-image-preview:large, max-video-preview:-1\" \/>\n<link rel=\"canonical\" href=\"https:\/\/radius-radpol.pl\/en\/product\/sprzeglo-orpex\/\" \/>\n<script type=\"application\/ld+json\" class=\"yoast-schema-graph\">{\"@context\":\"https:\/\/schema.org\",\"@graph\":[{\"@type\":\"WebPage\",\"@id\":\"https:\/\/radius-radpol.pl\/produkt\/sprzeglo-orpex\/\",\"url\":\"https:\/\/radius-radpol.pl\/produkt\/sprzeglo-orpex\/\",\"name\":\"Sprz\u0119g\u0142o palcowe Orpex - Radius Radpol - technika nap\u0119d\u00f3w mechanicznych\",\"isPartOf\":{\"@id\":\"https:\/\/radius-radpol.pl\/#website\"},\"primaryImageOfPage\":{\"@id\":\"https:\/\/radius-radpol.pl\/produkt\/sprzeglo-orpex\/#primaryimage\"},\"image\":{\"@id\":\"https:\/\/radius-radpol.pl\/produkt\/sprzeglo-orpex\/#primaryimage\"},\"thumbnailUrl\":\"https:\/\/radius-radpol.pl\/wp-content\/uploads\/2020\/05\/orpex.png\",\"datePublished\":\"2020-05-06T07:16:37+00:00\",\"dateModified\":\"2024-08-08T13:17:03+00:00\",\"description\":\"Sprz\u0119g\u0142a palcowe, dzi\u0119ki 26 wielko\u015bciom pokrywaj\u0105 zakres momentu obrotowego od 200 Nm do 1 300 000 Nm.\u00a0\",\"breadcrumb\":{\"@id\":\"https:\/\/radius-radpol.pl\/produkt\/sprzeglo-orpex\/#breadcrumb\"},\"inLanguage\":\"en-US\",\"potentialAction\":[{\"@type\":\"ReadAction\",\"target\":[\"https:\/\/radius-radpol.pl\/produkt\/sprzeglo-orpex\/\"]}]},{\"@type\":\"ImageObject\",\"inLanguage\":\"en-US\",\"@id\":\"https:\/\/radius-radpol.pl\/produkt\/sprzeglo-orpex\/#primaryimage\",\"url\":\"https:\/\/radius-radpol.pl\/wp-content\/uploads\/2020\/05\/orpex.png\",\"contentUrl\":\"https:\/\/radius-radpol.pl\/wp-content\/uploads\/2020\/05\/orpex.png\",\"width\":500,\"height\":500,\"caption\":\"Sprz\u0119g\u0142o Orpex\"},{\"@type\":\"BreadcrumbList\",\"@id\":\"https:\/\/radius-radpol.pl\/produkt\/sprzeglo-orpex\/#breadcrumb\",\"itemListElement\":[{\"@type\":\"ListItem\",\"position\":1,\"name\":\"Strona g\u0142\u00f3wna\",\"item\":\"https:\/\/radius-radpol.pl\/\"},{\"@type\":\"ListItem\",\"position\":2,\"name\":\"Produkty\",\"item\":\"https:\/\/radius-radpol.pl\/produkty\/\"},{\"@type\":\"ListItem\",\"position\":3,\"name\":\"Sprz\u0119g\u0142o palcowe Orpex\"}]},{\"@type\":\"WebSite\",\"@id\":\"https:\/\/radius-radpol.pl\/#website\",\"url\":\"https:\/\/radius-radpol.pl\/\",\"name\":\"Radius Radpol\",\"description\":\"Technika nap\u0119d\u00f3w mechanicznych\",\"publisher\":{\"@id\":\"https:\/\/radius-radpol.pl\/#organization\"},\"potentialAction\":[{\"@type\":\"SearchAction\",\"target\":{\"@type\":\"EntryPoint\",\"urlTemplate\":\"https:\/\/radius-radpol.pl\/?s={search_term_string}\"},\"query-input\":{\"@type\":\"PropertyValueSpecification\",\"valueRequired\":true,\"valueName\":\"search_term_string\"}}],\"inLanguage\":\"en-US\"},{\"@type\":\"Organization\",\"@id\":\"https:\/\/radius-radpol.pl\/#organization\",\"name\":\"Radius Radpol\",\"url\":\"https:\/\/radius-radpol.pl\/\",\"logo\":{\"@type\":\"ImageObject\",\"inLanguage\":\"en-US\",\"@id\":\"https:\/\/radius-radpol.pl\/#\/schema\/logo\/image\/\",\"url\":\"https:\/\/radius-radpol.pl\/wp-content\/uploads\/2021\/10\/Radius-LOGO4.png\",\"contentUrl\":\"https:\/\/radius-radpol.pl\/wp-content\/uploads\/2021\/10\/Radius-LOGO4.png\",\"width\":1500,\"height\":900,\"caption\":\"Radius Radpol\"},\"image\":{\"@id\":\"https:\/\/radius-radpol.pl\/#\/schema\/logo\/image\/\"}}]}<\/script>\n<!-- \/ Yoast SEO plugin. -->","yoast_head_json":{"title":"Sprz\u0119g\u0142o palcowe Orpex - Radius Radpol - technika nap\u0119d\u00f3w mechanicznych","description":"Sprz\u0119g\u0142a palcowe, dzi\u0119ki 26 wielko\u015bciom pokrywaj\u0105 zakres momentu obrotowego od 200 Nm do 1 300 000 Nm.\u00a0","robots":{"index":"index","follow":"follow","max-snippet":"max-snippet:-1","max-image-preview":"max-image-preview:large","max-video-preview":"max-video-preview:-1"},"canonical":"https:\/\/radius-radpol.pl\/en\/product\/sprzeglo-orpex\/","schema":{"@context":"https:\/\/schema.org","@graph":[{"@type":"WebPage","@id":"https:\/\/radius-radpol.pl\/produkt\/sprzeglo-orpex\/","url":"https:\/\/radius-radpol.pl\/produkt\/sprzeglo-orpex\/","name":"Sprz\u0119g\u0142o palcowe Orpex - Radius Radpol - technika nap\u0119d\u00f3w mechanicznych","isPartOf":{"@id":"https:\/\/radius-radpol.pl\/#website"},"primaryImageOfPage":{"@id":"https:\/\/radius-radpol.pl\/produkt\/sprzeglo-orpex\/#primaryimage"},"image":{"@id":"https:\/\/radius-radpol.pl\/produkt\/sprzeglo-orpex\/#primaryimage"},"thumbnailUrl":"https:\/\/radius-radpol.pl\/wp-content\/uploads\/2020\/05\/orpex.png","datePublished":"2020-05-06T07:16:37+00:00","dateModified":"2024-08-08T13:17:03+00:00","description":"Sprz\u0119g\u0142a palcowe, dzi\u0119ki 26 wielko\u015bciom pokrywaj\u0105 zakres momentu obrotowego od 200 Nm do 1 300 000 Nm.\u00a0","breadcrumb":{"@id":"https:\/\/radius-radpol.pl\/produkt\/sprzeglo-orpex\/#breadcrumb"},"inLanguage":"en-US","potentialAction":[{"@type":"ReadAction","target":["https:\/\/radius-radpol.pl\/produkt\/sprzeglo-orpex\/"]}]},{"@type":"ImageObject","inLanguage":"en-US","@id":"https:\/\/radius-radpol.pl\/produkt\/sprzeglo-orpex\/#primaryimage","url":"https:\/\/radius-radpol.pl\/wp-content\/uploads\/2020\/05\/orpex.png","contentUrl":"https:\/\/radius-radpol.pl\/wp-content\/uploads\/2020\/05\/orpex.png","width":500,"height":500,"caption":"Sprz\u0119g\u0142o Orpex"},{"@type":"BreadcrumbList","@id":"https:\/\/radius-radpol.pl\/produkt\/sprzeglo-orpex\/#breadcrumb","itemListElement":[{"@type":"ListItem","position":1,"name":"Strona g\u0142\u00f3wna","item":"https:\/\/radius-radpol.pl\/"},{"@type":"ListItem","position":2,"name":"Produkty","item":"https:\/\/radius-radpol.pl\/produkty\/"},{"@type":"ListItem","position":3,"name":"Sprz\u0119g\u0142o palcowe Orpex"}]},{"@type":"WebSite","@id":"https:\/\/radius-radpol.pl\/#website","url":"https:\/\/radius-radpol.pl\/","name":"Radius Radpol","description":"Technika nap\u0119d\u00f3w mechanicznych","publisher":{"@id":"https:\/\/radius-radpol.pl\/#organization"},"potentialAction":[{"@type":"SearchAction","target":{"@type":"EntryPoint","urlTemplate":"https:\/\/radius-radpol.pl\/?s={search_term_string}"},"query-input":{"@type":"PropertyValueSpecification","valueRequired":true,"valueName":"search_term_string"}}],"inLanguage":"en-US"},{"@type":"Organization","@id":"https:\/\/radius-radpol.pl\/#organization","name":"Radius Radpol","url":"https:\/\/radius-radpol.pl\/","logo":{"@type":"ImageObject","inLanguage":"en-US","@id":"https:\/\/radius-radpol.pl\/#\/schema\/logo\/image\/","url":"https:\/\/radius-radpol.pl\/wp-content\/uploads\/2021\/10\/Radius-LOGO4.png","contentUrl":"https:\/\/radius-radpol.pl\/wp-content\/uploads\/2021\/10\/Radius-LOGO4.png","width":1500,"height":900,"caption":"Radius Radpol"},"image":{"@id":"https:\/\/radius-radpol.pl\/#\/schema\/logo\/image\/"}}]}},"_links":{"self":[{"href":"https:\/\/radius-radpol.pl\/en\/wp-json\/wp\/v2\/product\/710","targetHints":{"allow":["GET"]}}],"collection":[{"href":"https:\/\/radius-radpol.pl\/en\/wp-json\/wp\/v2\/product"}],"about":[{"href":"https:\/\/radius-radpol.pl\/en\/wp-json\/wp\/v2\/types\/product"}],"wp:featuredmedia":[{"embeddable":true,"href":"https:\/\/radius-radpol.pl\/en\/wp-json\/wp\/v2\/media\/1684"}],"wp:attachment":[{"href":"https:\/\/radius-radpol.pl\/en\/wp-json\/wp\/v2\/media?parent=710"}],"wp:term":[{"taxonomy":"product_cat","embeddable":true,"href":"https:\/\/radius-radpol.pl\/en\/wp-json\/wp\/v2\/product_cat?post=710"},{"taxonomy":"product_tag","embeddable":true,"href":"https:\/\/radius-radpol.pl\/en\/wp-json\/wp\/v2\/product_tag?post=710"}],"curies":[{"name":"wp","href":"https:\/\/api.w.org\/{rel}","templated":true}]}}