{"id":627,"date":"2020-05-05T08:44:17","date_gmt":"2020-05-05T08:44:17","guid":{"rendered":"https:\/\/radius-radpol.pl\/?post_type=product&#038;p=627"},"modified":"2024-08-08T13:21:41","modified_gmt":"2024-08-08T13:21:41","slug":"hamulce-reczne","status":"publish","type":"product","link":"https:\/\/radius-radpol.pl\/en\/product\/hamulce-reczne\/","title":{"rendered":"Hamulce uruchamiane r\u0119cznie"},"content":{"rendered":"<div class=\"produkt\">\n<h2><strong>Hamulce uruchamiane r\u0119cznie<\/strong><\/h2>\n<p>Zwolnienie r\u00f3wnie\u017c r\u0119cznie poprzez gwintowany wa\u0142ek lub przez ci\u0119gno.<\/p>\n<p><strong>Zalety:<\/strong><\/p>\n<ul>\n<li>dociskanie i zwalnianie hamulca nast\u0119puje r\u0119cznie przez pokr\u0119canie pokr\u0119t\u0142a<\/li>\n<li>gwintowany sworze\u0144 kompensuje zu\u017cycie ok\u0142adzin hamulcowych podczas hamowania<\/li>\n<li>bezazbestowe ok\u0142adziny hamulcowe<\/li>\n<li>wahliwe klocki hamulcowe gwarantuj\u0105 pe\u0142ne przyleganie do tarczy hamulcowej.<\/li>\n<\/ul>\n<p>Hamulce RINGSPANNA wymagaj\u0105 minimalnego miejsca do zabudowy. Hamulce raz gniazda hamulcowe mog\u0105 by\u0107 zamocowane na tarczach hamulcowych o r\u00f3\u017cnej \u015brednicy, w dowolnym po\u0142o\u017ceniu. Poprzez zastosowanie kilka hamulc\u00f3w na jednej tarczy hamulcowej mo\u017cliwe jest zwi\u0119kszenie momentu hamuj\u0105cego.<\/p>\n<p>Hamulce przemys\u0142owe RINGSPANN z uwagi na swoj\u0105 uniwersaln\u0105 konstrukcj\u0119 spe\u0142nia\u0107 mog\u0105 r\u00f3\u017cne funkcje jako:<\/p>\n<ul>\n<li>Hamulec przytrzymuj\u0105cy zapobiega niepowo\u0142anemu w\u0142\u0105czeniu obrot\u00f3w wa\u0142u w czasie postoju.<\/li>\n<\/ul>\n<ul>\n<li>Hamulec zatrzymuj\u0105cy zatrzymuj\u0105cy w kr\u00f3tkim czasie obracaj\u0105cy si\u0119 wa\u0142, np. przy awarii pr\u0105du<\/li>\n<\/ul>\n<p>lub po u\u017cyciu wy\u0142\u0105cznika bezpiecze\u0144stwa.<\/p>\n<ul>\n<li>Hamulec do regulacji pr\u0119dko\u015bci &#8211; zapewnia utrzymanie sta\u0142ej si\u0142y ci\u0105gn\u0105cej materia\u0142.<\/li>\n<\/ul>\n<\/div>\n<div class=\"produkt\">\n<p><strong><img loading=\"lazy\" decoding=\"async\" class=\"size-full wp-image-484 alignleft\" src=\"http:\/\/www.radius-radpol.com.pl\/wp-content\/uploads\/2017\/03\/15e3f2d4d2b06d0597271fd1b9d774b4.jpg\" alt=\"15e3f2d4d2b06d0597271fd1b9d774b4\" width=\"135\" height=\"135\" \/>DH 10 MS <\/strong><\/p>\n<p>Uruchamiany r\u0119cznie, zwalniany r\u0119cznie z pokr\u0119t\u0142em r\u0119cznym gwintowanym.<br \/>\nMocowany w maszynie prostopadle do tarczy hamulcowej.<br \/>\nMaksymalny moment hamowania 20 &#8211; 75 Nm.<\/p>\n<\/div>\n<p>&nbsp;<\/p>\n<hr \/>\n<div class=\"produkt\">\n<p><strong><img loading=\"lazy\" decoding=\"async\" class=\"size-full wp-image-485 alignleft\" src=\"http:\/\/www.radius-radpol.com.pl\/wp-content\/uploads\/2017\/03\/ce00013aa13d32215e21603709851474.jpg\" alt=\"ce00013aa13d32215e21603709851474\" width=\"135\" height=\"135\" \/><\/strong><\/p>\n<p><strong>DV 20 MS<\/strong><\/p>\n<p>Uruchamiany r\u0119cznie, zwalniany r\u0119cznie z pokr\u0119t\u0142em r\u0119cznym gwintowanym.<br \/>\nMocowany w maszynie r\u00f3wnolegle do tarczy hamulcowej.<br \/>\nMaksymalny moment hamowania 140 &#8211; 485 Nm.<\/p>\n<\/div>\n<p>&nbsp;<\/p>\n<hr \/>\n<div class=\"produkt\">\n<p><strong><img loading=\"lazy\" decoding=\"async\" class=\"size-full wp-image-486 alignleft\" src=\"http:\/\/www.radius-radpol.com.pl\/wp-content\/uploads\/2017\/03\/b093beccf2d070cbe21002f8e7ad8537.jpg\" alt=\"b093beccf2d070cbe21002f8e7ad8537\" width=\"135\" height=\"135\" \/>DV 20 MK <\/strong><\/p>\n<p>Uruchamiany r\u0119cznie, zwalniany r\u0119cznie z ci\u0119gnem.<br \/>\nMocowany w maszynie r\u00f3wnolegle do tarczy hamulcowej.<br \/>\nMaksymalny moment hamowania 17 &#8211; 600 Nm.<\/p>\n<\/div>\n<hr \/>","protected":false},"excerpt":{"rendered":"<p>Hamulce uruchamiane r\u0119cznie Zwolnienie r\u00f3wnie\u017c r\u0119cznie poprzez gwintowany wa\u0142ek lub przez ci\u0119gno. Zalety: dociskanie i zwalnianie hamulca nast\u0119puje r\u0119cznie przez pokr\u0119canie pokr\u0119t\u0142a gwintowany sworze\u0144 kompensuje zu\u017cycie ok\u0142adzin hamulcowych podczas hamowania bezazbestowe ok\u0142adziny hamulcowe wahliwe klocki hamulcowe gwarantuj\u0105 pe\u0142ne przyleganie do tarczy hamulcowej. Hamulce RINGSPANNA wymagaj\u0105 minimalnego miejsca do zabudowy. Hamulce raz gniazda hamulcowe mog\u0105 by\u0107 [&#8230;]","protected":false},"featured_media":670,"template":"","meta":[],"product_cat":[74],"product_tag":[93],"class_list":{"0":"post-627","1":"product","2":"type-product","3":"status-publish","4":"has-post-thumbnail","6":"product_cat-hamulce-przemyslowe","7":"product_tag-ringspann","9":"first","10":"instock","11":"shipping-taxable","12":"product-type-simple"},"yoast_head":"<!-- This site is optimized with the Yoast SEO plugin v24.0 - https:\/\/yoast.com\/wordpress\/plugins\/seo\/ -->\n<title>Hamulce uruchamiane r\u0119cznie - Radius Radpol - technika nap\u0119d\u00f3w mechanicznych<\/title>\n<meta name=\"description\" content=\"Hamulce uruchamiane r\u0119cznie. Zwolnienie r\u00f3wnie\u017c r\u0119cznie poprzez gwintowany wa\u0142ek lub przez ci\u0119gno.\" \/>\n<meta name=\"robots\" content=\"index, follow, max-snippet:-1, max-image-preview:large, max-video-preview:-1\" \/>\n<link rel=\"canonical\" href=\"https:\/\/radius-radpol.pl\/en\/product\/hamulce-reczne\/\" \/>\n<script type=\"application\/ld+json\" class=\"yoast-schema-graph\">{\"@context\":\"https:\/\/schema.org\",\"@graph\":[{\"@type\":\"WebPage\",\"@id\":\"https:\/\/radius-radpol.pl\/produkt\/hamulce-reczne\/\",\"url\":\"https:\/\/radius-radpol.pl\/produkt\/hamulce-reczne\/\",\"name\":\"Hamulce uruchamiane r\u0119cznie - Radius Radpol - technika nap\u0119d\u00f3w mechanicznych\",\"isPartOf\":{\"@id\":\"https:\/\/radius-radpol.pl\/#website\"},\"primaryImageOfPage\":{\"@id\":\"https:\/\/radius-radpol.pl\/produkt\/hamulce-reczne\/#primaryimage\"},\"image\":{\"@id\":\"https:\/\/radius-radpol.pl\/produkt\/hamulce-reczne\/#primaryimage\"},\"thumbnailUrl\":\"https:\/\/radius-radpol.pl\/wp-content\/uploads\/2020\/05\/21.png\",\"datePublished\":\"2020-05-05T08:44:17+00:00\",\"dateModified\":\"2024-08-08T13:21:41+00:00\",\"description\":\"Hamulce uruchamiane r\u0119cznie. Zwolnienie r\u00f3wnie\u017c r\u0119cznie poprzez gwintowany wa\u0142ek lub przez ci\u0119gno.\",\"breadcrumb\":{\"@id\":\"https:\/\/radius-radpol.pl\/produkt\/hamulce-reczne\/#breadcrumb\"},\"inLanguage\":\"en-US\",\"potentialAction\":[{\"@type\":\"ReadAction\",\"target\":[\"https:\/\/radius-radpol.pl\/produkt\/hamulce-reczne\/\"]}]},{\"@type\":\"ImageObject\",\"inLanguage\":\"en-US\",\"@id\":\"https:\/\/radius-radpol.pl\/produkt\/hamulce-reczne\/#primaryimage\",\"url\":\"https:\/\/radius-radpol.pl\/wp-content\/uploads\/2020\/05\/21.png\",\"contentUrl\":\"https:\/\/radius-radpol.pl\/wp-content\/uploads\/2020\/05\/21.png\",\"width\":500,\"height\":500,\"caption\":\"Hamulce uruchamiane r\u0119cznie\"},{\"@type\":\"BreadcrumbList\",\"@id\":\"https:\/\/radius-radpol.pl\/produkt\/hamulce-reczne\/#breadcrumb\",\"itemListElement\":[{\"@type\":\"ListItem\",\"position\":1,\"name\":\"Strona g\u0142\u00f3wna\",\"item\":\"https:\/\/radius-radpol.pl\/\"},{\"@type\":\"ListItem\",\"position\":2,\"name\":\"Produkty\",\"item\":\"https:\/\/radius-radpol.pl\/produkty\/\"},{\"@type\":\"ListItem\",\"position\":3,\"name\":\"Hamulce uruchamiane r\u0119cznie\"}]},{\"@type\":\"WebSite\",\"@id\":\"https:\/\/radius-radpol.pl\/#website\",\"url\":\"https:\/\/radius-radpol.pl\/\",\"name\":\"Radius Radpol\",\"description\":\"Technika nap\u0119d\u00f3w mechanicznych\",\"publisher\":{\"@id\":\"https:\/\/radius-radpol.pl\/#organization\"},\"potentialAction\":[{\"@type\":\"SearchAction\",\"target\":{\"@type\":\"EntryPoint\",\"urlTemplate\":\"https:\/\/radius-radpol.pl\/?s={search_term_string}\"},\"query-input\":{\"@type\":\"PropertyValueSpecification\",\"valueRequired\":true,\"valueName\":\"search_term_string\"}}],\"inLanguage\":\"en-US\"},{\"@type\":\"Organization\",\"@id\":\"https:\/\/radius-radpol.pl\/#organization\",\"name\":\"Radius Radpol\",\"url\":\"https:\/\/radius-radpol.pl\/\",\"logo\":{\"@type\":\"ImageObject\",\"inLanguage\":\"en-US\",\"@id\":\"https:\/\/radius-radpol.pl\/#\/schema\/logo\/image\/\",\"url\":\"https:\/\/radius-radpol.pl\/wp-content\/uploads\/2021\/10\/Radius-LOGO4.png\",\"contentUrl\":\"https:\/\/radius-radpol.pl\/wp-content\/uploads\/2021\/10\/Radius-LOGO4.png\",\"width\":1500,\"height\":900,\"caption\":\"Radius Radpol\"},\"image\":{\"@id\":\"https:\/\/radius-radpol.pl\/#\/schema\/logo\/image\/\"}}]}<\/script>\n<!-- \/ Yoast SEO plugin. -->","yoast_head_json":{"title":"Hamulce uruchamiane r\u0119cznie - Radius Radpol - technika nap\u0119d\u00f3w mechanicznych","description":"Hamulce uruchamiane r\u0119cznie. Zwolnienie r\u00f3wnie\u017c r\u0119cznie poprzez gwintowany wa\u0142ek lub przez ci\u0119gno.","robots":{"index":"index","follow":"follow","max-snippet":"max-snippet:-1","max-image-preview":"max-image-preview:large","max-video-preview":"max-video-preview:-1"},"canonical":"https:\/\/radius-radpol.pl\/en\/product\/hamulce-reczne\/","schema":{"@context":"https:\/\/schema.org","@graph":[{"@type":"WebPage","@id":"https:\/\/radius-radpol.pl\/produkt\/hamulce-reczne\/","url":"https:\/\/radius-radpol.pl\/produkt\/hamulce-reczne\/","name":"Hamulce uruchamiane r\u0119cznie - Radius Radpol - technika nap\u0119d\u00f3w mechanicznych","isPartOf":{"@id":"https:\/\/radius-radpol.pl\/#website"},"primaryImageOfPage":{"@id":"https:\/\/radius-radpol.pl\/produkt\/hamulce-reczne\/#primaryimage"},"image":{"@id":"https:\/\/radius-radpol.pl\/produkt\/hamulce-reczne\/#primaryimage"},"thumbnailUrl":"https:\/\/radius-radpol.pl\/wp-content\/uploads\/2020\/05\/21.png","datePublished":"2020-05-05T08:44:17+00:00","dateModified":"2024-08-08T13:21:41+00:00","description":"Hamulce uruchamiane r\u0119cznie. Zwolnienie r\u00f3wnie\u017c r\u0119cznie poprzez gwintowany wa\u0142ek lub przez ci\u0119gno.","breadcrumb":{"@id":"https:\/\/radius-radpol.pl\/produkt\/hamulce-reczne\/#breadcrumb"},"inLanguage":"en-US","potentialAction":[{"@type":"ReadAction","target":["https:\/\/radius-radpol.pl\/produkt\/hamulce-reczne\/"]}]},{"@type":"ImageObject","inLanguage":"en-US","@id":"https:\/\/radius-radpol.pl\/produkt\/hamulce-reczne\/#primaryimage","url":"https:\/\/radius-radpol.pl\/wp-content\/uploads\/2020\/05\/21.png","contentUrl":"https:\/\/radius-radpol.pl\/wp-content\/uploads\/2020\/05\/21.png","width":500,"height":500,"caption":"Hamulce uruchamiane r\u0119cznie"},{"@type":"BreadcrumbList","@id":"https:\/\/radius-radpol.pl\/produkt\/hamulce-reczne\/#breadcrumb","itemListElement":[{"@type":"ListItem","position":1,"name":"Strona g\u0142\u00f3wna","item":"https:\/\/radius-radpol.pl\/"},{"@type":"ListItem","position":2,"name":"Produkty","item":"https:\/\/radius-radpol.pl\/produkty\/"},{"@type":"ListItem","position":3,"name":"Hamulce uruchamiane r\u0119cznie"}]},{"@type":"WebSite","@id":"https:\/\/radius-radpol.pl\/#website","url":"https:\/\/radius-radpol.pl\/","name":"Radius Radpol","description":"Technika nap\u0119d\u00f3w mechanicznych","publisher":{"@id":"https:\/\/radius-radpol.pl\/#organization"},"potentialAction":[{"@type":"SearchAction","target":{"@type":"EntryPoint","urlTemplate":"https:\/\/radius-radpol.pl\/?s={search_term_string}"},"query-input":{"@type":"PropertyValueSpecification","valueRequired":true,"valueName":"search_term_string"}}],"inLanguage":"en-US"},{"@type":"Organization","@id":"https:\/\/radius-radpol.pl\/#organization","name":"Radius Radpol","url":"https:\/\/radius-radpol.pl\/","logo":{"@type":"ImageObject","inLanguage":"en-US","@id":"https:\/\/radius-radpol.pl\/#\/schema\/logo\/image\/","url":"https:\/\/radius-radpol.pl\/wp-content\/uploads\/2021\/10\/Radius-LOGO4.png","contentUrl":"https:\/\/radius-radpol.pl\/wp-content\/uploads\/2021\/10\/Radius-LOGO4.png","width":1500,"height":900,"caption":"Radius Radpol"},"image":{"@id":"https:\/\/radius-radpol.pl\/#\/schema\/logo\/image\/"}}]}},"_links":{"self":[{"href":"https:\/\/radius-radpol.pl\/en\/wp-json\/wp\/v2\/product\/627","targetHints":{"allow":["GET"]}}],"collection":[{"href":"https:\/\/radius-radpol.pl\/en\/wp-json\/wp\/v2\/product"}],"about":[{"href":"https:\/\/radius-radpol.pl\/en\/wp-json\/wp\/v2\/types\/product"}],"wp:featuredmedia":[{"embeddable":true,"href":"https:\/\/radius-radpol.pl\/en\/wp-json\/wp\/v2\/media\/670"}],"wp:attachment":[{"href":"https:\/\/radius-radpol.pl\/en\/wp-json\/wp\/v2\/media?parent=627"}],"wp:term":[{"taxonomy":"product_cat","embeddable":true,"href":"https:\/\/radius-radpol.pl\/en\/wp-json\/wp\/v2\/product_cat?post=627"},{"taxonomy":"product_tag","embeddable":true,"href":"https:\/\/radius-radpol.pl\/en\/wp-json\/wp\/v2\/product_tag?post=627"}],"curies":[{"name":"wp","href":"https:\/\/api.w.org\/{rel}","templated":true}]}}