{"id":608,"date":"2020-05-05T07:04:41","date_gmt":"2020-05-05T07:04:41","guid":{"rendered":"https:\/\/radius-radpol.pl\/?post_type=product&#038;p=608"},"modified":"2024-08-14T13:13:19","modified_gmt":"2024-08-14T13:13:19","slug":"piasty-wentylatorow","status":"publish","type":"product","link":"https:\/\/radius-radpol.pl\/en\/product\/piasty-wentylatorow\/","title":{"rendered":"Fan Hubs"},"content":{"rendered":"<h2><strong>Bolt-on hubs<\/strong><\/h2>\n<ul>\n<li><span class=\"tlid-translation translation\" lang=\"pl\"><span class=\"\" title=\"\">Standard models of type SM or BF <strong>For taper bushings type 1210 to 3020<\/strong> <\/span><\/span><\/li>\n<li><span class=\"tlid-translation translation\" lang=\"pl\"><span class=\"\" title=\"\">center diameters of the mounting elements <strong>\u00d8 100 to \u00d8 340 mm<\/strong><\/span><\/span><\/li>\n<li><span class=\"tlid-translation translation\" lang=\"pl\"><span class=\"\" title=\"\"> Special designs possible<\/span><\/span><\/li>\n<li>Material: cast iron<\/li>\n<\/ul>\n<p>Screw-on hubs use tapered Taper-Lock type mounting sleeves. The hubs give the possibility to securely fix fans, fan impellers and other devices on the shaft. They are made of gray cast iron or steel and have corrosion protection.<\/p>\n<p><a href=\"https:\/\/radius-radpol.pl\/wp-content\/uploads\/2020\/05\/Desch_Piasty-wentylator\u00f3w-SM.pdf\">Download datasheet<\/a><\/p>\n<h3><strong>Weld-on hubs WM<\/strong><\/h3>\n<ul>\n<li><span class=\"tlid-translation translation\" lang=\"pl\"><span class=\"\" title=\"\">Standard type models <strong>WM<\/strong> or <strong>WH<\/strong><\/span><\/span><\/li>\n<li><span class=\"tlid-translation translation\" lang=\"pl\"><span class=\"\" title=\"\"> For taper bushings type <strong>1210 to 5050<\/strong><\/span><\/span><\/li>\n<li><span class=\"tlid-translation translation\" lang=\"pl\"><span class=\"\" title=\"\">The diameters of mounting elements <strong>\u00d8 60 to \u00d8 242 mm<\/strong><\/span><\/span><\/li>\n<li><span class=\"tlid-translation translation\" lang=\"pl\"><span class=\"\" title=\"\"> Material: steel<\/span><\/span><\/li>\n<li><span class=\"tlid-translation translation\" lang=\"pl\"><span class=\"\" title=\"\"> Special designs possible<\/span><\/span><\/li>\n<\/ul>\n<p>They are made of steel and have a hole for tapered Taper-Lock type mounting sleeves. The protruding hub flange provides a convenient way to weld hubs to fans, fan rotors, steel hubs, sprocket disks and other equipment. Welded hubs are easy to install and are used in harsh operating conditions.<\/p>\n<p><a href=\"https:\/\/radius-radpol.pl\/wp-content\/uploads\/2020\/05\/Desch_piasty-wentylator\u00f3w-WM.pdf\">Download datasheet<\/a><\/p>","protected":false},"excerpt":{"rendered":"<p><img loading=\"lazy\" decoding=\"async\" class=\"aligncenter wp-image-610 size-full\" src=\"https:\/\/radius-radpol.pl\/wp-content\/uploads\/2020\/05\/deschhh.png\" alt=\"\" width=\"1694\" height=\"658\" srcset=\"https:\/\/radius-radpol.pl\/wp-content\/uploads\/2020\/05\/deschhh.png 1694w, https:\/\/radius-radpol.pl\/wp-content\/uploads\/2020\/05\/deschhh-800x311.png 800w, https:\/\/radius-radpol.pl\/wp-content\/uploads\/2020\/05\/deschhh-1400x544.png 1400w, https:\/\/radius-radpol.pl\/wp-content\/uploads\/2020\/05\/deschhh-768x298.png 768w, https:\/\/radius-radpol.pl\/wp-content\/uploads\/2020\/05\/deschhh-1536x597.png 1536w, https:\/\/radius-radpol.pl\/wp-content\/uploads\/2020\/05\/deschhh-510x198.png 510w\" sizes=\"auto, (max-width: 1694px) 100vw, 1694px\" \/><\/p>","protected":false},"featured_media":658,"template":"","meta":[],"product_cat":[76],"product_tag":[],"class_list":{"0":"post-608","1":"product","2":"type-product","3":"status-publish","4":"has-post-thumbnail","6":"product_cat-kola-napedowe","8":"first","9":"instock","10":"shipping-taxable","11":"product-type-simple"},"yoast_head":"<!-- This site is optimized with the Yoast SEO plugin v24.0 - https:\/\/yoast.com\/wordpress\/plugins\/seo\/ -->\n<title>Piasty wentylator\u00f3w - Radius Radpol - technika nap\u0119d\u00f3w mechanicznych<\/title>\n<meta name=\"description\" content=\"Piasty przykr\u0119cane z \u017celiwa szarego. \u015arednice element\u00f3w monta\u017cowych 100-240 mm. Piasty przyspawywane ze stali. \u015arednice element\u00f3w monta\u017cowych 60-242 mm.\" \/>\n<meta name=\"robots\" content=\"index, follow, max-snippet:-1, max-image-preview:large, max-video-preview:-1\" \/>\n<link rel=\"canonical\" href=\"https:\/\/radius-radpol.pl\/en\/product\/piasty-wentylatorow\/\" \/>\n<script type=\"application\/ld+json\" class=\"yoast-schema-graph\">{\"@context\":\"https:\/\/schema.org\",\"@graph\":[{\"@type\":\"WebPage\",\"@id\":\"https:\/\/radius-radpol.pl\/produkt\/piasty-wentylatorow\/\",\"url\":\"https:\/\/radius-radpol.pl\/produkt\/piasty-wentylatorow\/\",\"name\":\"Piasty wentylator\u00f3w - Radius Radpol - technika nap\u0119d\u00f3w mechanicznych\",\"isPartOf\":{\"@id\":\"https:\/\/radius-radpol.pl\/#website\"},\"primaryImageOfPage\":{\"@id\":\"https:\/\/radius-radpol.pl\/produkt\/piasty-wentylatorow\/#primaryimage\"},\"image\":{\"@id\":\"https:\/\/radius-radpol.pl\/produkt\/piasty-wentylatorow\/#primaryimage\"},\"thumbnailUrl\":\"https:\/\/radius-radpol.pl\/wp-content\/uploads\/2020\/05\/Projekt-bez-tytu\u0142u4.png\",\"datePublished\":\"2020-05-05T07:04:41+00:00\",\"dateModified\":\"2024-08-14T13:13:19+00:00\",\"description\":\"Piasty przykr\u0119cane z \u017celiwa szarego. \u015arednice element\u00f3w monta\u017cowych 100-240 mm. Piasty przyspawywane ze stali. \u015arednice element\u00f3w monta\u017cowych 60-242 mm.\",\"breadcrumb\":{\"@id\":\"https:\/\/radius-radpol.pl\/produkt\/piasty-wentylatorow\/#breadcrumb\"},\"inLanguage\":\"en-US\",\"potentialAction\":[{\"@type\":\"ReadAction\",\"target\":[\"https:\/\/radius-radpol.pl\/produkt\/piasty-wentylatorow\/\"]}]},{\"@type\":\"ImageObject\",\"inLanguage\":\"en-US\",\"@id\":\"https:\/\/radius-radpol.pl\/produkt\/piasty-wentylatorow\/#primaryimage\",\"url\":\"https:\/\/radius-radpol.pl\/wp-content\/uploads\/2020\/05\/Projekt-bez-tytu\u0142u4.png\",\"contentUrl\":\"https:\/\/radius-radpol.pl\/wp-content\/uploads\/2020\/05\/Projekt-bez-tytu\u0142u4.png\",\"width\":500,\"height\":500,\"caption\":\"Piasty wentylator\u00f3w\"},{\"@type\":\"BreadcrumbList\",\"@id\":\"https:\/\/radius-radpol.pl\/produkt\/piasty-wentylatorow\/#breadcrumb\",\"itemListElement\":[{\"@type\":\"ListItem\",\"position\":1,\"name\":\"Strona g\u0142\u00f3wna\",\"item\":\"https:\/\/radius-radpol.pl\/\"},{\"@type\":\"ListItem\",\"position\":2,\"name\":\"Produkty\",\"item\":\"https:\/\/radius-radpol.pl\/produkty\/\"},{\"@type\":\"ListItem\",\"position\":3,\"name\":\"Piasty wentylator\u00f3w\"}]},{\"@type\":\"WebSite\",\"@id\":\"https:\/\/radius-radpol.pl\/#website\",\"url\":\"https:\/\/radius-radpol.pl\/\",\"name\":\"Radius Radpol\",\"description\":\"Technika nap\u0119d\u00f3w mechanicznych\",\"publisher\":{\"@id\":\"https:\/\/radius-radpol.pl\/#organization\"},\"potentialAction\":[{\"@type\":\"SearchAction\",\"target\":{\"@type\":\"EntryPoint\",\"urlTemplate\":\"https:\/\/radius-radpol.pl\/?s={search_term_string}\"},\"query-input\":{\"@type\":\"PropertyValueSpecification\",\"valueRequired\":true,\"valueName\":\"search_term_string\"}}],\"inLanguage\":\"en-US\"},{\"@type\":\"Organization\",\"@id\":\"https:\/\/radius-radpol.pl\/#organization\",\"name\":\"Radius Radpol\",\"url\":\"https:\/\/radius-radpol.pl\/\",\"logo\":{\"@type\":\"ImageObject\",\"inLanguage\":\"en-US\",\"@id\":\"https:\/\/radius-radpol.pl\/#\/schema\/logo\/image\/\",\"url\":\"https:\/\/radius-radpol.pl\/wp-content\/uploads\/2021\/10\/Radius-LOGO4.png\",\"contentUrl\":\"https:\/\/radius-radpol.pl\/wp-content\/uploads\/2021\/10\/Radius-LOGO4.png\",\"width\":1500,\"height\":900,\"caption\":\"Radius Radpol\"},\"image\":{\"@id\":\"https:\/\/radius-radpol.pl\/#\/schema\/logo\/image\/\"}}]}<\/script>\n<!-- \/ Yoast SEO plugin. -->","yoast_head_json":{"title":"Piasty wentylator\u00f3w - Radius Radpol - technika nap\u0119d\u00f3w mechanicznych","description":"Piasty przykr\u0119cane z \u017celiwa szarego. \u015arednice element\u00f3w monta\u017cowych 100-240 mm. Piasty przyspawywane ze stali. \u015arednice element\u00f3w monta\u017cowych 60-242 mm.","robots":{"index":"index","follow":"follow","max-snippet":"max-snippet:-1","max-image-preview":"max-image-preview:large","max-video-preview":"max-video-preview:-1"},"canonical":"https:\/\/radius-radpol.pl\/en\/product\/piasty-wentylatorow\/","schema":{"@context":"https:\/\/schema.org","@graph":[{"@type":"WebPage","@id":"https:\/\/radius-radpol.pl\/produkt\/piasty-wentylatorow\/","url":"https:\/\/radius-radpol.pl\/produkt\/piasty-wentylatorow\/","name":"Piasty wentylator\u00f3w - Radius Radpol - technika nap\u0119d\u00f3w mechanicznych","isPartOf":{"@id":"https:\/\/radius-radpol.pl\/#website"},"primaryImageOfPage":{"@id":"https:\/\/radius-radpol.pl\/produkt\/piasty-wentylatorow\/#primaryimage"},"image":{"@id":"https:\/\/radius-radpol.pl\/produkt\/piasty-wentylatorow\/#primaryimage"},"thumbnailUrl":"https:\/\/radius-radpol.pl\/wp-content\/uploads\/2020\/05\/Projekt-bez-tytu\u0142u4.png","datePublished":"2020-05-05T07:04:41+00:00","dateModified":"2024-08-14T13:13:19+00:00","description":"Piasty przykr\u0119cane z \u017celiwa szarego. \u015arednice element\u00f3w monta\u017cowych 100-240 mm. Piasty przyspawywane ze stali. \u015arednice element\u00f3w monta\u017cowych 60-242 mm.","breadcrumb":{"@id":"https:\/\/radius-radpol.pl\/produkt\/piasty-wentylatorow\/#breadcrumb"},"inLanguage":"en-US","potentialAction":[{"@type":"ReadAction","target":["https:\/\/radius-radpol.pl\/produkt\/piasty-wentylatorow\/"]}]},{"@type":"ImageObject","inLanguage":"en-US","@id":"https:\/\/radius-radpol.pl\/produkt\/piasty-wentylatorow\/#primaryimage","url":"https:\/\/radius-radpol.pl\/wp-content\/uploads\/2020\/05\/Projekt-bez-tytu\u0142u4.png","contentUrl":"https:\/\/radius-radpol.pl\/wp-content\/uploads\/2020\/05\/Projekt-bez-tytu\u0142u4.png","width":500,"height":500,"caption":"Piasty wentylator\u00f3w"},{"@type":"BreadcrumbList","@id":"https:\/\/radius-radpol.pl\/produkt\/piasty-wentylatorow\/#breadcrumb","itemListElement":[{"@type":"ListItem","position":1,"name":"Strona g\u0142\u00f3wna","item":"https:\/\/radius-radpol.pl\/"},{"@type":"ListItem","position":2,"name":"Produkty","item":"https:\/\/radius-radpol.pl\/produkty\/"},{"@type":"ListItem","position":3,"name":"Piasty wentylator\u00f3w"}]},{"@type":"WebSite","@id":"https:\/\/radius-radpol.pl\/#website","url":"https:\/\/radius-radpol.pl\/","name":"Radius Radpol","description":"Technika nap\u0119d\u00f3w mechanicznych","publisher":{"@id":"https:\/\/radius-radpol.pl\/#organization"},"potentialAction":[{"@type":"SearchAction","target":{"@type":"EntryPoint","urlTemplate":"https:\/\/radius-radpol.pl\/?s={search_term_string}"},"query-input":{"@type":"PropertyValueSpecification","valueRequired":true,"valueName":"search_term_string"}}],"inLanguage":"en-US"},{"@type":"Organization","@id":"https:\/\/radius-radpol.pl\/#organization","name":"Radius Radpol","url":"https:\/\/radius-radpol.pl\/","logo":{"@type":"ImageObject","inLanguage":"en-US","@id":"https:\/\/radius-radpol.pl\/#\/schema\/logo\/image\/","url":"https:\/\/radius-radpol.pl\/wp-content\/uploads\/2021\/10\/Radius-LOGO4.png","contentUrl":"https:\/\/radius-radpol.pl\/wp-content\/uploads\/2021\/10\/Radius-LOGO4.png","width":1500,"height":900,"caption":"Radius Radpol"},"image":{"@id":"https:\/\/radius-radpol.pl\/#\/schema\/logo\/image\/"}}]}},"_links":{"self":[{"href":"https:\/\/radius-radpol.pl\/en\/wp-json\/wp\/v2\/product\/608","targetHints":{"allow":["GET"]}}],"collection":[{"href":"https:\/\/radius-radpol.pl\/en\/wp-json\/wp\/v2\/product"}],"about":[{"href":"https:\/\/radius-radpol.pl\/en\/wp-json\/wp\/v2\/types\/product"}],"wp:featuredmedia":[{"embeddable":true,"href":"https:\/\/radius-radpol.pl\/en\/wp-json\/wp\/v2\/media\/658"}],"wp:attachment":[{"href":"https:\/\/radius-radpol.pl\/en\/wp-json\/wp\/v2\/media?parent=608"}],"wp:term":[{"taxonomy":"product_cat","embeddable":true,"href":"https:\/\/radius-radpol.pl\/en\/wp-json\/wp\/v2\/product_cat?post=608"},{"taxonomy":"product_tag","embeddable":true,"href":"https:\/\/radius-radpol.pl\/en\/wp-json\/wp\/v2\/product_tag?post=608"}],"curies":[{"name":"wp","href":"https:\/\/api.w.org\/{rel}","templated":true}]}}