{"id":607,"date":"2020-05-05T07:04:36","date_gmt":"2020-05-05T07:04:36","guid":{"rendered":"https:\/\/radius-radpol.pl\/?post_type=product&#038;p=607"},"modified":"2024-08-14T13:16:29","modified_gmt":"2024-08-14T13:16:29","slug":"kola-pasowe-klinowe","status":"publish","type":"product","link":"https:\/\/radius-radpol.pl\/en\/product\/kola-pasowe-klinowe\/","title":{"rendered":"V-belt pulleys"},"content":{"rendered":"<div style=\"font-size: 20px;\"><strong>V belt pulleys for taper locks<\/strong><\/div>\n<p>Designed for below v-belts:<\/p>\n<ul>\n<li><strong>SPZ<\/strong>=10mm,<\/li>\n<li><strong>SPA<\/strong> =13mm<\/li>\n<li><strong>SPB<\/strong>=17mm<\/li>\n<li><strong>SPC<\/strong>=22mm<\/li>\n<li><strong>SPD<\/strong>=32mm<\/li>\n<\/ul>\n<p>Pulleys  mounted on the shaft by using  Taper-Lock bushings, which ensure quick  replacement and allow good centering on the shaft<\/p>\n<p><img loading=\"lazy\" decoding=\"async\" class=\"alignnone wp-image-1979\" src=\"https:\/\/radius-radpol.pl\/wp-content\/uploads\/2020\/05\/KOLO-TAPER-280x280.png\" alt=\"Ko\u0142o z tulej\u0105 Taper-Lock\" width=\"210\" height=\"210\" srcset=\"https:\/\/radius-radpol.pl\/wp-content\/uploads\/2020\/05\/KOLO-TAPER-280x280.png 280w, https:\/\/radius-radpol.pl\/wp-content\/uploads\/2020\/05\/KOLO-TAPER-247x247.png 247w, https:\/\/radius-radpol.pl\/wp-content\/uploads\/2020\/05\/KOLO-TAPER-100x100.png 100w\" sizes=\"auto, (max-width: 210px) 100vw, 210px\" \/><img loading=\"lazy\" decoding=\"async\" class=\"alignnone wp-image-1982\" src=\"https:\/\/radius-radpol.pl\/wp-content\/uploads\/2020\/05\/TAPER-280x280.png\" alt=\"Ko\u0142o pasowe klinowe\" width=\"106\" height=\"106\" srcset=\"https:\/\/radius-radpol.pl\/wp-content\/uploads\/2020\/05\/TAPER-280x280.png 280w, https:\/\/radius-radpol.pl\/wp-content\/uploads\/2020\/05\/TAPER-247x247.png 247w, https:\/\/radius-radpol.pl\/wp-content\/uploads\/2020\/05\/TAPER-100x100.png 100w\" sizes=\"auto, (max-width: 106px) 100vw, 106px\" \/><\/p>\n<div class=\"is-divider divider clearfix\" style=\"max-width:100%;\"><\/div>\n<p>&nbsp;<\/p>\n<div class=\"row\"  id=\"row-1998540111\">\n\n\t<div id=\"col-680091969\" class=\"col small-12 large-12\"  >\n\t\t\t\t<div class=\"col-inner\"  >\n\t\t\t\n\t\t\t\n\t\t<\/div>\n\t\t\t\t\t<\/div>\n\n\t\n<\/div>","protected":false},"excerpt":{"rendered":"<p>Ko\u0142a pasowe pod Taper Lock Ko\u0142a przeznaczone s\u0105 pod pasy klinowe typu SPZ=10mm, SPA =13mm SPB=17mm SPC=22mm SPD=32mm Ko\u0142a montowane s\u0105 na Tulejach Taper-Lock, kt\u00f3re u\u0142atwiaj\u0105 szybk\u0105 wymian\u0119 oraz umo\u017cliwiaj\u0105 wycentrowanie ko\u0142a na wale. &nbsp;<\/p>","protected":false},"featured_media":656,"template":"","meta":[],"product_cat":[76],"product_tag":[95,347,345],"class_list":{"0":"post-607","1":"product","2":"type-product","3":"status-publish","4":"has-post-thumbnail","6":"product_cat-kola-napedowe","7":"product_tag-desch","8":"product_tag-kola-pasowe","9":"product_tag-tecnamic","11":"first","12":"instock","13":"shipping-taxable","14":"product-type-simple"},"yoast_head":"<!-- This site is optimized with the Yoast SEO plugin v24.0 - https:\/\/yoast.com\/wordpress\/plugins\/seo\/ -->\n<title>Ko\u0142a pasowe klinowe - Radius Radpol - technika nap\u0119d\u00f3w mechanicznych<\/title>\n<meta name=\"description\" content=\"Ko\u0142a pasowe montowane na tulejach Taper-Lock. Przeznaczone pod pasy klinowe typu SPZ = 10 mm, SPA = 13 mm, SPB = 17 mm, SPC = 22 mm, SPD = 32 mm.\" \/>\n<meta name=\"robots\" content=\"index, follow, max-snippet:-1, max-image-preview:large, max-video-preview:-1\" \/>\n<link rel=\"canonical\" href=\"https:\/\/radius-radpol.pl\/en\/product\/kola-pasowe-klinowe\/\" \/>\n<script type=\"application\/ld+json\" class=\"yoast-schema-graph\">{\"@context\":\"https:\/\/schema.org\",\"@graph\":[{\"@type\":\"WebPage\",\"@id\":\"https:\/\/radius-radpol.pl\/produkt\/kola-pasowe-klinowe\/\",\"url\":\"https:\/\/radius-radpol.pl\/produkt\/kola-pasowe-klinowe\/\",\"name\":\"Ko\u0142a pasowe klinowe - Radius Radpol - technika nap\u0119d\u00f3w mechanicznych\",\"isPartOf\":{\"@id\":\"https:\/\/radius-radpol.pl\/#website\"},\"primaryImageOfPage\":{\"@id\":\"https:\/\/radius-radpol.pl\/produkt\/kola-pasowe-klinowe\/#primaryimage\"},\"image\":{\"@id\":\"https:\/\/radius-radpol.pl\/produkt\/kola-pasowe-klinowe\/#primaryimage\"},\"thumbnailUrl\":\"https:\/\/radius-radpol.pl\/wp-content\/uploads\/2020\/05\/Projekt-bez-tytu\u0142u3.png\",\"datePublished\":\"2020-05-05T07:04:36+00:00\",\"dateModified\":\"2024-08-14T13:16:29+00:00\",\"description\":\"Ko\u0142a pasowe montowane na tulejach Taper-Lock. Przeznaczone pod pasy klinowe typu SPZ = 10 mm, SPA = 13 mm, SPB = 17 mm, SPC = 22 mm, SPD = 32 mm.\",\"breadcrumb\":{\"@id\":\"https:\/\/radius-radpol.pl\/produkt\/kola-pasowe-klinowe\/#breadcrumb\"},\"inLanguage\":\"en-US\",\"potentialAction\":[{\"@type\":\"ReadAction\",\"target\":[\"https:\/\/radius-radpol.pl\/produkt\/kola-pasowe-klinowe\/\"]}]},{\"@type\":\"ImageObject\",\"inLanguage\":\"en-US\",\"@id\":\"https:\/\/radius-radpol.pl\/produkt\/kola-pasowe-klinowe\/#primaryimage\",\"url\":\"https:\/\/radius-radpol.pl\/wp-content\/uploads\/2020\/05\/Projekt-bez-tytu\u0142u3.png\",\"contentUrl\":\"https:\/\/radius-radpol.pl\/wp-content\/uploads\/2020\/05\/Projekt-bez-tytu\u0142u3.png\",\"width\":500,\"height\":500,\"caption\":\"Ko\u0142a pasowe klinowe\"},{\"@type\":\"BreadcrumbList\",\"@id\":\"https:\/\/radius-radpol.pl\/produkt\/kola-pasowe-klinowe\/#breadcrumb\",\"itemListElement\":[{\"@type\":\"ListItem\",\"position\":1,\"name\":\"Strona g\u0142\u00f3wna\",\"item\":\"https:\/\/radius-radpol.pl\/\"},{\"@type\":\"ListItem\",\"position\":2,\"name\":\"Produkty\",\"item\":\"https:\/\/radius-radpol.pl\/produkty\/\"},{\"@type\":\"ListItem\",\"position\":3,\"name\":\"Ko\u0142a pasowe klinowe\"}]},{\"@type\":\"WebSite\",\"@id\":\"https:\/\/radius-radpol.pl\/#website\",\"url\":\"https:\/\/radius-radpol.pl\/\",\"name\":\"Radius Radpol\",\"description\":\"Technika nap\u0119d\u00f3w mechanicznych\",\"publisher\":{\"@id\":\"https:\/\/radius-radpol.pl\/#organization\"},\"potentialAction\":[{\"@type\":\"SearchAction\",\"target\":{\"@type\":\"EntryPoint\",\"urlTemplate\":\"https:\/\/radius-radpol.pl\/?s={search_term_string}\"},\"query-input\":{\"@type\":\"PropertyValueSpecification\",\"valueRequired\":true,\"valueName\":\"search_term_string\"}}],\"inLanguage\":\"en-US\"},{\"@type\":\"Organization\",\"@id\":\"https:\/\/radius-radpol.pl\/#organization\",\"name\":\"Radius Radpol\",\"url\":\"https:\/\/radius-radpol.pl\/\",\"logo\":{\"@type\":\"ImageObject\",\"inLanguage\":\"en-US\",\"@id\":\"https:\/\/radius-radpol.pl\/#\/schema\/logo\/image\/\",\"url\":\"https:\/\/radius-radpol.pl\/wp-content\/uploads\/2021\/10\/Radius-LOGO4.png\",\"contentUrl\":\"https:\/\/radius-radpol.pl\/wp-content\/uploads\/2021\/10\/Radius-LOGO4.png\",\"width\":1500,\"height\":900,\"caption\":\"Radius Radpol\"},\"image\":{\"@id\":\"https:\/\/radius-radpol.pl\/#\/schema\/logo\/image\/\"}}]}<\/script>\n<!-- \/ Yoast SEO plugin. -->","yoast_head_json":{"title":"Ko\u0142a pasowe klinowe - Radius Radpol - technika nap\u0119d\u00f3w mechanicznych","description":"Ko\u0142a pasowe montowane na tulejach Taper-Lock. Przeznaczone pod pasy klinowe typu SPZ = 10 mm, SPA = 13 mm, SPB = 17 mm, SPC = 22 mm, SPD = 32 mm.","robots":{"index":"index","follow":"follow","max-snippet":"max-snippet:-1","max-image-preview":"max-image-preview:large","max-video-preview":"max-video-preview:-1"},"canonical":"https:\/\/radius-radpol.pl\/en\/product\/kola-pasowe-klinowe\/","schema":{"@context":"https:\/\/schema.org","@graph":[{"@type":"WebPage","@id":"https:\/\/radius-radpol.pl\/produkt\/kola-pasowe-klinowe\/","url":"https:\/\/radius-radpol.pl\/produkt\/kola-pasowe-klinowe\/","name":"Ko\u0142a pasowe klinowe - Radius Radpol - technika nap\u0119d\u00f3w mechanicznych","isPartOf":{"@id":"https:\/\/radius-radpol.pl\/#website"},"primaryImageOfPage":{"@id":"https:\/\/radius-radpol.pl\/produkt\/kola-pasowe-klinowe\/#primaryimage"},"image":{"@id":"https:\/\/radius-radpol.pl\/produkt\/kola-pasowe-klinowe\/#primaryimage"},"thumbnailUrl":"https:\/\/radius-radpol.pl\/wp-content\/uploads\/2020\/05\/Projekt-bez-tytu\u0142u3.png","datePublished":"2020-05-05T07:04:36+00:00","dateModified":"2024-08-14T13:16:29+00:00","description":"Ko\u0142a pasowe montowane na tulejach Taper-Lock. Przeznaczone pod pasy klinowe typu SPZ = 10 mm, SPA = 13 mm, SPB = 17 mm, SPC = 22 mm, SPD = 32 mm.","breadcrumb":{"@id":"https:\/\/radius-radpol.pl\/produkt\/kola-pasowe-klinowe\/#breadcrumb"},"inLanguage":"en-US","potentialAction":[{"@type":"ReadAction","target":["https:\/\/radius-radpol.pl\/produkt\/kola-pasowe-klinowe\/"]}]},{"@type":"ImageObject","inLanguage":"en-US","@id":"https:\/\/radius-radpol.pl\/produkt\/kola-pasowe-klinowe\/#primaryimage","url":"https:\/\/radius-radpol.pl\/wp-content\/uploads\/2020\/05\/Projekt-bez-tytu\u0142u3.png","contentUrl":"https:\/\/radius-radpol.pl\/wp-content\/uploads\/2020\/05\/Projekt-bez-tytu\u0142u3.png","width":500,"height":500,"caption":"Ko\u0142a pasowe klinowe"},{"@type":"BreadcrumbList","@id":"https:\/\/radius-radpol.pl\/produkt\/kola-pasowe-klinowe\/#breadcrumb","itemListElement":[{"@type":"ListItem","position":1,"name":"Strona g\u0142\u00f3wna","item":"https:\/\/radius-radpol.pl\/"},{"@type":"ListItem","position":2,"name":"Produkty","item":"https:\/\/radius-radpol.pl\/produkty\/"},{"@type":"ListItem","position":3,"name":"Ko\u0142a pasowe klinowe"}]},{"@type":"WebSite","@id":"https:\/\/radius-radpol.pl\/#website","url":"https:\/\/radius-radpol.pl\/","name":"Radius Radpol","description":"Technika nap\u0119d\u00f3w mechanicznych","publisher":{"@id":"https:\/\/radius-radpol.pl\/#organization"},"potentialAction":[{"@type":"SearchAction","target":{"@type":"EntryPoint","urlTemplate":"https:\/\/radius-radpol.pl\/?s={search_term_string}"},"query-input":{"@type":"PropertyValueSpecification","valueRequired":true,"valueName":"search_term_string"}}],"inLanguage":"en-US"},{"@type":"Organization","@id":"https:\/\/radius-radpol.pl\/#organization","name":"Radius Radpol","url":"https:\/\/radius-radpol.pl\/","logo":{"@type":"ImageObject","inLanguage":"en-US","@id":"https:\/\/radius-radpol.pl\/#\/schema\/logo\/image\/","url":"https:\/\/radius-radpol.pl\/wp-content\/uploads\/2021\/10\/Radius-LOGO4.png","contentUrl":"https:\/\/radius-radpol.pl\/wp-content\/uploads\/2021\/10\/Radius-LOGO4.png","width":1500,"height":900,"caption":"Radius Radpol"},"image":{"@id":"https:\/\/radius-radpol.pl\/#\/schema\/logo\/image\/"}}]}},"_links":{"self":[{"href":"https:\/\/radius-radpol.pl\/en\/wp-json\/wp\/v2\/product\/607","targetHints":{"allow":["GET"]}}],"collection":[{"href":"https:\/\/radius-radpol.pl\/en\/wp-json\/wp\/v2\/product"}],"about":[{"href":"https:\/\/radius-radpol.pl\/en\/wp-json\/wp\/v2\/types\/product"}],"wp:featuredmedia":[{"embeddable":true,"href":"https:\/\/radius-radpol.pl\/en\/wp-json\/wp\/v2\/media\/656"}],"wp:attachment":[{"href":"https:\/\/radius-radpol.pl\/en\/wp-json\/wp\/v2\/media?parent=607"}],"wp:term":[{"taxonomy":"product_cat","embeddable":true,"href":"https:\/\/radius-radpol.pl\/en\/wp-json\/wp\/v2\/product_cat?post=607"},{"taxonomy":"product_tag","embeddable":true,"href":"https:\/\/radius-radpol.pl\/en\/wp-json\/wp\/v2\/product_tag?post=607"}],"curies":[{"name":"wp","href":"https:\/\/api.w.org\/{rel}","templated":true}]}}