{"id":555,"date":"2020-05-04T09:26:29","date_gmt":"2020-05-04T09:26:29","guid":{"rendered":"https:\/\/radius-radpol.pl\/?post_type=product&#038;p=555"},"modified":"2024-08-09T07:27:33","modified_gmt":"2024-08-09T07:27:33","slug":"waly-i-przeguby-precyzyjne","status":"publish","type":"product","link":"https:\/\/radius-radpol.pl\/en\/product\/waly-i-przeguby-precyzyjne\/","title":{"rendered":"Universal precision joints"},"content":{"rendered":"<p><strong>do 5 000 obr\/min<\/strong> &#8211; typoszereg 0.600 &#8211; dopuszczalny k\u0105t zgi\u0119cia (za\u0142amania) wynosi 45\u00b0.<\/p>\n<div>wa\u0142y przegubowe i przeguby krzy\u017cakowe, wyposa\u017cone w \u0142o\u017cyska igie\u0142kowe<\/div>\n<p><strong>Oznaczenia polskie:<\/strong><\/p>\n<ul>\n<li data-line-height=\"s\"><strong>RHA<\/strong> &#8211; wa\u0142 przegubowy rozsuwny (o zmiennej d\u0142ugo\u015bci)<\/li>\n<li data-line-height=\"s\"><strong>RHD<\/strong> &#8211; przegub podw\u00f3jnie \u0142amany<\/li>\n<li data-line-height=\"s\"><strong>RH <\/strong> &#8211; przegub pojedynczo \u0142amany<\/li>\n<li data-line-height=\"s\"><strong>RHK <\/strong> &#8211; przegub pojedynczo \u0142amany, kr\u00f3tki<\/li>\n<li data-line-height=\"s\"><strong>RHS <\/strong> &#8211; przegub pojedynczo \u0142amany, z szybkoz\u0142\u0105czk\u0105<\/li>\n<\/ul>\n<div class=\"is-divider divider clearfix\" style=\"max-width:1200px;\"><\/div>\n<p><strong>do 1 000 obr\/min<\/strong> &#8211; typoszereg 0.700, dopuszczalny k\u0105t zgi\u0119cia 45\u00b0<\/p>\n<div>wa\u0142y przegubowe i przeguby krzy\u017cakowe na \u0142o\u017cyskach \u015blizgowych<\/div>\n<p>Oznaczenia polskie:<\/p>\n<ul>\n<li data-line-height=\"s\"><strong>REA<\/strong> &#8211; wa\u0142 przegubowy rozsuwny (o zmiennej d\u0142ugo\u015bci)<\/li>\n<li data-line-height=\"s\"><strong>RED<\/strong> &#8211; przegub podw\u00f3jnie \u0142amany<\/li>\n<li data-line-height=\"s\"><strong>RE <\/strong> &#8211; przegub pojedynczo \u0142amany<\/li>\n<li data-line-height=\"s\"><strong>REK <\/strong> &#8211; przegub pojedynczo \u0142amany, kr\u00f3tki<\/li>\n<li data-line-height=\"s\"><strong>RES <\/strong> &#8211; przegub pojedynczo \u0142amany, z szybkoz\u0142\u0105czk\u0105<\/li>\n<\/ul>\n<div class=\"is-divider divider clearfix\" style=\"max-width:1200px;\"><\/div>\n<p><strong>do 500 obr\/min<\/strong> &#8211; typoszereg 0.800 &#8211;\u00a0 dopuszczalny k\u0105t zgi\u0119cia 35\u00b0<\/p>\n<div>wa\u0142y przegubowe i przeguby kulowe na po\u0142\u0105czeniach \u015blizgowych<\/div>\n<p><strong>Oznaczenia polskie:<\/strong><\/p>\n<ul>\n<li data-line-height=\"s\"><strong>RLA<\/strong> &#8211; wa\u0142 przegubowy rozsuwny (o zmiennej d\u0142ugo\u015bci)<\/li>\n<li data-line-height=\"s\"><strong>RLD<\/strong> &#8211; przegub podw\u00f3jnie \u0142amany<\/li>\n<li data-line-height=\"s\"><strong>RL<\/strong> &#8211; przegub pojedynczo \u0142amany<\/li>\n<\/ul>","protected":false},"excerpt":{"rendered":"<p>do 5 000 obr\/min &#8211; typoszereg 0.600 &#8211; dopuszczalny k\u0105t zgi\u0119cia (za\u0142amania) wynosi 45\u00b0. wa\u0142y przegubowe i przeguby krzy\u017cakowe, wyposa\u017cone w \u0142o\u017cyska igie\u0142kowe Oznaczenia polskie: RHA &#8211; wa\u0142 przegubowy rozsuwny (o zmiennej d\u0142ugo\u015bci) RHD &#8211; przegub podw\u00f3jnie \u0142amany RH &#8211; przegub pojedynczo \u0142amany RHK &#8211; przegub pojedynczo \u0142amany, kr\u00f3tki RHS &#8211; przegub pojedynczo \u0142amany, z [&#8230;]","protected":false},"featured_media":667,"template":"","meta":[],"product_cat":[73],"product_tag":[],"class_list":{"0":"post-555","1":"product","2":"type-product","3":"status-publish","4":"has-post-thumbnail","6":"product_cat-waly-przegubowe","8":"first","9":"instock","10":"shipping-taxable","11":"product-type-simple"},"yoast_head":"<!-- This site is optimized with the Yoast SEO plugin v24.0 - https:\/\/yoast.com\/wordpress\/plugins\/seo\/ -->\n<title>Wa\u0142y i przeguby precyzyjne - Radius Radpol - technika nap\u0119d\u00f3w mechanicznych<\/title>\n<meta name=\"description\" content=\"Wa\u0142y i przeguby precyzyjne do 5000 obr\/min - k\u0105t zgi\u0119cia do 45\u00b0, do 1000 obr\/min - k\u0105t zgi\u0119cia do 45\u00b0, do 500 obr\/min - k\u0105t zgi\u0119cia do 35\u00b0.\" \/>\n<meta name=\"robots\" content=\"index, follow, max-snippet:-1, max-image-preview:large, max-video-preview:-1\" \/>\n<link rel=\"canonical\" href=\"https:\/\/radius-radpol.pl\/en\/product\/waly-i-przeguby-precyzyjne\/\" \/>\n<script type=\"application\/ld+json\" class=\"yoast-schema-graph\">{\"@context\":\"https:\/\/schema.org\",\"@graph\":[{\"@type\":\"WebPage\",\"@id\":\"https:\/\/radius-radpol.pl\/produkt\/waly-i-przeguby-precyzyjne\/\",\"url\":\"https:\/\/radius-radpol.pl\/produkt\/waly-i-przeguby-precyzyjne\/\",\"name\":\"Wa\u0142y i przeguby precyzyjne - Radius Radpol - technika nap\u0119d\u00f3w mechanicznych\",\"isPartOf\":{\"@id\":\"https:\/\/radius-radpol.pl\/#website\"},\"primaryImageOfPage\":{\"@id\":\"https:\/\/radius-radpol.pl\/produkt\/waly-i-przeguby-precyzyjne\/#primaryimage\"},\"image\":{\"@id\":\"https:\/\/radius-radpol.pl\/produkt\/waly-i-przeguby-precyzyjne\/#primaryimage\"},\"thumbnailUrl\":\"https:\/\/radius-radpol.pl\/wp-content\/uploads\/2020\/05\/17.png\",\"datePublished\":\"2020-05-04T09:26:29+00:00\",\"dateModified\":\"2024-08-09T07:27:33+00:00\",\"description\":\"Wa\u0142y i przeguby precyzyjne do 5000 obr\/min - k\u0105t zgi\u0119cia do 45\u00b0, do 1000 obr\/min - k\u0105t zgi\u0119cia do 45\u00b0, do 500 obr\/min - k\u0105t zgi\u0119cia do 35\u00b0.\",\"breadcrumb\":{\"@id\":\"https:\/\/radius-radpol.pl\/produkt\/waly-i-przeguby-precyzyjne\/#breadcrumb\"},\"inLanguage\":\"en-US\",\"potentialAction\":[{\"@type\":\"ReadAction\",\"target\":[\"https:\/\/radius-radpol.pl\/produkt\/waly-i-przeguby-precyzyjne\/\"]}]},{\"@type\":\"ImageObject\",\"inLanguage\":\"en-US\",\"@id\":\"https:\/\/radius-radpol.pl\/produkt\/waly-i-przeguby-precyzyjne\/#primaryimage\",\"url\":\"https:\/\/radius-radpol.pl\/wp-content\/uploads\/2020\/05\/17.png\",\"contentUrl\":\"https:\/\/radius-radpol.pl\/wp-content\/uploads\/2020\/05\/17.png\",\"width\":500,\"height\":500,\"caption\":\"Wa\u0142y i przeguby precyzyjne\"},{\"@type\":\"BreadcrumbList\",\"@id\":\"https:\/\/radius-radpol.pl\/produkt\/waly-i-przeguby-precyzyjne\/#breadcrumb\",\"itemListElement\":[{\"@type\":\"ListItem\",\"position\":1,\"name\":\"Strona g\u0142\u00f3wna\",\"item\":\"https:\/\/radius-radpol.pl\/\"},{\"@type\":\"ListItem\",\"position\":2,\"name\":\"Produkty\",\"item\":\"https:\/\/radius-radpol.pl\/produkty\/\"},{\"@type\":\"ListItem\",\"position\":3,\"name\":\"Wa\u0142y i przeguby precyzyjne\"}]},{\"@type\":\"WebSite\",\"@id\":\"https:\/\/radius-radpol.pl\/#website\",\"url\":\"https:\/\/radius-radpol.pl\/\",\"name\":\"Radius Radpol\",\"description\":\"Technika nap\u0119d\u00f3w mechanicznych\",\"publisher\":{\"@id\":\"https:\/\/radius-radpol.pl\/#organization\"},\"potentialAction\":[{\"@type\":\"SearchAction\",\"target\":{\"@type\":\"EntryPoint\",\"urlTemplate\":\"https:\/\/radius-radpol.pl\/?s={search_term_string}\"},\"query-input\":{\"@type\":\"PropertyValueSpecification\",\"valueRequired\":true,\"valueName\":\"search_term_string\"}}],\"inLanguage\":\"en-US\"},{\"@type\":\"Organization\",\"@id\":\"https:\/\/radius-radpol.pl\/#organization\",\"name\":\"Radius Radpol\",\"url\":\"https:\/\/radius-radpol.pl\/\",\"logo\":{\"@type\":\"ImageObject\",\"inLanguage\":\"en-US\",\"@id\":\"https:\/\/radius-radpol.pl\/#\/schema\/logo\/image\/\",\"url\":\"https:\/\/radius-radpol.pl\/wp-content\/uploads\/2021\/10\/Radius-LOGO4.png\",\"contentUrl\":\"https:\/\/radius-radpol.pl\/wp-content\/uploads\/2021\/10\/Radius-LOGO4.png\",\"width\":1500,\"height\":900,\"caption\":\"Radius Radpol\"},\"image\":{\"@id\":\"https:\/\/radius-radpol.pl\/#\/schema\/logo\/image\/\"}}]}<\/script>\n<!-- \/ Yoast SEO plugin. -->","yoast_head_json":{"title":"Wa\u0142y i przeguby precyzyjne - Radius Radpol - technika nap\u0119d\u00f3w mechanicznych","description":"Wa\u0142y i przeguby precyzyjne do 5000 obr\/min - k\u0105t zgi\u0119cia do 45\u00b0, do 1000 obr\/min - k\u0105t zgi\u0119cia do 45\u00b0, do 500 obr\/min - k\u0105t zgi\u0119cia do 35\u00b0.","robots":{"index":"index","follow":"follow","max-snippet":"max-snippet:-1","max-image-preview":"max-image-preview:large","max-video-preview":"max-video-preview:-1"},"canonical":"https:\/\/radius-radpol.pl\/en\/product\/waly-i-przeguby-precyzyjne\/","schema":{"@context":"https:\/\/schema.org","@graph":[{"@type":"WebPage","@id":"https:\/\/radius-radpol.pl\/produkt\/waly-i-przeguby-precyzyjne\/","url":"https:\/\/radius-radpol.pl\/produkt\/waly-i-przeguby-precyzyjne\/","name":"Wa\u0142y i przeguby precyzyjne - Radius Radpol - technika nap\u0119d\u00f3w mechanicznych","isPartOf":{"@id":"https:\/\/radius-radpol.pl\/#website"},"primaryImageOfPage":{"@id":"https:\/\/radius-radpol.pl\/produkt\/waly-i-przeguby-precyzyjne\/#primaryimage"},"image":{"@id":"https:\/\/radius-radpol.pl\/produkt\/waly-i-przeguby-precyzyjne\/#primaryimage"},"thumbnailUrl":"https:\/\/radius-radpol.pl\/wp-content\/uploads\/2020\/05\/17.png","datePublished":"2020-05-04T09:26:29+00:00","dateModified":"2024-08-09T07:27:33+00:00","description":"Wa\u0142y i przeguby precyzyjne do 5000 obr\/min - k\u0105t zgi\u0119cia do 45\u00b0, do 1000 obr\/min - k\u0105t zgi\u0119cia do 45\u00b0, do 500 obr\/min - k\u0105t zgi\u0119cia do 35\u00b0.","breadcrumb":{"@id":"https:\/\/radius-radpol.pl\/produkt\/waly-i-przeguby-precyzyjne\/#breadcrumb"},"inLanguage":"en-US","potentialAction":[{"@type":"ReadAction","target":["https:\/\/radius-radpol.pl\/produkt\/waly-i-przeguby-precyzyjne\/"]}]},{"@type":"ImageObject","inLanguage":"en-US","@id":"https:\/\/radius-radpol.pl\/produkt\/waly-i-przeguby-precyzyjne\/#primaryimage","url":"https:\/\/radius-radpol.pl\/wp-content\/uploads\/2020\/05\/17.png","contentUrl":"https:\/\/radius-radpol.pl\/wp-content\/uploads\/2020\/05\/17.png","width":500,"height":500,"caption":"Wa\u0142y i przeguby precyzyjne"},{"@type":"BreadcrumbList","@id":"https:\/\/radius-radpol.pl\/produkt\/waly-i-przeguby-precyzyjne\/#breadcrumb","itemListElement":[{"@type":"ListItem","position":1,"name":"Strona g\u0142\u00f3wna","item":"https:\/\/radius-radpol.pl\/"},{"@type":"ListItem","position":2,"name":"Produkty","item":"https:\/\/radius-radpol.pl\/produkty\/"},{"@type":"ListItem","position":3,"name":"Wa\u0142y i przeguby precyzyjne"}]},{"@type":"WebSite","@id":"https:\/\/radius-radpol.pl\/#website","url":"https:\/\/radius-radpol.pl\/","name":"Radius Radpol","description":"Technika nap\u0119d\u00f3w mechanicznych","publisher":{"@id":"https:\/\/radius-radpol.pl\/#organization"},"potentialAction":[{"@type":"SearchAction","target":{"@type":"EntryPoint","urlTemplate":"https:\/\/radius-radpol.pl\/?s={search_term_string}"},"query-input":{"@type":"PropertyValueSpecification","valueRequired":true,"valueName":"search_term_string"}}],"inLanguage":"en-US"},{"@type":"Organization","@id":"https:\/\/radius-radpol.pl\/#organization","name":"Radius Radpol","url":"https:\/\/radius-radpol.pl\/","logo":{"@type":"ImageObject","inLanguage":"en-US","@id":"https:\/\/radius-radpol.pl\/#\/schema\/logo\/image\/","url":"https:\/\/radius-radpol.pl\/wp-content\/uploads\/2021\/10\/Radius-LOGO4.png","contentUrl":"https:\/\/radius-radpol.pl\/wp-content\/uploads\/2021\/10\/Radius-LOGO4.png","width":1500,"height":900,"caption":"Radius Radpol"},"image":{"@id":"https:\/\/radius-radpol.pl\/#\/schema\/logo\/image\/"}}]}},"_links":{"self":[{"href":"https:\/\/radius-radpol.pl\/en\/wp-json\/wp\/v2\/product\/555","targetHints":{"allow":["GET"]}}],"collection":[{"href":"https:\/\/radius-radpol.pl\/en\/wp-json\/wp\/v2\/product"}],"about":[{"href":"https:\/\/radius-radpol.pl\/en\/wp-json\/wp\/v2\/types\/product"}],"wp:featuredmedia":[{"embeddable":true,"href":"https:\/\/radius-radpol.pl\/en\/wp-json\/wp\/v2\/media\/667"}],"wp:attachment":[{"href":"https:\/\/radius-radpol.pl\/en\/wp-json\/wp\/v2\/media?parent=555"}],"wp:term":[{"taxonomy":"product_cat","embeddable":true,"href":"https:\/\/radius-radpol.pl\/en\/wp-json\/wp\/v2\/product_cat?post=555"},{"taxonomy":"product_tag","embeddable":true,"href":"https:\/\/radius-radpol.pl\/en\/wp-json\/wp\/v2\/product_tag?post=555"}],"curies":[{"name":"wp","href":"https:\/\/api.w.org\/{rel}","templated":true}]}}