{"id":553,"date":"2020-05-04T09:26:22","date_gmt":"2020-05-04T09:26:22","guid":{"rendered":"https:\/\/radius-radpol.pl\/?post_type=product&#038;p=553"},"modified":"2024-08-09T07:26:29","modified_gmt":"2024-08-09T07:26:29","slug":"waly-i-przeguby-przemyslowe","status":"publish","type":"product","link":"https:\/\/radius-radpol.pl\/en\/product\/waly-i-przeguby-przemyslowe\/","title":{"rendered":"Industrial Cardan Shafts"},"content":{"rendered":"<table class=\"NormalTable\">\n<tbody>\n<tr>\n<td width=\"550\">\n<h3><span class=\"fontstyle0\">Wa\u0142y przegubowe i przeguby kardana, wa\u0142y po<\/span><span class=\"fontstyle2\">\u015b<\/span><span class=\"fontstyle0\">rednie<br \/>\n<\/span><\/h3>\n<p><span class=\"fontstyle0\">Typoszereg 0.100<\/span><\/p>\n<p><span class=\"fontstyle3\">Elementy konstrukcyjne <\/span><span class=\"fontstyle3\">Maksymalny k<\/span><span class=\"fontstyle4\">\u0105<\/span><span class=\"fontstyle3\">t zgi<\/span><span class=\"fontstyle4\">\u0119<\/span><span class=\"fontstyle3\">cia 35\u00b0, po\u0142<\/span><span class=\"fontstyle4\">\u0105<\/span><span class=\"fontstyle3\">czenie poprzez piast<\/span><span class=\"fontstyle4\">\u0119 <\/span><span class=\"fontstyle3\">lub ko\u0142nierz, moment maks. do 35 000 Nm<\/span><\/td>\n<\/tr>\n<tr>\n<td width=\"550\">\n<h3><span class=\"fontstyle0\">Wa\u0142y przegubowe i przeguby kardana<br \/>\n<\/span><\/h3>\n<p><span class=\"fontstyle0\">Typoszereg 0.200<\/span><\/p>\n<p><span class=\"fontstyle3\">Elementy konstrukcyjne: <\/span><span class=\"fontstyle3\">Maksymalny k<\/span><span class=\"fontstyle4\">\u0105<\/span><span class=\"fontstyle3\">t zgi<\/span><span class=\"fontstyle4\">\u0119<\/span><span class=\"fontstyle3\">cia 45\u00b0, po\u0142<\/span><span class=\"fontstyle4\">\u0105<\/span><span class=\"fontstyle3\">czenie poprzez piast<\/span><span class=\"fontstyle4\">\u0119<\/span><span class=\"fontstyle3\">, moment maks. do 1 300 Nm<\/span><\/td>\n<\/tr>\n<tr>\n<td width=\"550\">\n<h3><span class=\"fontstyle0\">Wa\u0142y przegubowe kardana \u2013 centrowane<br \/>\n<\/span><\/h3>\n<p><span class=\"fontstyle0\">Typoszereg 0.300<\/span><\/p>\n<p><span class=\"fontstyle3\">Elementy konstrukcyjne: <\/span><span class=\"fontstyle3\">Maksymalny k<\/span><span class=\"fontstyle4\">\u0105<\/span><span class=\"fontstyle3\">t zgi<\/span><span class=\"fontstyle4\">\u0119<\/span><span class=\"fontstyle3\">cia 42\u00b0, po\u0142<\/span><span class=\"fontstyle4\">\u0105<\/span><span class=\"fontstyle3\">czenie poprzez ko\u0142nierz, moment maks. do 15 200 Nm<\/span><\/td>\n<\/tr>\n<tr>\n<td width=\"550\">\n<h3><span class=\"fontstyle0\">Wa\u0142y przegubowe podw\u00f3jne kardana, wykonanie do osi kierowanych<br \/>\n<\/span><\/h3>\n<p><span class=\"fontstyle0\">Typoszereg 0.400<\/span><\/p>\n<p><span class=\"fontstyle3\">Elementy konstrukcyjne: <\/span><span class=\"fontstyle3\">Maksymalny k<\/span><span class=\"fontstyle4\">\u0105<\/span><span class=\"fontstyle3\">t zgi<\/span><span class=\"fontstyle4\">\u0119<\/span><span class=\"fontstyle3\">cia 55\u00b0 , moment maks. do 6 110 Nm<\/span><\/td>\n<\/tr>\n<tr>\n<td width=\"550\">\n<h3><span class=\"fontstyle0\">Wa\u0142y przegubowe podw\u00f3jne kardana, wykonanie do osi kierowanych<br \/>\n<\/span><\/h3>\n<p><span class=\"fontstyle3\"><span class=\"fontstyle0\">Typoszereg 0.500<\/span> <\/span><\/p>\n<p><span class=\"fontstyle3\">Elementy konstrukcyjne: <\/span><span class=\"fontstyle3\">Maksymalny k<\/span><span class=\"fontstyle4\">\u0105<\/span><span class=\"fontstyle3\">t zgi<\/span><span class=\"fontstyle4\">\u0119<\/span><span class=\"fontstyle3\">cia 50\u00b0 , moment maks. do 16 900 Nm<\/span><\/td>\n<\/tr>\n<\/tbody>\n<\/table>","protected":false},"excerpt":{"rendered":"<p>Wa\u0142y przegubowe i przeguby kardana, wa\u0142y po\u015brednie Typoszereg 0.100 Elementy konstrukcyjne Maksymalny k\u0105t zgi\u0119cia 35\u00b0, po\u0142\u0105czenie poprzez piast\u0119 lub ko\u0142nierz, moment maks. do 35 000 Nm Wa\u0142y przegubowe i przeguby kardana Typoszereg 0.200 Elementy konstrukcyjne: Maksymalny k\u0105t zgi\u0119cia 45\u00b0, po\u0142\u0105czenie poprzez piast\u0119, moment maks. do 1 300 Nm Wa\u0142y przegubowe kardana \u2013 centrowane Typoszereg 0.300 [&#8230;]","protected":false},"featured_media":668,"template":"","meta":[],"product_cat":[73],"product_tag":[],"class_list":{"0":"post-553","1":"product","2":"type-product","3":"status-publish","4":"has-post-thumbnail","6":"product_cat-waly-przegubowe","8":"first","9":"instock","10":"shipping-taxable","11":"product-type-simple"},"yoast_head":"<!-- This site is optimized with the Yoast SEO plugin v24.0 - https:\/\/yoast.com\/wordpress\/plugins\/seo\/ -->\n<title>Wa\u0142y i przeguby przemys\u0142owe - Radius Radpol - technika nap\u0119d\u00f3w mechanicznych<\/title>\n<meta name=\"description\" content=\"Wa\u0142y przegubowe i przeguby kardana, po\u015brednie, wa\u0142y przegubowe kardana - centrowane, wa\u0142y przegubowe podw\u00f3jne kardana wykonane do osi kierowanych.\" \/>\n<meta name=\"robots\" content=\"index, follow, max-snippet:-1, max-image-preview:large, max-video-preview:-1\" \/>\n<link rel=\"canonical\" href=\"https:\/\/radius-radpol.pl\/en\/product\/waly-i-przeguby-przemyslowe\/\" \/>\n<script type=\"application\/ld+json\" class=\"yoast-schema-graph\">{\"@context\":\"https:\/\/schema.org\",\"@graph\":[{\"@type\":\"WebPage\",\"@id\":\"https:\/\/radius-radpol.pl\/produkt\/waly-i-przeguby-przemyslowe\/\",\"url\":\"https:\/\/radius-radpol.pl\/produkt\/waly-i-przeguby-przemyslowe\/\",\"name\":\"Wa\u0142y i przeguby przemys\u0142owe - Radius Radpol - technika nap\u0119d\u00f3w mechanicznych\",\"isPartOf\":{\"@id\":\"https:\/\/radius-radpol.pl\/#website\"},\"primaryImageOfPage\":{\"@id\":\"https:\/\/radius-radpol.pl\/produkt\/waly-i-przeguby-przemyslowe\/#primaryimage\"},\"image\":{\"@id\":\"https:\/\/radius-radpol.pl\/produkt\/waly-i-przeguby-przemyslowe\/#primaryimage\"},\"thumbnailUrl\":\"https:\/\/radius-radpol.pl\/wp-content\/uploads\/2020\/05\/18.png\",\"datePublished\":\"2020-05-04T09:26:22+00:00\",\"dateModified\":\"2024-08-09T07:26:29+00:00\",\"description\":\"Wa\u0142y przegubowe i przeguby kardana, po\u015brednie, wa\u0142y przegubowe kardana - centrowane, wa\u0142y przegubowe podw\u00f3jne kardana wykonane do osi kierowanych.\",\"breadcrumb\":{\"@id\":\"https:\/\/radius-radpol.pl\/produkt\/waly-i-przeguby-przemyslowe\/#breadcrumb\"},\"inLanguage\":\"en-US\",\"potentialAction\":[{\"@type\":\"ReadAction\",\"target\":[\"https:\/\/radius-radpol.pl\/produkt\/waly-i-przeguby-przemyslowe\/\"]}]},{\"@type\":\"ImageObject\",\"inLanguage\":\"en-US\",\"@id\":\"https:\/\/radius-radpol.pl\/produkt\/waly-i-przeguby-przemyslowe\/#primaryimage\",\"url\":\"https:\/\/radius-radpol.pl\/wp-content\/uploads\/2020\/05\/18.png\",\"contentUrl\":\"https:\/\/radius-radpol.pl\/wp-content\/uploads\/2020\/05\/18.png\",\"width\":500,\"height\":500,\"caption\":\"Wa\u0142y i przeguby przemys\u0142owe\"},{\"@type\":\"BreadcrumbList\",\"@id\":\"https:\/\/radius-radpol.pl\/produkt\/waly-i-przeguby-przemyslowe\/#breadcrumb\",\"itemListElement\":[{\"@type\":\"ListItem\",\"position\":1,\"name\":\"Strona g\u0142\u00f3wna\",\"item\":\"https:\/\/radius-radpol.pl\/\"},{\"@type\":\"ListItem\",\"position\":2,\"name\":\"Produkty\",\"item\":\"https:\/\/radius-radpol.pl\/produkty\/\"},{\"@type\":\"ListItem\",\"position\":3,\"name\":\"Wa\u0142y i przeguby przemys\u0142owe\"}]},{\"@type\":\"WebSite\",\"@id\":\"https:\/\/radius-radpol.pl\/#website\",\"url\":\"https:\/\/radius-radpol.pl\/\",\"name\":\"Radius Radpol\",\"description\":\"Technika nap\u0119d\u00f3w mechanicznych\",\"publisher\":{\"@id\":\"https:\/\/radius-radpol.pl\/#organization\"},\"potentialAction\":[{\"@type\":\"SearchAction\",\"target\":{\"@type\":\"EntryPoint\",\"urlTemplate\":\"https:\/\/radius-radpol.pl\/?s={search_term_string}\"},\"query-input\":{\"@type\":\"PropertyValueSpecification\",\"valueRequired\":true,\"valueName\":\"search_term_string\"}}],\"inLanguage\":\"en-US\"},{\"@type\":\"Organization\",\"@id\":\"https:\/\/radius-radpol.pl\/#organization\",\"name\":\"Radius Radpol\",\"url\":\"https:\/\/radius-radpol.pl\/\",\"logo\":{\"@type\":\"ImageObject\",\"inLanguage\":\"en-US\",\"@id\":\"https:\/\/radius-radpol.pl\/#\/schema\/logo\/image\/\",\"url\":\"https:\/\/radius-radpol.pl\/wp-content\/uploads\/2021\/10\/Radius-LOGO4.png\",\"contentUrl\":\"https:\/\/radius-radpol.pl\/wp-content\/uploads\/2021\/10\/Radius-LOGO4.png\",\"width\":1500,\"height\":900,\"caption\":\"Radius Radpol\"},\"image\":{\"@id\":\"https:\/\/radius-radpol.pl\/#\/schema\/logo\/image\/\"}}]}<\/script>\n<!-- \/ Yoast SEO plugin. -->","yoast_head_json":{"title":"Wa\u0142y i przeguby przemys\u0142owe - Radius Radpol - technika nap\u0119d\u00f3w mechanicznych","description":"Wa\u0142y przegubowe i przeguby kardana, po\u015brednie, wa\u0142y przegubowe kardana - centrowane, wa\u0142y przegubowe podw\u00f3jne kardana wykonane do osi kierowanych.","robots":{"index":"index","follow":"follow","max-snippet":"max-snippet:-1","max-image-preview":"max-image-preview:large","max-video-preview":"max-video-preview:-1"},"canonical":"https:\/\/radius-radpol.pl\/en\/product\/waly-i-przeguby-przemyslowe\/","schema":{"@context":"https:\/\/schema.org","@graph":[{"@type":"WebPage","@id":"https:\/\/radius-radpol.pl\/produkt\/waly-i-przeguby-przemyslowe\/","url":"https:\/\/radius-radpol.pl\/produkt\/waly-i-przeguby-przemyslowe\/","name":"Wa\u0142y i przeguby przemys\u0142owe - Radius Radpol - technika nap\u0119d\u00f3w mechanicznych","isPartOf":{"@id":"https:\/\/radius-radpol.pl\/#website"},"primaryImageOfPage":{"@id":"https:\/\/radius-radpol.pl\/produkt\/waly-i-przeguby-przemyslowe\/#primaryimage"},"image":{"@id":"https:\/\/radius-radpol.pl\/produkt\/waly-i-przeguby-przemyslowe\/#primaryimage"},"thumbnailUrl":"https:\/\/radius-radpol.pl\/wp-content\/uploads\/2020\/05\/18.png","datePublished":"2020-05-04T09:26:22+00:00","dateModified":"2024-08-09T07:26:29+00:00","description":"Wa\u0142y przegubowe i przeguby kardana, po\u015brednie, wa\u0142y przegubowe kardana - centrowane, wa\u0142y przegubowe podw\u00f3jne kardana wykonane do osi kierowanych.","breadcrumb":{"@id":"https:\/\/radius-radpol.pl\/produkt\/waly-i-przeguby-przemyslowe\/#breadcrumb"},"inLanguage":"en-US","potentialAction":[{"@type":"ReadAction","target":["https:\/\/radius-radpol.pl\/produkt\/waly-i-przeguby-przemyslowe\/"]}]},{"@type":"ImageObject","inLanguage":"en-US","@id":"https:\/\/radius-radpol.pl\/produkt\/waly-i-przeguby-przemyslowe\/#primaryimage","url":"https:\/\/radius-radpol.pl\/wp-content\/uploads\/2020\/05\/18.png","contentUrl":"https:\/\/radius-radpol.pl\/wp-content\/uploads\/2020\/05\/18.png","width":500,"height":500,"caption":"Wa\u0142y i przeguby przemys\u0142owe"},{"@type":"BreadcrumbList","@id":"https:\/\/radius-radpol.pl\/produkt\/waly-i-przeguby-przemyslowe\/#breadcrumb","itemListElement":[{"@type":"ListItem","position":1,"name":"Strona g\u0142\u00f3wna","item":"https:\/\/radius-radpol.pl\/"},{"@type":"ListItem","position":2,"name":"Produkty","item":"https:\/\/radius-radpol.pl\/produkty\/"},{"@type":"ListItem","position":3,"name":"Wa\u0142y i przeguby przemys\u0142owe"}]},{"@type":"WebSite","@id":"https:\/\/radius-radpol.pl\/#website","url":"https:\/\/radius-radpol.pl\/","name":"Radius Radpol","description":"Technika nap\u0119d\u00f3w mechanicznych","publisher":{"@id":"https:\/\/radius-radpol.pl\/#organization"},"potentialAction":[{"@type":"SearchAction","target":{"@type":"EntryPoint","urlTemplate":"https:\/\/radius-radpol.pl\/?s={search_term_string}"},"query-input":{"@type":"PropertyValueSpecification","valueRequired":true,"valueName":"search_term_string"}}],"inLanguage":"en-US"},{"@type":"Organization","@id":"https:\/\/radius-radpol.pl\/#organization","name":"Radius Radpol","url":"https:\/\/radius-radpol.pl\/","logo":{"@type":"ImageObject","inLanguage":"en-US","@id":"https:\/\/radius-radpol.pl\/#\/schema\/logo\/image\/","url":"https:\/\/radius-radpol.pl\/wp-content\/uploads\/2021\/10\/Radius-LOGO4.png","contentUrl":"https:\/\/radius-radpol.pl\/wp-content\/uploads\/2021\/10\/Radius-LOGO4.png","width":1500,"height":900,"caption":"Radius Radpol"},"image":{"@id":"https:\/\/radius-radpol.pl\/#\/schema\/logo\/image\/"}}]}},"_links":{"self":[{"href":"https:\/\/radius-radpol.pl\/en\/wp-json\/wp\/v2\/product\/553","targetHints":{"allow":["GET"]}}],"collection":[{"href":"https:\/\/radius-radpol.pl\/en\/wp-json\/wp\/v2\/product"}],"about":[{"href":"https:\/\/radius-radpol.pl\/en\/wp-json\/wp\/v2\/types\/product"}],"wp:featuredmedia":[{"embeddable":true,"href":"https:\/\/radius-radpol.pl\/en\/wp-json\/wp\/v2\/media\/668"}],"wp:attachment":[{"href":"https:\/\/radius-radpol.pl\/en\/wp-json\/wp\/v2\/media?parent=553"}],"wp:term":[{"taxonomy":"product_cat","embeddable":true,"href":"https:\/\/radius-radpol.pl\/en\/wp-json\/wp\/v2\/product_cat?post=553"},{"taxonomy":"product_tag","embeddable":true,"href":"https:\/\/radius-radpol.pl\/en\/wp-json\/wp\/v2\/product_tag?post=553"}],"curies":[{"name":"wp","href":"https:\/\/api.w.org\/{rel}","templated":true}]}}