{"id":546,"date":"2020-05-04T09:12:44","date_gmt":"2020-05-04T09:12:44","guid":{"rendered":"https:\/\/radius-radpol.pl\/?post_type=product&#038;p=546"},"modified":"2024-08-09T07:23:05","modified_gmt":"2024-08-09T07:23:05","slug":"sprzegla-elastyczne-hrc","status":"publish","type":"product","link":"https:\/\/radius-radpol.pl\/en\/product\/sprzegla-elastyczne-hrc\/","title":{"rendered":"HRC flexible couplings"},"content":{"rendered":"<h3>Elastyczne sprz\u0119g\u0142a HRC<\/h3>\n<p>Sprz\u0119g\u0142a DESCH HRC s\u0105 to sprz\u0119g\u0142a k\u0142owe z wk\u0142adk\u0105 elastyczn\u0105 wewn\u0105trz s\u0142u\u017c\u0105ce do po\u0142\u0105czenia dw\u00f3ch wa\u0142\u00f3w.. Dzi\u0119ki elastyczno\u015bci wk\u0142adki sprz\u0119g\u0142o t\u0142umi uderzenia, drgania obrotowe oraz odg\u0142osy pracy. Sprz\u0119g\u0142o montuje si\u0119 przez na\u0142o\u017cenie na czopy wa\u0142\u00f3w i nie stawia ono wysokich wymaga\u0144 dotycz\u0105cych dok\u0142adno\u015bci ustawienia.<\/p>\n<p>Jako\u015b\u0107 wywa\u017cenia odpowiada normie DIN ISO 1940 w klasie jako\u015bci G16.<\/p>\n<p>Sprz\u0119g\u0142a HRC firmy DESCH znajduj\u0105 szerokie zastosowanie w budowie maszyn, wsz\u0119dzie tam, gdzie wymagane jest niezawodne po\u0142\u0105czenie pomi\u0119dzy silnikiem a maszyn\u0105 robocz\u0105.<\/p>\n<p><strong>Rodzaje wykona\u0144:<\/strong><\/p>\n<ul>\n<li>standardowe &#8211; <strong>typ piasty B<\/strong><\/li>\n<li>z tulej\u0105 Taper montowan\u0105 od wewn\u0105trz &#8211; <strong>typ piasty F<\/strong><\/li>\n<li>z tulej\u0105 Taper montowan\u0105 od zewn\u0105trz &#8211; <strong>typ piasty H<\/strong><\/li>\n<\/ul>\n<p>Elementy mog\u0105 by\u0107 dowolnie \u0142\u0105czone pomi\u0119dzy sob\u0105.<\/p>","protected":false},"excerpt":{"rendered":"<p>Elastyczne sprz\u0119g\u0142a HRC Sprz\u0119g\u0142a DESCH HRC s\u0105 to sprz\u0119g\u0142a k\u0142owe z wk\u0142adk\u0105 elastyczn\u0105 wewn\u0105trz s\u0142u\u017c\u0105ce do po\u0142\u0105czenia dw\u00f3ch wa\u0142\u00f3w.. Dzi\u0119ki elastyczno\u015bci wk\u0142adki sprz\u0119g\u0142o t\u0142umi uderzenia, drgania obrotowe oraz odg\u0142osy pracy. Sprz\u0119g\u0142o montuje si\u0119 przez na\u0142o\u017cenie na czopy wa\u0142\u00f3w i nie stawia ono wysokich wymaga\u0144 dotycz\u0105cych dok\u0142adno\u015bci ustawienia. Jako\u015b\u0107 wywa\u017cenia odpowiada normie DIN ISO 1940 w [&#8230;]","protected":false},"featured_media":1322,"template":"","meta":[],"product_cat":[72],"product_tag":[],"class_list":{"0":"post-546","1":"product","2":"type-product","3":"status-publish","4":"has-post-thumbnail","6":"product_cat-sprzegla-elastyczne","8":"first","9":"instock","10":"shipping-taxable","11":"product-type-simple"},"yoast_head":"<!-- This site is optimized with the Yoast SEO plugin v24.0 - https:\/\/yoast.com\/wordpress\/plugins\/seo\/ -->\n<title>Sprz\u0119g\u0142a elastyczne HRC - Radius Radpol - technika nap\u0119d\u00f3w mechanicznych<\/title>\n<meta name=\"description\" content=\"Sprz\u0119g\u0142a k\u0142owe standardowe - typ piasty B, z tulej\u0105 Taper montowan\u0105 od wewn\u0105trz - typ piasty F lub tulej\u0105 Taper montowan\u0105 od zewn\u0105trz - typ piasty H.\" \/>\n<meta name=\"robots\" content=\"index, follow, max-snippet:-1, max-image-preview:large, max-video-preview:-1\" \/>\n<link rel=\"canonical\" href=\"https:\/\/radius-radpol.pl\/en\/product\/sprzegla-elastyczne-hrc\/\" \/>\n<script type=\"application\/ld+json\" class=\"yoast-schema-graph\">{\"@context\":\"https:\/\/schema.org\",\"@graph\":[{\"@type\":\"WebPage\",\"@id\":\"https:\/\/radius-radpol.pl\/produkt\/sprzegla-elastyczne-hrc\/\",\"url\":\"https:\/\/radius-radpol.pl\/produkt\/sprzegla-elastyczne-hrc\/\",\"name\":\"Sprz\u0119g\u0142a elastyczne HRC - Radius Radpol - technika nap\u0119d\u00f3w mechanicznych\",\"isPartOf\":{\"@id\":\"https:\/\/radius-radpol.pl\/#website\"},\"primaryImageOfPage\":{\"@id\":\"https:\/\/radius-radpol.pl\/produkt\/sprzegla-elastyczne-hrc\/#primaryimage\"},\"image\":{\"@id\":\"https:\/\/radius-radpol.pl\/produkt\/sprzegla-elastyczne-hrc\/#primaryimage\"},\"thumbnailUrl\":\"https:\/\/radius-radpol.pl\/wp-content\/uploads\/2020\/05\/HRC.png\",\"datePublished\":\"2020-05-04T09:12:44+00:00\",\"dateModified\":\"2024-08-09T07:23:05+00:00\",\"description\":\"Sprz\u0119g\u0142a k\u0142owe standardowe - typ piasty B, z tulej\u0105 Taper montowan\u0105 od wewn\u0105trz - typ piasty F lub tulej\u0105 Taper montowan\u0105 od zewn\u0105trz - typ piasty H.\",\"breadcrumb\":{\"@id\":\"https:\/\/radius-radpol.pl\/produkt\/sprzegla-elastyczne-hrc\/#breadcrumb\"},\"inLanguage\":\"en-US\",\"potentialAction\":[{\"@type\":\"ReadAction\",\"target\":[\"https:\/\/radius-radpol.pl\/produkt\/sprzegla-elastyczne-hrc\/\"]}]},{\"@type\":\"ImageObject\",\"inLanguage\":\"en-US\",\"@id\":\"https:\/\/radius-radpol.pl\/produkt\/sprzegla-elastyczne-hrc\/#primaryimage\",\"url\":\"https:\/\/radius-radpol.pl\/wp-content\/uploads\/2020\/05\/HRC.png\",\"contentUrl\":\"https:\/\/radius-radpol.pl\/wp-content\/uploads\/2020\/05\/HRC.png\",\"width\":500,\"height\":500,\"caption\":\"Sprz\u0119g\u0142a elastyczne HRC\"},{\"@type\":\"BreadcrumbList\",\"@id\":\"https:\/\/radius-radpol.pl\/produkt\/sprzegla-elastyczne-hrc\/#breadcrumb\",\"itemListElement\":[{\"@type\":\"ListItem\",\"position\":1,\"name\":\"Strona g\u0142\u00f3wna\",\"item\":\"https:\/\/radius-radpol.pl\/\"},{\"@type\":\"ListItem\",\"position\":2,\"name\":\"Produkty\",\"item\":\"https:\/\/radius-radpol.pl\/produkty\/\"},{\"@type\":\"ListItem\",\"position\":3,\"name\":\"Sprz\u0119g\u0142a elastyczne HRC\"}]},{\"@type\":\"WebSite\",\"@id\":\"https:\/\/radius-radpol.pl\/#website\",\"url\":\"https:\/\/radius-radpol.pl\/\",\"name\":\"Radius Radpol\",\"description\":\"Technika nap\u0119d\u00f3w mechanicznych\",\"publisher\":{\"@id\":\"https:\/\/radius-radpol.pl\/#organization\"},\"potentialAction\":[{\"@type\":\"SearchAction\",\"target\":{\"@type\":\"EntryPoint\",\"urlTemplate\":\"https:\/\/radius-radpol.pl\/?s={search_term_string}\"},\"query-input\":{\"@type\":\"PropertyValueSpecification\",\"valueRequired\":true,\"valueName\":\"search_term_string\"}}],\"inLanguage\":\"en-US\"},{\"@type\":\"Organization\",\"@id\":\"https:\/\/radius-radpol.pl\/#organization\",\"name\":\"Radius Radpol\",\"url\":\"https:\/\/radius-radpol.pl\/\",\"logo\":{\"@type\":\"ImageObject\",\"inLanguage\":\"en-US\",\"@id\":\"https:\/\/radius-radpol.pl\/#\/schema\/logo\/image\/\",\"url\":\"https:\/\/radius-radpol.pl\/wp-content\/uploads\/2021\/10\/Radius-LOGO4.png\",\"contentUrl\":\"https:\/\/radius-radpol.pl\/wp-content\/uploads\/2021\/10\/Radius-LOGO4.png\",\"width\":1500,\"height\":900,\"caption\":\"Radius Radpol\"},\"image\":{\"@id\":\"https:\/\/radius-radpol.pl\/#\/schema\/logo\/image\/\"}}]}<\/script>\n<!-- \/ Yoast SEO plugin. -->","yoast_head_json":{"title":"Sprz\u0119g\u0142a elastyczne HRC - Radius Radpol - technika nap\u0119d\u00f3w mechanicznych","description":"Sprz\u0119g\u0142a k\u0142owe standardowe - typ piasty B, z tulej\u0105 Taper montowan\u0105 od wewn\u0105trz - typ piasty F lub tulej\u0105 Taper montowan\u0105 od zewn\u0105trz - typ piasty H.","robots":{"index":"index","follow":"follow","max-snippet":"max-snippet:-1","max-image-preview":"max-image-preview:large","max-video-preview":"max-video-preview:-1"},"canonical":"https:\/\/radius-radpol.pl\/en\/product\/sprzegla-elastyczne-hrc\/","schema":{"@context":"https:\/\/schema.org","@graph":[{"@type":"WebPage","@id":"https:\/\/radius-radpol.pl\/produkt\/sprzegla-elastyczne-hrc\/","url":"https:\/\/radius-radpol.pl\/produkt\/sprzegla-elastyczne-hrc\/","name":"Sprz\u0119g\u0142a elastyczne HRC - Radius Radpol - technika nap\u0119d\u00f3w mechanicznych","isPartOf":{"@id":"https:\/\/radius-radpol.pl\/#website"},"primaryImageOfPage":{"@id":"https:\/\/radius-radpol.pl\/produkt\/sprzegla-elastyczne-hrc\/#primaryimage"},"image":{"@id":"https:\/\/radius-radpol.pl\/produkt\/sprzegla-elastyczne-hrc\/#primaryimage"},"thumbnailUrl":"https:\/\/radius-radpol.pl\/wp-content\/uploads\/2020\/05\/HRC.png","datePublished":"2020-05-04T09:12:44+00:00","dateModified":"2024-08-09T07:23:05+00:00","description":"Sprz\u0119g\u0142a k\u0142owe standardowe - typ piasty B, z tulej\u0105 Taper montowan\u0105 od wewn\u0105trz - typ piasty F lub tulej\u0105 Taper montowan\u0105 od zewn\u0105trz - typ piasty H.","breadcrumb":{"@id":"https:\/\/radius-radpol.pl\/produkt\/sprzegla-elastyczne-hrc\/#breadcrumb"},"inLanguage":"en-US","potentialAction":[{"@type":"ReadAction","target":["https:\/\/radius-radpol.pl\/produkt\/sprzegla-elastyczne-hrc\/"]}]},{"@type":"ImageObject","inLanguage":"en-US","@id":"https:\/\/radius-radpol.pl\/produkt\/sprzegla-elastyczne-hrc\/#primaryimage","url":"https:\/\/radius-radpol.pl\/wp-content\/uploads\/2020\/05\/HRC.png","contentUrl":"https:\/\/radius-radpol.pl\/wp-content\/uploads\/2020\/05\/HRC.png","width":500,"height":500,"caption":"Sprz\u0119g\u0142a elastyczne HRC"},{"@type":"BreadcrumbList","@id":"https:\/\/radius-radpol.pl\/produkt\/sprzegla-elastyczne-hrc\/#breadcrumb","itemListElement":[{"@type":"ListItem","position":1,"name":"Strona g\u0142\u00f3wna","item":"https:\/\/radius-radpol.pl\/"},{"@type":"ListItem","position":2,"name":"Produkty","item":"https:\/\/radius-radpol.pl\/produkty\/"},{"@type":"ListItem","position":3,"name":"Sprz\u0119g\u0142a elastyczne HRC"}]},{"@type":"WebSite","@id":"https:\/\/radius-radpol.pl\/#website","url":"https:\/\/radius-radpol.pl\/","name":"Radius Radpol","description":"Technika nap\u0119d\u00f3w mechanicznych","publisher":{"@id":"https:\/\/radius-radpol.pl\/#organization"},"potentialAction":[{"@type":"SearchAction","target":{"@type":"EntryPoint","urlTemplate":"https:\/\/radius-radpol.pl\/?s={search_term_string}"},"query-input":{"@type":"PropertyValueSpecification","valueRequired":true,"valueName":"search_term_string"}}],"inLanguage":"en-US"},{"@type":"Organization","@id":"https:\/\/radius-radpol.pl\/#organization","name":"Radius Radpol","url":"https:\/\/radius-radpol.pl\/","logo":{"@type":"ImageObject","inLanguage":"en-US","@id":"https:\/\/radius-radpol.pl\/#\/schema\/logo\/image\/","url":"https:\/\/radius-radpol.pl\/wp-content\/uploads\/2021\/10\/Radius-LOGO4.png","contentUrl":"https:\/\/radius-radpol.pl\/wp-content\/uploads\/2021\/10\/Radius-LOGO4.png","width":1500,"height":900,"caption":"Radius Radpol"},"image":{"@id":"https:\/\/radius-radpol.pl\/#\/schema\/logo\/image\/"}}]}},"_links":{"self":[{"href":"https:\/\/radius-radpol.pl\/en\/wp-json\/wp\/v2\/product\/546","targetHints":{"allow":["GET"]}}],"collection":[{"href":"https:\/\/radius-radpol.pl\/en\/wp-json\/wp\/v2\/product"}],"about":[{"href":"https:\/\/radius-radpol.pl\/en\/wp-json\/wp\/v2\/types\/product"}],"wp:featuredmedia":[{"embeddable":true,"href":"https:\/\/radius-radpol.pl\/en\/wp-json\/wp\/v2\/media\/1322"}],"wp:attachment":[{"href":"https:\/\/radius-radpol.pl\/en\/wp-json\/wp\/v2\/media?parent=546"}],"wp:term":[{"taxonomy":"product_cat","embeddable":true,"href":"https:\/\/radius-radpol.pl\/en\/wp-json\/wp\/v2\/product_cat?post=546"},{"taxonomy":"product_tag","embeddable":true,"href":"https:\/\/radius-radpol.pl\/en\/wp-json\/wp\/v2\/product_tag?post=546"}],"curies":[{"name":"wp","href":"https:\/\/api.w.org\/{rel}","templated":true}]}}