{"id":545,"date":"2020-05-04T09:11:54","date_gmt":"2020-05-04T09:11:54","guid":{"rendered":"https:\/\/radius-radpol.pl\/?post_type=product&#038;p=545"},"modified":"2024-08-09T07:21:17","modified_gmt":"2024-08-09T07:21:17","slug":"sprzegla-oponowe-flex","status":"publish","type":"product","link":"https:\/\/radius-radpol.pl\/en\/product\/sprzegla-oponowe-flex\/","title":{"rendered":"Tyre coupling FLEX"},"content":{"rendered":"<h2>Sprz\u0119g\u0142o oponowe FLEX<\/h2>\n<p>Sprz\u0119g\u0142o Flex jest wysokoplastycznym sprz\u0119g\u0142em oponowym, umo\u017cliwiaj\u0105cym dzi\u0119ki specjalnemu wykonaniu opony przejmowanie du\u017cych przemieszcze\u0144 \u0142\u0105czonych wa\u0142\u00f3w przy nieznacznych si\u0142ach cofaj\u0105cych.<\/p>\n<p>Standardowo opona mo\u017ce by\u0107 zak\u0142adana i demontowana na wale promieniowo, poniewa\u017c posiada przeci\u0119cie, co nie wymaga rozsuwania po\u0142\u0105czonych maszyn.<\/p>\n<p>Przekazywanie nap\u0119du obrotowego odbywa si\u0119 bez luz\u00f3w. Opona dzi\u0119ki swojej elastyczno\u015bci doskonale t\u0142umi uderzenia, drgania oraz odg\u0142osy pracy.<\/p>\n<p>Dost\u0119pna jest jako opona z warstw\u0105 materia\u0142u (kordu) w wykonaniu z kauczuku naturalnego lub neoprenu w niepalnym, antystatycznym i olejo-odpornym wykonaniu. Opony te nadaj\u0105 si\u0119 r\u00f3wnie\u017c do zastosowania w strefach zagro\u017conych wybuchem, zgodnie z wytycznymi UE nr 94\/9\/EG (ATEX). Opona z naturalnego kauczuku pracowa\u0107 mo\u017ce w zakresie temperatur -50\u00b0C do +50\u00b0C, natomiast opona w wykonaniu z neoprenu w zakresie temperatur -15\u00b0C do +70\u00b0C.<\/p>\n<p>Je\u015bli sprz\u0119g\u0142o zastosowane ma zosta\u0107 w d\u017awigach, d\u017awignicach czy wyci\u0105gach jako sprz\u0119g\u0142o zabezpieczone przed przebiciem elektr., dla wielko\u015bci 70 do 250 dostarczone mog\u0105 by\u0107 k\u0142y zabezpieczaj\u0105ce.<\/p>","protected":false},"excerpt":{"rendered":"<p>Sprz\u0119g\u0142o oponowe FLEX Sprz\u0119g\u0142o Flex jest wysokoplastycznym sprz\u0119g\u0142em oponowym, umo\u017cliwiaj\u0105cym dzi\u0119ki specjalnemu wykonaniu opony przejmowanie du\u017cych przemieszcze\u0144 \u0142\u0105czonych wa\u0142\u00f3w przy nieznacznych si\u0142ach cofaj\u0105cych. Standardowo opona mo\u017ce by\u0107 zak\u0142adana i demontowana na wale promieniowo, poniewa\u017c posiada przeci\u0119cie, co nie wymaga rozsuwania po\u0142\u0105czonych maszyn. Przekazywanie nap\u0119du obrotowego odbywa si\u0119 bez luz\u00f3w. Opona dzi\u0119ki swojej elastyczno\u015bci doskonale t\u0142umi [&#8230;]","protected":false},"featured_media":1327,"template":"","meta":[],"product_cat":[72],"product_tag":[],"class_list":{"0":"post-545","1":"product","2":"type-product","3":"status-publish","4":"has-post-thumbnail","6":"product_cat-sprzegla-elastyczne","8":"first","9":"instock","10":"shipping-taxable","11":"product-type-simple"},"yoast_head":"<!-- This site is optimized with the Yoast SEO plugin v24.0 - https:\/\/yoast.com\/wordpress\/plugins\/seo\/ -->\n<title>Sprz\u0119g\u0142a oponowe FLEX - sprz\u0119g\u0142a elastyczne - Radius Radpol<\/title>\n<meta name=\"description\" content=\"Sprz\u0119g\u0142o z opon\u0105 wykonan\u0105 z kauczkuku naturalnego lub neoprenu. Dla wielko\u015bci od 70 do 250 sprz\u0119g\u0142o mo\u017ce zosta\u0107 wyposa\u017cone w k\u0142y zabezpieczaj\u0105ce.\" \/>\n<meta name=\"robots\" content=\"index, follow, max-snippet:-1, max-image-preview:large, max-video-preview:-1\" \/>\n<link rel=\"canonical\" href=\"https:\/\/radius-radpol.pl\/en\/product\/sprzegla-oponowe-flex\/\" \/>\n<script type=\"application\/ld+json\" class=\"yoast-schema-graph\">{\"@context\":\"https:\/\/schema.org\",\"@graph\":[{\"@type\":\"WebPage\",\"@id\":\"https:\/\/radius-radpol.pl\/produkt\/sprzegla-oponowe-flex\/\",\"url\":\"https:\/\/radius-radpol.pl\/produkt\/sprzegla-oponowe-flex\/\",\"name\":\"Sprz\u0119g\u0142a oponowe FLEX - sprz\u0119g\u0142a elastyczne - Radius Radpol\",\"isPartOf\":{\"@id\":\"https:\/\/radius-radpol.pl\/#website\"},\"primaryImageOfPage\":{\"@id\":\"https:\/\/radius-radpol.pl\/produkt\/sprzegla-oponowe-flex\/#primaryimage\"},\"image\":{\"@id\":\"https:\/\/radius-radpol.pl\/produkt\/sprzegla-oponowe-flex\/#primaryimage\"},\"thumbnailUrl\":\"https:\/\/radius-radpol.pl\/wp-content\/uploads\/2020\/05\/deschflex.png\",\"datePublished\":\"2020-05-04T09:11:54+00:00\",\"dateModified\":\"2024-08-09T07:21:17+00:00\",\"description\":\"Sprz\u0119g\u0142o z opon\u0105 wykonan\u0105 z kauczkuku naturalnego lub neoprenu. Dla wielko\u015bci od 70 do 250 sprz\u0119g\u0142o mo\u017ce zosta\u0107 wyposa\u017cone w k\u0142y zabezpieczaj\u0105ce.\",\"breadcrumb\":{\"@id\":\"https:\/\/radius-radpol.pl\/produkt\/sprzegla-oponowe-flex\/#breadcrumb\"},\"inLanguage\":\"en-US\",\"potentialAction\":[{\"@type\":\"ReadAction\",\"target\":[\"https:\/\/radius-radpol.pl\/produkt\/sprzegla-oponowe-flex\/\"]}]},{\"@type\":\"ImageObject\",\"inLanguage\":\"en-US\",\"@id\":\"https:\/\/radius-radpol.pl\/produkt\/sprzegla-oponowe-flex\/#primaryimage\",\"url\":\"https:\/\/radius-radpol.pl\/wp-content\/uploads\/2020\/05\/deschflex.png\",\"contentUrl\":\"https:\/\/radius-radpol.pl\/wp-content\/uploads\/2020\/05\/deschflex.png\",\"width\":500,\"height\":500,\"caption\":\"Sprz\u0119g\u0142o oponowe FLEX\"},{\"@type\":\"BreadcrumbList\",\"@id\":\"https:\/\/radius-radpol.pl\/produkt\/sprzegla-oponowe-flex\/#breadcrumb\",\"itemListElement\":[{\"@type\":\"ListItem\",\"position\":1,\"name\":\"Strona g\u0142\u00f3wna\",\"item\":\"https:\/\/radius-radpol.pl\/\"},{\"@type\":\"ListItem\",\"position\":2,\"name\":\"Produkty\",\"item\":\"https:\/\/radius-radpol.pl\/produkty\/\"},{\"@type\":\"ListItem\",\"position\":3,\"name\":\"Sprz\u0119g\u0142a oponowe FLEX\"}]},{\"@type\":\"WebSite\",\"@id\":\"https:\/\/radius-radpol.pl\/#website\",\"url\":\"https:\/\/radius-radpol.pl\/\",\"name\":\"Radius Radpol\",\"description\":\"Technika nap\u0119d\u00f3w mechanicznych\",\"publisher\":{\"@id\":\"https:\/\/radius-radpol.pl\/#organization\"},\"potentialAction\":[{\"@type\":\"SearchAction\",\"target\":{\"@type\":\"EntryPoint\",\"urlTemplate\":\"https:\/\/radius-radpol.pl\/?s={search_term_string}\"},\"query-input\":{\"@type\":\"PropertyValueSpecification\",\"valueRequired\":true,\"valueName\":\"search_term_string\"}}],\"inLanguage\":\"en-US\"},{\"@type\":\"Organization\",\"@id\":\"https:\/\/radius-radpol.pl\/#organization\",\"name\":\"Radius Radpol\",\"url\":\"https:\/\/radius-radpol.pl\/\",\"logo\":{\"@type\":\"ImageObject\",\"inLanguage\":\"en-US\",\"@id\":\"https:\/\/radius-radpol.pl\/#\/schema\/logo\/image\/\",\"url\":\"https:\/\/radius-radpol.pl\/wp-content\/uploads\/2021\/10\/Radius-LOGO4.png\",\"contentUrl\":\"https:\/\/radius-radpol.pl\/wp-content\/uploads\/2021\/10\/Radius-LOGO4.png\",\"width\":1500,\"height\":900,\"caption\":\"Radius Radpol\"},\"image\":{\"@id\":\"https:\/\/radius-radpol.pl\/#\/schema\/logo\/image\/\"}}]}<\/script>\n<!-- \/ Yoast SEO plugin. -->","yoast_head_json":{"title":"Sprz\u0119g\u0142a oponowe FLEX - sprz\u0119g\u0142a elastyczne - Radius Radpol","description":"Sprz\u0119g\u0142o z opon\u0105 wykonan\u0105 z kauczkuku naturalnego lub neoprenu. Dla wielko\u015bci od 70 do 250 sprz\u0119g\u0142o mo\u017ce zosta\u0107 wyposa\u017cone w k\u0142y zabezpieczaj\u0105ce.","robots":{"index":"index","follow":"follow","max-snippet":"max-snippet:-1","max-image-preview":"max-image-preview:large","max-video-preview":"max-video-preview:-1"},"canonical":"https:\/\/radius-radpol.pl\/en\/product\/sprzegla-oponowe-flex\/","schema":{"@context":"https:\/\/schema.org","@graph":[{"@type":"WebPage","@id":"https:\/\/radius-radpol.pl\/produkt\/sprzegla-oponowe-flex\/","url":"https:\/\/radius-radpol.pl\/produkt\/sprzegla-oponowe-flex\/","name":"Sprz\u0119g\u0142a oponowe FLEX - sprz\u0119g\u0142a elastyczne - Radius Radpol","isPartOf":{"@id":"https:\/\/radius-radpol.pl\/#website"},"primaryImageOfPage":{"@id":"https:\/\/radius-radpol.pl\/produkt\/sprzegla-oponowe-flex\/#primaryimage"},"image":{"@id":"https:\/\/radius-radpol.pl\/produkt\/sprzegla-oponowe-flex\/#primaryimage"},"thumbnailUrl":"https:\/\/radius-radpol.pl\/wp-content\/uploads\/2020\/05\/deschflex.png","datePublished":"2020-05-04T09:11:54+00:00","dateModified":"2024-08-09T07:21:17+00:00","description":"Sprz\u0119g\u0142o z opon\u0105 wykonan\u0105 z kauczkuku naturalnego lub neoprenu. Dla wielko\u015bci od 70 do 250 sprz\u0119g\u0142o mo\u017ce zosta\u0107 wyposa\u017cone w k\u0142y zabezpieczaj\u0105ce.","breadcrumb":{"@id":"https:\/\/radius-radpol.pl\/produkt\/sprzegla-oponowe-flex\/#breadcrumb"},"inLanguage":"en-US","potentialAction":[{"@type":"ReadAction","target":["https:\/\/radius-radpol.pl\/produkt\/sprzegla-oponowe-flex\/"]}]},{"@type":"ImageObject","inLanguage":"en-US","@id":"https:\/\/radius-radpol.pl\/produkt\/sprzegla-oponowe-flex\/#primaryimage","url":"https:\/\/radius-radpol.pl\/wp-content\/uploads\/2020\/05\/deschflex.png","contentUrl":"https:\/\/radius-radpol.pl\/wp-content\/uploads\/2020\/05\/deschflex.png","width":500,"height":500,"caption":"Sprz\u0119g\u0142o oponowe FLEX"},{"@type":"BreadcrumbList","@id":"https:\/\/radius-radpol.pl\/produkt\/sprzegla-oponowe-flex\/#breadcrumb","itemListElement":[{"@type":"ListItem","position":1,"name":"Strona g\u0142\u00f3wna","item":"https:\/\/radius-radpol.pl\/"},{"@type":"ListItem","position":2,"name":"Produkty","item":"https:\/\/radius-radpol.pl\/produkty\/"},{"@type":"ListItem","position":3,"name":"Sprz\u0119g\u0142a oponowe FLEX"}]},{"@type":"WebSite","@id":"https:\/\/radius-radpol.pl\/#website","url":"https:\/\/radius-radpol.pl\/","name":"Radius Radpol","description":"Technika nap\u0119d\u00f3w mechanicznych","publisher":{"@id":"https:\/\/radius-radpol.pl\/#organization"},"potentialAction":[{"@type":"SearchAction","target":{"@type":"EntryPoint","urlTemplate":"https:\/\/radius-radpol.pl\/?s={search_term_string}"},"query-input":{"@type":"PropertyValueSpecification","valueRequired":true,"valueName":"search_term_string"}}],"inLanguage":"en-US"},{"@type":"Organization","@id":"https:\/\/radius-radpol.pl\/#organization","name":"Radius Radpol","url":"https:\/\/radius-radpol.pl\/","logo":{"@type":"ImageObject","inLanguage":"en-US","@id":"https:\/\/radius-radpol.pl\/#\/schema\/logo\/image\/","url":"https:\/\/radius-radpol.pl\/wp-content\/uploads\/2021\/10\/Radius-LOGO4.png","contentUrl":"https:\/\/radius-radpol.pl\/wp-content\/uploads\/2021\/10\/Radius-LOGO4.png","width":1500,"height":900,"caption":"Radius Radpol"},"image":{"@id":"https:\/\/radius-radpol.pl\/#\/schema\/logo\/image\/"}}]}},"_links":{"self":[{"href":"https:\/\/radius-radpol.pl\/en\/wp-json\/wp\/v2\/product\/545","targetHints":{"allow":["GET"]}}],"collection":[{"href":"https:\/\/radius-radpol.pl\/en\/wp-json\/wp\/v2\/product"}],"about":[{"href":"https:\/\/radius-radpol.pl\/en\/wp-json\/wp\/v2\/types\/product"}],"wp:featuredmedia":[{"embeddable":true,"href":"https:\/\/radius-radpol.pl\/en\/wp-json\/wp\/v2\/media\/1327"}],"wp:attachment":[{"href":"https:\/\/radius-radpol.pl\/en\/wp-json\/wp\/v2\/media?parent=545"}],"wp:term":[{"taxonomy":"product_cat","embeddable":true,"href":"https:\/\/radius-radpol.pl\/en\/wp-json\/wp\/v2\/product_cat?post=545"},{"taxonomy":"product_tag","embeddable":true,"href":"https:\/\/radius-radpol.pl\/en\/wp-json\/wp\/v2\/product_tag?post=545"}],"curies":[{"name":"wp","href":"https:\/\/api.w.org\/{rel}","templated":true}]}}