{"id":480,"date":"2020-05-04T08:02:09","date_gmt":"2020-05-04T08:02:09","guid":{"rendered":"https:\/\/radius-radpol.pl\/?post_type=product&#038;p=480"},"modified":"2024-08-14T13:30:13","modified_gmt":"2024-08-14T13:30:13","slug":"motoreduktory-dc","status":"publish","type":"product","link":"https:\/\/radius-radpol.pl\/en\/product\/motoreduktory-dc\/","title":{"rendered":"DC gearmotors"},"content":{"rendered":"<div class=\"row\"  id=\"row-1968328116\">\n\n\t<div id=\"col-241115719\" class=\"col medium-4 small-12 large-4\"  >\n\t\t\t\t<div class=\"col-inner\"  >\n\t\t\t\n\t\t\t\n\t<div class=\"box has-hover   has-hover box-text-bottom\" >\n\n\t\t<div class=\"box-image\" style=\"width:50%;\">\n\t\t\t\t\t\t<div class=\"image-cover\" style=\"padding-top:150px;\">\n\t\t\t\t<img loading=\"lazy\" decoding=\"async\" width=\"150\" height=\"150\" src=\"https:\/\/radius-radpol.pl\/wp-content\/uploads\/2020\/05\/EC250-IP-150x150-1.png\" class=\"attachment-original size-original\" alt=\"Motoreduktor DC\" srcset=\"https:\/\/radius-radpol.pl\/wp-content\/uploads\/2020\/05\/EC250-IP-150x150-1.png 150w, https:\/\/radius-radpol.pl\/wp-content\/uploads\/2020\/05\/EC250-IP-150x150-1-100x100.png 100w\" sizes=\"auto, (max-width: 150px) 100vw, 150px\" \/>\t\t\t\t\t\t\t\t\t\t\t<\/div>\n\t\t\t\t\t<\/div>\n\n\t\t<div class=\"box-text text-center\" >\n\t\t\t<div class=\"box-text-inner\">\n\t\t\t\t\n\t<div id=\"text-2790394637\" class=\"text\">\n\t\t\n<h4>seria EC<\/h4>\n<ul>\n<li>Power range: 30 - 800 W S2<\/li>\n<li>Version also with brake or output under encoder(24 or 12 VDC),<\/li>\n<li>From EC100 onward, a version with IP66 sealing is available.<\/li>\n<\/ul>\n\t\t\n<style>\n#text-2790394637 {\n  text-align: left;\n}\n<\/style>\n\t<\/div>\n\t\n\t\t\t<\/div>\n\t\t<\/div>\n\t<\/div>\n\t\n\t\t<\/div>\n\t\t\t\t\t<\/div>\n\n\t\n\n\t<div id=\"col-1469486965\" class=\"col medium-4 small-12 large-4\"  >\n\t\t\t\t<div class=\"col-inner\"  >\n\t\t\t\n\t\t\t\n\t<div class=\"box has-hover   has-hover box-text-bottom\" >\n\n\t\t<div class=\"box-image\" style=\"width:50%;\">\n\t\t\t\t\t\t<div class=\"image-cover\" style=\"padding-top:150px;\">\n\t\t\t\t<img loading=\"lazy\" decoding=\"async\" width=\"150\" height=\"150\" src=\"https:\/\/radius-radpol.pl\/wp-content\/uploads\/2020\/05\/TRANSTECNO-SILNIK-ND.png\" class=\"attachment-original size-original\" alt=\"TRANSTECNO silnik ND\" srcset=\"https:\/\/radius-radpol.pl\/wp-content\/uploads\/2020\/05\/TRANSTECNO-SILNIK-ND.png 150w, https:\/\/radius-radpol.pl\/wp-content\/uploads\/2020\/05\/TRANSTECNO-SILNIK-ND-100x100.png 100w\" sizes=\"auto, (max-width: 150px) 100vw, 150px\" \/>\t\t\t\t\t\t\t\t\t\t\t<\/div>\n\t\t\t\t\t<\/div>\n\n\t\t<div class=\"box-text text-center\" >\n\t\t\t<div class=\"box-text-inner\">\n\t\t\t\t\n\t<div id=\"text-1478775862\" class=\"text\">\n\t\t\n<h4>seria ND<\/h4>\n<ul>\n<li>Two powers available (160W and 250W in S2),<\/li>\n<li>Output flanges according to IEC - 56 B14,<\/li>\n<li>Low supply voltage, 12 or 24 VDC,<\/li>\n<li>Degree of protection IP44<\/li>\n<\/ul>\n\t\t\n<style>\n#text-1478775862 {\n  text-align: left;\n}\n<\/style>\n\t<\/div>\n\t\n\t\t\t<\/div>\n\t\t<\/div>\n\t<\/div>\n\t\n\t\t<\/div>\n\t\t\t\t\t<\/div>\n\n\t\n\n\t<div id=\"col-967681666\" class=\"col medium-4 small-12 large-4\"  >\n\t\t\t\t<div class=\"col-inner\"  >\n\t\t\t\n\t\t\t\n\t<div class=\"box has-hover   has-hover box-text-bottom\" >\n\n\t\t<div class=\"box-image\" style=\"width:50%;\">\n\t\t\t\t\t\t<div class=\"image-cover\" style=\"padding-top:150px;\">\n\t\t\t\t<img loading=\"lazy\" decoding=\"async\" width=\"478\" height=\"430\" src=\"https:\/\/radius-radpol.pl\/wp-content\/uploads\/2023\/05\/A4-pdf_Strona_07_Obraz_0007.jpg\" class=\"attachment-original size-original\" alt=\"Silnik BL\" srcset=\"https:\/\/radius-radpol.pl\/wp-content\/uploads\/2023\/05\/A4-pdf_Strona_07_Obraz_0007.jpg 478w, https:\/\/radius-radpol.pl\/wp-content\/uploads\/2023\/05\/A4-pdf_Strona_07_Obraz_0007-445x400.jpg 445w, https:\/\/radius-radpol.pl\/wp-content\/uploads\/2023\/05\/A4-pdf_Strona_07_Obraz_0007-13x12.jpg 13w\" sizes=\"auto, (max-width: 478px) 100vw, 478px\" \/>\t\t\t\t\t\t\t\t\t\t\t<\/div>\n\t\t\t\t\t<\/div>\n\n\t\t<div class=\"box-text text-center\" >\n\t\t\t<div class=\"box-text-inner\">\n\t\t\t\t\n\t<div id=\"text-3954107342\" class=\"text\">\n\t\t\n<h4>seria BL<\/h4>\n<ul>\n<li>24\/36\/48V power supply;<\/li>\n<li>External or integrated drivers(IE version)<\/li>\n<li>Possibility of using an encoder<\/li>\n<\/ul>\n\t\t\n<style>\n#text-3954107342 {\n  text-align: left;\n}\n<\/style>\n\t<\/div>\n\t\n\t\t\t<\/div>\n\t\t<\/div>\n\t<\/div>\n\t\n\t\t<\/div>\n\t\t\t\t\t<\/div>\n\n\t\n<\/div>\n\n  \n    <div class=\"row large-columns-4 medium-columns-3 small-columns-2\" >\n  <div class=\"gallery-col col\" >\n          <div class=\"col-inner\">\n                        <div class=\"box has-hover gallery-box box-normal\">\n              <div class=\"box-image\" >\n                <img loading=\"lazy\" decoding=\"async\" width=\"247\" height=\"247\" src=\"https:\/\/radius-radpol.pl\/wp-content\/uploads\/2023\/05\/A4-pdf_Strona_07_Obraz_0001-247x247.jpg\" class=\"attachment-woocommerce_thumbnail size-woocommerce_thumbnail\" alt=\"Silnik ECM\" ids=\"3247,3248,3249,3250\" style=\"normal\" lightbox=\"false\" image_size=\"woocommerce_thumbnail\" text_align=\"center\" srcset=\"https:\/\/radius-radpol.pl\/wp-content\/uploads\/2023\/05\/A4-pdf_Strona_07_Obraz_0001-247x247.jpg 247w, https:\/\/radius-radpol.pl\/wp-content\/uploads\/2023\/05\/A4-pdf_Strona_07_Obraz_0001-280x280.jpg 280w, https:\/\/radius-radpol.pl\/wp-content\/uploads\/2023\/05\/A4-pdf_Strona_07_Obraz_0001-13x12.jpg 13w, https:\/\/radius-radpol.pl\/wp-content\/uploads\/2023\/05\/A4-pdf_Strona_07_Obraz_0001-100x100.jpg 100w\" sizes=\"auto, (max-width: 247px) 100vw, 247px\" \/>                                                              <\/div>\n              <div class=\"box-text text-center\" >\n                 <p>ECM<\/p>\n              <\/div>\n            <\/div>\n                      <\/div>\n         <\/div><div class=\"gallery-col col\" >\n          <div class=\"col-inner\">\n                        <div class=\"box has-hover gallery-box box-normal\">\n              <div class=\"box-image\" >\n                <img loading=\"lazy\" decoding=\"async\" width=\"247\" height=\"247\" src=\"https:\/\/radius-radpol.pl\/wp-content\/uploads\/2023\/05\/A4-pdf_Strona_07_Obraz_0002-247x247.jpg\" class=\"attachment-woocommerce_thumbnail size-woocommerce_thumbnail\" alt=\"Silnik ECMWP\" ids=\"3247,3248,3249,3250\" style=\"normal\" lightbox=\"false\" image_size=\"woocommerce_thumbnail\" text_align=\"center\" srcset=\"https:\/\/radius-radpol.pl\/wp-content\/uploads\/2023\/05\/A4-pdf_Strona_07_Obraz_0002-247x247.jpg 247w, https:\/\/radius-radpol.pl\/wp-content\/uploads\/2023\/05\/A4-pdf_Strona_07_Obraz_0002-280x280.jpg 280w, https:\/\/radius-radpol.pl\/wp-content\/uploads\/2023\/05\/A4-pdf_Strona_07_Obraz_0002-13x12.jpg 13w, https:\/\/radius-radpol.pl\/wp-content\/uploads\/2023\/05\/A4-pdf_Strona_07_Obraz_0002-100x100.jpg 100w\" sizes=\"auto, (max-width: 247px) 100vw, 247px\" \/>                                                              <\/div>\n              <div class=\"box-text text-center\" >\n                 <p>ECWMP<\/p>\n              <\/div>\n            <\/div>\n                      <\/div>\n         <\/div><div class=\"gallery-col col\" >\n          <div class=\"col-inner\">\n                        <div class=\"box has-hover gallery-box box-normal\">\n              <div class=\"box-image\" >\n                <img loading=\"lazy\" decoding=\"async\" width=\"247\" height=\"247\" src=\"https:\/\/radius-radpol.pl\/wp-content\/uploads\/2023\/05\/A4-pdf_Strona_07_Obraz_0003-247x247.jpg\" class=\"attachment-woocommerce_thumbnail size-woocommerce_thumbnail\" alt=\"SIlnik ECMG\" ids=\"3247,3248,3249,3250\" style=\"normal\" lightbox=\"false\" image_size=\"woocommerce_thumbnail\" text_align=\"center\" srcset=\"https:\/\/radius-radpol.pl\/wp-content\/uploads\/2023\/05\/A4-pdf_Strona_07_Obraz_0003-247x247.jpg 247w, https:\/\/radius-radpol.pl\/wp-content\/uploads\/2023\/05\/A4-pdf_Strona_07_Obraz_0003-280x280.jpg 280w, https:\/\/radius-radpol.pl\/wp-content\/uploads\/2023\/05\/A4-pdf_Strona_07_Obraz_0003-12x12.jpg 12w, https:\/\/radius-radpol.pl\/wp-content\/uploads\/2023\/05\/A4-pdf_Strona_07_Obraz_0003-100x100.jpg 100w, https:\/\/radius-radpol.pl\/wp-content\/uploads\/2023\/05\/A4-pdf_Strona_07_Obraz_0003.jpg 399w\" sizes=\"auto, (max-width: 247px) 100vw, 247px\" \/>                                                              <\/div>\n              <div class=\"box-text text-center\" >\n                 <p>ECMG<\/p>\n              <\/div>\n            <\/div>\n                      <\/div>\n         <\/div><div class=\"gallery-col col\" >\n          <div class=\"col-inner\">\n                        <div class=\"box has-hover gallery-box box-normal\">\n              <div class=\"box-image\" >\n                <img loading=\"lazy\" decoding=\"async\" width=\"247\" height=\"247\" src=\"https:\/\/radius-radpol.pl\/wp-content\/uploads\/2023\/05\/A4-pdf_Strona_07_Obraz_0004-247x247.jpg\" class=\"attachment-woocommerce_thumbnail size-woocommerce_thumbnail\" alt=\"SIlnik ECMB\" ids=\"3247,3248,3249,3250\" style=\"normal\" lightbox=\"false\" image_size=\"woocommerce_thumbnail\" text_align=\"center\" srcset=\"https:\/\/radius-radpol.pl\/wp-content\/uploads\/2023\/05\/A4-pdf_Strona_07_Obraz_0004-247x247.jpg 247w, https:\/\/radius-radpol.pl\/wp-content\/uploads\/2023\/05\/A4-pdf_Strona_07_Obraz_0004-280x280.jpg 280w, https:\/\/radius-radpol.pl\/wp-content\/uploads\/2023\/05\/A4-pdf_Strona_07_Obraz_0004-13x12.jpg 13w, https:\/\/radius-radpol.pl\/wp-content\/uploads\/2023\/05\/A4-pdf_Strona_07_Obraz_0004-100x100.jpg 100w\" sizes=\"auto, (max-width: 247px) 100vw, 247px\" \/>                                                              <\/div>\n              <div class=\"box-text text-center\" >\n                 <p>ECMB<\/p>\n              <\/div>\n            <\/div>\n                      <\/div>\n         <\/div><\/div>","protected":false},"excerpt":{"rendered":"","protected":false},"featured_media":655,"template":"","meta":[],"product_cat":[69],"product_tag":[],"class_list":{"0":"post-480","1":"product","2":"type-product","3":"status-publish","4":"has-post-thumbnail","6":"product_cat-przekladnie-motoreduktory","8":"first","9":"instock","10":"shipping-taxable","11":"product-type-simple"},"yoast_head":"<!-- This site is optimized with the Yoast SEO plugin v24.0 - https:\/\/yoast.com\/wordpress\/plugins\/seo\/ -->\n<title>Motoreduktory DC - Radius Radpol - technika nap\u0119d\u00f3w mechanicznych<\/title>\n<meta name=\"description\" content=\"Motoreduktory serii EC o zakresie mocy 30 - 800W, serii ND o mocy 160W lub 250W, oraz serii BL z mo\u017cliwo\u015bci\u0105 zainstalowania enkodera.\u00a0\" \/>\n<meta name=\"robots\" content=\"index, follow, max-snippet:-1, max-image-preview:large, max-video-preview:-1\" \/>\n<link rel=\"canonical\" href=\"https:\/\/radius-radpol.pl\/en\/product\/motoreduktory-dc\/\" \/>\n<script type=\"application\/ld+json\" class=\"yoast-schema-graph\">{\"@context\":\"https:\/\/schema.org\",\"@graph\":[{\"@type\":\"WebPage\",\"@id\":\"https:\/\/radius-radpol.pl\/produkt\/motoreduktory-dc\/\",\"url\":\"https:\/\/radius-radpol.pl\/produkt\/motoreduktory-dc\/\",\"name\":\"Motoreduktory DC - Radius Radpol - technika nap\u0119d\u00f3w mechanicznych\",\"isPartOf\":{\"@id\":\"https:\/\/radius-radpol.pl\/#website\"},\"primaryImageOfPage\":{\"@id\":\"https:\/\/radius-radpol.pl\/produkt\/motoreduktory-dc\/#primaryimage\"},\"image\":{\"@id\":\"https:\/\/radius-radpol.pl\/produkt\/motoreduktory-dc\/#primaryimage\"},\"thumbnailUrl\":\"https:\/\/radius-radpol.pl\/wp-content\/uploads\/2020\/05\/Projekt-bez-tytu\u0142u2.png\",\"datePublished\":\"2020-05-04T08:02:09+00:00\",\"dateModified\":\"2024-08-14T13:30:13+00:00\",\"description\":\"Motoreduktory serii EC o zakresie mocy 30 - 800W, serii ND o mocy 160W lub 250W, oraz serii BL z mo\u017cliwo\u015bci\u0105 zainstalowania enkodera.\u00a0\",\"breadcrumb\":{\"@id\":\"https:\/\/radius-radpol.pl\/produkt\/motoreduktory-dc\/#breadcrumb\"},\"inLanguage\":\"en-US\",\"potentialAction\":[{\"@type\":\"ReadAction\",\"target\":[\"https:\/\/radius-radpol.pl\/produkt\/motoreduktory-dc\/\"]}]},{\"@type\":\"ImageObject\",\"inLanguage\":\"en-US\",\"@id\":\"https:\/\/radius-radpol.pl\/produkt\/motoreduktory-dc\/#primaryimage\",\"url\":\"https:\/\/radius-radpol.pl\/wp-content\/uploads\/2020\/05\/Projekt-bez-tytu\u0142u2.png\",\"contentUrl\":\"https:\/\/radius-radpol.pl\/wp-content\/uploads\/2020\/05\/Projekt-bez-tytu\u0142u2.png\",\"width\":500,\"height\":500,\"caption\":\"Motoreduktory DC\"},{\"@type\":\"BreadcrumbList\",\"@id\":\"https:\/\/radius-radpol.pl\/produkt\/motoreduktory-dc\/#breadcrumb\",\"itemListElement\":[{\"@type\":\"ListItem\",\"position\":1,\"name\":\"Strona g\u0142\u00f3wna\",\"item\":\"https:\/\/radius-radpol.pl\/\"},{\"@type\":\"ListItem\",\"position\":2,\"name\":\"Produkty\",\"item\":\"https:\/\/radius-radpol.pl\/produkty\/\"},{\"@type\":\"ListItem\",\"position\":3,\"name\":\"Motoreduktory DC\"}]},{\"@type\":\"WebSite\",\"@id\":\"https:\/\/radius-radpol.pl\/#website\",\"url\":\"https:\/\/radius-radpol.pl\/\",\"name\":\"Radius Radpol\",\"description\":\"Technika nap\u0119d\u00f3w mechanicznych\",\"publisher\":{\"@id\":\"https:\/\/radius-radpol.pl\/#organization\"},\"potentialAction\":[{\"@type\":\"SearchAction\",\"target\":{\"@type\":\"EntryPoint\",\"urlTemplate\":\"https:\/\/radius-radpol.pl\/?s={search_term_string}\"},\"query-input\":{\"@type\":\"PropertyValueSpecification\",\"valueRequired\":true,\"valueName\":\"search_term_string\"}}],\"inLanguage\":\"en-US\"},{\"@type\":\"Organization\",\"@id\":\"https:\/\/radius-radpol.pl\/#organization\",\"name\":\"Radius Radpol\",\"url\":\"https:\/\/radius-radpol.pl\/\",\"logo\":{\"@type\":\"ImageObject\",\"inLanguage\":\"en-US\",\"@id\":\"https:\/\/radius-radpol.pl\/#\/schema\/logo\/image\/\",\"url\":\"https:\/\/radius-radpol.pl\/wp-content\/uploads\/2021\/10\/Radius-LOGO4.png\",\"contentUrl\":\"https:\/\/radius-radpol.pl\/wp-content\/uploads\/2021\/10\/Radius-LOGO4.png\",\"width\":1500,\"height\":900,\"caption\":\"Radius Radpol\"},\"image\":{\"@id\":\"https:\/\/radius-radpol.pl\/#\/schema\/logo\/image\/\"}}]}<\/script>\n<!-- \/ Yoast SEO plugin. -->","yoast_head_json":{"title":"Motoreduktory DC - Radius Radpol - technika nap\u0119d\u00f3w mechanicznych","description":"Motoreduktory serii EC o zakresie mocy 30 - 800W, serii ND o mocy 160W lub 250W, oraz serii BL z mo\u017cliwo\u015bci\u0105 zainstalowania enkodera.\u00a0","robots":{"index":"index","follow":"follow","max-snippet":"max-snippet:-1","max-image-preview":"max-image-preview:large","max-video-preview":"max-video-preview:-1"},"canonical":"https:\/\/radius-radpol.pl\/en\/product\/motoreduktory-dc\/","schema":{"@context":"https:\/\/schema.org","@graph":[{"@type":"WebPage","@id":"https:\/\/radius-radpol.pl\/produkt\/motoreduktory-dc\/","url":"https:\/\/radius-radpol.pl\/produkt\/motoreduktory-dc\/","name":"Motoreduktory DC - Radius Radpol - technika nap\u0119d\u00f3w mechanicznych","isPartOf":{"@id":"https:\/\/radius-radpol.pl\/#website"},"primaryImageOfPage":{"@id":"https:\/\/radius-radpol.pl\/produkt\/motoreduktory-dc\/#primaryimage"},"image":{"@id":"https:\/\/radius-radpol.pl\/produkt\/motoreduktory-dc\/#primaryimage"},"thumbnailUrl":"https:\/\/radius-radpol.pl\/wp-content\/uploads\/2020\/05\/Projekt-bez-tytu\u0142u2.png","datePublished":"2020-05-04T08:02:09+00:00","dateModified":"2024-08-14T13:30:13+00:00","description":"Motoreduktory serii EC o zakresie mocy 30 - 800W, serii ND o mocy 160W lub 250W, oraz serii BL z mo\u017cliwo\u015bci\u0105 zainstalowania enkodera.\u00a0","breadcrumb":{"@id":"https:\/\/radius-radpol.pl\/produkt\/motoreduktory-dc\/#breadcrumb"},"inLanguage":"en-US","potentialAction":[{"@type":"ReadAction","target":["https:\/\/radius-radpol.pl\/produkt\/motoreduktory-dc\/"]}]},{"@type":"ImageObject","inLanguage":"en-US","@id":"https:\/\/radius-radpol.pl\/produkt\/motoreduktory-dc\/#primaryimage","url":"https:\/\/radius-radpol.pl\/wp-content\/uploads\/2020\/05\/Projekt-bez-tytu\u0142u2.png","contentUrl":"https:\/\/radius-radpol.pl\/wp-content\/uploads\/2020\/05\/Projekt-bez-tytu\u0142u2.png","width":500,"height":500,"caption":"Motoreduktory DC"},{"@type":"BreadcrumbList","@id":"https:\/\/radius-radpol.pl\/produkt\/motoreduktory-dc\/#breadcrumb","itemListElement":[{"@type":"ListItem","position":1,"name":"Strona g\u0142\u00f3wna","item":"https:\/\/radius-radpol.pl\/"},{"@type":"ListItem","position":2,"name":"Produkty","item":"https:\/\/radius-radpol.pl\/produkty\/"},{"@type":"ListItem","position":3,"name":"Motoreduktory DC"}]},{"@type":"WebSite","@id":"https:\/\/radius-radpol.pl\/#website","url":"https:\/\/radius-radpol.pl\/","name":"Radius Radpol","description":"Technika nap\u0119d\u00f3w mechanicznych","publisher":{"@id":"https:\/\/radius-radpol.pl\/#organization"},"potentialAction":[{"@type":"SearchAction","target":{"@type":"EntryPoint","urlTemplate":"https:\/\/radius-radpol.pl\/?s={search_term_string}"},"query-input":{"@type":"PropertyValueSpecification","valueRequired":true,"valueName":"search_term_string"}}],"inLanguage":"en-US"},{"@type":"Organization","@id":"https:\/\/radius-radpol.pl\/#organization","name":"Radius Radpol","url":"https:\/\/radius-radpol.pl\/","logo":{"@type":"ImageObject","inLanguage":"en-US","@id":"https:\/\/radius-radpol.pl\/#\/schema\/logo\/image\/","url":"https:\/\/radius-radpol.pl\/wp-content\/uploads\/2021\/10\/Radius-LOGO4.png","contentUrl":"https:\/\/radius-radpol.pl\/wp-content\/uploads\/2021\/10\/Radius-LOGO4.png","width":1500,"height":900,"caption":"Radius Radpol"},"image":{"@id":"https:\/\/radius-radpol.pl\/#\/schema\/logo\/image\/"}}]}},"_links":{"self":[{"href":"https:\/\/radius-radpol.pl\/en\/wp-json\/wp\/v2\/product\/480","targetHints":{"allow":["GET"]}}],"collection":[{"href":"https:\/\/radius-radpol.pl\/en\/wp-json\/wp\/v2\/product"}],"about":[{"href":"https:\/\/radius-radpol.pl\/en\/wp-json\/wp\/v2\/types\/product"}],"wp:featuredmedia":[{"embeddable":true,"href":"https:\/\/radius-radpol.pl\/en\/wp-json\/wp\/v2\/media\/655"}],"wp:attachment":[{"href":"https:\/\/radius-radpol.pl\/en\/wp-json\/wp\/v2\/media?parent=480"}],"wp:term":[{"taxonomy":"product_cat","embeddable":true,"href":"https:\/\/radius-radpol.pl\/en\/wp-json\/wp\/v2\/product_cat?post=480"},{"taxonomy":"product_tag","embeddable":true,"href":"https:\/\/radius-radpol.pl\/en\/wp-json\/wp\/v2\/product_tag?post=480"}],"curies":[{"name":"wp","href":"https:\/\/api.w.org\/{rel}","templated":true}]}}