{"id":426,"date":"2020-05-03T23:48:31","date_gmt":"2020-05-03T23:48:31","guid":{"rendered":"https:\/\/radius-radpol.pl\/?post_type=product&#038;p=426"},"modified":"2024-08-19T08:21:49","modified_gmt":"2024-08-19T08:21:49","slug":"silniki-dc","status":"publish","type":"product","link":"https:\/\/radius-radpol.pl\/en\/product\/silniki-dc\/","title":{"rendered":"DC 12V\/24V Motors"},"content":{"rendered":"<h1>Wydajne silniki elektryczne DC<\/h1>\n<p style=\"text-align: justify;\">Szukasz nap\u0119d\u00f3w wysokiej jako\u015bci? W naszej ofercie znajduj\u0105 si\u0119 innowacyjne silniki elektryczne pr\u0105du sta\u0142ego, kt\u00f3rych celem jest zamiana energii elektrycznej na energi\u0119 mechaniczn\u0105. Mo\u017cliwe jest r\u00f3wnie\u017c ich dzia\u0142anie w charakterze pr\u0105dnicy. Proponowane silniki elektryczne DC cechuj\u0105 si\u0119 wysok\u0105 wydajno\u015bci\u0105 i wszechstronno\u015bci\u0105. Stanowi\u0105 dobr\u0105 alternatyw\u0119 dla innych typ\u00f3w nap\u0119d\u00f3w. Silniki elektryczne pr\u0105du sta\u0142ego znajduj\u0105 zastosowanie w przypadku urz\u0105dze\u0144 gospodarstwa domowego, transportu czy przemys\u0142u. Ich wielofunkcyjno\u015b\u0107 pozwala na dopasowanie si\u0119 do sprz\u0119t\u00f3w z ca\u0142kowicie odmiennych bran\u017c. Silniki elektryczne pr\u0105du sta\u0142ego mog\u0105 mie\u0107 zr\u00f3\u017cnicowan\u0105 budow\u0119, dopasowan\u0105 do warunk\u00f3w pracy. Stosuje si\u0119 je m.in. w urz\u0105dzeniach AGD, podzespo\u0142ach samochodowych czy automatyce przemys\u0142owej.<\/p>\n\n\t<section class=\"section info-cards-chess-box\" id=\"section_1529744588\">\n\t\t<div class=\"section-bg fill\" >\n\t\t\t\t\t\t\t\t\t\n\t\t\t\n\n\t\t<\/div>\n\n\t\t\n\n\t\t<div class=\"section-content relative\">\n\t\t\t\n<div class=\"row row-small align-middle\"  id=\"row-623918744\">\n\n\t<div id=\"col-1488707018\" class=\"col medium-6 small-12 large-6\"  >\n\t\t\t\t<div class=\"col-inner\"  >\n\t\t\t\n\t\t\t\n\t<div class=\"box has-hover info-cards-chess-box  has-hover box-shadow-2 box-label box-text-bottom\" >\n\n\t\t<div class=\"box-image\" >\n\t\t\t<a href=\"#\" >\t\t\t<div class=\"image-cover\" style=\"padding-top:70%;\">\n\t\t\t\t<img loading=\"lazy\" decoding=\"async\" width=\"480\" height=\"432\" src=\"https:\/\/radius-radpol.pl\/wp-content\/uploads\/2020\/05\/EC250-IP.png\" class=\"attachment- size-\" alt=\"Motoreduktor DC EC250\" srcset=\"https:\/\/radius-radpol.pl\/wp-content\/uploads\/2020\/05\/EC250-IP.png 480w, https:\/\/radius-radpol.pl\/wp-content\/uploads\/2020\/05\/EC250-IP-444x400.png 444w\" sizes=\"auto, (max-width: 480px) 100vw, 480px\" \/>\t\t\t\t<div class=\"overlay\" style=\"background-color:rgba(0, 0, 0, 0)\"><\/div>\t\t\t\t\t\t\t<\/div>\n\t\t\t<\/a>\t\t<\/div>\n\n\t\t<div class=\"box-text text-center dark\" style=\"background-color:rgb(3, 55, 103);padding:0px 0px 0px 0;\">\n\t\t\t<div class=\"box-text-inner\">\n\t\t\t\t\n<p>Silniki EC<\/p>\n\t\t\t<\/div>\n\t\t<\/div>\n\t<\/div>\n\t\n\t\t<\/div>\n\t\t\t\t\t<\/div>\n\n\t\n\n\t<div id=\"col-554189524\" class=\"col medium-6 small-12 large-6\"  >\n\t\t\t\t<div class=\"col-inner\"  >\n\t\t\t\n\t\t\t\n<div>Silniki pr\u0105du sta\u0142ego EC<\/div>\n<p>G\u0142\u00f3wne cechy silnik\u00f3w elektrycznych pr\u0105du sta\u0142ego z ferrytowymi magnesami sta\u0142ymi EC to:<\/p>\n<p data-line-height=\"s\"><span style=\"font-size: 85%;\">\u25cf Pole magnetyczne wytwarzane przez magnesy sta\u0142e ferrytowe<\/span><\/p>\n<p data-line-height=\"s\"><span style=\"font-size: 85%;\">\u25cf Konstrukcja rurowa, bez wentylatora<\/span><\/p>\n<p data-line-height=\"s\"><span style=\"font-size: 85%;\">\u25cf Dost\u0119pne w 6 wielko\u015bciach: \u015brednica 42, 52, 65, 81, 104, 110 mm<\/span><\/p>\n<p data-line-height=\"s\"><span style=\"font-size: 85%;\">\u25cf Niskie napi\u0119cie zasilania, 12 lub 24 Vdc<\/span><\/p>\n<p data-line-height=\"s\"><span style=\"font-size: 85%;\">\u25cf Dost\u0119pne moce znamionowe od 30 do 800 W S2<\/span><\/p>\n<p data-line-height=\"s\"><span style=\"font-size: 85%;\">\u25cf Wysoki moment rozruchowy<\/span><\/p>\n<p data-line-height=\"s\"><span style=\"font-size: 85%;\">\u25cf Wysoki moment obrotowy i moc wyj\u015bciowa w kompaktowym opakowaniu<\/span><\/p>\n<a href=\"https:\/\/www.transtecno.com\/wordpress\/wp-content\/uploads\/2019\/02\/H_EC-DC-electric-motors_180912_0119.pdf\" target=\"_blank\" class=\"button primary is-shade expand\" rel=\"noopener\"  >\n\t<i class=\"icon-angle-right\" aria-hidden=\"true\" ><\/i>\t<span>Download catalogue<\/span>\n\t<\/a>\n\n<a href=\"https:\/\/www.transtecno.com\/en-en\/tools\/3d-models\/3d-model-selection\/?idProdotto=7916&#038;scheda=10792\" target=\"_blank\" class=\"button primary is-shade expand\" rel=\"noopener\"  >\n\t<i class=\"icon-angle-right\" aria-hidden=\"true\" ><\/i>\t<span>Rysunki 2D\/3D<\/span>\n\t<\/a>\n\n\t\t<\/div>\n\t\t\t\t\n<style>\n#col-554189524 > .col-inner {\n  padding: 10% 0px 0px 0px;\n}\n<\/style>\n\t<\/div>\n\n\t\n<\/div>\n<div class=\"is-divider divider clearfix\" style=\"max-width:1200px;height:1px;background-color:rgb(3, 55, 103);\"><\/div>\n<div class=\"row row-small align-middle\"  id=\"row-1928385570\">\n\n\t<div id=\"col-591966900\" class=\"col medium-6 small-12 large-6\"  >\n\t\t\t\t<div class=\"col-inner\"  >\n\t\t\t\n\t\t\t\n\t<div class=\"box has-hover info-cards-chess-box  has-hover box-shadow-2 box-label box-text-bottom\" >\n\n\t\t<div class=\"box-image\" >\n\t\t\t<a href=\"#\" >\t\t\t<div class=\"image-cover\" style=\"padding-top:70%;\">\n\t\t\t\t<img loading=\"lazy\" decoding=\"async\" width=\"500\" height=\"475\" src=\"https:\/\/radius-radpol.pl\/wp-content\/uploads\/2020\/05\/ECIP66.png\" class=\"attachment- size-\" alt=\"Motoreduktor DC ECIP\" srcset=\"https:\/\/radius-radpol.pl\/wp-content\/uploads\/2020\/05\/ECIP66.png 500w, https:\/\/radius-radpol.pl\/wp-content\/uploads\/2020\/05\/ECIP66-421x400.png 421w\" sizes=\"auto, (max-width: 500px) 100vw, 500px\" \/>\t\t\t\t<div class=\"overlay\" style=\"background-color:rgba(0, 0, 0, 0)\"><\/div>\t\t\t\t\t\t\t<\/div>\n\t\t\t<\/a>\t\t<\/div>\n\n\t\t<div class=\"box-text text-center dark\" style=\"background-color:rgb(3, 55, 103);padding:0px 0px 0px 0;\">\n\t\t\t<div class=\"box-text-inner\">\n\t\t\t\t\n<div>Silniki EC IP66<\/div>\n\t\t\t<\/div>\n\t\t<\/div>\n\t<\/div>\n\t\n\t\t<\/div>\n\t\t\t\t\t<\/div>\n\n\t\n\n\t<div id=\"col-1741307345\" class=\"col medium-6 small-12 large-6\"  >\n\t\t\t\t<div class=\"col-inner\"  >\n\t\t\t\n\t\t\t\n\t<div class=\"img has-hover x md-x lg-x y md-y lg-y\" id=\"image_2135453465\">\n\t\t\t\t\t\t\t\t<div class=\"img-inner dark\" >\n\t\t\t<img loading=\"lazy\" decoding=\"async\" width=\"400\" height=\"100\" src=\"https:\/\/radius-radpol.pl\/wp-content\/uploads\/2020\/05\/ip66.jpg\" class=\"attachment-large size-large\" alt=\"IP66 Transtecno\" \/>\t\t\t\t\t\t\n\t\t\t\t\t<\/div>\n\t\t\t\t\t\t\t\t\n<style>\n#image_2135453465 {\n  width: 56%;\n}\n<\/style>\n\t<\/div>\n\t\n<div>Silniki pr\u0105du sta\u0142ego EC IP66<\/div>\n<p><span style=\"font-size: 85%;\">Silniki elektryczne pr\u0105du sta\u0142ego z magnesem trwa\u0142ym o stopniu ochrony IP66<\/span><\/p>\n<a href=\"https:\/\/www.transtecno.com\/wordpress\/wp-content\/uploads\/2019\/02\/I_EC_IP66-DC-electric-motors_190129_0119.pdf\" target=\"_blank\" class=\"button primary is-shade expand\" rel=\"noopener\"  >\n\t<i class=\"icon-angle-right\" aria-hidden=\"true\" ><\/i>\t<span>Download catalogue<\/span>\n\t<\/a>\n\n\t\t<\/div>\n\t\t\t\t\n<style>\n#col-1741307345 > .col-inner {\n  padding: 10% 0px 0px 0px;\n}\n<\/style>\n\t<\/div>\n\n\t\n<\/div>\n\t\t<\/div>\n\n\t\t\n<style>\n#section_1529744588 {\n  padding-top: 60px;\n  padding-bottom: 60px;\n}\n<\/style>\n\t<\/section>\n\t\n<h2>R\u00f3\u017cne rodzaje silnik\u00f3w pr\u0105du sta\u0142ego<\/h2>\n<p style=\"text-align: justify;\">Silniki elektryczne DC s\u0105 zbudowane z magnes\u00f3w sta\u0142ych oraz uzwojenia z miedzianymi blachami tworz\u0105cego wirnik. Pod\u0142\u0105czenie do niego napi\u0119cia powoduje przep\u0142yw pr\u0105du, inicjuj\u0105c prac\u0119. Ponadto silniki elektryczne pr\u0105du sta\u0142ego dziel\u0105 si\u0119 na dwa rodzaje: szczotkowe i bezszczotkowe. Wersje szczotkowe s\u0105 ta\u0144sze oraz \u0142atwiejsze w obs\u0142udze, natomiast bezszczotkowe cechuje du\u017ca dok\u0142adno\u015b\u0107 i niezawodno\u015b\u0107. Wybieraj\u0105c bezszczotkowe silniki elektryczne, zyskuje si\u0119 lepsz\u0105 kontrol\u0119 momentu obrotowego oraz pr\u0119dko\u015bci. Przed podj\u0119ciem zakupu zach\u0119camy do skorzystania z porad naszych doradc\u00f3w. Zar\u00f3wno bezszczotkowe silniki pr\u0105du sta\u0142ego, jak i inne akcesoria z naszej oferty pochodz\u0105 od sprawdzonych producent\u00f3w. Wszystkie charakteryzuj\u0105 si\u0119 wydajno\u015bci\u0105, a tak\u017ce wysokim stosunkiem mocy do masy. Zach\u0119camy do zapoznania si\u0119 z dost\u0119pnymi produktami.<\/p>\n<h2>Nowoczesne silniki elektryczne pr\u0105du sta\u0142ego<\/h2>\n<p style=\"text-align: justify;\">Posiadamy bogaty wyb\u00f3r urz\u0105dze\u0144 tego typu. Nowoczesne silniki elektryczne pr\u0105du sta\u0142ego znajduj\u0105ce si\u0119 w naszej ofercie dost\u0119pne s\u0105 w r\u00f3\u017cnych wielko\u015bciach oraz mocach. Wyr\u00f3\u017cniaj\u0105 si\u0119 szerokim zastosowaniem. Silniki elektryczne DC mog\u0105 zosta\u0107 u\u017cyte tam, gdzie potrzebne jest zapewnienie znacznych pr\u0119dko\u015bci obrotowych. Znajduj\u0105 zastosowanie w wielu bran\u017cach. Silniki elektryczne DC s\u0105 wykorzystywane w automatyce przemys\u0142owej, automatyce pojazd\u00f3w, drzwi przesuwnych i urz\u0105dzeniach medycznych. Istotn\u0105 zalet\u0105, kt\u00f3ra wyr\u00f3\u017cnia silniki elektryczne pr\u0105du sta\u0142ego, jest mo\u017cliwo\u015b\u0107 uzyskania okre\u015blonej pr\u0119dko\u015bci obrotowej nawet przy du\u017cym obci\u0105\u017ceniu silnika. Pr\u0105d sta\u0142y pozwala tym urz\u0105dzeniom wykonywa\u0107 nawet dziesi\u0105tki tysi\u0119cy obrot\u00f3w na minut\u0119. Brak szczotek w dost\u0119pnych silnikach elektrycznych DC sprawia, \u017ce zwi\u0119ksza si\u0119 ich bezawaryjno\u015b\u0107. Sprawdz\u0105 si\u0119 one przez d\u0142ugi czas.<\/p>","protected":false},"excerpt":{"rendered":"<p>Wydajne silniki elektryczne DC Szukasz nap\u0119d\u00f3w wysokiej jako\u015bci? W naszej ofercie znajduj\u0105 si\u0119 innowacyjne silniki elektryczne pr\u0105du sta\u0142ego, kt\u00f3rych celem jest zamiana energii elektrycznej na energi\u0119 mechaniczn\u0105. Mo\u017cliwe jest r\u00f3wnie\u017c ich dzia\u0142anie w charakterze pr\u0105dnicy. Proponowane silniki elektryczne DC cechuj\u0105 si\u0119 wysok\u0105 wydajno\u015bci\u0105 i wszechstronno\u015bci\u0105. Stanowi\u0105 dobr\u0105 alternatyw\u0119 dla innych typ\u00f3w nap\u0119d\u00f3w. Silniki elektryczne pr\u0105du [&#8230;]","protected":false},"featured_media":664,"template":"","meta":[],"product_cat":[68],"product_tag":[346,348],"class_list":{"0":"post-426","1":"product","2":"type-product","3":"status-publish","4":"has-post-thumbnail","6":"product_cat-silniki-elektryczne","7":"product_tag-silnik-elektryczny-12v","8":"product_tag-silnik-pradu-stalego","10":"first","11":"instock","12":"shipping-taxable","13":"product-type-simple"},"yoast_head":"<!-- This site is optimized with the Yoast SEO plugin v24.0 - https:\/\/yoast.com\/wordpress\/plugins\/seo\/ -->\n<title>Silniki pr\u0105du sta\u0142ego DC - Radius Radpol - technika nap\u0119d\u00f3w mechanicznych<\/title>\n<meta name=\"description\" content=\"Silniki pr\u0105du sta\u0142ego EC z ferrytowym magnesem sta\u0142ym oraz EC IP66 z magnesem trwa\u0142ym o stopniu ochrony IP66.\" \/>\n<meta name=\"robots\" content=\"index, follow, max-snippet:-1, max-image-preview:large, max-video-preview:-1\" \/>\n<link rel=\"canonical\" href=\"https:\/\/radius-radpol.pl\/en\/product\/silniki-dc\/\" \/>\n<script type=\"application\/ld+json\" class=\"yoast-schema-graph\">{\"@context\":\"https:\/\/schema.org\",\"@graph\":[{\"@type\":\"WebPage\",\"@id\":\"https:\/\/radius-radpol.pl\/produkt\/silniki-dc\/\",\"url\":\"https:\/\/radius-radpol.pl\/produkt\/silniki-dc\/\",\"name\":\"Silniki pr\u0105du sta\u0142ego DC - Radius Radpol - technika nap\u0119d\u00f3w mechanicznych\",\"isPartOf\":{\"@id\":\"https:\/\/radius-radpol.pl\/#website\"},\"primaryImageOfPage\":{\"@id\":\"https:\/\/radius-radpol.pl\/produkt\/silniki-dc\/#primaryimage\"},\"image\":{\"@id\":\"https:\/\/radius-radpol.pl\/produkt\/silniki-dc\/#primaryimage\"},\"thumbnailUrl\":\"https:\/\/radius-radpol.pl\/wp-content\/uploads\/2020\/05\/15.png\",\"datePublished\":\"2020-05-03T23:48:31+00:00\",\"dateModified\":\"2024-08-19T08:21:49+00:00\",\"description\":\"Silniki pr\u0105du sta\u0142ego EC z ferrytowym magnesem sta\u0142ym oraz EC IP66 z magnesem trwa\u0142ym o stopniu ochrony IP66.\",\"breadcrumb\":{\"@id\":\"https:\/\/radius-radpol.pl\/produkt\/silniki-dc\/#breadcrumb\"},\"inLanguage\":\"en-US\",\"potentialAction\":[{\"@type\":\"ReadAction\",\"target\":[\"https:\/\/radius-radpol.pl\/produkt\/silniki-dc\/\"]}]},{\"@type\":\"ImageObject\",\"inLanguage\":\"en-US\",\"@id\":\"https:\/\/radius-radpol.pl\/produkt\/silniki-dc\/#primaryimage\",\"url\":\"https:\/\/radius-radpol.pl\/wp-content\/uploads\/2020\/05\/15.png\",\"contentUrl\":\"https:\/\/radius-radpol.pl\/wp-content\/uploads\/2020\/05\/15.png\",\"width\":500,\"height\":500,\"caption\":\"Silniki DC\"},{\"@type\":\"BreadcrumbList\",\"@id\":\"https:\/\/radius-radpol.pl\/produkt\/silniki-dc\/#breadcrumb\",\"itemListElement\":[{\"@type\":\"ListItem\",\"position\":1,\"name\":\"Strona g\u0142\u00f3wna\",\"item\":\"https:\/\/radius-radpol.pl\/\"},{\"@type\":\"ListItem\",\"position\":2,\"name\":\"Produkty\",\"item\":\"https:\/\/radius-radpol.pl\/produkty\/\"},{\"@type\":\"ListItem\",\"position\":3,\"name\":\"Silniki pr\u0105du sta\u0142ego DC\"}]},{\"@type\":\"WebSite\",\"@id\":\"https:\/\/radius-radpol.pl\/#website\",\"url\":\"https:\/\/radius-radpol.pl\/\",\"name\":\"Radius Radpol\",\"description\":\"Technika nap\u0119d\u00f3w mechanicznych\",\"publisher\":{\"@id\":\"https:\/\/radius-radpol.pl\/#organization\"},\"potentialAction\":[{\"@type\":\"SearchAction\",\"target\":{\"@type\":\"EntryPoint\",\"urlTemplate\":\"https:\/\/radius-radpol.pl\/?s={search_term_string}\"},\"query-input\":{\"@type\":\"PropertyValueSpecification\",\"valueRequired\":true,\"valueName\":\"search_term_string\"}}],\"inLanguage\":\"en-US\"},{\"@type\":\"Organization\",\"@id\":\"https:\/\/radius-radpol.pl\/#organization\",\"name\":\"Radius Radpol\",\"url\":\"https:\/\/radius-radpol.pl\/\",\"logo\":{\"@type\":\"ImageObject\",\"inLanguage\":\"en-US\",\"@id\":\"https:\/\/radius-radpol.pl\/#\/schema\/logo\/image\/\",\"url\":\"https:\/\/radius-radpol.pl\/wp-content\/uploads\/2021\/10\/Radius-LOGO4.png\",\"contentUrl\":\"https:\/\/radius-radpol.pl\/wp-content\/uploads\/2021\/10\/Radius-LOGO4.png\",\"width\":1500,\"height\":900,\"caption\":\"Radius Radpol\"},\"image\":{\"@id\":\"https:\/\/radius-radpol.pl\/#\/schema\/logo\/image\/\"}}]}<\/script>\n<!-- \/ Yoast SEO plugin. -->","yoast_head_json":{"title":"Silniki pr\u0105du sta\u0142ego DC - Radius Radpol - technika nap\u0119d\u00f3w mechanicznych","description":"Silniki pr\u0105du sta\u0142ego EC z ferrytowym magnesem sta\u0142ym oraz EC IP66 z magnesem trwa\u0142ym o stopniu ochrony IP66.","robots":{"index":"index","follow":"follow","max-snippet":"max-snippet:-1","max-image-preview":"max-image-preview:large","max-video-preview":"max-video-preview:-1"},"canonical":"https:\/\/radius-radpol.pl\/en\/product\/silniki-dc\/","schema":{"@context":"https:\/\/schema.org","@graph":[{"@type":"WebPage","@id":"https:\/\/radius-radpol.pl\/produkt\/silniki-dc\/","url":"https:\/\/radius-radpol.pl\/produkt\/silniki-dc\/","name":"Silniki pr\u0105du sta\u0142ego DC - Radius Radpol - technika nap\u0119d\u00f3w mechanicznych","isPartOf":{"@id":"https:\/\/radius-radpol.pl\/#website"},"primaryImageOfPage":{"@id":"https:\/\/radius-radpol.pl\/produkt\/silniki-dc\/#primaryimage"},"image":{"@id":"https:\/\/radius-radpol.pl\/produkt\/silniki-dc\/#primaryimage"},"thumbnailUrl":"https:\/\/radius-radpol.pl\/wp-content\/uploads\/2020\/05\/15.png","datePublished":"2020-05-03T23:48:31+00:00","dateModified":"2024-08-19T08:21:49+00:00","description":"Silniki pr\u0105du sta\u0142ego EC z ferrytowym magnesem sta\u0142ym oraz EC IP66 z magnesem trwa\u0142ym o stopniu ochrony IP66.","breadcrumb":{"@id":"https:\/\/radius-radpol.pl\/produkt\/silniki-dc\/#breadcrumb"},"inLanguage":"en-US","potentialAction":[{"@type":"ReadAction","target":["https:\/\/radius-radpol.pl\/produkt\/silniki-dc\/"]}]},{"@type":"ImageObject","inLanguage":"en-US","@id":"https:\/\/radius-radpol.pl\/produkt\/silniki-dc\/#primaryimage","url":"https:\/\/radius-radpol.pl\/wp-content\/uploads\/2020\/05\/15.png","contentUrl":"https:\/\/radius-radpol.pl\/wp-content\/uploads\/2020\/05\/15.png","width":500,"height":500,"caption":"Silniki DC"},{"@type":"BreadcrumbList","@id":"https:\/\/radius-radpol.pl\/produkt\/silniki-dc\/#breadcrumb","itemListElement":[{"@type":"ListItem","position":1,"name":"Strona g\u0142\u00f3wna","item":"https:\/\/radius-radpol.pl\/"},{"@type":"ListItem","position":2,"name":"Produkty","item":"https:\/\/radius-radpol.pl\/produkty\/"},{"@type":"ListItem","position":3,"name":"Silniki pr\u0105du sta\u0142ego DC"}]},{"@type":"WebSite","@id":"https:\/\/radius-radpol.pl\/#website","url":"https:\/\/radius-radpol.pl\/","name":"Radius Radpol","description":"Technika nap\u0119d\u00f3w mechanicznych","publisher":{"@id":"https:\/\/radius-radpol.pl\/#organization"},"potentialAction":[{"@type":"SearchAction","target":{"@type":"EntryPoint","urlTemplate":"https:\/\/radius-radpol.pl\/?s={search_term_string}"},"query-input":{"@type":"PropertyValueSpecification","valueRequired":true,"valueName":"search_term_string"}}],"inLanguage":"en-US"},{"@type":"Organization","@id":"https:\/\/radius-radpol.pl\/#organization","name":"Radius Radpol","url":"https:\/\/radius-radpol.pl\/","logo":{"@type":"ImageObject","inLanguage":"en-US","@id":"https:\/\/radius-radpol.pl\/#\/schema\/logo\/image\/","url":"https:\/\/radius-radpol.pl\/wp-content\/uploads\/2021\/10\/Radius-LOGO4.png","contentUrl":"https:\/\/radius-radpol.pl\/wp-content\/uploads\/2021\/10\/Radius-LOGO4.png","width":1500,"height":900,"caption":"Radius Radpol"},"image":{"@id":"https:\/\/radius-radpol.pl\/#\/schema\/logo\/image\/"}}]}},"_links":{"self":[{"href":"https:\/\/radius-radpol.pl\/en\/wp-json\/wp\/v2\/product\/426","targetHints":{"allow":["GET"]}}],"collection":[{"href":"https:\/\/radius-radpol.pl\/en\/wp-json\/wp\/v2\/product"}],"about":[{"href":"https:\/\/radius-radpol.pl\/en\/wp-json\/wp\/v2\/types\/product"}],"wp:featuredmedia":[{"embeddable":true,"href":"https:\/\/radius-radpol.pl\/en\/wp-json\/wp\/v2\/media\/664"}],"wp:attachment":[{"href":"https:\/\/radius-radpol.pl\/en\/wp-json\/wp\/v2\/media?parent=426"}],"wp:term":[{"taxonomy":"product_cat","embeddable":true,"href":"https:\/\/radius-radpol.pl\/en\/wp-json\/wp\/v2\/product_cat?post=426"},{"taxonomy":"product_tag","embeddable":true,"href":"https:\/\/radius-radpol.pl\/en\/wp-json\/wp\/v2\/product_tag?post=426"}],"curies":[{"name":"wp","href":"https:\/\/api.w.org\/{rel}","templated":true}]}}