{"id":419,"date":"2020-05-03T23:05:21","date_gmt":"2020-05-03T23:05:21","guid":{"rendered":"https:\/\/radius-radpol.pl\/?post_type=product&#038;p=419"},"modified":"2024-08-14T13:33:05","modified_gmt":"2024-08-14T13:33:05","slug":"motoreduktory-benzlers","status":"publish","type":"product","link":"https:\/\/radius-radpol.pl\/en\/product\/motoreduktory-benzlers\/","title":{"rendered":"Benzlers-Radicon gearmotors"},"content":{"rendered":"<div class=\"banner-grid-wrapper\">\n  <div id=\"banner-grid-405687708\" class=\"banner-grid row row-grid row-small\" data-packery-options=\"\">\n                      \n<div class=\"col grid-col large-6 grid-col-1-2\" ><div class=\"col-inner\">\n\n  <div class=\"banner has-hover\" id=\"banner-1292756365\">\n          <div class=\"banner-inner fill\">\n        <div class=\"banner-bg fill\" >\n            <img loading=\"lazy\" decoding=\"async\" width=\"650\" height=\"487\" src=\"https:\/\/radius-radpol.pl\/wp-content\/uploads\/2020\/05\/seria-M.jpg\" class=\"bg attachment-large size-large\" alt=\"Benzlers seria M\" \/>                        <div class=\"overlay\"><\/div>            \n                    <\/div>\n\t\t\n        <div class=\"banner-layers container\">\n            <div class=\"fill banner-link\"><\/div>            \n   <div id=\"text-box-4190073\" class=\"text-box banner-layer x50 md-x50 lg-x50 y80 md-y80 lg-y80 res-text\">\n                                <div class=\"text-box-content text text-shadow-1\">\n              \n              <div class=\"text-inner text-center\">\n                  \n<p class=\"lead\">Helical inline gearboxes<\/p>\n<h2>Seria M<\/h2>\n\t<div id=\"gap-727970411\" class=\"gap-element clearfix\" style=\"display:block; height:auto;\">\n\t\t\n<style>\n#gap-727970411 {\n  padding-top: 5px;\n}\n<\/style>\n\t<\/div>\n\t\n              <\/div>\n           <\/div>\n                            \n<style>\n#text-box-4190073 {\n  margin: 0px 0px -6px 0px;\n  width: 100%;\n}\n#text-box-4190073 .text-box-content {\n  background-color: rgba(255, 255, 255, 0.62);\n  font-size: 100%;\n}\n#text-box-4190073 .text-inner {\n  padding: 10px 10px 10px 10px;\n}\n<\/style>\n    <\/div>\n \n        <\/div>\n      <\/div>\n\n              <div class=\"height-fix is-invisible\"><img loading=\"lazy\" decoding=\"async\" width=\"650\" height=\"487\" src=\"https:\/\/radius-radpol.pl\/wp-content\/uploads\/2020\/05\/seria-M.jpg\" class=\"attachment-large size-large\" alt=\"Benzlers seria M\" srcset=\"https:\/\/radius-radpol.pl\/wp-content\/uploads\/2020\/05\/seria-M.jpg 650w, https:\/\/radius-radpol.pl\/wp-content\/uploads\/2020\/05\/seria-M-534x400.jpg 534w, https:\/\/radius-radpol.pl\/wp-content\/uploads\/2020\/05\/seria-M-510x382.jpg 510w\" sizes=\"auto, (max-width: 650px) 100vw, 650px\" \/><\/div>\n            \n<style>\n#banner-1292756365 .overlay {\n  background-color: rgba(0, 0, 0, 0.09);\n}\n<\/style>\n  <\/div>\n\n\n<\/div><\/div>\n<div class=\"col grid-col large-6 grid-col-1-2\" ><div class=\"col-inner\">\n<\/div><\/div>\n<div class=\"col grid-col large-6 grid-col-1-2\" ><div class=\"col-inner\">\n\n  <div class=\"banner has-hover\" id=\"banner-1084686150\">\n          <div class=\"banner-inner fill\">\n        <div class=\"banner-bg fill\" >\n            <img loading=\"lazy\" decoding=\"async\" width=\"650\" height=\"488\" src=\"https:\/\/radius-radpol.pl\/wp-content\/uploads\/2020\/05\/SERIA-K.jpg\" class=\"bg attachment-large size-large\" alt=\"Benzlers seria K\" \/>                        <div class=\"overlay\"><\/div>            \n                    <\/div>\n\t\t\n        <div class=\"banner-layers container\">\n            <div class=\"fill banner-link\"><\/div>            \n   <div id=\"text-box-1372674194\" class=\"text-box banner-layer x50 md-x50 lg-x50 y80 md-y80 lg-y80 res-text\">\n                                <div class=\"text-box-content text text-shadow-1\">\n              \n              <div class=\"text-inner text-center\">\n                  \n<p class=\"lead\">Helical Bevel gearmotors<\/p>\n<h2>Seria K<\/h2>\n\t<div id=\"gap-411132472\" class=\"gap-element clearfix\" style=\"display:block; height:auto;\">\n\t\t\n<style>\n#gap-411132472 {\n  padding-top: 5px;\n}\n<\/style>\n\t<\/div>\n\t\n              <\/div>\n           <\/div>\n                            \n<style>\n#text-box-1372674194 {\n  margin: 0px 0px -6px 0px;\n  width: 100%;\n}\n#text-box-1372674194 .text-box-content {\n  background-color: rgba(255, 255, 255, 0.62);\n  font-size: 100%;\n}\n#text-box-1372674194 .text-inner {\n  padding: 10px 10px 10px 10px;\n}\n<\/style>\n    <\/div>\n \n        <\/div>\n      <\/div>\n\n              <div class=\"height-fix is-invisible\"><img loading=\"lazy\" decoding=\"async\" width=\"650\" height=\"488\" src=\"https:\/\/radius-radpol.pl\/wp-content\/uploads\/2020\/05\/SERIA-K.jpg\" class=\"attachment-large size-large\" alt=\"Benzlers seria K\" srcset=\"https:\/\/radius-radpol.pl\/wp-content\/uploads\/2020\/05\/SERIA-K.jpg 650w, https:\/\/radius-radpol.pl\/wp-content\/uploads\/2020\/05\/SERIA-K-533x400.jpg 533w, https:\/\/radius-radpol.pl\/wp-content\/uploads\/2020\/05\/SERIA-K-510x383.jpg 510w\" sizes=\"auto, (max-width: 650px) 100vw, 650px\" \/><\/div>\n            \n<style>\n#banner-1084686150 .overlay {\n  background-color: rgba(0, 0, 0, 0.09);\n}\n<\/style>\n  <\/div>\n\n\n<\/div><\/div>\n<div class=\"col grid-col large-6 grid-col-1-2\" ><div class=\"col-inner\">\n\n  <div class=\"banner has-hover\" id=\"banner-441272922\">\n          <div class=\"banner-inner fill\">\n        <div class=\"banner-bg fill\" >\n            <img loading=\"lazy\" decoding=\"async\" width=\"650\" height=\"488\" src=\"https:\/\/radius-radpol.pl\/wp-content\/uploads\/2020\/05\/SERIA-F.jpg\" class=\"bg attachment-large size-large\" alt=\"Benzlers seria F\" \/>                        <div class=\"overlay\"><\/div>            \n                    <\/div>\n\t\t\n        <div class=\"banner-layers container\">\n            <div class=\"fill banner-link\"><\/div>            \n   <div id=\"text-box-1743993574\" class=\"text-box banner-layer x50 md-x50 lg-x50 y80 md-y80 lg-y80 res-text\">\n                                <div class=\"text-box-content text text-shadow-1\">\n              \n              <div class=\"text-inner text-center\">\n                  \n<p class=\"lead\">Helical parallel gearmotors<\/p>\n<h2>Seria F<\/h2>\n\t<div id=\"gap-449178903\" class=\"gap-element clearfix\" style=\"display:block; height:auto;\">\n\t\t\n<style>\n#gap-449178903 {\n  padding-top: 5px;\n}\n<\/style>\n\t<\/div>\n\t\n              <\/div>\n           <\/div>\n                            \n<style>\n#text-box-1743993574 {\n  margin: 0px 0px -6px 0px;\n  width: 100%;\n}\n#text-box-1743993574 .text-box-content {\n  background-color: rgba(255, 255, 255, 0.62);\n  font-size: 100%;\n}\n#text-box-1743993574 .text-inner {\n  padding: 10px 10px 10px 10px;\n}\n<\/style>\n    <\/div>\n \n        <\/div>\n      <\/div>\n\n              <div class=\"height-fix is-invisible\"><img loading=\"lazy\" decoding=\"async\" width=\"650\" height=\"488\" src=\"https:\/\/radius-radpol.pl\/wp-content\/uploads\/2020\/05\/SERIA-F.jpg\" class=\"attachment-large size-large\" alt=\"Benzlers seria F\" srcset=\"https:\/\/radius-radpol.pl\/wp-content\/uploads\/2020\/05\/SERIA-F.jpg 650w, https:\/\/radius-radpol.pl\/wp-content\/uploads\/2020\/05\/SERIA-F-533x400.jpg 533w, https:\/\/radius-radpol.pl\/wp-content\/uploads\/2020\/05\/SERIA-F-510x383.jpg 510w\" sizes=\"auto, (max-width: 650px) 100vw, 650px\" \/><\/div>\n            \n<style>\n#banner-441272922 .overlay {\n  background-color: rgba(0, 0, 0, 0.09);\n}\n<\/style>\n  <\/div>\n\n\n<\/div><\/div>\n<div class=\"col grid-col large-6 grid-col-1-2\" ><div class=\"col-inner\">\n\n  <div class=\"banner has-hover\" id=\"banner-605829924\">\n          <div class=\"banner-inner fill\">\n        <div class=\"banner-bg fill\" >\n            <img loading=\"lazy\" decoding=\"async\" width=\"650\" height=\"488\" src=\"https:\/\/radius-radpol.pl\/wp-content\/uploads\/2020\/05\/seria-c.jpg\" class=\"bg attachment-large size-large\" alt=\"Benzlers seria C\" \/>                        <div class=\"overlay\"><\/div>            \n                    <\/div>\n\t\t\n        <div class=\"banner-layers container\">\n            <div class=\"fill banner-link\"><\/div>            \n   <div id=\"text-box-2143926793\" class=\"text-box banner-layer x50 md-x50 lg-x50 y80 md-y80 lg-y80 res-text\">\n                                <div class=\"text-box-content text text-shadow-1\">\n              \n              <div class=\"text-inner text-center\">\n                  \n<p class=\"lead\">Wormgearmotors<\/p>\n<h2>Seria C<\/h2>\n\t<div id=\"gap-776089281\" class=\"gap-element clearfix\" style=\"display:block; height:auto;\">\n\t\t\n<style>\n#gap-776089281 {\n  padding-top: 5px;\n}\n<\/style>\n\t<\/div>\n\t\n              <\/div>\n           <\/div>\n                            \n<style>\n#text-box-2143926793 {\n  margin: 0px 0px -6px 0px;\n  width: 100%;\n}\n#text-box-2143926793 .text-box-content {\n  background-color: rgba(255, 255, 255, 0.62);\n  font-size: 100%;\n}\n#text-box-2143926793 .text-inner {\n  padding: 10px 10px 10px 10px;\n}\n<\/style>\n    <\/div>\n \n        <\/div>\n      <\/div>\n\n            \n<style>\n#banner-605829924 {\n  padding-top: 250px;\n}\n#banner-605829924 .overlay {\n  background-color: rgba(0, 0, 0, 0.09);\n}\n<\/style>\n  <\/div>\n\n\n<\/div><\/div>\n<div class=\"col grid-col large-6 grid-col-1-2\" ><div class=\"col-inner\">\n\n  <div class=\"banner has-hover\" id=\"banner-1732933151\">\n          <div class=\"banner-inner fill\">\n        <div class=\"banner-bg fill\" >\n            <img loading=\"lazy\" decoding=\"async\" width=\"650\" height=\"488\" src=\"https:\/\/radius-radpol.pl\/wp-content\/uploads\/2020\/05\/seria-bs.jpg\" class=\"bg attachment-large size-large\" alt=\"Benzlers seria BS\" \/>                        <div class=\"overlay\"><\/div>            \n                    <\/div>\n\t\t\n        <div class=\"banner-layers container\">\n            <div class=\"fill banner-link\"><\/div>            \n   <div id=\"text-box-1721027086\" class=\"text-box banner-layer x50 md-x50 lg-x50 y80 md-y80 lg-y80 res-text\">\n                                <div class=\"text-box-content text text-shadow-1\">\n              \n              <div class=\"text-inner text-center\">\n                  \n<p class=\"lead\">Worm Reducers<\/p>\n<h2>Seria BS<\/h2>\n\t<div id=\"gap-1954981202\" class=\"gap-element clearfix\" style=\"display:block; height:auto;\">\n\t\t\n<style>\n#gap-1954981202 {\n  padding-top: 5px;\n}\n<\/style>\n\t<\/div>\n\t\n              <\/div>\n           <\/div>\n                            \n<style>\n#text-box-1721027086 {\n  margin: 0px 0px -6px 0px;\n  width: 100%;\n}\n#text-box-1721027086 .text-box-content {\n  background-color: rgba(255, 255, 255, 0.62);\n  font-size: 100%;\n}\n#text-box-1721027086 .text-inner {\n  padding: 10px 10px 10px 10px;\n}\n<\/style>\n    <\/div>\n \n        <\/div>\n      <\/div>\n\n            \n<style>\n#banner-1732933151 {\n  padding-top: 250px;\n}\n#banner-1732933151 .overlay {\n  background-color: rgba(0, 0, 0, 0.09);\n}\n<\/style>\n  <\/div>\n\n\n<\/div><\/div>\n            <\/div>\n    <style>\n    #banner-grid-405687708 .grid-col-1{height: 600px}\n    #banner-grid-405687708 .grid-col-1-2{height: 300px}\n    #banner-grid-405687708 .grid-col-1-3{height:200px}\n    #banner-grid-405687708 .grid-col-2-3{height: 400px}\n    #banner-grid-405687708 .grid-col-1-4{height: 150px}\n    #banner-grid-405687708 .grid-col-3-4{height: 450px}\n\n\n    \n    \n\n  <\/style>\n    <\/div>\n  \n\t<div id=\"gap-650446047\" class=\"gap-element clearfix\" style=\"display:block; height:auto;\">\n\t\t\n<style>\n#gap-650446047 {\n  padding-top: 35px;\n}\n<\/style>\n\t<\/div>","protected":false},"excerpt":{"rendered":"","protected":false},"featured_media":663,"template":"","meta":[],"product_cat":[69],"product_tag":[97],"class_list":{"0":"post-419","1":"product","2":"type-product","3":"status-publish","4":"has-post-thumbnail","6":"product_cat-przekladnie-motoreduktory","7":"product_tag-benzlers","9":"first","10":"instock","11":"shipping-taxable","12":"product-type-simple"},"yoast_head":"<!-- This site is optimized with the Yoast SEO plugin v24.0 - https:\/\/yoast.com\/wordpress\/plugins\/seo\/ -->\n<title>Motoreduktory BENZLERS - Radius Radpol - technika nap\u0119d\u00f3w mechanicznych<\/title>\n<meta name=\"description\" content=\"Motoreduktory walcowe proste - seria M, sto\u017ckowe - seria K, walcowe p\u0142askie - seria F, \u015blimakowe - seria C, \u015blimakowe - seria BS.\" \/>\n<meta name=\"robots\" content=\"index, follow, max-snippet:-1, max-image-preview:large, max-video-preview:-1\" \/>\n<link rel=\"canonical\" href=\"https:\/\/radius-radpol.pl\/en\/product\/motoreduktory-benzlers\/\" \/>\n<script type=\"application\/ld+json\" class=\"yoast-schema-graph\">{\"@context\":\"https:\/\/schema.org\",\"@graph\":[{\"@type\":\"WebPage\",\"@id\":\"https:\/\/radius-radpol.pl\/produkt\/motoreduktory-benzlers\/\",\"url\":\"https:\/\/radius-radpol.pl\/produkt\/motoreduktory-benzlers\/\",\"name\":\"Motoreduktory BENZLERS - Radius Radpol - technika nap\u0119d\u00f3w mechanicznych\",\"isPartOf\":{\"@id\":\"https:\/\/radius-radpol.pl\/#website\"},\"primaryImageOfPage\":{\"@id\":\"https:\/\/radius-radpol.pl\/produkt\/motoreduktory-benzlers\/#primaryimage\"},\"image\":{\"@id\":\"https:\/\/radius-radpol.pl\/produkt\/motoreduktory-benzlers\/#primaryimage\"},\"thumbnailUrl\":\"https:\/\/radius-radpol.pl\/wp-content\/uploads\/2020\/05\/14.png\",\"datePublished\":\"2020-05-03T23:05:21+00:00\",\"dateModified\":\"2024-08-14T13:33:05+00:00\",\"description\":\"Motoreduktory walcowe proste - seria M, sto\u017ckowe - seria K, walcowe p\u0142askie - seria F, \u015blimakowe - seria C, \u015blimakowe - seria BS.\",\"breadcrumb\":{\"@id\":\"https:\/\/radius-radpol.pl\/produkt\/motoreduktory-benzlers\/#breadcrumb\"},\"inLanguage\":\"en-US\",\"potentialAction\":[{\"@type\":\"ReadAction\",\"target\":[\"https:\/\/radius-radpol.pl\/produkt\/motoreduktory-benzlers\/\"]}]},{\"@type\":\"ImageObject\",\"inLanguage\":\"en-US\",\"@id\":\"https:\/\/radius-radpol.pl\/produkt\/motoreduktory-benzlers\/#primaryimage\",\"url\":\"https:\/\/radius-radpol.pl\/wp-content\/uploads\/2020\/05\/14.png\",\"contentUrl\":\"https:\/\/radius-radpol.pl\/wp-content\/uploads\/2020\/05\/14.png\",\"width\":500,\"height\":500,\"caption\":\"Motoreduktory Benzlers\"},{\"@type\":\"BreadcrumbList\",\"@id\":\"https:\/\/radius-radpol.pl\/produkt\/motoreduktory-benzlers\/#breadcrumb\",\"itemListElement\":[{\"@type\":\"ListItem\",\"position\":1,\"name\":\"Strona g\u0142\u00f3wna\",\"item\":\"https:\/\/radius-radpol.pl\/\"},{\"@type\":\"ListItem\",\"position\":2,\"name\":\"Produkty\",\"item\":\"https:\/\/radius-radpol.pl\/produkty\/\"},{\"@type\":\"ListItem\",\"position\":3,\"name\":\"Motoreduktory BENZLERS\"}]},{\"@type\":\"WebSite\",\"@id\":\"https:\/\/radius-radpol.pl\/#website\",\"url\":\"https:\/\/radius-radpol.pl\/\",\"name\":\"Radius Radpol\",\"description\":\"Technika nap\u0119d\u00f3w mechanicznych\",\"publisher\":{\"@id\":\"https:\/\/radius-radpol.pl\/#organization\"},\"potentialAction\":[{\"@type\":\"SearchAction\",\"target\":{\"@type\":\"EntryPoint\",\"urlTemplate\":\"https:\/\/radius-radpol.pl\/?s={search_term_string}\"},\"query-input\":{\"@type\":\"PropertyValueSpecification\",\"valueRequired\":true,\"valueName\":\"search_term_string\"}}],\"inLanguage\":\"en-US\"},{\"@type\":\"Organization\",\"@id\":\"https:\/\/radius-radpol.pl\/#organization\",\"name\":\"Radius Radpol\",\"url\":\"https:\/\/radius-radpol.pl\/\",\"logo\":{\"@type\":\"ImageObject\",\"inLanguage\":\"en-US\",\"@id\":\"https:\/\/radius-radpol.pl\/#\/schema\/logo\/image\/\",\"url\":\"https:\/\/radius-radpol.pl\/wp-content\/uploads\/2021\/10\/Radius-LOGO4.png\",\"contentUrl\":\"https:\/\/radius-radpol.pl\/wp-content\/uploads\/2021\/10\/Radius-LOGO4.png\",\"width\":1500,\"height\":900,\"caption\":\"Radius Radpol\"},\"image\":{\"@id\":\"https:\/\/radius-radpol.pl\/#\/schema\/logo\/image\/\"}}]}<\/script>\n<!-- \/ Yoast SEO plugin. -->","yoast_head_json":{"title":"Motoreduktory BENZLERS - Radius Radpol - technika nap\u0119d\u00f3w mechanicznych","description":"Motoreduktory walcowe proste - seria M, sto\u017ckowe - seria K, walcowe p\u0142askie - seria F, \u015blimakowe - seria C, \u015blimakowe - seria BS.","robots":{"index":"index","follow":"follow","max-snippet":"max-snippet:-1","max-image-preview":"max-image-preview:large","max-video-preview":"max-video-preview:-1"},"canonical":"https:\/\/radius-radpol.pl\/en\/product\/motoreduktory-benzlers\/","schema":{"@context":"https:\/\/schema.org","@graph":[{"@type":"WebPage","@id":"https:\/\/radius-radpol.pl\/produkt\/motoreduktory-benzlers\/","url":"https:\/\/radius-radpol.pl\/produkt\/motoreduktory-benzlers\/","name":"Motoreduktory BENZLERS - Radius Radpol - technika nap\u0119d\u00f3w mechanicznych","isPartOf":{"@id":"https:\/\/radius-radpol.pl\/#website"},"primaryImageOfPage":{"@id":"https:\/\/radius-radpol.pl\/produkt\/motoreduktory-benzlers\/#primaryimage"},"image":{"@id":"https:\/\/radius-radpol.pl\/produkt\/motoreduktory-benzlers\/#primaryimage"},"thumbnailUrl":"https:\/\/radius-radpol.pl\/wp-content\/uploads\/2020\/05\/14.png","datePublished":"2020-05-03T23:05:21+00:00","dateModified":"2024-08-14T13:33:05+00:00","description":"Motoreduktory walcowe proste - seria M, sto\u017ckowe - seria K, walcowe p\u0142askie - seria F, \u015blimakowe - seria C, \u015blimakowe - seria BS.","breadcrumb":{"@id":"https:\/\/radius-radpol.pl\/produkt\/motoreduktory-benzlers\/#breadcrumb"},"inLanguage":"en-US","potentialAction":[{"@type":"ReadAction","target":["https:\/\/radius-radpol.pl\/produkt\/motoreduktory-benzlers\/"]}]},{"@type":"ImageObject","inLanguage":"en-US","@id":"https:\/\/radius-radpol.pl\/produkt\/motoreduktory-benzlers\/#primaryimage","url":"https:\/\/radius-radpol.pl\/wp-content\/uploads\/2020\/05\/14.png","contentUrl":"https:\/\/radius-radpol.pl\/wp-content\/uploads\/2020\/05\/14.png","width":500,"height":500,"caption":"Motoreduktory Benzlers"},{"@type":"BreadcrumbList","@id":"https:\/\/radius-radpol.pl\/produkt\/motoreduktory-benzlers\/#breadcrumb","itemListElement":[{"@type":"ListItem","position":1,"name":"Strona g\u0142\u00f3wna","item":"https:\/\/radius-radpol.pl\/"},{"@type":"ListItem","position":2,"name":"Produkty","item":"https:\/\/radius-radpol.pl\/produkty\/"},{"@type":"ListItem","position":3,"name":"Motoreduktory BENZLERS"}]},{"@type":"WebSite","@id":"https:\/\/radius-radpol.pl\/#website","url":"https:\/\/radius-radpol.pl\/","name":"Radius Radpol","description":"Technika nap\u0119d\u00f3w mechanicznych","publisher":{"@id":"https:\/\/radius-radpol.pl\/#organization"},"potentialAction":[{"@type":"SearchAction","target":{"@type":"EntryPoint","urlTemplate":"https:\/\/radius-radpol.pl\/?s={search_term_string}"},"query-input":{"@type":"PropertyValueSpecification","valueRequired":true,"valueName":"search_term_string"}}],"inLanguage":"en-US"},{"@type":"Organization","@id":"https:\/\/radius-radpol.pl\/#organization","name":"Radius Radpol","url":"https:\/\/radius-radpol.pl\/","logo":{"@type":"ImageObject","inLanguage":"en-US","@id":"https:\/\/radius-radpol.pl\/#\/schema\/logo\/image\/","url":"https:\/\/radius-radpol.pl\/wp-content\/uploads\/2021\/10\/Radius-LOGO4.png","contentUrl":"https:\/\/radius-radpol.pl\/wp-content\/uploads\/2021\/10\/Radius-LOGO4.png","width":1500,"height":900,"caption":"Radius Radpol"},"image":{"@id":"https:\/\/radius-radpol.pl\/#\/schema\/logo\/image\/"}}]}},"_links":{"self":[{"href":"https:\/\/radius-radpol.pl\/en\/wp-json\/wp\/v2\/product\/419","targetHints":{"allow":["GET"]}}],"collection":[{"href":"https:\/\/radius-radpol.pl\/en\/wp-json\/wp\/v2\/product"}],"about":[{"href":"https:\/\/radius-radpol.pl\/en\/wp-json\/wp\/v2\/types\/product"}],"wp:featuredmedia":[{"embeddable":true,"href":"https:\/\/radius-radpol.pl\/en\/wp-json\/wp\/v2\/media\/663"}],"wp:attachment":[{"href":"https:\/\/radius-radpol.pl\/en\/wp-json\/wp\/v2\/media?parent=419"}],"wp:term":[{"taxonomy":"product_cat","embeddable":true,"href":"https:\/\/radius-radpol.pl\/en\/wp-json\/wp\/v2\/product_cat?post=419"},{"taxonomy":"product_tag","embeddable":true,"href":"https:\/\/radius-radpol.pl\/en\/wp-json\/wp\/v2\/product_tag?post=419"}],"curies":[{"name":"wp","href":"https:\/\/api.w.org\/{rel}","templated":true}]}}