{"id":3007,"date":"2022-05-18T11:29:35","date_gmt":"2022-05-18T11:29:35","guid":{"rendered":"https:\/\/radius-radpol.pl\/?post_type=product&#038;p=3007"},"modified":"2024-08-08T09:23:47","modified_gmt":"2024-08-08T09:23:47","slug":"silniki-trojfazowe-ip23-omd","status":"publish","type":"product","link":"https:\/\/radius-radpol.pl\/en\/product\/silniki-trojfazowe-ip23-omd\/","title":{"rendered":"Silniki tr\u00f3jfazowe IP23 OMD"},"content":{"rendered":"<p>Silnik budowy otwartej (IP23) do pracy w zamkni\u0119tych pomieszczeniach.<\/p>\n<ul>\n<li>Dost\u0119pne moce: od 11 kW<\/li>\n<li>Wielko\u015bci IEC: 160-355<\/li>\n<li>Pr\u0119dko\u015bci obrotowe: 3000 \/ 1500 \/ 1000<\/li>\n<li>Stopie\u0144 ochrony: IP23 (skrzynka IP55)<\/li>\n<li>W rozmiarach IEC 250-355 przeznaczonych do nap\u0119du pasowego \u2013 na \u017cyczenie klienta &#8211; po stronie nap\u0119dowej DE mog\u0105 by\u0107 stosowane \u0142o\u017cyska walcowe serii NU<\/li>\n<\/ul>","protected":false},"excerpt":{"rendered":"<p>Silnik budowy otwartej (IP23) do pracy w zamkni\u0119tych pomieszczeniach. Dost\u0119pne moce: od 11 kW Wielko\u015bci IEC: 160-355 Pr\u0119dko\u015bci obrotowe: 3000 \/ 1500 \/ 1000 Stopie\u0144 ochrony: IP23 (skrzynka IP55) W rozmiarach IEC 250-355 przeznaczonych do nap\u0119du pasowego \u2013 na \u017cyczenie klienta &#8211; po stronie nap\u0119dowej DE mog\u0105 by\u0107 stosowane \u0142o\u017cyska walcowe serii NU<\/p>","protected":false},"featured_media":3000,"template":"","meta":[],"product_cat":[68],"product_tag":[98],"class_list":{"0":"post-3007","1":"product","2":"type-product","3":"status-publish","4":"has-post-thumbnail","6":"product_cat-silniki-elektryczne","7":"product_tag-omec-motors","9":"first","10":"instock","11":"shipping-taxable","12":"product-type-simple"},"yoast_head":"<!-- This site is optimized with the Yoast SEO plugin v24.0 - https:\/\/yoast.com\/wordpress\/plugins\/seo\/ -->\n<title>Silniki tr\u00f3jfazowe IP23 OMD - Radius Radpol - technika nap\u0119d\u00f3w mechanicznych<\/title>\n<meta name=\"description\" content=\"Oferujemy silniki tr\u00f3jfazowe o budowie otwartej (IP23) do pracy w zamkni\u0119tych pomieszczeniach.\" \/>\n<meta name=\"robots\" content=\"index, follow, max-snippet:-1, max-image-preview:large, max-video-preview:-1\" \/>\n<link rel=\"canonical\" href=\"https:\/\/radius-radpol.pl\/en\/product\/silniki-trojfazowe-ip23-omd\/\" \/>\n<script type=\"application\/ld+json\" class=\"yoast-schema-graph\">{\"@context\":\"https:\/\/schema.org\",\"@graph\":[{\"@type\":\"WebPage\",\"@id\":\"https:\/\/radius-radpol.pl\/produkt\/silniki-trojfazowe-ip23-omd\/\",\"url\":\"https:\/\/radius-radpol.pl\/produkt\/silniki-trojfazowe-ip23-omd\/\",\"name\":\"Silniki tr\u00f3jfazowe IP23 OMD - Radius Radpol - technika nap\u0119d\u00f3w mechanicznych\",\"isPartOf\":{\"@id\":\"https:\/\/radius-radpol.pl\/#website\"},\"primaryImageOfPage\":{\"@id\":\"https:\/\/radius-radpol.pl\/produkt\/silniki-trojfazowe-ip23-omd\/#primaryimage\"},\"image\":{\"@id\":\"https:\/\/radius-radpol.pl\/produkt\/silniki-trojfazowe-ip23-omd\/#primaryimage\"},\"thumbnailUrl\":\"https:\/\/radius-radpol.pl\/wp-content\/uploads\/2020\/05\/5.jpg\",\"datePublished\":\"2022-05-18T11:29:35+00:00\",\"dateModified\":\"2024-08-08T09:23:47+00:00\",\"description\":\"Oferujemy silniki tr\u00f3jfazowe o budowie otwartej (IP23) do pracy w zamkni\u0119tych pomieszczeniach.\",\"breadcrumb\":{\"@id\":\"https:\/\/radius-radpol.pl\/produkt\/silniki-trojfazowe-ip23-omd\/#breadcrumb\"},\"inLanguage\":\"en-US\",\"potentialAction\":[{\"@type\":\"ReadAction\",\"target\":[\"https:\/\/radius-radpol.pl\/produkt\/silniki-trojfazowe-ip23-omd\/\"]}]},{\"@type\":\"ImageObject\",\"inLanguage\":\"en-US\",\"@id\":\"https:\/\/radius-radpol.pl\/produkt\/silniki-trojfazowe-ip23-omd\/#primaryimage\",\"url\":\"https:\/\/radius-radpol.pl\/wp-content\/uploads\/2020\/05\/5.jpg\",\"contentUrl\":\"https:\/\/radius-radpol.pl\/wp-content\/uploads\/2020\/05\/5.jpg\",\"width\":500,\"height\":500,\"caption\":\"Silniki tr\u00f3jfazowe IP23 OMD\"},{\"@type\":\"BreadcrumbList\",\"@id\":\"https:\/\/radius-radpol.pl\/produkt\/silniki-trojfazowe-ip23-omd\/#breadcrumb\",\"itemListElement\":[{\"@type\":\"ListItem\",\"position\":1,\"name\":\"Strona g\u0142\u00f3wna\",\"item\":\"https:\/\/radius-radpol.pl\/\"},{\"@type\":\"ListItem\",\"position\":2,\"name\":\"Produkty\",\"item\":\"https:\/\/radius-radpol.pl\/produkty\/\"},{\"@type\":\"ListItem\",\"position\":3,\"name\":\"Silniki tr\u00f3jfazowe IP23 OMD\"}]},{\"@type\":\"WebSite\",\"@id\":\"https:\/\/radius-radpol.pl\/#website\",\"url\":\"https:\/\/radius-radpol.pl\/\",\"name\":\"Radius Radpol\",\"description\":\"Technika nap\u0119d\u00f3w mechanicznych\",\"publisher\":{\"@id\":\"https:\/\/radius-radpol.pl\/#organization\"},\"potentialAction\":[{\"@type\":\"SearchAction\",\"target\":{\"@type\":\"EntryPoint\",\"urlTemplate\":\"https:\/\/radius-radpol.pl\/?s={search_term_string}\"},\"query-input\":{\"@type\":\"PropertyValueSpecification\",\"valueRequired\":true,\"valueName\":\"search_term_string\"}}],\"inLanguage\":\"en-US\"},{\"@type\":\"Organization\",\"@id\":\"https:\/\/radius-radpol.pl\/#organization\",\"name\":\"Radius Radpol\",\"url\":\"https:\/\/radius-radpol.pl\/\",\"logo\":{\"@type\":\"ImageObject\",\"inLanguage\":\"en-US\",\"@id\":\"https:\/\/radius-radpol.pl\/#\/schema\/logo\/image\/\",\"url\":\"https:\/\/radius-radpol.pl\/wp-content\/uploads\/2021\/10\/Radius-LOGO4.png\",\"contentUrl\":\"https:\/\/radius-radpol.pl\/wp-content\/uploads\/2021\/10\/Radius-LOGO4.png\",\"width\":1500,\"height\":900,\"caption\":\"Radius Radpol\"},\"image\":{\"@id\":\"https:\/\/radius-radpol.pl\/#\/schema\/logo\/image\/\"}}]}<\/script>\n<!-- \/ Yoast SEO plugin. -->","yoast_head_json":{"title":"Silniki tr\u00f3jfazowe IP23 OMD - Radius Radpol - technika nap\u0119d\u00f3w mechanicznych","description":"Oferujemy silniki tr\u00f3jfazowe o budowie otwartej (IP23) do pracy w zamkni\u0119tych pomieszczeniach.","robots":{"index":"index","follow":"follow","max-snippet":"max-snippet:-1","max-image-preview":"max-image-preview:large","max-video-preview":"max-video-preview:-1"},"canonical":"https:\/\/radius-radpol.pl\/en\/product\/silniki-trojfazowe-ip23-omd\/","schema":{"@context":"https:\/\/schema.org","@graph":[{"@type":"WebPage","@id":"https:\/\/radius-radpol.pl\/produkt\/silniki-trojfazowe-ip23-omd\/","url":"https:\/\/radius-radpol.pl\/produkt\/silniki-trojfazowe-ip23-omd\/","name":"Silniki tr\u00f3jfazowe IP23 OMD - Radius Radpol - technika nap\u0119d\u00f3w mechanicznych","isPartOf":{"@id":"https:\/\/radius-radpol.pl\/#website"},"primaryImageOfPage":{"@id":"https:\/\/radius-radpol.pl\/produkt\/silniki-trojfazowe-ip23-omd\/#primaryimage"},"image":{"@id":"https:\/\/radius-radpol.pl\/produkt\/silniki-trojfazowe-ip23-omd\/#primaryimage"},"thumbnailUrl":"https:\/\/radius-radpol.pl\/wp-content\/uploads\/2020\/05\/5.jpg","datePublished":"2022-05-18T11:29:35+00:00","dateModified":"2024-08-08T09:23:47+00:00","description":"Oferujemy silniki tr\u00f3jfazowe o budowie otwartej (IP23) do pracy w zamkni\u0119tych pomieszczeniach.","breadcrumb":{"@id":"https:\/\/radius-radpol.pl\/produkt\/silniki-trojfazowe-ip23-omd\/#breadcrumb"},"inLanguage":"en-US","potentialAction":[{"@type":"ReadAction","target":["https:\/\/radius-radpol.pl\/produkt\/silniki-trojfazowe-ip23-omd\/"]}]},{"@type":"ImageObject","inLanguage":"en-US","@id":"https:\/\/radius-radpol.pl\/produkt\/silniki-trojfazowe-ip23-omd\/#primaryimage","url":"https:\/\/radius-radpol.pl\/wp-content\/uploads\/2020\/05\/5.jpg","contentUrl":"https:\/\/radius-radpol.pl\/wp-content\/uploads\/2020\/05\/5.jpg","width":500,"height":500,"caption":"Silniki tr\u00f3jfazowe IP23 OMD"},{"@type":"BreadcrumbList","@id":"https:\/\/radius-radpol.pl\/produkt\/silniki-trojfazowe-ip23-omd\/#breadcrumb","itemListElement":[{"@type":"ListItem","position":1,"name":"Strona g\u0142\u00f3wna","item":"https:\/\/radius-radpol.pl\/"},{"@type":"ListItem","position":2,"name":"Produkty","item":"https:\/\/radius-radpol.pl\/produkty\/"},{"@type":"ListItem","position":3,"name":"Silniki tr\u00f3jfazowe IP23 OMD"}]},{"@type":"WebSite","@id":"https:\/\/radius-radpol.pl\/#website","url":"https:\/\/radius-radpol.pl\/","name":"Radius Radpol","description":"Technika nap\u0119d\u00f3w mechanicznych","publisher":{"@id":"https:\/\/radius-radpol.pl\/#organization"},"potentialAction":[{"@type":"SearchAction","target":{"@type":"EntryPoint","urlTemplate":"https:\/\/radius-radpol.pl\/?s={search_term_string}"},"query-input":{"@type":"PropertyValueSpecification","valueRequired":true,"valueName":"search_term_string"}}],"inLanguage":"en-US"},{"@type":"Organization","@id":"https:\/\/radius-radpol.pl\/#organization","name":"Radius Radpol","url":"https:\/\/radius-radpol.pl\/","logo":{"@type":"ImageObject","inLanguage":"en-US","@id":"https:\/\/radius-radpol.pl\/#\/schema\/logo\/image\/","url":"https:\/\/radius-radpol.pl\/wp-content\/uploads\/2021\/10\/Radius-LOGO4.png","contentUrl":"https:\/\/radius-radpol.pl\/wp-content\/uploads\/2021\/10\/Radius-LOGO4.png","width":1500,"height":900,"caption":"Radius Radpol"},"image":{"@id":"https:\/\/radius-radpol.pl\/#\/schema\/logo\/image\/"}}]}},"_links":{"self":[{"href":"https:\/\/radius-radpol.pl\/en\/wp-json\/wp\/v2\/product\/3007","targetHints":{"allow":["GET"]}}],"collection":[{"href":"https:\/\/radius-radpol.pl\/en\/wp-json\/wp\/v2\/product"}],"about":[{"href":"https:\/\/radius-radpol.pl\/en\/wp-json\/wp\/v2\/types\/product"}],"wp:featuredmedia":[{"embeddable":true,"href":"https:\/\/radius-radpol.pl\/en\/wp-json\/wp\/v2\/media\/3000"}],"wp:attachment":[{"href":"https:\/\/radius-radpol.pl\/en\/wp-json\/wp\/v2\/media?parent=3007"}],"wp:term":[{"taxonomy":"product_cat","embeddable":true,"href":"https:\/\/radius-radpol.pl\/en\/wp-json\/wp\/v2\/product_cat?post=3007"},{"taxonomy":"product_tag","embeddable":true,"href":"https:\/\/radius-radpol.pl\/en\/wp-json\/wp\/v2\/product_tag?post=3007"}],"curies":[{"name":"wp","href":"https:\/\/api.w.org\/{rel}","templated":true}]}}