{"id":2980,"date":"2022-05-18T08:11:44","date_gmt":"2022-05-18T08:11:44","guid":{"rendered":"https:\/\/radius-radpol.pl\/?post_type=product&#038;p=2980"},"modified":"2024-08-14T10:36:18","modified_gmt":"2024-08-14T10:36:18","slug":"piasty-przykrecane-sm","status":"publish","type":"product","link":"https:\/\/radius-radpol.pl\/en\/product\/piasty-przykrecane-sm\/","title":{"rendered":"Bolt-on hubs"},"content":{"rendered":"<ul>\n<li>Made of steel or cast iron with additional corrosion protection<\/li>\n<li>Mounted using a Taper-Lock bushing<\/li>\n<li>It is used where welding is not possible.<\/li>\n<li>Mounting on shafts from 11 to 75 mm<\/li>\n<\/ul>\n<p><img loading=\"lazy\" decoding=\"async\" class=\"alignnone wp-image-2982 size-medium\" title=\"Piasty typ SM\" src=\"https:\/\/radius-radpol.pl\/wp-content\/uploads\/2022\/05\/Tecnamic-Bolt-on-Hubs-Weld-on-Hubs1_Strona_3_Obraz_0001-189x400.jpg\" alt=\"Piasty typ SM\" width=\"189\" height=\"400\" srcset=\"https:\/\/radius-radpol.pl\/wp-content\/uploads\/2022\/05\/Tecnamic-Bolt-on-Hubs-Weld-on-Hubs1_Strona_3_Obraz_0001-189x400.jpg 189w, https:\/\/radius-radpol.pl\/wp-content\/uploads\/2022\/05\/Tecnamic-Bolt-on-Hubs-Weld-on-Hubs1_Strona_3_Obraz_0001-379x800.jpg 379w, https:\/\/radius-radpol.pl\/wp-content\/uploads\/2022\/05\/Tecnamic-Bolt-on-Hubs-Weld-on-Hubs1_Strona_3_Obraz_0001.jpg 473w\" sizes=\"auto, (max-width: 189px) 100vw, 189px\" \/><\/p>\n<h2>Typ SM<\/h2>\n<table style=\"height: 471px;\" width=\"436\" cellspacing=\"0\">\n<tbody>\n<tr>\n<td bgcolor=\"#EF7917\">\n<p class=\"s5\">Size<\/p>\n<\/td>\n<td bgcolor=\"#EF7917\">\n<p class=\"s5\">Taper Bushing<\/p>\n<\/td>\n<td bgcolor=\"#EF7917\">\n<p class=\"s5\">A<\/p>\n<p class=\"s5\">mm<\/p>\n<\/td>\n<td bgcolor=\"#EF7917\">\n<p class=\"s5\">B<\/p>\n<p class=\"s5\">mm<\/p>\n<\/td>\n<td bgcolor=\"#EF7917\">\n<p class=\"s5\">C<\/p>\n<p class=\"s5\">mm<\/p>\n<\/td>\n<td bgcolor=\"#EF7917\">\n<p class=\"s5\">D<\/p>\n<p class=\"s5\">mm<\/p>\n<\/td>\n<td bgcolor=\"#EF7917\">\n<p class=\"s5\">E<\/p>\n<p class=\"s5\">mm<\/p>\n<\/td>\n<td bgcolor=\"#EF7917\">\n<p class=\"s5\">J<\/p>\n<p class=\"s5\">mm<\/p>\n<\/td>\n<\/tr>\n<tr>\n<td bgcolor=\"#EDEDED\">\n<p class=\"s6\">SM 12<\/p>\n<\/td>\n<td bgcolor=\"#EDEDED\">\n<p class=\"s7\">1210<\/p>\n<\/td>\n<td bgcolor=\"#EDEDED\">\n<p class=\"s7\">180<\/p>\n<\/td>\n<td bgcolor=\"#EDEDED\">\n<p class=\"s7\">90<\/p>\n<\/td>\n<td bgcolor=\"#EDEDED\">\n<p class=\"s7\">135<\/p>\n<\/td>\n<td bgcolor=\"#EDEDED\">\n<p class=\"s7\">25<\/p>\n<\/td>\n<td bgcolor=\"#EDEDED\">\n<p class=\"s7\">6.5<\/p>\n<\/td>\n<td bgcolor=\"#EDEDED\">\n<p class=\"s7\">6 x 7.5<\/p>\n<\/td>\n<\/tr>\n<tr>\n<td bgcolor=\"#DADADA\">\n<p class=\"s6\">SM 16-1<\/p>\n<\/td>\n<td bgcolor=\"#DADADA\">\n<p class=\"s7\">1610<\/p>\n<\/td>\n<td bgcolor=\"#DADADA\">\n<p class=\"s7\">200<\/p>\n<\/td>\n<td bgcolor=\"#DADADA\">\n<p class=\"s7\">110<\/p>\n<\/td>\n<td bgcolor=\"#DADADA\">\n<p class=\"s7\">150<\/p>\n<\/td>\n<td bgcolor=\"#DADADA\">\n<p class=\"s7\">25<\/p>\n<\/td>\n<td bgcolor=\"#DADADA\">\n<p class=\"s7\">7.5<\/p>\n<\/td>\n<td bgcolor=\"#DADADA\">\n<p class=\"s7\">6 x 7.5<\/p>\n<\/td>\n<\/tr>\n<tr>\n<td bgcolor=\"#EDEDED\">\n<p class=\"s6\">SM 16-2<\/p>\n<\/td>\n<td bgcolor=\"#EDEDED\">\n<p class=\"s7\">1615<\/p>\n<\/td>\n<td bgcolor=\"#EDEDED\">\n<p class=\"s7\">200<\/p>\n<\/td>\n<td bgcolor=\"#EDEDED\">\n<p class=\"s7\">110<\/p>\n<\/td>\n<td bgcolor=\"#EDEDED\">\n<p class=\"s7\">150<\/p>\n<\/td>\n<td bgcolor=\"#EDEDED\">\n<p class=\"s7\">38<\/p>\n<\/td>\n<td bgcolor=\"#EDEDED\">\n<p class=\"s7\">7.5<\/p>\n<\/td>\n<td bgcolor=\"#EDEDED\">\n<p class=\"s7\">6 x 7.5<\/p>\n<\/td>\n<\/tr>\n<tr>\n<td bgcolor=\"#DADADA\">\n<p class=\"s6\">SM 20<\/p>\n<\/td>\n<td bgcolor=\"#DADADA\">\n<p class=\"s7\">2012<\/p>\n<\/td>\n<td bgcolor=\"#DADADA\">\n<p class=\"s7\">270<\/p>\n<\/td>\n<td bgcolor=\"#DADADA\">\n<p class=\"s7\">140<\/p>\n<\/td>\n<td bgcolor=\"#DADADA\">\n<p class=\"s7\">190<\/p>\n<\/td>\n<td bgcolor=\"#DADADA\">\n<p class=\"s7\">32<\/p>\n<\/td>\n<td bgcolor=\"#DADADA\">\n<p class=\"s7\">8.5<\/p>\n<\/td>\n<td bgcolor=\"#DADADA\">\n<p class=\"s7\">6 x 9.5<\/p>\n<\/td>\n<\/tr>\n<tr>\n<td bgcolor=\"#EDEDED\">\n<p class=\"s6\">SM 25<\/p>\n<\/td>\n<td bgcolor=\"#EDEDED\">\n<p class=\"s7\">2517<\/p>\n<\/td>\n<td bgcolor=\"#EDEDED\">\n<p class=\"s7\">340<\/p>\n<\/td>\n<td bgcolor=\"#EDEDED\">\n<p class=\"s7\">170<\/p>\n<\/td>\n<td bgcolor=\"#EDEDED\">\n<p class=\"s7\">240<\/p>\n<\/td>\n<td bgcolor=\"#EDEDED\">\n<p class=\"s7\">45<\/p>\n<\/td>\n<td bgcolor=\"#EDEDED\">\n<p class=\"s7\">9.5<\/p>\n<\/td>\n<td bgcolor=\"#EDEDED\">\n<p class=\"s7\">8 x 11.5<\/p>\n<\/td>\n<\/tr>\n<tr>\n<td bgcolor=\"#DADADA\">\n<p class=\"s6\">SM 30-1<\/p>\n<\/td>\n<td bgcolor=\"#DADADA\">\n<p class=\"s7\">3020<\/p>\n<\/td>\n<td bgcolor=\"#DADADA\">\n<p class=\"s7\">430<\/p>\n<\/td>\n<td bgcolor=\"#DADADA\">\n<p class=\"s7\">220<\/p>\n<\/td>\n<td bgcolor=\"#DADADA\">\n<p class=\"s7\">300<\/p>\n<\/td>\n<td bgcolor=\"#DADADA\">\n<p class=\"s7\">51<\/p>\n<\/td>\n<td bgcolor=\"#DADADA\">\n<p class=\"s7\">13.5<\/p>\n<\/td>\n<td bgcolor=\"#DADADA\">\n<p class=\"s7\">8 x 13.5<\/p>\n<\/td>\n<\/tr>\n<tr>\n<td bgcolor=\"#EDEDED\">\n<p class=\"s6\">SM 30-2<\/p>\n<\/td>\n<td bgcolor=\"#EDEDED\">\n<p class=\"s7\">3020<\/p>\n<\/td>\n<td bgcolor=\"#EDEDED\">\n<p class=\"s7\">485<\/p>\n<\/td>\n<td bgcolor=\"#EDEDED\">\n<p class=\"s7\">250<\/p>\n<\/td>\n<td bgcolor=\"#EDEDED\">\n<p class=\"s7\">340<\/p>\n<\/td>\n<td bgcolor=\"#EDEDED\">\n<p class=\"s7\">51<\/p>\n<\/td>\n<td bgcolor=\"#EDEDED\">\n<p class=\"s7\">13.5<\/p>\n<\/td>\n<td bgcolor=\"#EDEDED\">\n<p class=\"s7\">8 x 13.5<\/p>\n<\/td>\n<\/tr>\n<\/tbody>\n<\/table>\n<p>&nbsp;<\/p>","protected":false},"excerpt":{"rendered":"<p>Wykonane ze stali lub \u017celiwa z dodatkow\u0105 ochron\u0105 antykorozyjn\u0105 Montowane przy u\u017cyciu tulei typu Taper-Lock Znajduje zastosowanie wsz\u0119dzie tam, gdzie nie jest mo\u017cliwe spawanie Mocowanie na wa\u0142kach od 11 do 75 mm Typ SM Rozmiar Tuleja Taper A mm B mm C mm D mm E mm J mm SM 12 1210 180 90 135 [&#8230;]","protected":false},"featured_media":2983,"template":"","meta":[],"product_cat":[343],"product_tag":[95],"class_list":{"0":"post-2980","1":"product","2":"type-product","3":"status-publish","4":"has-post-thumbnail","6":"product_cat-elementy-napedowe","7":"product_tag-desch","9":"first","10":"instock","11":"shipping-taxable","12":"product-type-simple"},"yoast_head":"<!-- This site is optimized with the Yoast SEO plugin v24.0 - https:\/\/yoast.com\/wordpress\/plugins\/seo\/ -->\n<title>Piasty przykr\u0119cane SM - Radius Radpol - technika nap\u0119d\u00f3w mechanicznych<\/title>\n<meta name=\"description\" content=\"Oferujemy piasty przykr\u0119cane wykonane ze stali lub \u017celiwa z dodatkow\u0105 ochron\u0105 antykorozyjn\u0105.\" \/>\n<meta name=\"robots\" content=\"index, follow, max-snippet:-1, max-image-preview:large, max-video-preview:-1\" \/>\n<link rel=\"canonical\" href=\"https:\/\/radius-radpol.pl\/en\/product\/piasty-przykrecane-sm\/\" \/>\n<script type=\"application\/ld+json\" class=\"yoast-schema-graph\">{\"@context\":\"https:\/\/schema.org\",\"@graph\":[{\"@type\":\"WebPage\",\"@id\":\"https:\/\/radius-radpol.pl\/produkt\/piasty-przykrecane-sm\/\",\"url\":\"https:\/\/radius-radpol.pl\/produkt\/piasty-przykrecane-sm\/\",\"name\":\"Piasty przykr\u0119cane SM - Radius Radpol - technika nap\u0119d\u00f3w mechanicznych\",\"isPartOf\":{\"@id\":\"https:\/\/radius-radpol.pl\/#website\"},\"primaryImageOfPage\":{\"@id\":\"https:\/\/radius-radpol.pl\/produkt\/piasty-przykrecane-sm\/#primaryimage\"},\"image\":{\"@id\":\"https:\/\/radius-radpol.pl\/produkt\/piasty-przykrecane-sm\/#primaryimage\"},\"thumbnailUrl\":\"https:\/\/radius-radpol.pl\/wp-content\/uploads\/2022\/05\/Tecnamic-Bolt-on-Hubs-Weld-on-Hubs1_Strona_2_Obraz_0001.jpg\",\"datePublished\":\"2022-05-18T08:11:44+00:00\",\"dateModified\":\"2024-08-14T10:36:18+00:00\",\"description\":\"Oferujemy piasty przykr\u0119cane wykonane ze stali lub \u017celiwa z dodatkow\u0105 ochron\u0105 antykorozyjn\u0105.\",\"breadcrumb\":{\"@id\":\"https:\/\/radius-radpol.pl\/produkt\/piasty-przykrecane-sm\/#breadcrumb\"},\"inLanguage\":\"en-US\",\"potentialAction\":[{\"@type\":\"ReadAction\",\"target\":[\"https:\/\/radius-radpol.pl\/produkt\/piasty-przykrecane-sm\/\"]}]},{\"@type\":\"ImageObject\",\"inLanguage\":\"en-US\",\"@id\":\"https:\/\/radius-radpol.pl\/produkt\/piasty-przykrecane-sm\/#primaryimage\",\"url\":\"https:\/\/radius-radpol.pl\/wp-content\/uploads\/2022\/05\/Tecnamic-Bolt-on-Hubs-Weld-on-Hubs1_Strona_2_Obraz_0001.jpg\",\"contentUrl\":\"https:\/\/radius-radpol.pl\/wp-content\/uploads\/2022\/05\/Tecnamic-Bolt-on-Hubs-Weld-on-Hubs1_Strona_2_Obraz_0001.jpg\",\"width\":293,\"height\":269,\"caption\":\"Piasty przykr\u0119cane SM\"},{\"@type\":\"BreadcrumbList\",\"@id\":\"https:\/\/radius-radpol.pl\/produkt\/piasty-przykrecane-sm\/#breadcrumb\",\"itemListElement\":[{\"@type\":\"ListItem\",\"position\":1,\"name\":\"Strona g\u0142\u00f3wna\",\"item\":\"https:\/\/radius-radpol.pl\/\"},{\"@type\":\"ListItem\",\"position\":2,\"name\":\"Produkty\",\"item\":\"https:\/\/radius-radpol.pl\/produkty\/\"},{\"@type\":\"ListItem\",\"position\":3,\"name\":\"Piasty przykr\u0119cane SM\"}]},{\"@type\":\"WebSite\",\"@id\":\"https:\/\/radius-radpol.pl\/#website\",\"url\":\"https:\/\/radius-radpol.pl\/\",\"name\":\"Radius Radpol\",\"description\":\"Technika nap\u0119d\u00f3w mechanicznych\",\"publisher\":{\"@id\":\"https:\/\/radius-radpol.pl\/#organization\"},\"potentialAction\":[{\"@type\":\"SearchAction\",\"target\":{\"@type\":\"EntryPoint\",\"urlTemplate\":\"https:\/\/radius-radpol.pl\/?s={search_term_string}\"},\"query-input\":{\"@type\":\"PropertyValueSpecification\",\"valueRequired\":true,\"valueName\":\"search_term_string\"}}],\"inLanguage\":\"en-US\"},{\"@type\":\"Organization\",\"@id\":\"https:\/\/radius-radpol.pl\/#organization\",\"name\":\"Radius Radpol\",\"url\":\"https:\/\/radius-radpol.pl\/\",\"logo\":{\"@type\":\"ImageObject\",\"inLanguage\":\"en-US\",\"@id\":\"https:\/\/radius-radpol.pl\/#\/schema\/logo\/image\/\",\"url\":\"https:\/\/radius-radpol.pl\/wp-content\/uploads\/2021\/10\/Radius-LOGO4.png\",\"contentUrl\":\"https:\/\/radius-radpol.pl\/wp-content\/uploads\/2021\/10\/Radius-LOGO4.png\",\"width\":1500,\"height\":900,\"caption\":\"Radius Radpol\"},\"image\":{\"@id\":\"https:\/\/radius-radpol.pl\/#\/schema\/logo\/image\/\"}}]}<\/script>\n<!-- \/ Yoast SEO plugin. -->","yoast_head_json":{"title":"Piasty przykr\u0119cane SM - Radius Radpol - technika nap\u0119d\u00f3w mechanicznych","description":"Oferujemy piasty przykr\u0119cane wykonane ze stali lub \u017celiwa z dodatkow\u0105 ochron\u0105 antykorozyjn\u0105.","robots":{"index":"index","follow":"follow","max-snippet":"max-snippet:-1","max-image-preview":"max-image-preview:large","max-video-preview":"max-video-preview:-1"},"canonical":"https:\/\/radius-radpol.pl\/en\/product\/piasty-przykrecane-sm\/","schema":{"@context":"https:\/\/schema.org","@graph":[{"@type":"WebPage","@id":"https:\/\/radius-radpol.pl\/produkt\/piasty-przykrecane-sm\/","url":"https:\/\/radius-radpol.pl\/produkt\/piasty-przykrecane-sm\/","name":"Piasty przykr\u0119cane SM - Radius Radpol - technika nap\u0119d\u00f3w mechanicznych","isPartOf":{"@id":"https:\/\/radius-radpol.pl\/#website"},"primaryImageOfPage":{"@id":"https:\/\/radius-radpol.pl\/produkt\/piasty-przykrecane-sm\/#primaryimage"},"image":{"@id":"https:\/\/radius-radpol.pl\/produkt\/piasty-przykrecane-sm\/#primaryimage"},"thumbnailUrl":"https:\/\/radius-radpol.pl\/wp-content\/uploads\/2022\/05\/Tecnamic-Bolt-on-Hubs-Weld-on-Hubs1_Strona_2_Obraz_0001.jpg","datePublished":"2022-05-18T08:11:44+00:00","dateModified":"2024-08-14T10:36:18+00:00","description":"Oferujemy piasty przykr\u0119cane wykonane ze stali lub \u017celiwa z dodatkow\u0105 ochron\u0105 antykorozyjn\u0105.","breadcrumb":{"@id":"https:\/\/radius-radpol.pl\/produkt\/piasty-przykrecane-sm\/#breadcrumb"},"inLanguage":"en-US","potentialAction":[{"@type":"ReadAction","target":["https:\/\/radius-radpol.pl\/produkt\/piasty-przykrecane-sm\/"]}]},{"@type":"ImageObject","inLanguage":"en-US","@id":"https:\/\/radius-radpol.pl\/produkt\/piasty-przykrecane-sm\/#primaryimage","url":"https:\/\/radius-radpol.pl\/wp-content\/uploads\/2022\/05\/Tecnamic-Bolt-on-Hubs-Weld-on-Hubs1_Strona_2_Obraz_0001.jpg","contentUrl":"https:\/\/radius-radpol.pl\/wp-content\/uploads\/2022\/05\/Tecnamic-Bolt-on-Hubs-Weld-on-Hubs1_Strona_2_Obraz_0001.jpg","width":293,"height":269,"caption":"Piasty przykr\u0119cane SM"},{"@type":"BreadcrumbList","@id":"https:\/\/radius-radpol.pl\/produkt\/piasty-przykrecane-sm\/#breadcrumb","itemListElement":[{"@type":"ListItem","position":1,"name":"Strona g\u0142\u00f3wna","item":"https:\/\/radius-radpol.pl\/"},{"@type":"ListItem","position":2,"name":"Produkty","item":"https:\/\/radius-radpol.pl\/produkty\/"},{"@type":"ListItem","position":3,"name":"Piasty przykr\u0119cane SM"}]},{"@type":"WebSite","@id":"https:\/\/radius-radpol.pl\/#website","url":"https:\/\/radius-radpol.pl\/","name":"Radius Radpol","description":"Technika nap\u0119d\u00f3w mechanicznych","publisher":{"@id":"https:\/\/radius-radpol.pl\/#organization"},"potentialAction":[{"@type":"SearchAction","target":{"@type":"EntryPoint","urlTemplate":"https:\/\/radius-radpol.pl\/?s={search_term_string}"},"query-input":{"@type":"PropertyValueSpecification","valueRequired":true,"valueName":"search_term_string"}}],"inLanguage":"en-US"},{"@type":"Organization","@id":"https:\/\/radius-radpol.pl\/#organization","name":"Radius Radpol","url":"https:\/\/radius-radpol.pl\/","logo":{"@type":"ImageObject","inLanguage":"en-US","@id":"https:\/\/radius-radpol.pl\/#\/schema\/logo\/image\/","url":"https:\/\/radius-radpol.pl\/wp-content\/uploads\/2021\/10\/Radius-LOGO4.png","contentUrl":"https:\/\/radius-radpol.pl\/wp-content\/uploads\/2021\/10\/Radius-LOGO4.png","width":1500,"height":900,"caption":"Radius Radpol"},"image":{"@id":"https:\/\/radius-radpol.pl\/#\/schema\/logo\/image\/"}}]}},"_links":{"self":[{"href":"https:\/\/radius-radpol.pl\/en\/wp-json\/wp\/v2\/product\/2980","targetHints":{"allow":["GET"]}}],"collection":[{"href":"https:\/\/radius-radpol.pl\/en\/wp-json\/wp\/v2\/product"}],"about":[{"href":"https:\/\/radius-radpol.pl\/en\/wp-json\/wp\/v2\/types\/product"}],"wp:featuredmedia":[{"embeddable":true,"href":"https:\/\/radius-radpol.pl\/en\/wp-json\/wp\/v2\/media\/2983"}],"wp:attachment":[{"href":"https:\/\/radius-radpol.pl\/en\/wp-json\/wp\/v2\/media?parent=2980"}],"wp:term":[{"taxonomy":"product_cat","embeddable":true,"href":"https:\/\/radius-radpol.pl\/en\/wp-json\/wp\/v2\/product_cat?post=2980"},{"taxonomy":"product_tag","embeddable":true,"href":"https:\/\/radius-radpol.pl\/en\/wp-json\/wp\/v2\/product_tag?post=2980"}],"curies":[{"name":"wp","href":"https:\/\/api.w.org\/{rel}","templated":true}]}}