{"id":2975,"date":"2022-05-18T07:57:38","date_gmt":"2022-05-18T07:57:38","guid":{"rendered":"https:\/\/radius-radpol.pl\/?post_type=product&#038;p=2975"},"modified":"2024-08-08T09:24:57","modified_gmt":"2024-08-08T09:24:57","slug":"piasty-do-przyspawania-wm-wh","status":"publish","type":"product","link":"https:\/\/radius-radpol.pl\/en\/product\/piasty-do-przyspawania-wm-wh\/","title":{"rendered":"Weld-on hubs"},"content":{"rendered":"<ul>\n<li><span class=\"JsGRdQ\">Made of steel<\/span><\/li>\n<li><span class=\"JsGRdQ\">Mounted using Taper-Lock type bushings.<\/span><\/li>\n<li><span class=\"JsGRdQ\">The hub flange makes it possible to weld it to fans, rotors, sprockets , pulleys and other equipment.<\/span><\/li>\n<li><span class=\"JsGRdQ\">Welded hubs are easy to install and are used in harsh operating conditions.<\/span><\/li>\n<\/ul>\n<h2><\/h2>\n<h2><img loading=\"lazy\" decoding=\"async\" class=\"alignnone wp-image-2979\" title=\"Piasty typ WM\/WH\" src=\"https:\/\/radius-radpol.pl\/wp-content\/uploads\/2022\/05\/Image_016.gif\" alt=\"Piasty typ WM\/WH\" width=\"143\" height=\"168\" \/><\/h2>\n<h2>Typ WM<\/h2>\n<table style=\"height: 510px;\" width=\"689\" cellspacing=\"0\">\n<tbody>\n<tr>\n<td bgcolor=\"#EF7917\">\n<p class=\"s5\">Size<\/p>\n<\/td>\n<td bgcolor=\"#EF7917\">\n<p class=\"s5\">Taper Bushing<\/p>\n<\/td>\n<td bgcolor=\"#EF7917\">\n<p class=\"s5\">A<\/p>\n<p class=\"s5\">mm<\/p>\n<\/td>\n<td bgcolor=\"#EF7917\">\n<p class=\"s5\">B<\/p>\n<p class=\"s5\">mm<\/p>\n<\/td>\n<td bgcolor=\"#EF7917\">\n<p class=\"s5\">C<\/p>\n<p class=\"s5\">mm<\/p>\n<\/td>\n<td bgcolor=\"#EF7917\">\n<p class=\"s5\">D<\/p>\n<p class=\"s5\">mm<\/p>\n<\/td>\n<td bgcolor=\"#EF7917\">\n<p class=\"s5\">E<\/p>\n<p class=\"s5\">mm<\/p>\n<\/td>\n<td bgcolor=\"#EF7917\">\n<p class=\"s5\">F<\/p>\n<p class=\"s5\">mm<\/p>\n<\/td>\n<td bgcolor=\"#EF7917\">\n<p class=\"s5\">F1<\/p>\n<p class=\"s5\">mm<\/p>\n<\/td>\n<td bgcolor=\"#EF7917\">\n<p class=\"s5\">X<\/p>\n<p class=\"s5\">mm<\/p>\n<\/td>\n<\/tr>\n<tr>\n<td bgcolor=\"#EDEDED\">\n<p class=\"s6\">WM 12<\/p>\n<\/td>\n<td bgcolor=\"#EDEDED\">\n<p class=\"s7\">1210<\/p>\n<\/td>\n<td bgcolor=\"#EDEDED\">\n<p class=\"s7\">70<\/p>\n<\/td>\n<td bgcolor=\"#EDEDED\">\n<p class=\"s7\">60<\/p>\n<\/td>\n<td bgcolor=\"#EDEDED\">\n<p class=\"s7\">58<\/p>\n<\/td>\n<td bgcolor=\"#EDEDED\">\n<p class=\"s7\">25<\/p>\n<\/td>\n<td bgcolor=\"#EDEDED\">\n<p class=\"s7\">9<\/p>\n<\/td>\n<td bgcolor=\"#EDEDED\">\n<p class=\"s7\">10<\/p>\n<\/td>\n<td bgcolor=\"#EDEDED\">\n<p class=\"s7\">8<\/p>\n<\/td>\n<td bgcolor=\"#EDEDED\">\n<p class=\"s7\">9<\/p>\n<\/td>\n<\/tr>\n<tr>\n<td bgcolor=\"#DADADA\">\n<p class=\"s6\">WM 16-1<\/p>\n<\/td>\n<td bgcolor=\"#DADADA\">\n<p class=\"s7\">1610<\/p>\n<\/td>\n<td bgcolor=\"#DADADA\">\n<p class=\"s7\">83<\/p>\n<\/td>\n<td bgcolor=\"#DADADA\">\n<p class=\"s7\">70<\/p>\n<\/td>\n<td bgcolor=\"#DADADA\">\n<p class=\"s7\">68<\/p>\n<\/td>\n<td bgcolor=\"#DADADA\">\n<p class=\"s7\">25<\/p>\n<\/td>\n<td bgcolor=\"#DADADA\">\n<p class=\"s7\">9<\/p>\n<\/td>\n<td bgcolor=\"#DADADA\">\n<p class=\"s7\">10<\/p>\n<\/td>\n<td bgcolor=\"#DADADA\">\n<p class=\"s7\">8<\/p>\n<\/td>\n<td bgcolor=\"#DADADA\">\n<p class=\"s7\">9<\/p>\n<\/td>\n<\/tr>\n<tr>\n<td bgcolor=\"#EDEDED\">\n<p class=\"s6\">WM 16-2<\/p>\n<\/td>\n<td bgcolor=\"#EDEDED\">\n<p class=\"s7\">1615<\/p>\n<\/td>\n<td bgcolor=\"#EDEDED\">\n<p class=\"s7\">83<\/p>\n<\/td>\n<td bgcolor=\"#EDEDED\">\n<p class=\"s7\">70<\/p>\n<\/td>\n<td bgcolor=\"#EDEDED\">\n<p class=\"s7\">68<\/p>\n<\/td>\n<td bgcolor=\"#EDEDED\">\n<p class=\"s7\">38<\/p>\n<\/td>\n<td bgcolor=\"#EDEDED\">\n<p class=\"s7\">16<\/p>\n<\/td>\n<td bgcolor=\"#EDEDED\">\n<p class=\"s7\">11<\/p>\n<\/td>\n<td bgcolor=\"#EDEDED\">\n<p class=\"s7\">8<\/p>\n<\/td>\n<td bgcolor=\"#EDEDED\">\n<p class=\"s7\">16<\/p>\n<\/td>\n<\/tr>\n<tr>\n<td bgcolor=\"#DADADA\">\n<p class=\"s6\">WM 20<\/p>\n<\/td>\n<td bgcolor=\"#DADADA\">\n<p class=\"s7\">2012<\/p>\n<\/td>\n<td bgcolor=\"#DADADA\">\n<p class=\"s7\">95<\/p>\n<\/td>\n<td bgcolor=\"#DADADA\">\n<p class=\"s7\">90<\/p>\n<\/td>\n<td bgcolor=\"#DADADA\">\n<p class=\"s7\">88<\/p>\n<\/td>\n<td bgcolor=\"#DADADA\">\n<p class=\"s7\">32<\/p>\n<\/td>\n<td bgcolor=\"#DADADA\">\n<p class=\"s7\">12<\/p>\n<\/td>\n<td bgcolor=\"#DADADA\">\n<p class=\"s7\">12<\/p>\n<\/td>\n<td bgcolor=\"#DADADA\">\n<p class=\"s7\">10<\/p>\n<\/td>\n<td bgcolor=\"#DADADA\">\n<p class=\"s7\">12<\/p>\n<\/td>\n<\/tr>\n<tr>\n<td bgcolor=\"#EDEDED\">\n<p class=\"s6\">WM 25<\/p>\n<\/td>\n<td bgcolor=\"#EDEDED\">\n<p class=\"s7\">2517<\/p>\n<\/td>\n<td bgcolor=\"#EDEDED\">\n<p class=\"s7\">127<\/p>\n<\/td>\n<td bgcolor=\"#EDEDED\">\n<p class=\"s7\">110<\/p>\n<\/td>\n<td bgcolor=\"#EDEDED\">\n<p class=\"s7\">108<\/p>\n<\/td>\n<td bgcolor=\"#EDEDED\">\n<p class=\"s7\">45<\/p>\n<\/td>\n<td bgcolor=\"#EDEDED\">\n<p class=\"s7\">19<\/p>\n<\/td>\n<td bgcolor=\"#EDEDED\">\n<p class=\"s7\">13<\/p>\n<\/td>\n<td bgcolor=\"#EDEDED\">\n<p class=\"s7\">10<\/p>\n<\/td>\n<td bgcolor=\"#EDEDED\">\n<p class=\"s7\">19<\/p>\n<\/td>\n<\/tr>\n<tr>\n<td bgcolor=\"#DADADA\">\n<p class=\"s6\">WM 30-2<\/p>\n<\/td>\n<td bgcolor=\"#DADADA\">\n<p class=\"s7\">3020<\/p>\n<\/td>\n<td bgcolor=\"#DADADA\">\n<p class=\"s7\">152<\/p>\n<\/td>\n<td bgcolor=\"#DADADA\">\n<p class=\"s7\">130<\/p>\n<\/td>\n<td bgcolor=\"#DADADA\">\n<p class=\"s7\">125<\/p>\n<\/td>\n<td bgcolor=\"#DADADA\">\n<p class=\"s7\">51<\/p>\n<\/td>\n<td bgcolor=\"#DADADA\">\n<p class=\"s7\">20<\/p>\n<\/td>\n<td bgcolor=\"#DADADA\">\n<p class=\"s7\">15<\/p>\n<\/td>\n<td bgcolor=\"#DADADA\">\n<p class=\"s7\">12<\/p>\n<\/td>\n<td bgcolor=\"#DADADA\">\n<p class=\"s7\">20<\/p>\n<\/td>\n<\/tr>\n<tr>\n<td bgcolor=\"#EDEDED\">\n<p class=\"s6\">WM 30-3<\/p>\n<\/td>\n<td bgcolor=\"#EDEDED\">\n<p class=\"s7\">3030<\/p>\n<\/td>\n<td bgcolor=\"#EDEDED\">\n<p class=\"s7\">152<\/p>\n<\/td>\n<td bgcolor=\"#EDEDED\">\n<p class=\"s7\">130<\/p>\n<\/td>\n<td bgcolor=\"#EDEDED\">\n<p class=\"s7\">125<\/p>\n<\/td>\n<td bgcolor=\"#EDEDED\">\n<p class=\"s7\">76<\/p>\n<\/td>\n<td bgcolor=\"#EDEDED\">\n<p class=\"s7\">25<\/p>\n<\/td>\n<td bgcolor=\"#EDEDED\">\n<p class=\"s7\">19<\/p>\n<\/td>\n<td bgcolor=\"#EDEDED\">\n<p class=\"s7\">12<\/p>\n<\/td>\n<td bgcolor=\"#EDEDED\">\n<p class=\"s7\">25<\/p>\n<\/td>\n<\/tr>\n<tr>\n<td bgcolor=\"#DADADA\">\n<p class=\"s6\">WM 35<\/p>\n<\/td>\n<td bgcolor=\"#DADADA\">\n<p class=\"s7\">3535<\/p>\n<\/td>\n<td bgcolor=\"#DADADA\">\n<p class=\"s7\">184<\/p>\n<\/td>\n<td bgcolor=\"#DADADA\">\n<p class=\"s7\">155<\/p>\n<\/td>\n<td bgcolor=\"#DADADA\">\n<p class=\"s7\">151<\/p>\n<\/td>\n<td bgcolor=\"#DADADA\">\n<p class=\"s7\">89<\/p>\n<\/td>\n<td bgcolor=\"#DADADA\">\n<p class=\"s7\">32<\/p>\n<\/td>\n<td bgcolor=\"#DADADA\">\n<p class=\"s7\">25<\/p>\n<\/td>\n<td bgcolor=\"#DADADA\">\n<p class=\"s7\">15<\/p>\n<\/td>\n<td bgcolor=\"#DADADA\">\n<p class=\"s7\">32<\/p>\n<\/td>\n<\/tr>\n<tr>\n<td bgcolor=\"#EDEDED\">\n<p class=\"s6\">WM 40<\/p>\n<\/td>\n<td bgcolor=\"#EDEDED\">\n<p class=\"s7\">4040<\/p>\n<\/td>\n<td bgcolor=\"#EDEDED\">\n<p class=\"s7\">225<\/p>\n<\/td>\n<td bgcolor=\"#EDEDED\">\n<p class=\"s7\">195<\/p>\n<\/td>\n<td bgcolor=\"#EDEDED\">\n<p class=\"s7\">187<\/p>\n<\/td>\n<td bgcolor=\"#EDEDED\">\n<p class=\"s7\">102<\/p>\n<\/td>\n<td bgcolor=\"#EDEDED\">\n<p class=\"s7\">32<\/p>\n<\/td>\n<td bgcolor=\"#EDEDED\">\n<p class=\"s7\">32<\/p>\n<\/td>\n<td bgcolor=\"#EDEDED\">\n<p class=\"s7\">15<\/p>\n<\/td>\n<td bgcolor=\"#EDEDED\">\n<p class=\"s7\">32<\/p>\n<\/td>\n<\/tr>\n<tr>\n<td bgcolor=\"#DADADA\">\n<p class=\"s6\">WM 45<\/p>\n<\/td>\n<td bgcolor=\"#DADADA\">\n<p class=\"s7\">4545<\/p>\n<\/td>\n<td bgcolor=\"#DADADA\">\n<p class=\"s7\">254<\/p>\n<\/td>\n<td bgcolor=\"#DADADA\">\n<p class=\"s7\">220<\/p>\n<\/td>\n<td bgcolor=\"#DADADA\">\n<p class=\"s7\">213<\/p>\n<\/td>\n<td bgcolor=\"#DADADA\">\n<p class=\"s7\">114<\/p>\n<\/td>\n<td bgcolor=\"#DADADA\">\n<p class=\"s7\">38<\/p>\n<\/td>\n<td bgcolor=\"#DADADA\">\n<p class=\"s7\">38<\/p>\n<\/td>\n<td bgcolor=\"#DADADA\">\n<p class=\"s7\">20<\/p>\n<\/td>\n<td bgcolor=\"#DADADA\">\n<p class=\"s7\">38<\/p>\n<\/td>\n<\/tr>\n<tr>\n<td bgcolor=\"#EDEDED\">\n<p class=\"s6\">WM 50<\/p>\n<\/td>\n<td bgcolor=\"#EDEDED\">\n<p class=\"s7\">5050<\/p>\n<\/td>\n<td bgcolor=\"#EDEDED\">\n<p class=\"s7\">276<\/p>\n<\/td>\n<td bgcolor=\"#EDEDED\">\n<p class=\"s7\">242<\/p>\n<\/td>\n<td bgcolor=\"#EDEDED\">\n<p class=\"s7\">228<\/p>\n<\/td>\n<td bgcolor=\"#EDEDED\">\n<p class=\"s7\">127<\/p>\n<\/td>\n<td bgcolor=\"#EDEDED\">\n<p class=\"s7\">38<\/p>\n<\/td>\n<td bgcolor=\"#EDEDED\">\n<p class=\"s7\">38<\/p>\n<\/td>\n<td bgcolor=\"#EDEDED\">\n<p class=\"s7\">20<\/p>\n<\/td>\n<td bgcolor=\"#EDEDED\">\n<p class=\"s7\">38<\/p>\n<\/td>\n<\/tr>\n<\/tbody>\n<\/table>\n<h2><div class=\"is-divider divider clearfix\" ><\/div><\/h2>\n<h2>Typ WH<\/h2>\n<table style=\"height: 639px;\" width=\"685\" cellspacing=\"0\">\n<tbody>\n<tr>\n<td bgcolor=\"#EF7917\">\n<p class=\"s5\">Size<\/p>\n<\/td>\n<td bgcolor=\"#EF7917\">\n<p class=\"s5\">Taper Bushing<\/p>\n<\/td>\n<td bgcolor=\"#EF7917\">\n<p class=\"s5\">A<\/p>\n<p class=\"s5\">mm<\/p>\n<\/td>\n<td bgcolor=\"#EF7917\">\n<p class=\"s5\">B<\/p>\n<p class=\"s5\">mm<\/p>\n<\/td>\n<td bgcolor=\"#EF7917\">\n<p class=\"s5\">C<\/p>\n<p class=\"s5\">mm<\/p>\n<\/td>\n<td bgcolor=\"#EF7917\">\n<p class=\"s5\">D<\/p>\n<p class=\"s5\">mm<\/p>\n<\/td>\n<td bgcolor=\"#EF7917\">\n<p class=\"s5\">E<\/p>\n<p class=\"s5\">mm<\/p>\n<\/td>\n<td bgcolor=\"#EF7917\">\n<p class=\"s5\">F<\/p>\n<p class=\"s5\">mm<\/p>\n<\/td>\n<td bgcolor=\"#EF7917\">\n<p class=\"s5\">F1<\/p>\n<p class=\"s5\">mm<\/p>\n<\/td>\n<td bgcolor=\"#EF7917\">\n<p class=\"s5\">X<\/p>\n<p class=\"s5\">mm<\/p>\n<\/td>\n<\/tr>\n<tr>\n<td bgcolor=\"#EDEDED\">\n<p class=\"s6\">WH 12<\/p>\n<\/td>\n<td bgcolor=\"#EDEDED\">\n<p class=\"s7\">1213<\/p>\n<\/td>\n<td bgcolor=\"#EDEDED\">\n<p class=\"s7\">70<\/p>\n<\/td>\n<td bgcolor=\"#EDEDED\">\n<p class=\"s7\">65<\/p>\n<\/td>\n<td bgcolor=\"#EDEDED\">\n<p class=\"s7\">64.5<\/p>\n<\/td>\n<td bgcolor=\"#EDEDED\">\n<p class=\"s7\">25<\/p>\n<\/td>\n<td bgcolor=\"#EDEDED\">\n<p class=\"s7\">9<\/p>\n<\/td>\n<td bgcolor=\"#EDEDED\">\n<p class=\"s7\">10<\/p>\n<\/td>\n<td bgcolor=\"#EDEDED\">\n<p class=\"s7\">&#8211;<\/p>\n<\/td>\n<td bgcolor=\"#EDEDED\">\n<p class=\"s7\">&#8211;<\/p>\n<\/td>\n<\/tr>\n<tr>\n<td bgcolor=\"#DADADA\">\n<p class=\"s6\">WH 16<\/p>\n<\/td>\n<td bgcolor=\"#DADADA\">\n<p class=\"s7\">1610<\/p>\n<\/td>\n<td bgcolor=\"#DADADA\">\n<p class=\"s7\">83<\/p>\n<\/td>\n<td bgcolor=\"#DADADA\">\n<p class=\"s7\">75<\/p>\n<\/td>\n<td bgcolor=\"#DADADA\">\n<p class=\"s7\">74.5<\/p>\n<\/td>\n<td bgcolor=\"#DADADA\">\n<p class=\"s7\">25<\/p>\n<\/td>\n<td bgcolor=\"#DADADA\">\n<p class=\"s7\">9<\/p>\n<\/td>\n<td bgcolor=\"#DADADA\">\n<p class=\"s7\">10<\/p>\n<\/td>\n<td bgcolor=\"#DADADA\">\n<p class=\"s7\">&#8211;<\/p>\n<\/td>\n<td bgcolor=\"#DADADA\">\n<p class=\"s7\">&#8211;<\/p>\n<\/td>\n<\/tr>\n<tr>\n<td bgcolor=\"#EDEDED\">\n<p class=\"s6\">WH 20<\/p>\n<\/td>\n<td bgcolor=\"#EDEDED\">\n<p class=\"s7\">2012<\/p>\n<\/td>\n<td bgcolor=\"#EDEDED\">\n<p class=\"s7\">95<\/p>\n<\/td>\n<td bgcolor=\"#EDEDED\">\n<p class=\"s7\">90<\/p>\n<\/td>\n<td bgcolor=\"#EDEDED\">\n<p class=\"s7\">89.5<\/p>\n<\/td>\n<td bgcolor=\"#EDEDED\">\n<p class=\"s7\">32<\/p>\n<\/td>\n<td bgcolor=\"#EDEDED\">\n<p class=\"s7\">12<\/p>\n<\/td>\n<td bgcolor=\"#EDEDED\">\n<p class=\"s7\">12<\/p>\n<\/td>\n<td bgcolor=\"#EDEDED\">\n<p class=\"s7\">&#8211;<\/p>\n<\/td>\n<td bgcolor=\"#EDEDED\">\n<p class=\"s7\">&#8211;<\/p>\n<\/td>\n<\/tr>\n<tr>\n<td bgcolor=\"#DADADA\">\n<p class=\"s6\">WH 25<\/p>\n<\/td>\n<td bgcolor=\"#DADADA\">\n<p class=\"s7\">2517<\/p>\n<\/td>\n<td bgcolor=\"#DADADA\">\n<p class=\"s7\">115<\/p>\n<\/td>\n<td bgcolor=\"#DADADA\">\n<p class=\"s7\">110<\/p>\n<\/td>\n<td bgcolor=\"#DADADA\">\n<p class=\"s7\">109.5<\/p>\n<\/td>\n<td bgcolor=\"#DADADA\">\n<p class=\"s7\">45<\/p>\n<\/td>\n<td bgcolor=\"#DADADA\">\n<p class=\"s7\">19<\/p>\n<\/td>\n<td bgcolor=\"#DADADA\">\n<p class=\"s7\">15<\/p>\n<\/td>\n<td bgcolor=\"#DADADA\">\n<p class=\"s7\">&#8211;<\/p>\n<\/td>\n<td bgcolor=\"#DADADA\">\n<p class=\"s7\">&#8211;<\/p>\n<\/td>\n<\/tr>\n<tr>\n<td bgcolor=\"#EDEDED\">\n<p class=\"s6\">WH 30<\/p>\n<\/td>\n<td bgcolor=\"#EDEDED\">\n<p class=\"s7\">3020<\/p>\n<\/td>\n<td bgcolor=\"#EDEDED\">\n<p class=\"s7\">145<\/p>\n<\/td>\n<td bgcolor=\"#EDEDED\">\n<p class=\"s7\">140<\/p>\n<\/td>\n<td bgcolor=\"#EDEDED\">\n<p class=\"s7\">139.5<\/p>\n<\/td>\n<td bgcolor=\"#EDEDED\">\n<p class=\"s7\">51<\/p>\n<\/td>\n<td bgcolor=\"#EDEDED\">\n<p class=\"s7\">20<\/p>\n<\/td>\n<td bgcolor=\"#EDEDED\">\n<p class=\"s7\">15<\/p>\n<\/td>\n<td bgcolor=\"#EDEDED\">\n<p class=\"s7\">21<\/p>\n<\/td>\n<td bgcolor=\"#EDEDED\">\n<p class=\"s7\">14<\/p>\n<\/td>\n<\/tr>\n<tr>\n<td bgcolor=\"#DADADA\">\n<p class=\"s6\">WH 35<\/p>\n<\/td>\n<td bgcolor=\"#DADADA\">\n<p class=\"s7\">3525<\/p>\n<\/td>\n<td bgcolor=\"#DADADA\">\n<p class=\"s7\">190<\/p>\n<\/td>\n<td bgcolor=\"#DADADA\">\n<p class=\"s7\">180<\/p>\n<\/td>\n<td bgcolor=\"#DADADA\">\n<p class=\"s7\">179.5<\/p>\n<\/td>\n<td bgcolor=\"#DADADA\">\n<p class=\"s7\">65<\/p>\n<\/td>\n<td bgcolor=\"#DADADA\">\n<p class=\"s7\">25<\/p>\n<\/td>\n<td bgcolor=\"#DADADA\">\n<p class=\"s7\">25<\/p>\n<\/td>\n<td bgcolor=\"#DADADA\">\n<p class=\"s7\">31<\/p>\n<\/td>\n<td bgcolor=\"#DADADA\">\n<p class=\"s7\">19<\/p>\n<\/td>\n<\/tr>\n<tr>\n<td bgcolor=\"#EDEDED\">\n<p class=\"s6\">WH 40<\/p>\n<\/td>\n<td bgcolor=\"#EDEDED\">\n<p class=\"s7\">4040<\/p>\n<\/td>\n<td bgcolor=\"#EDEDED\">\n<p class=\"s7\">200<\/p>\n<\/td>\n<td bgcolor=\"#EDEDED\">\n<p class=\"s7\">190<\/p>\n<\/td>\n<td bgcolor=\"#EDEDED\">\n<p class=\"s7\">189.5<\/p>\n<\/td>\n<td bgcolor=\"#EDEDED\">\n<p class=\"s7\">102<\/p>\n<\/td>\n<td bgcolor=\"#EDEDED\">\n<p class=\"s7\">32<\/p>\n<\/td>\n<td bgcolor=\"#EDEDED\">\n<p class=\"s7\">30<\/p>\n<\/td>\n<td bgcolor=\"#EDEDED\">\n<p class=\"s7\">27<\/p>\n<\/td>\n<td bgcolor=\"#EDEDED\">\n<p class=\"s7\">22<\/p>\n<\/td>\n<\/tr>\n<tr>\n<td bgcolor=\"#DADADA\">\n<p class=\"s6\">WH 45<\/p>\n<\/td>\n<td bgcolor=\"#DADADA\">\n<p class=\"s7\">4545<\/p>\n<\/td>\n<td bgcolor=\"#DADADA\">\n<p class=\"s7\">210<\/p>\n<\/td>\n<td bgcolor=\"#DADADA\">\n<p class=\"s7\">200<\/p>\n<\/td>\n<td bgcolor=\"#DADADA\">\n<p class=\"s7\">199.5<\/p>\n<\/td>\n<td bgcolor=\"#DADADA\">\n<p class=\"s7\">114<\/p>\n<\/td>\n<td bgcolor=\"#DADADA\">\n<p class=\"s7\">40<\/p>\n<\/td>\n<td bgcolor=\"#DADADA\">\n<p class=\"s7\">30<\/p>\n<\/td>\n<td bgcolor=\"#DADADA\">\n<p class=\"s7\">33<\/p>\n<\/td>\n<td bgcolor=\"#DADADA\">\n<p class=\"s7\">25<\/p>\n<\/td>\n<\/tr>\n<tr>\n<td bgcolor=\"#EDEDED\">\n<p class=\"s6\">WH 50<\/p>\n<\/td>\n<td bgcolor=\"#EDEDED\">\n<p class=\"s7\">5050<\/p>\n<\/td>\n<td bgcolor=\"#EDEDED\">\n<p class=\"s7\">230<\/p>\n<\/td>\n<td bgcolor=\"#EDEDED\">\n<p class=\"s7\">220<\/p>\n<\/td>\n<td bgcolor=\"#EDEDED\">\n<p class=\"s7\">219.5<\/p>\n<\/td>\n<td bgcolor=\"#EDEDED\">\n<p class=\"s7\">127<\/p>\n<\/td>\n<td bgcolor=\"#EDEDED\">\n<p class=\"s7\">40<\/p>\n<\/td>\n<td bgcolor=\"#EDEDED\">\n<p class=\"s7\">35<\/p>\n<\/td>\n<td bgcolor=\"#EDEDED\">\n<p class=\"s7\">37<\/p>\n<\/td>\n<td bgcolor=\"#EDEDED\">\n<p class=\"s7\">20<\/p>\n<\/td>\n<\/tr>\n<\/tbody>\n<\/table>","protected":false},"excerpt":{"rendered":"<p>Wykonane ze stali Montowane przy u\u017cyciu tulei typu Taper-Lock. Ko\u0142nierz piasty stwarza mo\u017cliwo\u015b\u0107 przyspawania jej do wentylator\u00f3w, wirnik\u00f3w, k\u00f3\u0142 \u0142a\u0144cuchowych , pasowych oraz innych urz\u0105dze\u0144. Piasty spawane s\u0105 \u0142atwe w monta\u017cu i znajduj\u0105 zastosowanie w trudnych warunkach eksploatacyjnych. Typ WM Rozmiar Tuleja Taper. A mm B mm C mm D mm E mm F mm [&#8230;]","protected":false},"featured_media":2976,"template":"","meta":[],"product_cat":[343],"product_tag":[95],"class_list":{"0":"post-2975","1":"product","2":"type-product","3":"status-publish","4":"has-post-thumbnail","6":"product_cat-elementy-napedowe","7":"product_tag-desch","9":"first","10":"instock","11":"shipping-taxable","12":"product-type-simple"},"yoast_head":"<!-- This site is optimized with the Yoast SEO plugin v24.0 - https:\/\/yoast.com\/wordpress\/plugins\/seo\/ -->\n<title>Piasty do przyspawania WM\/WH - Radius Radpol - technika nap\u0119d\u00f3w mechanicznych<\/title>\n<meta name=\"description\" content=\"Oferujemy stalowe piasty spawane WM\/WH. Umo\u017cliwiaj\u0105 przyspawanie do wentylator\u00f3w, wirnik\u00f3w, k\u00f3\u0142 \u0142a\u0144cuchowych , pasowych oraz innych urz\u0105dze\u0144.\u00a0\" \/>\n<meta name=\"robots\" content=\"index, follow, max-snippet:-1, max-image-preview:large, max-video-preview:-1\" \/>\n<link rel=\"canonical\" href=\"https:\/\/radius-radpol.pl\/en\/product\/piasty-do-przyspawania-wm-wh\/\" \/>\n<script type=\"application\/ld+json\" class=\"yoast-schema-graph\">{\"@context\":\"https:\/\/schema.org\",\"@graph\":[{\"@type\":\"WebPage\",\"@id\":\"https:\/\/radius-radpol.pl\/produkt\/piasty-do-przyspawania-wm-wh\/\",\"url\":\"https:\/\/radius-radpol.pl\/produkt\/piasty-do-przyspawania-wm-wh\/\",\"name\":\"Piasty do przyspawania WM\/WH - Radius Radpol - technika nap\u0119d\u00f3w mechanicznych\",\"isPartOf\":{\"@id\":\"https:\/\/radius-radpol.pl\/#website\"},\"primaryImageOfPage\":{\"@id\":\"https:\/\/radius-radpol.pl\/produkt\/piasty-do-przyspawania-wm-wh\/#primaryimage\"},\"image\":{\"@id\":\"https:\/\/radius-radpol.pl\/produkt\/piasty-do-przyspawania-wm-wh\/#primaryimage\"},\"thumbnailUrl\":\"https:\/\/radius-radpol.pl\/wp-content\/uploads\/2022\/05\/piasta-do-przyspawania-pod-taperlock-wm-121.jpg\",\"datePublished\":\"2022-05-18T07:57:38+00:00\",\"dateModified\":\"2024-08-08T09:24:57+00:00\",\"description\":\"Oferujemy stalowe piasty spawane WM\/WH. Umo\u017cliwiaj\u0105 przyspawanie do wentylator\u00f3w, wirnik\u00f3w, k\u00f3\u0142 \u0142a\u0144cuchowych , pasowych oraz innych urz\u0105dze\u0144.\u00a0\",\"breadcrumb\":{\"@id\":\"https:\/\/radius-radpol.pl\/produkt\/piasty-do-przyspawania-wm-wh\/#breadcrumb\"},\"inLanguage\":\"en-US\",\"potentialAction\":[{\"@type\":\"ReadAction\",\"target\":[\"https:\/\/radius-radpol.pl\/produkt\/piasty-do-przyspawania-wm-wh\/\"]}]},{\"@type\":\"ImageObject\",\"inLanguage\":\"en-US\",\"@id\":\"https:\/\/radius-radpol.pl\/produkt\/piasty-do-przyspawania-wm-wh\/#primaryimage\",\"url\":\"https:\/\/radius-radpol.pl\/wp-content\/uploads\/2022\/05\/piasta-do-przyspawania-pod-taperlock-wm-121.jpg\",\"contentUrl\":\"https:\/\/radius-radpol.pl\/wp-content\/uploads\/2022\/05\/piasta-do-przyspawania-pod-taperlock-wm-121.jpg\",\"width\":800,\"height\":800,\"caption\":\"Piasty do przyspawania WM\/WH\"},{\"@type\":\"BreadcrumbList\",\"@id\":\"https:\/\/radius-radpol.pl\/produkt\/piasty-do-przyspawania-wm-wh\/#breadcrumb\",\"itemListElement\":[{\"@type\":\"ListItem\",\"position\":1,\"name\":\"Strona g\u0142\u00f3wna\",\"item\":\"https:\/\/radius-radpol.pl\/\"},{\"@type\":\"ListItem\",\"position\":2,\"name\":\"Produkty\",\"item\":\"https:\/\/radius-radpol.pl\/produkty\/\"},{\"@type\":\"ListItem\",\"position\":3,\"name\":\"Piasty do przyspawania WM\/WH\"}]},{\"@type\":\"WebSite\",\"@id\":\"https:\/\/radius-radpol.pl\/#website\",\"url\":\"https:\/\/radius-radpol.pl\/\",\"name\":\"Radius Radpol\",\"description\":\"Technika nap\u0119d\u00f3w mechanicznych\",\"publisher\":{\"@id\":\"https:\/\/radius-radpol.pl\/#organization\"},\"potentialAction\":[{\"@type\":\"SearchAction\",\"target\":{\"@type\":\"EntryPoint\",\"urlTemplate\":\"https:\/\/radius-radpol.pl\/?s={search_term_string}\"},\"query-input\":{\"@type\":\"PropertyValueSpecification\",\"valueRequired\":true,\"valueName\":\"search_term_string\"}}],\"inLanguage\":\"en-US\"},{\"@type\":\"Organization\",\"@id\":\"https:\/\/radius-radpol.pl\/#organization\",\"name\":\"Radius Radpol\",\"url\":\"https:\/\/radius-radpol.pl\/\",\"logo\":{\"@type\":\"ImageObject\",\"inLanguage\":\"en-US\",\"@id\":\"https:\/\/radius-radpol.pl\/#\/schema\/logo\/image\/\",\"url\":\"https:\/\/radius-radpol.pl\/wp-content\/uploads\/2021\/10\/Radius-LOGO4.png\",\"contentUrl\":\"https:\/\/radius-radpol.pl\/wp-content\/uploads\/2021\/10\/Radius-LOGO4.png\",\"width\":1500,\"height\":900,\"caption\":\"Radius Radpol\"},\"image\":{\"@id\":\"https:\/\/radius-radpol.pl\/#\/schema\/logo\/image\/\"}}]}<\/script>\n<!-- \/ Yoast SEO plugin. -->","yoast_head_json":{"title":"Piasty do przyspawania WM\/WH - Radius Radpol - technika nap\u0119d\u00f3w mechanicznych","description":"Oferujemy stalowe piasty spawane WM\/WH. Umo\u017cliwiaj\u0105 przyspawanie do wentylator\u00f3w, wirnik\u00f3w, k\u00f3\u0142 \u0142a\u0144cuchowych , pasowych oraz innych urz\u0105dze\u0144.\u00a0","robots":{"index":"index","follow":"follow","max-snippet":"max-snippet:-1","max-image-preview":"max-image-preview:large","max-video-preview":"max-video-preview:-1"},"canonical":"https:\/\/radius-radpol.pl\/en\/product\/piasty-do-przyspawania-wm-wh\/","schema":{"@context":"https:\/\/schema.org","@graph":[{"@type":"WebPage","@id":"https:\/\/radius-radpol.pl\/produkt\/piasty-do-przyspawania-wm-wh\/","url":"https:\/\/radius-radpol.pl\/produkt\/piasty-do-przyspawania-wm-wh\/","name":"Piasty do przyspawania WM\/WH - Radius Radpol - technika nap\u0119d\u00f3w mechanicznych","isPartOf":{"@id":"https:\/\/radius-radpol.pl\/#website"},"primaryImageOfPage":{"@id":"https:\/\/radius-radpol.pl\/produkt\/piasty-do-przyspawania-wm-wh\/#primaryimage"},"image":{"@id":"https:\/\/radius-radpol.pl\/produkt\/piasty-do-przyspawania-wm-wh\/#primaryimage"},"thumbnailUrl":"https:\/\/radius-radpol.pl\/wp-content\/uploads\/2022\/05\/piasta-do-przyspawania-pod-taperlock-wm-121.jpg","datePublished":"2022-05-18T07:57:38+00:00","dateModified":"2024-08-08T09:24:57+00:00","description":"Oferujemy stalowe piasty spawane WM\/WH. Umo\u017cliwiaj\u0105 przyspawanie do wentylator\u00f3w, wirnik\u00f3w, k\u00f3\u0142 \u0142a\u0144cuchowych , pasowych oraz innych urz\u0105dze\u0144.\u00a0","breadcrumb":{"@id":"https:\/\/radius-radpol.pl\/produkt\/piasty-do-przyspawania-wm-wh\/#breadcrumb"},"inLanguage":"en-US","potentialAction":[{"@type":"ReadAction","target":["https:\/\/radius-radpol.pl\/produkt\/piasty-do-przyspawania-wm-wh\/"]}]},{"@type":"ImageObject","inLanguage":"en-US","@id":"https:\/\/radius-radpol.pl\/produkt\/piasty-do-przyspawania-wm-wh\/#primaryimage","url":"https:\/\/radius-radpol.pl\/wp-content\/uploads\/2022\/05\/piasta-do-przyspawania-pod-taperlock-wm-121.jpg","contentUrl":"https:\/\/radius-radpol.pl\/wp-content\/uploads\/2022\/05\/piasta-do-przyspawania-pod-taperlock-wm-121.jpg","width":800,"height":800,"caption":"Piasty do przyspawania WM\/WH"},{"@type":"BreadcrumbList","@id":"https:\/\/radius-radpol.pl\/produkt\/piasty-do-przyspawania-wm-wh\/#breadcrumb","itemListElement":[{"@type":"ListItem","position":1,"name":"Strona g\u0142\u00f3wna","item":"https:\/\/radius-radpol.pl\/"},{"@type":"ListItem","position":2,"name":"Produkty","item":"https:\/\/radius-radpol.pl\/produkty\/"},{"@type":"ListItem","position":3,"name":"Piasty do przyspawania WM\/WH"}]},{"@type":"WebSite","@id":"https:\/\/radius-radpol.pl\/#website","url":"https:\/\/radius-radpol.pl\/","name":"Radius Radpol","description":"Technika nap\u0119d\u00f3w mechanicznych","publisher":{"@id":"https:\/\/radius-radpol.pl\/#organization"},"potentialAction":[{"@type":"SearchAction","target":{"@type":"EntryPoint","urlTemplate":"https:\/\/radius-radpol.pl\/?s={search_term_string}"},"query-input":{"@type":"PropertyValueSpecification","valueRequired":true,"valueName":"search_term_string"}}],"inLanguage":"en-US"},{"@type":"Organization","@id":"https:\/\/radius-radpol.pl\/#organization","name":"Radius Radpol","url":"https:\/\/radius-radpol.pl\/","logo":{"@type":"ImageObject","inLanguage":"en-US","@id":"https:\/\/radius-radpol.pl\/#\/schema\/logo\/image\/","url":"https:\/\/radius-radpol.pl\/wp-content\/uploads\/2021\/10\/Radius-LOGO4.png","contentUrl":"https:\/\/radius-radpol.pl\/wp-content\/uploads\/2021\/10\/Radius-LOGO4.png","width":1500,"height":900,"caption":"Radius Radpol"},"image":{"@id":"https:\/\/radius-radpol.pl\/#\/schema\/logo\/image\/"}}]}},"_links":{"self":[{"href":"https:\/\/radius-radpol.pl\/en\/wp-json\/wp\/v2\/product\/2975","targetHints":{"allow":["GET"]}}],"collection":[{"href":"https:\/\/radius-radpol.pl\/en\/wp-json\/wp\/v2\/product"}],"about":[{"href":"https:\/\/radius-radpol.pl\/en\/wp-json\/wp\/v2\/types\/product"}],"wp:featuredmedia":[{"embeddable":true,"href":"https:\/\/radius-radpol.pl\/en\/wp-json\/wp\/v2\/media\/2976"}],"wp:attachment":[{"href":"https:\/\/radius-radpol.pl\/en\/wp-json\/wp\/v2\/media?parent=2975"}],"wp:term":[{"taxonomy":"product_cat","embeddable":true,"href":"https:\/\/radius-radpol.pl\/en\/wp-json\/wp\/v2\/product_cat?post=2975"},{"taxonomy":"product_tag","embeddable":true,"href":"https:\/\/radius-radpol.pl\/en\/wp-json\/wp\/v2\/product_tag?post=2975"}],"curies":[{"name":"wp","href":"https:\/\/api.w.org\/{rel}","templated":true}]}}