{"id":2972,"date":"2022-05-18T07:51:00","date_gmt":"2022-05-18T07:51:00","guid":{"rendered":"https:\/\/radius-radpol.pl\/?post_type=product&#038;p=2972"},"modified":"2024-08-08T09:25:34","modified_gmt":"2024-08-08T09:25:34","slug":"tuleje-taper-lock","status":"publish","type":"product","link":"https:\/\/radius-radpol.pl\/en\/product\/tuleje-taper-lock\/","title":{"rendered":"Taper Bushes"},"content":{"rendered":"<ul>\n<li>A bushing system that allows the pulley to be mounted and centered on the shaft<\/li>\n<li>Range of possible holes: from 12mm to 125mm.<\/li>\n<li>Each bushing has a normative groove cut for the wedge<\/li>\n<\/ul>\n<p>&nbsp;<\/p>\n<p>&nbsp;<\/p>\n<p>&nbsp;<\/p>","protected":false},"excerpt":{"rendered":"<p>System tulei, kt\u00f3ry umo\u017cliwia zamontowanie oraz wycentrowanie ko\u0142a pasowego na wa\u0142ku Zakres mo\u017cliwych otwor\u00f3w: od 12mm do 125mm. Ka\u017cda tuleja posiada wyci\u0119ty normatywny rowek pod klin &nbsp; &nbsp; &nbsp;<\/p>","protected":false},"featured_media":2973,"template":"","meta":[],"product_cat":[343],"product_tag":[95],"class_list":{"0":"post-2972","1":"product","2":"type-product","3":"status-publish","4":"has-post-thumbnail","6":"product_cat-elementy-napedowe","7":"product_tag-desch","9":"first","10":"instock","11":"shipping-taxable","12":"product-type-simple"},"yoast_head":"<!-- This site is optimized with the Yoast SEO plugin v24.0 - https:\/\/yoast.com\/wordpress\/plugins\/seo\/ -->\n<title>Tuleje Taper-Lock - Radius Radpol - technika nap\u0119d\u00f3w mechanicznych<\/title>\n<meta name=\"description\" content=\"Oferujemy tuleje Taper-Lock, umo\u017c\u0142iwiaj\u0105ce zamontowanie oraz wycentrowanie ko\u0142a pasowego na wa\u0142ku.\" \/>\n<meta name=\"robots\" content=\"index, follow, max-snippet:-1, max-image-preview:large, max-video-preview:-1\" \/>\n<link rel=\"canonical\" href=\"https:\/\/radius-radpol.pl\/en\/product\/tuleje-taper-lock\/\" \/>\n<script type=\"application\/ld+json\" class=\"yoast-schema-graph\">{\"@context\":\"https:\/\/schema.org\",\"@graph\":[{\"@type\":\"WebPage\",\"@id\":\"https:\/\/radius-radpol.pl\/produkt\/tuleje-taper-lock\/\",\"url\":\"https:\/\/radius-radpol.pl\/produkt\/tuleje-taper-lock\/\",\"name\":\"Tuleje Taper-Lock - Radius Radpol - technika nap\u0119d\u00f3w mechanicznych\",\"isPartOf\":{\"@id\":\"https:\/\/radius-radpol.pl\/#website\"},\"primaryImageOfPage\":{\"@id\":\"https:\/\/radius-radpol.pl\/produkt\/tuleje-taper-lock\/#primaryimage\"},\"image\":{\"@id\":\"https:\/\/radius-radpol.pl\/produkt\/tuleje-taper-lock\/#primaryimage\"},\"thumbnailUrl\":\"https:\/\/radius-radpol.pl\/wp-content\/uploads\/2022\/05\/TAPER1.jpg\",\"datePublished\":\"2022-05-18T07:51:00+00:00\",\"dateModified\":\"2024-08-08T09:25:34+00:00\",\"description\":\"Oferujemy tuleje Taper-Lock, umo\u017c\u0142iwiaj\u0105ce zamontowanie oraz wycentrowanie ko\u0142a pasowego na wa\u0142ku.\",\"breadcrumb\":{\"@id\":\"https:\/\/radius-radpol.pl\/produkt\/tuleje-taper-lock\/#breadcrumb\"},\"inLanguage\":\"en-US\",\"potentialAction\":[{\"@type\":\"ReadAction\",\"target\":[\"https:\/\/radius-radpol.pl\/produkt\/tuleje-taper-lock\/\"]}]},{\"@type\":\"ImageObject\",\"inLanguage\":\"en-US\",\"@id\":\"https:\/\/radius-radpol.pl\/produkt\/tuleje-taper-lock\/#primaryimage\",\"url\":\"https:\/\/radius-radpol.pl\/wp-content\/uploads\/2022\/05\/TAPER1.jpg\",\"contentUrl\":\"https:\/\/radius-radpol.pl\/wp-content\/uploads\/2022\/05\/TAPER1.jpg\",\"width\":1013,\"height\":1200,\"caption\":\"Tuleje Taper-Lock\"},{\"@type\":\"BreadcrumbList\",\"@id\":\"https:\/\/radius-radpol.pl\/produkt\/tuleje-taper-lock\/#breadcrumb\",\"itemListElement\":[{\"@type\":\"ListItem\",\"position\":1,\"name\":\"Strona g\u0142\u00f3wna\",\"item\":\"https:\/\/radius-radpol.pl\/\"},{\"@type\":\"ListItem\",\"position\":2,\"name\":\"Produkty\",\"item\":\"https:\/\/radius-radpol.pl\/produkty\/\"},{\"@type\":\"ListItem\",\"position\":3,\"name\":\"Tuleje Taper-Lock\"}]},{\"@type\":\"WebSite\",\"@id\":\"https:\/\/radius-radpol.pl\/#website\",\"url\":\"https:\/\/radius-radpol.pl\/\",\"name\":\"Radius Radpol\",\"description\":\"Technika nap\u0119d\u00f3w mechanicznych\",\"publisher\":{\"@id\":\"https:\/\/radius-radpol.pl\/#organization\"},\"potentialAction\":[{\"@type\":\"SearchAction\",\"target\":{\"@type\":\"EntryPoint\",\"urlTemplate\":\"https:\/\/radius-radpol.pl\/?s={search_term_string}\"},\"query-input\":{\"@type\":\"PropertyValueSpecification\",\"valueRequired\":true,\"valueName\":\"search_term_string\"}}],\"inLanguage\":\"en-US\"},{\"@type\":\"Organization\",\"@id\":\"https:\/\/radius-radpol.pl\/#organization\",\"name\":\"Radius Radpol\",\"url\":\"https:\/\/radius-radpol.pl\/\",\"logo\":{\"@type\":\"ImageObject\",\"inLanguage\":\"en-US\",\"@id\":\"https:\/\/radius-radpol.pl\/#\/schema\/logo\/image\/\",\"url\":\"https:\/\/radius-radpol.pl\/wp-content\/uploads\/2021\/10\/Radius-LOGO4.png\",\"contentUrl\":\"https:\/\/radius-radpol.pl\/wp-content\/uploads\/2021\/10\/Radius-LOGO4.png\",\"width\":1500,\"height\":900,\"caption\":\"Radius Radpol\"},\"image\":{\"@id\":\"https:\/\/radius-radpol.pl\/#\/schema\/logo\/image\/\"}}]}<\/script>\n<!-- \/ Yoast SEO plugin. -->","yoast_head_json":{"title":"Tuleje Taper-Lock - Radius Radpol - technika nap\u0119d\u00f3w mechanicznych","description":"Oferujemy tuleje Taper-Lock, umo\u017c\u0142iwiaj\u0105ce zamontowanie oraz wycentrowanie ko\u0142a pasowego na wa\u0142ku.","robots":{"index":"index","follow":"follow","max-snippet":"max-snippet:-1","max-image-preview":"max-image-preview:large","max-video-preview":"max-video-preview:-1"},"canonical":"https:\/\/radius-radpol.pl\/en\/product\/tuleje-taper-lock\/","schema":{"@context":"https:\/\/schema.org","@graph":[{"@type":"WebPage","@id":"https:\/\/radius-radpol.pl\/produkt\/tuleje-taper-lock\/","url":"https:\/\/radius-radpol.pl\/produkt\/tuleje-taper-lock\/","name":"Tuleje Taper-Lock - Radius Radpol - technika nap\u0119d\u00f3w mechanicznych","isPartOf":{"@id":"https:\/\/radius-radpol.pl\/#website"},"primaryImageOfPage":{"@id":"https:\/\/radius-radpol.pl\/produkt\/tuleje-taper-lock\/#primaryimage"},"image":{"@id":"https:\/\/radius-radpol.pl\/produkt\/tuleje-taper-lock\/#primaryimage"},"thumbnailUrl":"https:\/\/radius-radpol.pl\/wp-content\/uploads\/2022\/05\/TAPER1.jpg","datePublished":"2022-05-18T07:51:00+00:00","dateModified":"2024-08-08T09:25:34+00:00","description":"Oferujemy tuleje Taper-Lock, umo\u017c\u0142iwiaj\u0105ce zamontowanie oraz wycentrowanie ko\u0142a pasowego na wa\u0142ku.","breadcrumb":{"@id":"https:\/\/radius-radpol.pl\/produkt\/tuleje-taper-lock\/#breadcrumb"},"inLanguage":"en-US","potentialAction":[{"@type":"ReadAction","target":["https:\/\/radius-radpol.pl\/produkt\/tuleje-taper-lock\/"]}]},{"@type":"ImageObject","inLanguage":"en-US","@id":"https:\/\/radius-radpol.pl\/produkt\/tuleje-taper-lock\/#primaryimage","url":"https:\/\/radius-radpol.pl\/wp-content\/uploads\/2022\/05\/TAPER1.jpg","contentUrl":"https:\/\/radius-radpol.pl\/wp-content\/uploads\/2022\/05\/TAPER1.jpg","width":1013,"height":1200,"caption":"Tuleje Taper-Lock"},{"@type":"BreadcrumbList","@id":"https:\/\/radius-radpol.pl\/produkt\/tuleje-taper-lock\/#breadcrumb","itemListElement":[{"@type":"ListItem","position":1,"name":"Strona g\u0142\u00f3wna","item":"https:\/\/radius-radpol.pl\/"},{"@type":"ListItem","position":2,"name":"Produkty","item":"https:\/\/radius-radpol.pl\/produkty\/"},{"@type":"ListItem","position":3,"name":"Tuleje Taper-Lock"}]},{"@type":"WebSite","@id":"https:\/\/radius-radpol.pl\/#website","url":"https:\/\/radius-radpol.pl\/","name":"Radius Radpol","description":"Technika nap\u0119d\u00f3w mechanicznych","publisher":{"@id":"https:\/\/radius-radpol.pl\/#organization"},"potentialAction":[{"@type":"SearchAction","target":{"@type":"EntryPoint","urlTemplate":"https:\/\/radius-radpol.pl\/?s={search_term_string}"},"query-input":{"@type":"PropertyValueSpecification","valueRequired":true,"valueName":"search_term_string"}}],"inLanguage":"en-US"},{"@type":"Organization","@id":"https:\/\/radius-radpol.pl\/#organization","name":"Radius Radpol","url":"https:\/\/radius-radpol.pl\/","logo":{"@type":"ImageObject","inLanguage":"en-US","@id":"https:\/\/radius-radpol.pl\/#\/schema\/logo\/image\/","url":"https:\/\/radius-radpol.pl\/wp-content\/uploads\/2021\/10\/Radius-LOGO4.png","contentUrl":"https:\/\/radius-radpol.pl\/wp-content\/uploads\/2021\/10\/Radius-LOGO4.png","width":1500,"height":900,"caption":"Radius Radpol"},"image":{"@id":"https:\/\/radius-radpol.pl\/#\/schema\/logo\/image\/"}}]}},"_links":{"self":[{"href":"https:\/\/radius-radpol.pl\/en\/wp-json\/wp\/v2\/product\/2972","targetHints":{"allow":["GET"]}}],"collection":[{"href":"https:\/\/radius-radpol.pl\/en\/wp-json\/wp\/v2\/product"}],"about":[{"href":"https:\/\/radius-radpol.pl\/en\/wp-json\/wp\/v2\/types\/product"}],"wp:featuredmedia":[{"embeddable":true,"href":"https:\/\/radius-radpol.pl\/en\/wp-json\/wp\/v2\/media\/2973"}],"wp:attachment":[{"href":"https:\/\/radius-radpol.pl\/en\/wp-json\/wp\/v2\/media?parent=2972"}],"wp:term":[{"taxonomy":"product_cat","embeddable":true,"href":"https:\/\/radius-radpol.pl\/en\/wp-json\/wp\/v2\/product_cat?post=2972"},{"taxonomy":"product_tag","embeddable":true,"href":"https:\/\/radius-radpol.pl\/en\/wp-json\/wp\/v2\/product_tag?post=2972"}],"curies":[{"name":"wp","href":"https:\/\/api.w.org\/{rel}","templated":true}]}}