{"id":2850,"date":"2021-10-27T07:22:03","date_gmt":"2021-10-27T07:22:03","guid":{"rendered":"https:\/\/radius-radpol.pl\/?post_type=product&#038;p=2850"},"modified":"2024-08-08T09:26:09","modified_gmt":"2024-08-08T09:26:09","slug":"stoly-obrotowe-camco","status":"publish","type":"product","link":"https:\/\/radius-radpol.pl\/en\/product\/stoly-obrotowe-camco\/","title":{"rendered":"Rotary tables CAMCO"},"content":{"rendered":"<p><strong>Sto\u0142y obrotowe CAMCO GTB<\/strong> firmy DESTACO to najl\u017cejsze, najbardziej kompaktowe i precyzyjne pozycjonery serwo na rynku. Wyj\u0105tkowo ma\u0142ogabarytowa konstrukcja zapewniaj\u0105ca wysoki moment obrotowy. Modele te s\u0105 dost\u0119pne w czterech rozmiarach, konfiguracjach monta\u017cu poziomego lub pionowego i s\u0105 nasmarowane na ca\u0142y okres eksploatacji.<br \/>\nDu\u017ca \u015brednica otworu przelotowego.<br \/>\nGTB ma o 34% ni\u017csz\u0105 wysoko\u015b\u0107 i 64% mniejsz\u0105 wag\u0119 w por\u00f3wnaniu z konkurencyjnymi modelami, jednocze\u015bnie b\u0119d\u0105c w stanie zapewni\u0107 1,4 razy wi\u0119kszy moment obrotowy.<br \/>\nTe sto\u0142y obrotowe \u0142atwo integruje si\u0119 z serwomotorami r\u00f3\u017cnych producent\u00f3w: Allen Bradley Mitsubishi AMK Panasonic Mitsubishi FANUC Keyence KUKA Sanyo SEW Siemens Yaskawa.<br \/>\n<a href=\"https:\/\/www.destaco.com\/products\/servo-positioners-gtb\">https:\/\/www.destaco.com\/products\/servo-positioners-gtb<\/a><\/p>\n<p><a href=\"https:\/\/radius-radpol.pl\/wp-content\/uploads\/2021\/10\/camco.png\"><img loading=\"lazy\" decoding=\"async\" class=\"alignnone wp-image-2851 size-full\" title=\"Sto\u0142y obrotowe CAMCO GTB\" src=\"https:\/\/radius-radpol.pl\/wp-content\/uploads\/2021\/10\/camco.png\" alt=\"Sto\u0142y obrotowe CAMCO GTB\" width=\"540\" height=\"378\" srcset=\"https:\/\/radius-radpol.pl\/wp-content\/uploads\/2021\/10\/camco.png 540w, https:\/\/radius-radpol.pl\/wp-content\/uploads\/2021\/10\/camco-510x357.png 510w\" sizes=\"auto, (max-width: 540px) 100vw, 540px\" \/><\/a><\/p>\n<p>&nbsp;<\/p>\n<p><strong>Camco RDM indeksery<\/strong> to linia nap\u0119dzanych krzywk\u0105 nap\u0119d\u00f3w z obrotowym indeksowaniem, zaprojektowanych do p\u0142ynnego i precyzyjnego przemieszczania szerokiej gamy produkt\u00f3w i komponent\u00f3w. Wst\u0119pnie monta\u017c bez luz\u00f3w. S\u0105 zdolne do obs\u0142ugi du\u017cych obci\u0105\u017ce\u0144 i pr\u0119dko\u015bci z kontrolowanym przyspieszaniem i zwalnianiem dla powtarzalnego, dok\u0142adnego pozycjonowania.<\/p>\n<p><a href=\"https:\/\/radius-radpol.pl\/wp-content\/uploads\/2021\/10\/camco2.png\"><img loading=\"lazy\" decoding=\"async\" class=\"alignnone wp-image-2852 size-full\" title=\"Indeksery Camco RDM\" src=\"https:\/\/radius-radpol.pl\/wp-content\/uploads\/2021\/10\/camco2.png\" alt=\"Indeksery Camco RDM\" width=\"513\" height=\"455\" srcset=\"https:\/\/radius-radpol.pl\/wp-content\/uploads\/2021\/10\/camco2.png 513w, https:\/\/radius-radpol.pl\/wp-content\/uploads\/2021\/10\/camco2-451x400.png 451w, https:\/\/radius-radpol.pl\/wp-content\/uploads\/2021\/10\/camco2-510x452.png 510w\" sizes=\"auto, (max-width: 513px) 100vw, 513px\" \/><\/a><\/p>\n<p>&nbsp;<\/p>\n<p><strong>Mened\u017cer Produktu<\/strong><\/p>\n<h4><strong>Stanis\u0142aw Surosz<\/strong><br \/>\nTel. kom. +48 665 324 927<br \/>\ne-mail: stanislaw.surosz@radius-radpol.com.pl<\/h4>","protected":false},"excerpt":{"rendered":"<p>Sto\u0142y obrotowe CAMCO GTB firmy DESTACO to najl\u017cejsze, najbardziej kompaktowe i precyzyjne pozycjonery serwo na rynku. Wyj\u0105tkowo ma\u0142ogabarytowa konstrukcja zapewniaj\u0105ca wysoki moment obrotowy. Modele te s\u0105 dost\u0119pne w czterech rozmiarach, konfiguracjach monta\u017cu poziomego lub pionowego i s\u0105 nasmarowane na ca\u0142y okres eksploatacji. Du\u017ca \u015brednica otworu przelotowego. GTB ma o 34% ni\u017csz\u0105 wysoko\u015b\u0107 i 64% mniejsz\u0105 [&#8230;]","protected":false},"featured_media":2853,"template":"","meta":[],"product_cat":[113],"product_tag":[99],"class_list":{"0":"post-2850","1":"product","2":"type-product","3":"status-publish","4":"has-post-thumbnail","6":"product_cat-rozwiazania-dedykowane","7":"product_tag-destaco","9":"first","10":"instock","11":"shipping-taxable","12":"product-type-simple"},"yoast_head":"<!-- This site is optimized with the Yoast SEO plugin v24.0 - https:\/\/yoast.com\/wordpress\/plugins\/seo\/ -->\n<title>Sto\u0142y obrotowe CAMCO - Radius Radpol - technika nap\u0119d\u00f3w mechanicznych<\/title>\n<meta name=\"description\" content=\"Oferujemy sto\u0142y obrotowe CAMCO GTB firmy DESTACO. S\u0105 to najl\u017cejsze, najbardziej kompaktowe i precyzyjne pozycjonery serwo na rynku.\" \/>\n<meta name=\"robots\" content=\"index, follow, max-snippet:-1, max-image-preview:large, max-video-preview:-1\" \/>\n<link rel=\"canonical\" href=\"https:\/\/radius-radpol.pl\/en\/product\/stoly-obrotowe-camco\/\" \/>\n<script type=\"application\/ld+json\" class=\"yoast-schema-graph\">{\"@context\":\"https:\/\/schema.org\",\"@graph\":[{\"@type\":\"WebPage\",\"@id\":\"https:\/\/radius-radpol.pl\/produkt\/stoly-obrotowe-camco\/\",\"url\":\"https:\/\/radius-radpol.pl\/produkt\/stoly-obrotowe-camco\/\",\"name\":\"Sto\u0142y obrotowe CAMCO - Radius Radpol - technika nap\u0119d\u00f3w mechanicznych\",\"isPartOf\":{\"@id\":\"https:\/\/radius-radpol.pl\/#website\"},\"primaryImageOfPage\":{\"@id\":\"https:\/\/radius-radpol.pl\/produkt\/stoly-obrotowe-camco\/#primaryimage\"},\"image\":{\"@id\":\"https:\/\/radius-radpol.pl\/produkt\/stoly-obrotowe-camco\/#primaryimage\"},\"thumbnailUrl\":\"https:\/\/radius-radpol.pl\/wp-content\/uploads\/2021\/10\/camco-1.png\",\"datePublished\":\"2021-10-27T07:22:03+00:00\",\"dateModified\":\"2024-08-08T09:26:09+00:00\",\"description\":\"Oferujemy sto\u0142y obrotowe CAMCO GTB firmy DESTACO. S\u0105 to najl\u017cejsze, najbardziej kompaktowe i precyzyjne pozycjonery serwo na rynku.\",\"breadcrumb\":{\"@id\":\"https:\/\/radius-radpol.pl\/produkt\/stoly-obrotowe-camco\/#breadcrumb\"},\"inLanguage\":\"en-US\",\"potentialAction\":[{\"@type\":\"ReadAction\",\"target\":[\"https:\/\/radius-radpol.pl\/produkt\/stoly-obrotowe-camco\/\"]}]},{\"@type\":\"ImageObject\",\"inLanguage\":\"en-US\",\"@id\":\"https:\/\/radius-radpol.pl\/produkt\/stoly-obrotowe-camco\/#primaryimage\",\"url\":\"https:\/\/radius-radpol.pl\/wp-content\/uploads\/2021\/10\/camco-1.png\",\"contentUrl\":\"https:\/\/radius-radpol.pl\/wp-content\/uploads\/2021\/10\/camco-1.png\",\"width\":540,\"height\":378,\"caption\":\"Sto\u0142y obrotowe CAMCO\"},{\"@type\":\"BreadcrumbList\",\"@id\":\"https:\/\/radius-radpol.pl\/produkt\/stoly-obrotowe-camco\/#breadcrumb\",\"itemListElement\":[{\"@type\":\"ListItem\",\"position\":1,\"name\":\"Strona g\u0142\u00f3wna\",\"item\":\"https:\/\/radius-radpol.pl\/\"},{\"@type\":\"ListItem\",\"position\":2,\"name\":\"Produkty\",\"item\":\"https:\/\/radius-radpol.pl\/produkty\/\"},{\"@type\":\"ListItem\",\"position\":3,\"name\":\"Sto\u0142y obrotowe CAMCO\"}]},{\"@type\":\"WebSite\",\"@id\":\"https:\/\/radius-radpol.pl\/#website\",\"url\":\"https:\/\/radius-radpol.pl\/\",\"name\":\"Radius Radpol\",\"description\":\"Technika nap\u0119d\u00f3w mechanicznych\",\"publisher\":{\"@id\":\"https:\/\/radius-radpol.pl\/#organization\"},\"potentialAction\":[{\"@type\":\"SearchAction\",\"target\":{\"@type\":\"EntryPoint\",\"urlTemplate\":\"https:\/\/radius-radpol.pl\/?s={search_term_string}\"},\"query-input\":{\"@type\":\"PropertyValueSpecification\",\"valueRequired\":true,\"valueName\":\"search_term_string\"}}],\"inLanguage\":\"en-US\"},{\"@type\":\"Organization\",\"@id\":\"https:\/\/radius-radpol.pl\/#organization\",\"name\":\"Radius Radpol\",\"url\":\"https:\/\/radius-radpol.pl\/\",\"logo\":{\"@type\":\"ImageObject\",\"inLanguage\":\"en-US\",\"@id\":\"https:\/\/radius-radpol.pl\/#\/schema\/logo\/image\/\",\"url\":\"https:\/\/radius-radpol.pl\/wp-content\/uploads\/2021\/10\/Radius-LOGO4.png\",\"contentUrl\":\"https:\/\/radius-radpol.pl\/wp-content\/uploads\/2021\/10\/Radius-LOGO4.png\",\"width\":1500,\"height\":900,\"caption\":\"Radius Radpol\"},\"image\":{\"@id\":\"https:\/\/radius-radpol.pl\/#\/schema\/logo\/image\/\"}}]}<\/script>\n<!-- \/ Yoast SEO plugin. -->","yoast_head_json":{"title":"Sto\u0142y obrotowe CAMCO - Radius Radpol - technika nap\u0119d\u00f3w mechanicznych","description":"Oferujemy sto\u0142y obrotowe CAMCO GTB firmy DESTACO. S\u0105 to najl\u017cejsze, najbardziej kompaktowe i precyzyjne pozycjonery serwo na rynku.","robots":{"index":"index","follow":"follow","max-snippet":"max-snippet:-1","max-image-preview":"max-image-preview:large","max-video-preview":"max-video-preview:-1"},"canonical":"https:\/\/radius-radpol.pl\/en\/product\/stoly-obrotowe-camco\/","schema":{"@context":"https:\/\/schema.org","@graph":[{"@type":"WebPage","@id":"https:\/\/radius-radpol.pl\/produkt\/stoly-obrotowe-camco\/","url":"https:\/\/radius-radpol.pl\/produkt\/stoly-obrotowe-camco\/","name":"Sto\u0142y obrotowe CAMCO - Radius Radpol - technika nap\u0119d\u00f3w mechanicznych","isPartOf":{"@id":"https:\/\/radius-radpol.pl\/#website"},"primaryImageOfPage":{"@id":"https:\/\/radius-radpol.pl\/produkt\/stoly-obrotowe-camco\/#primaryimage"},"image":{"@id":"https:\/\/radius-radpol.pl\/produkt\/stoly-obrotowe-camco\/#primaryimage"},"thumbnailUrl":"https:\/\/radius-radpol.pl\/wp-content\/uploads\/2021\/10\/camco-1.png","datePublished":"2021-10-27T07:22:03+00:00","dateModified":"2024-08-08T09:26:09+00:00","description":"Oferujemy sto\u0142y obrotowe CAMCO GTB firmy DESTACO. S\u0105 to najl\u017cejsze, najbardziej kompaktowe i precyzyjne pozycjonery serwo na rynku.","breadcrumb":{"@id":"https:\/\/radius-radpol.pl\/produkt\/stoly-obrotowe-camco\/#breadcrumb"},"inLanguage":"en-US","potentialAction":[{"@type":"ReadAction","target":["https:\/\/radius-radpol.pl\/produkt\/stoly-obrotowe-camco\/"]}]},{"@type":"ImageObject","inLanguage":"en-US","@id":"https:\/\/radius-radpol.pl\/produkt\/stoly-obrotowe-camco\/#primaryimage","url":"https:\/\/radius-radpol.pl\/wp-content\/uploads\/2021\/10\/camco-1.png","contentUrl":"https:\/\/radius-radpol.pl\/wp-content\/uploads\/2021\/10\/camco-1.png","width":540,"height":378,"caption":"Sto\u0142y obrotowe CAMCO"},{"@type":"BreadcrumbList","@id":"https:\/\/radius-radpol.pl\/produkt\/stoly-obrotowe-camco\/#breadcrumb","itemListElement":[{"@type":"ListItem","position":1,"name":"Strona g\u0142\u00f3wna","item":"https:\/\/radius-radpol.pl\/"},{"@type":"ListItem","position":2,"name":"Produkty","item":"https:\/\/radius-radpol.pl\/produkty\/"},{"@type":"ListItem","position":3,"name":"Sto\u0142y obrotowe CAMCO"}]},{"@type":"WebSite","@id":"https:\/\/radius-radpol.pl\/#website","url":"https:\/\/radius-radpol.pl\/","name":"Radius Radpol","description":"Technika nap\u0119d\u00f3w mechanicznych","publisher":{"@id":"https:\/\/radius-radpol.pl\/#organization"},"potentialAction":[{"@type":"SearchAction","target":{"@type":"EntryPoint","urlTemplate":"https:\/\/radius-radpol.pl\/?s={search_term_string}"},"query-input":{"@type":"PropertyValueSpecification","valueRequired":true,"valueName":"search_term_string"}}],"inLanguage":"en-US"},{"@type":"Organization","@id":"https:\/\/radius-radpol.pl\/#organization","name":"Radius Radpol","url":"https:\/\/radius-radpol.pl\/","logo":{"@type":"ImageObject","inLanguage":"en-US","@id":"https:\/\/radius-radpol.pl\/#\/schema\/logo\/image\/","url":"https:\/\/radius-radpol.pl\/wp-content\/uploads\/2021\/10\/Radius-LOGO4.png","contentUrl":"https:\/\/radius-radpol.pl\/wp-content\/uploads\/2021\/10\/Radius-LOGO4.png","width":1500,"height":900,"caption":"Radius Radpol"},"image":{"@id":"https:\/\/radius-radpol.pl\/#\/schema\/logo\/image\/"}}]}},"_links":{"self":[{"href":"https:\/\/radius-radpol.pl\/en\/wp-json\/wp\/v2\/product\/2850","targetHints":{"allow":["GET"]}}],"collection":[{"href":"https:\/\/radius-radpol.pl\/en\/wp-json\/wp\/v2\/product"}],"about":[{"href":"https:\/\/radius-radpol.pl\/en\/wp-json\/wp\/v2\/types\/product"}],"wp:featuredmedia":[{"embeddable":true,"href":"https:\/\/radius-radpol.pl\/en\/wp-json\/wp\/v2\/media\/2853"}],"wp:attachment":[{"href":"https:\/\/radius-radpol.pl\/en\/wp-json\/wp\/v2\/media?parent=2850"}],"wp:term":[{"taxonomy":"product_cat","embeddable":true,"href":"https:\/\/radius-radpol.pl\/en\/wp-json\/wp\/v2\/product_cat?post=2850"},{"taxonomy":"product_tag","embeddable":true,"href":"https:\/\/radius-radpol.pl\/en\/wp-json\/wp\/v2\/product_tag?post=2850"}],"curies":[{"name":"wp","href":"https:\/\/api.w.org\/{rel}","templated":true}]}}