{"id":2241,"date":"2020-07-09T12:41:54","date_gmt":"2020-07-09T12:41:54","guid":{"rendered":"http:\/\/127.0.0.1\/wordpress\/?post_type=product&#038;p=2241"},"modified":"2024-08-08T09:34:42","modified_gmt":"2024-08-08T09:34:42","slug":"sprzegla-wyrownawcze-typ-l","status":"publish","type":"product","link":"https:\/\/radius-radpol.pl\/en\/product\/sprzegla-wyrownawcze-typ-l\/","title":{"rendered":"Compensation couplings type L"},"content":{"rendered":"<h3>W\u0142a\u015bciwo\u015bci<\/h3>\n<p>do du\u017cego przesuni\u0119cia promieniowego \u0142\u0105czonych wa\u0142\u00f3w<br \/>\ndo przesuni\u0119cia k\u0105towego wa\u0142\u00f3w do 3\u00b0<br \/>\nma\u0142e si\u0142y cofaj\u0105ce na s\u0105siaduj\u0105ce maszyny<br \/>\nsprz\u0119g\u0142o sztywne obrotowo<br \/>\nbrak efektu po\u015blizgu<br \/>\nzwarta budowa<br \/>\nprosta konstrukcja<\/p>\n<h3>Budowa<\/h3>\n<p>Sprz\u0119g\u0142o wyr\u00f3wnawcze RINGSPANN opiera si\u0119 na zasadzie sprz\u0119g\u0142a Oldhama. Sk\u0142ada si\u0119 z tarczy wyr\u00f3wnawczej wykonanej z tkaniny utwardzanej \u017cywic\u0105 o wysokiej odporno\u015bci na \u015bcieranie i dw\u00f3chpo\u0142\u00f3wek sprz\u0119g\u0142a za stali lub \u017celiwa sferoidalnego. Przez zastosowanie r\u00f3\u017cnych wykona\u0144 po\u0142\u00f3wek\/piast sprz\u0119g\u0142a powstaj\u0105 r\u00f3\u017cne mo\u017cliwo\u015bci po\u0142\u0105czenia<\/p>\n[pods name=&#8221;indeksy&#8221; slug=&#8221;indeksy&#8221; field=&#8221;indeksy&#8221;]","protected":false},"excerpt":{"rendered":"<p>W\u0142a\u015bciwo\u015bci do du\u017cego przesuni\u0119cia promieniowego \u0142\u0105czonych wa\u0142\u00f3w do przesuni\u0119cia k\u0105towego wa\u0142\u00f3w do 3\u00b0 ma\u0142e si\u0142y cofaj\u0105ce na s\u0105siaduj\u0105ce maszyny sprz\u0119g\u0142o sztywne obrotowo brak efektu po\u015blizgu zwarta budowa prosta konstrukcja Budowa Sprz\u0119g\u0142o wyr\u00f3wnawcze RINGSPANN opiera si\u0119 na zasadzie sprz\u0119g\u0142a Oldhama. Sk\u0142ada si\u0119 z tarczy wyr\u00f3wnawczej wykonanej z tkaniny utwardzanej \u017cywic\u0105 o wysokiej odporno\u015bci na \u015bcieranie i [&#8230;]","protected":false},"featured_media":2269,"template":"","meta":[],"product_cat":[79],"product_tag":[93],"class_list":{"0":"post-2241","1":"product","2":"type-product","3":"status-publish","4":"has-post-thumbnail","6":"product_cat-sprzegla-sztywne","7":"product_tag-ringspann","9":"first","10":"instock","11":"shipping-taxable","12":"product-type-simple"},"yoast_head":"<!-- This site is optimized with the Yoast SEO plugin v24.0 - https:\/\/yoast.com\/wordpress\/plugins\/seo\/ -->\n<title>Sprz\u0119g\u0142a wyr\u00f3wnawcze typ L - Radius Radpol - technika nap\u0119d\u00f3w mechanicznych<\/title>\n<meta name=\"robots\" content=\"index, follow, max-snippet:-1, max-image-preview:large, max-video-preview:-1\" \/>\n<link rel=\"canonical\" href=\"https:\/\/radius-radpol.pl\/en\/product\/sprzegla-wyrownawcze-typ-l\/\" \/>\n<script type=\"application\/ld+json\" class=\"yoast-schema-graph\">{\"@context\":\"https:\/\/schema.org\",\"@graph\":[{\"@type\":\"WebPage\",\"@id\":\"https:\/\/radius-radpol.pl\/produkt\/sprzegla-wyrownawcze-typ-l\/\",\"url\":\"https:\/\/radius-radpol.pl\/produkt\/sprzegla-wyrownawcze-typ-l\/\",\"name\":\"Sprz\u0119g\u0142a wyr\u00f3wnawcze typ L - Radius Radpol - technika nap\u0119d\u00f3w mechanicznych\",\"isPartOf\":{\"@id\":\"https:\/\/radius-radpol.pl\/#website\"},\"primaryImageOfPage\":{\"@id\":\"https:\/\/radius-radpol.pl\/produkt\/sprzegla-wyrownawcze-typ-l\/#primaryimage\"},\"image\":{\"@id\":\"https:\/\/radius-radpol.pl\/produkt\/sprzegla-wyrownawcze-typ-l\/#primaryimage\"},\"thumbnailUrl\":\"https:\/\/radius-radpol.pl\/wp-content\/uploads\/2020\/07\/1-1.png\",\"datePublished\":\"2020-07-09T12:41:54+00:00\",\"dateModified\":\"2024-08-08T09:34:42+00:00\",\"breadcrumb\":{\"@id\":\"https:\/\/radius-radpol.pl\/produkt\/sprzegla-wyrownawcze-typ-l\/#breadcrumb\"},\"inLanguage\":\"en-US\",\"potentialAction\":[{\"@type\":\"ReadAction\",\"target\":[\"https:\/\/radius-radpol.pl\/produkt\/sprzegla-wyrownawcze-typ-l\/\"]}]},{\"@type\":\"ImageObject\",\"inLanguage\":\"en-US\",\"@id\":\"https:\/\/radius-radpol.pl\/produkt\/sprzegla-wyrownawcze-typ-l\/#primaryimage\",\"url\":\"https:\/\/radius-radpol.pl\/wp-content\/uploads\/2020\/07\/1-1.png\",\"contentUrl\":\"https:\/\/radius-radpol.pl\/wp-content\/uploads\/2020\/07\/1-1.png\",\"width\":500,\"height\":500,\"caption\":\"Sprz\u0119g\u0142a wyr\u00f3wnawcze typ L\"},{\"@type\":\"BreadcrumbList\",\"@id\":\"https:\/\/radius-radpol.pl\/produkt\/sprzegla-wyrownawcze-typ-l\/#breadcrumb\",\"itemListElement\":[{\"@type\":\"ListItem\",\"position\":1,\"name\":\"Strona g\u0142\u00f3wna\",\"item\":\"https:\/\/radius-radpol.pl\/\"},{\"@type\":\"ListItem\",\"position\":2,\"name\":\"Produkty\",\"item\":\"https:\/\/radius-radpol.pl\/produkty\/\"},{\"@type\":\"ListItem\",\"position\":3,\"name\":\"Sprz\u0119g\u0142a wyr\u00f3wnawcze typ L\"}]},{\"@type\":\"WebSite\",\"@id\":\"https:\/\/radius-radpol.pl\/#website\",\"url\":\"https:\/\/radius-radpol.pl\/\",\"name\":\"Radius Radpol\",\"description\":\"Technika nap\u0119d\u00f3w mechanicznych\",\"publisher\":{\"@id\":\"https:\/\/radius-radpol.pl\/#organization\"},\"potentialAction\":[{\"@type\":\"SearchAction\",\"target\":{\"@type\":\"EntryPoint\",\"urlTemplate\":\"https:\/\/radius-radpol.pl\/?s={search_term_string}\"},\"query-input\":{\"@type\":\"PropertyValueSpecification\",\"valueRequired\":true,\"valueName\":\"search_term_string\"}}],\"inLanguage\":\"en-US\"},{\"@type\":\"Organization\",\"@id\":\"https:\/\/radius-radpol.pl\/#organization\",\"name\":\"Radius Radpol\",\"url\":\"https:\/\/radius-radpol.pl\/\",\"logo\":{\"@type\":\"ImageObject\",\"inLanguage\":\"en-US\",\"@id\":\"https:\/\/radius-radpol.pl\/#\/schema\/logo\/image\/\",\"url\":\"https:\/\/radius-radpol.pl\/wp-content\/uploads\/2021\/10\/Radius-LOGO4.png\",\"contentUrl\":\"https:\/\/radius-radpol.pl\/wp-content\/uploads\/2021\/10\/Radius-LOGO4.png\",\"width\":1500,\"height\":900,\"caption\":\"Radius Radpol\"},\"image\":{\"@id\":\"https:\/\/radius-radpol.pl\/#\/schema\/logo\/image\/\"}}]}<\/script>\n<!-- \/ Yoast SEO plugin. -->","yoast_head_json":{"title":"Sprz\u0119g\u0142a wyr\u00f3wnawcze typ L - Radius Radpol - technika nap\u0119d\u00f3w mechanicznych","robots":{"index":"index","follow":"follow","max-snippet":"max-snippet:-1","max-image-preview":"max-image-preview:large","max-video-preview":"max-video-preview:-1"},"canonical":"https:\/\/radius-radpol.pl\/en\/product\/sprzegla-wyrownawcze-typ-l\/","schema":{"@context":"https:\/\/schema.org","@graph":[{"@type":"WebPage","@id":"https:\/\/radius-radpol.pl\/produkt\/sprzegla-wyrownawcze-typ-l\/","url":"https:\/\/radius-radpol.pl\/produkt\/sprzegla-wyrownawcze-typ-l\/","name":"Sprz\u0119g\u0142a wyr\u00f3wnawcze typ L - Radius Radpol - technika nap\u0119d\u00f3w mechanicznych","isPartOf":{"@id":"https:\/\/radius-radpol.pl\/#website"},"primaryImageOfPage":{"@id":"https:\/\/radius-radpol.pl\/produkt\/sprzegla-wyrownawcze-typ-l\/#primaryimage"},"image":{"@id":"https:\/\/radius-radpol.pl\/produkt\/sprzegla-wyrownawcze-typ-l\/#primaryimage"},"thumbnailUrl":"https:\/\/radius-radpol.pl\/wp-content\/uploads\/2020\/07\/1-1.png","datePublished":"2020-07-09T12:41:54+00:00","dateModified":"2024-08-08T09:34:42+00:00","breadcrumb":{"@id":"https:\/\/radius-radpol.pl\/produkt\/sprzegla-wyrownawcze-typ-l\/#breadcrumb"},"inLanguage":"en-US","potentialAction":[{"@type":"ReadAction","target":["https:\/\/radius-radpol.pl\/produkt\/sprzegla-wyrownawcze-typ-l\/"]}]},{"@type":"ImageObject","inLanguage":"en-US","@id":"https:\/\/radius-radpol.pl\/produkt\/sprzegla-wyrownawcze-typ-l\/#primaryimage","url":"https:\/\/radius-radpol.pl\/wp-content\/uploads\/2020\/07\/1-1.png","contentUrl":"https:\/\/radius-radpol.pl\/wp-content\/uploads\/2020\/07\/1-1.png","width":500,"height":500,"caption":"Sprz\u0119g\u0142a wyr\u00f3wnawcze typ L"},{"@type":"BreadcrumbList","@id":"https:\/\/radius-radpol.pl\/produkt\/sprzegla-wyrownawcze-typ-l\/#breadcrumb","itemListElement":[{"@type":"ListItem","position":1,"name":"Strona g\u0142\u00f3wna","item":"https:\/\/radius-radpol.pl\/"},{"@type":"ListItem","position":2,"name":"Produkty","item":"https:\/\/radius-radpol.pl\/produkty\/"},{"@type":"ListItem","position":3,"name":"Sprz\u0119g\u0142a wyr\u00f3wnawcze typ L"}]},{"@type":"WebSite","@id":"https:\/\/radius-radpol.pl\/#website","url":"https:\/\/radius-radpol.pl\/","name":"Radius Radpol","description":"Technika nap\u0119d\u00f3w mechanicznych","publisher":{"@id":"https:\/\/radius-radpol.pl\/#organization"},"potentialAction":[{"@type":"SearchAction","target":{"@type":"EntryPoint","urlTemplate":"https:\/\/radius-radpol.pl\/?s={search_term_string}"},"query-input":{"@type":"PropertyValueSpecification","valueRequired":true,"valueName":"search_term_string"}}],"inLanguage":"en-US"},{"@type":"Organization","@id":"https:\/\/radius-radpol.pl\/#organization","name":"Radius Radpol","url":"https:\/\/radius-radpol.pl\/","logo":{"@type":"ImageObject","inLanguage":"en-US","@id":"https:\/\/radius-radpol.pl\/#\/schema\/logo\/image\/","url":"https:\/\/radius-radpol.pl\/wp-content\/uploads\/2021\/10\/Radius-LOGO4.png","contentUrl":"https:\/\/radius-radpol.pl\/wp-content\/uploads\/2021\/10\/Radius-LOGO4.png","width":1500,"height":900,"caption":"Radius Radpol"},"image":{"@id":"https:\/\/radius-radpol.pl\/#\/schema\/logo\/image\/"}}]}},"_links":{"self":[{"href":"https:\/\/radius-radpol.pl\/en\/wp-json\/wp\/v2\/product\/2241","targetHints":{"allow":["GET"]}}],"collection":[{"href":"https:\/\/radius-radpol.pl\/en\/wp-json\/wp\/v2\/product"}],"about":[{"href":"https:\/\/radius-radpol.pl\/en\/wp-json\/wp\/v2\/types\/product"}],"wp:featuredmedia":[{"embeddable":true,"href":"https:\/\/radius-radpol.pl\/en\/wp-json\/wp\/v2\/media\/2269"}],"wp:attachment":[{"href":"https:\/\/radius-radpol.pl\/en\/wp-json\/wp\/v2\/media?parent=2241"}],"wp:term":[{"taxonomy":"product_cat","embeddable":true,"href":"https:\/\/radius-radpol.pl\/en\/wp-json\/wp\/v2\/product_cat?post=2241"},{"taxonomy":"product_tag","embeddable":true,"href":"https:\/\/radius-radpol.pl\/en\/wp-json\/wp\/v2\/product_tag?post=2241"}],"curies":[{"name":"wp","href":"https:\/\/api.w.org\/{rel}","templated":true}]}}