{"id":2196,"date":"2020-07-06T09:01:11","date_gmt":"2020-07-06T09:01:11","guid":{"rendered":"http:\/\/127.0.0.1\/wordpress\/?post_type=product&#038;p=2196"},"modified":"2024-08-08T09:39:06","modified_gmt":"2024-08-08T09:39:06","slug":"sprzegla-lancuchowe","status":"publish","type":"product","link":"https:\/\/radius-radpol.pl\/en\/product\/sprzegla-lancuchowe\/","title":{"rendered":"Chain couplings"},"content":{"rendered":"<h2>Sprz\u0119g\u0142a \u0142a\u0144cuchowe, sprz\u0119g\u0142a rolkowe<\/h2>\n<p>Sprz\u0119g\u0142o sk\u0142ada si\u0119 z podw\u00f3jnego<strong> \u0142a\u0144cucha rolkowego<\/strong> i dw\u00f3ch <strong>k\u00f3\u0142 \u0142a\u0144cuchowych<\/strong>. Funkcja \u0142\u0105czenia i od\u0142\u0105czania jest wykonywana przez po\u0142\u0105czenie \u0142a\u0144cucha. Charakteryzuje si\u0119 prostot\u0105, wysok\u0105 wydajno\u015bci\u0105, \u0142atw\u0105 obs\u0142ug\u0105 i \u0142atwym wygl\u0105dem. Ma r\u00f3wnie\u017c aluminiow\u0105 os\u0142on\u0119, kt\u00f3ra zapobiega zapyleniu i chroni smar, aby przed\u0142u\u017cy\u0107 \u017cywotno\u015b\u0107 \u0142a\u0144cucha.<\/p>\n<h3>Specyfikacja:<\/h3>\n<ul>\n<li>Wielko\u015bci: od 3012 do 12022<\/li>\n<li>Zakres otwor\u00f3w 12mm \u2013 150mm<\/li>\n<\/ul>\n<p>Typy: 3012\/4012\/4014\/4016\/5014\/5016\/5018\/6018\/6020\/6022\/8018\/8020\/8022\/10020\/12018\/12022<\/p>","protected":false},"excerpt":{"rendered":"<p>Sprz\u0119g\u0142a \u0142a\u0144cuchowe, sprz\u0119g\u0142a rolkowe Sprz\u0119g\u0142o sk\u0142ada si\u0119 z podw\u00f3jnego \u0142a\u0144cucha rolkowego i dw\u00f3ch k\u00f3\u0142 \u0142a\u0144cuchowych. Funkcja \u0142\u0105czenia i od\u0142\u0105czania jest wykonywana przez po\u0142\u0105czenie \u0142a\u0144cucha. Charakteryzuje si\u0119 prostot\u0105, wysok\u0105 wydajno\u015bci\u0105, \u0142atw\u0105 obs\u0142ug\u0105 i \u0142atwym wygl\u0105dem. Ma r\u00f3wnie\u017c aluminiow\u0105 os\u0142on\u0119, kt\u00f3ra zapobiega zapyleniu i chroni smar, aby przed\u0142u\u017cy\u0107 \u017cywotno\u015b\u0107 \u0142a\u0144cucha. Specyfikacja: Wielko\u015bci: od 3012 do 12022 Zakres [&#8230;]","protected":false},"featured_media":2188,"template":"","meta":[],"product_cat":[72],"product_tag":[95],"class_list":{"0":"post-2196","1":"product","2":"type-product","3":"status-publish","4":"has-post-thumbnail","6":"product_cat-sprzegla-elastyczne","7":"product_tag-desch","9":"first","10":"instock","11":"shipping-taxable","12":"product-type-simple"},"yoast_head":"<!-- This site is optimized with the Yoast SEO plugin v24.0 - https:\/\/yoast.com\/wordpress\/plugins\/seo\/ -->\n<title>Sprz\u0119g\u0142a \u0142a\u0144cuchowe - Radius Radpol - technika nap\u0119d\u00f3w mechanicznych<\/title>\n<meta name=\"description\" content=\"Oferujemy sprz\u0119g\u0142a \u0142a\u0144cuchowe o wielko\u015bciach od 3012 do 12022 i zakresie otwor\u00f3w od 12mm do 150 mm.\" \/>\n<meta name=\"robots\" content=\"index, follow, max-snippet:-1, max-image-preview:large, max-video-preview:-1\" \/>\n<link rel=\"canonical\" href=\"https:\/\/radius-radpol.pl\/en\/product\/sprzegla-lancuchowe\/\" \/>\n<script type=\"application\/ld+json\" class=\"yoast-schema-graph\">{\"@context\":\"https:\/\/schema.org\",\"@graph\":[{\"@type\":\"WebPage\",\"@id\":\"https:\/\/radius-radpol.pl\/produkt\/sprzegla-lancuchowe\/\",\"url\":\"https:\/\/radius-radpol.pl\/produkt\/sprzegla-lancuchowe\/\",\"name\":\"Sprz\u0119g\u0142a \u0142a\u0144cuchowe - Radius Radpol - technika nap\u0119d\u00f3w mechanicznych\",\"isPartOf\":{\"@id\":\"https:\/\/radius-radpol.pl\/#website\"},\"primaryImageOfPage\":{\"@id\":\"https:\/\/radius-radpol.pl\/produkt\/sprzegla-lancuchowe\/#primaryimage\"},\"image\":{\"@id\":\"https:\/\/radius-radpol.pl\/produkt\/sprzegla-lancuchowe\/#primaryimage\"},\"thumbnailUrl\":\"https:\/\/radius-radpol.pl\/wp-content\/uploads\/2020\/07\/3.png\",\"datePublished\":\"2020-07-06T09:01:11+00:00\",\"dateModified\":\"2024-08-08T09:39:06+00:00\",\"description\":\"Oferujemy sprz\u0119g\u0142a \u0142a\u0144cuchowe o wielko\u015bciach od 3012 do 12022 i zakresie otwor\u00f3w od 12mm do 150 mm.\",\"breadcrumb\":{\"@id\":\"https:\/\/radius-radpol.pl\/produkt\/sprzegla-lancuchowe\/#breadcrumb\"},\"inLanguage\":\"en-US\",\"potentialAction\":[{\"@type\":\"ReadAction\",\"target\":[\"https:\/\/radius-radpol.pl\/produkt\/sprzegla-lancuchowe\/\"]}]},{\"@type\":\"ImageObject\",\"inLanguage\":\"en-US\",\"@id\":\"https:\/\/radius-radpol.pl\/produkt\/sprzegla-lancuchowe\/#primaryimage\",\"url\":\"https:\/\/radius-radpol.pl\/wp-content\/uploads\/2020\/07\/3.png\",\"contentUrl\":\"https:\/\/radius-radpol.pl\/wp-content\/uploads\/2020\/07\/3.png\",\"width\":500,\"height\":500,\"caption\":\"Sprz\u0119g\u0142a \u0142a\u0144cuchowe\"},{\"@type\":\"BreadcrumbList\",\"@id\":\"https:\/\/radius-radpol.pl\/produkt\/sprzegla-lancuchowe\/#breadcrumb\",\"itemListElement\":[{\"@type\":\"ListItem\",\"position\":1,\"name\":\"Strona g\u0142\u00f3wna\",\"item\":\"https:\/\/radius-radpol.pl\/\"},{\"@type\":\"ListItem\",\"position\":2,\"name\":\"Produkty\",\"item\":\"https:\/\/radius-radpol.pl\/produkty\/\"},{\"@type\":\"ListItem\",\"position\":3,\"name\":\"Sprz\u0119g\u0142a \u0142a\u0144cuchowe\"}]},{\"@type\":\"WebSite\",\"@id\":\"https:\/\/radius-radpol.pl\/#website\",\"url\":\"https:\/\/radius-radpol.pl\/\",\"name\":\"Radius Radpol\",\"description\":\"Technika nap\u0119d\u00f3w mechanicznych\",\"publisher\":{\"@id\":\"https:\/\/radius-radpol.pl\/#organization\"},\"potentialAction\":[{\"@type\":\"SearchAction\",\"target\":{\"@type\":\"EntryPoint\",\"urlTemplate\":\"https:\/\/radius-radpol.pl\/?s={search_term_string}\"},\"query-input\":{\"@type\":\"PropertyValueSpecification\",\"valueRequired\":true,\"valueName\":\"search_term_string\"}}],\"inLanguage\":\"en-US\"},{\"@type\":\"Organization\",\"@id\":\"https:\/\/radius-radpol.pl\/#organization\",\"name\":\"Radius Radpol\",\"url\":\"https:\/\/radius-radpol.pl\/\",\"logo\":{\"@type\":\"ImageObject\",\"inLanguage\":\"en-US\",\"@id\":\"https:\/\/radius-radpol.pl\/#\/schema\/logo\/image\/\",\"url\":\"https:\/\/radius-radpol.pl\/wp-content\/uploads\/2021\/10\/Radius-LOGO4.png\",\"contentUrl\":\"https:\/\/radius-radpol.pl\/wp-content\/uploads\/2021\/10\/Radius-LOGO4.png\",\"width\":1500,\"height\":900,\"caption\":\"Radius Radpol\"},\"image\":{\"@id\":\"https:\/\/radius-radpol.pl\/#\/schema\/logo\/image\/\"}}]}<\/script>\n<!-- \/ Yoast SEO plugin. -->","yoast_head_json":{"title":"Sprz\u0119g\u0142a \u0142a\u0144cuchowe - Radius Radpol - technika nap\u0119d\u00f3w mechanicznych","description":"Oferujemy sprz\u0119g\u0142a \u0142a\u0144cuchowe o wielko\u015bciach od 3012 do 12022 i zakresie otwor\u00f3w od 12mm do 150 mm.","robots":{"index":"index","follow":"follow","max-snippet":"max-snippet:-1","max-image-preview":"max-image-preview:large","max-video-preview":"max-video-preview:-1"},"canonical":"https:\/\/radius-radpol.pl\/en\/product\/sprzegla-lancuchowe\/","schema":{"@context":"https:\/\/schema.org","@graph":[{"@type":"WebPage","@id":"https:\/\/radius-radpol.pl\/produkt\/sprzegla-lancuchowe\/","url":"https:\/\/radius-radpol.pl\/produkt\/sprzegla-lancuchowe\/","name":"Sprz\u0119g\u0142a \u0142a\u0144cuchowe - Radius Radpol - technika nap\u0119d\u00f3w mechanicznych","isPartOf":{"@id":"https:\/\/radius-radpol.pl\/#website"},"primaryImageOfPage":{"@id":"https:\/\/radius-radpol.pl\/produkt\/sprzegla-lancuchowe\/#primaryimage"},"image":{"@id":"https:\/\/radius-radpol.pl\/produkt\/sprzegla-lancuchowe\/#primaryimage"},"thumbnailUrl":"https:\/\/radius-radpol.pl\/wp-content\/uploads\/2020\/07\/3.png","datePublished":"2020-07-06T09:01:11+00:00","dateModified":"2024-08-08T09:39:06+00:00","description":"Oferujemy sprz\u0119g\u0142a \u0142a\u0144cuchowe o wielko\u015bciach od 3012 do 12022 i zakresie otwor\u00f3w od 12mm do 150 mm.","breadcrumb":{"@id":"https:\/\/radius-radpol.pl\/produkt\/sprzegla-lancuchowe\/#breadcrumb"},"inLanguage":"en-US","potentialAction":[{"@type":"ReadAction","target":["https:\/\/radius-radpol.pl\/produkt\/sprzegla-lancuchowe\/"]}]},{"@type":"ImageObject","inLanguage":"en-US","@id":"https:\/\/radius-radpol.pl\/produkt\/sprzegla-lancuchowe\/#primaryimage","url":"https:\/\/radius-radpol.pl\/wp-content\/uploads\/2020\/07\/3.png","contentUrl":"https:\/\/radius-radpol.pl\/wp-content\/uploads\/2020\/07\/3.png","width":500,"height":500,"caption":"Sprz\u0119g\u0142a \u0142a\u0144cuchowe"},{"@type":"BreadcrumbList","@id":"https:\/\/radius-radpol.pl\/produkt\/sprzegla-lancuchowe\/#breadcrumb","itemListElement":[{"@type":"ListItem","position":1,"name":"Strona g\u0142\u00f3wna","item":"https:\/\/radius-radpol.pl\/"},{"@type":"ListItem","position":2,"name":"Produkty","item":"https:\/\/radius-radpol.pl\/produkty\/"},{"@type":"ListItem","position":3,"name":"Sprz\u0119g\u0142a \u0142a\u0144cuchowe"}]},{"@type":"WebSite","@id":"https:\/\/radius-radpol.pl\/#website","url":"https:\/\/radius-radpol.pl\/","name":"Radius Radpol","description":"Technika nap\u0119d\u00f3w mechanicznych","publisher":{"@id":"https:\/\/radius-radpol.pl\/#organization"},"potentialAction":[{"@type":"SearchAction","target":{"@type":"EntryPoint","urlTemplate":"https:\/\/radius-radpol.pl\/?s={search_term_string}"},"query-input":{"@type":"PropertyValueSpecification","valueRequired":true,"valueName":"search_term_string"}}],"inLanguage":"en-US"},{"@type":"Organization","@id":"https:\/\/radius-radpol.pl\/#organization","name":"Radius Radpol","url":"https:\/\/radius-radpol.pl\/","logo":{"@type":"ImageObject","inLanguage":"en-US","@id":"https:\/\/radius-radpol.pl\/#\/schema\/logo\/image\/","url":"https:\/\/radius-radpol.pl\/wp-content\/uploads\/2021\/10\/Radius-LOGO4.png","contentUrl":"https:\/\/radius-radpol.pl\/wp-content\/uploads\/2021\/10\/Radius-LOGO4.png","width":1500,"height":900,"caption":"Radius Radpol"},"image":{"@id":"https:\/\/radius-radpol.pl\/#\/schema\/logo\/image\/"}}]}},"_links":{"self":[{"href":"https:\/\/radius-radpol.pl\/en\/wp-json\/wp\/v2\/product\/2196","targetHints":{"allow":["GET"]}}],"collection":[{"href":"https:\/\/radius-radpol.pl\/en\/wp-json\/wp\/v2\/product"}],"about":[{"href":"https:\/\/radius-radpol.pl\/en\/wp-json\/wp\/v2\/types\/product"}],"wp:featuredmedia":[{"embeddable":true,"href":"https:\/\/radius-radpol.pl\/en\/wp-json\/wp\/v2\/media\/2188"}],"wp:attachment":[{"href":"https:\/\/radius-radpol.pl\/en\/wp-json\/wp\/v2\/media?parent=2196"}],"wp:term":[{"taxonomy":"product_cat","embeddable":true,"href":"https:\/\/radius-radpol.pl\/en\/wp-json\/wp\/v2\/product_cat?post=2196"},{"taxonomy":"product_tag","embeddable":true,"href":"https:\/\/radius-radpol.pl\/en\/wp-json\/wp\/v2\/product_tag?post=2196"}],"curies":[{"name":"wp","href":"https:\/\/api.w.org\/{rel}","templated":true}]}}