{"id":2191,"date":"2020-07-06T06:42:41","date_gmt":"2020-07-06T06:42:41","guid":{"rendered":"http:\/\/127.0.0.1\/wordpress\/?post_type=product&#038;p=2191"},"modified":"2024-08-14T11:00:49","modified_gmt":"2024-08-14T11:00:49","slug":"sprzeglo-zebate-flexident","status":"publish","type":"product","link":"https:\/\/radius-radpol.pl\/en\/product\/sprzeglo-zebate-flexident\/","title":{"rendered":"Gear Coupling Flexident"},"content":{"rendered":"<div class=\"banner has-hover\" id=\"banner-492899894\">\n          <div class=\"banner-inner fill\">\n        <div class=\"banner-bg fill\" >\n                                                \n                    <\/div>\n\t\t\n        <div class=\"banner-layers container\">\n            <div class=\"fill banner-link\"><\/div>            \n   <div id=\"text-box-87861815\" class=\"text-box banner-layer x85 md-x85 lg-x85 y5 md-y5 lg-y5 res-text\">\n                                <div class=\"text-box-content text text-shadow-1\">\n              \n              <div class=\"text-inner text-left\">\n                  \n<p>\u015aruby jako\u015bci 12.9 przenosz\u0105 moment obrotowy w po\u0142\u0105czeniu dociskowym<\/p>\n              <\/div>\n           <\/div>\n                            \n<style>\n#text-box-87861815 {\n  width: 35%;\n}\n#text-box-87861815 .text-box-content {\n  font-size: 100%;\n}\n<\/style>\n    <\/div>\n \n   <div id=\"text-box-1827457261\" class=\"text-box banner-layer x85 md-x85 lg-x85 y20 md-y20 lg-y20 res-text\">\n                                <div class=\"text-box-content text text-shadow-1\">\n              \n              <div class=\"text-inner text-left\">\n                  \n<p>Zaz\u0119bienie specjalne o du\u017cym promieniu celem zwi\u0119kszenia powierzchni styku i uzyskania niskich nacisk\u00f3w powierzchniowych<\/p>\n              <\/div>\n           <\/div>\n                            \n<style>\n#text-box-1827457261 {\n  width: 35%;\n}\n#text-box-1827457261 .text-box-content {\n  font-size: 100%;\n}\n<\/style>\n    <\/div>\n \n   <div id=\"text-box-1525244090\" class=\"text-box banner-layer x85 md-x85 lg-x85 y40 md-y40 lg-y40 res-text\">\n                                <div class=\"text-box-content text text-shadow-1\">\n              \n              <div class=\"text-inner text-left\">\n                  \n<p>Uszczelnienie standardow\u0105 uszczelk\u0105 sznurow\u0105, wyd\u0142u\u017caj\u0105c\u0105 \u017cywotno\u015b\u0107 sprz\u0119g\u0142a<\/p>\n              <\/div>\n           <\/div>\n                            \n<style>\n#text-box-1525244090 {\n  width: 37%;\n}\n#text-box-1525244090 .text-box-content {\n  font-size: 100%;\n}\n<\/style>\n    <\/div>\n \n   <div id=\"text-box-452618009\" class=\"text-box banner-layer x85 md-x85 lg-x85 y75 md-y75 lg-y75 res-text\">\n                                <div class=\"text-box-content text text-shadow-1\">\n              \n              <div class=\"text-inner text-left\">\n                  \n<p>Piasta sprz\u0119g\u0142a optymalizowana metod\u0105 MES, umo\u017cliwiaj\u0105ca wykonanie otworu o \u015brednicy do 800mm<\/p>\n              <\/div>\n           <\/div>\n                            \n<style>\n#text-box-452618009 {\n  width: 34%;\n}\n#text-box-452618009 .text-box-content {\n  font-size: 100%;\n}\n<\/style>\n    <\/div>\n \n   <div id=\"text-box-1786188793\" class=\"text-box banner-layer x85 md-x85 lg-x85 y95 md-y95 lg-y95 res-text\">\n                                <div class=\"text-box-content text text-shadow-1\">\n              \n              <div class=\"text-inner text-left\">\n                  \n<p>Zaz\u0119bienie obudowy sprz\u0119g\u0142a uzyskano przez optymalizowanie zaz\u0119bienia prostego metod\u0105 MES<\/p>\n              <\/div>\n           <\/div>\n                            \n<style>\n#text-box-1786188793 {\n  width: 37%;\n}\n#text-box-1786188793 .text-box-content {\n  font-size: 100%;\n}\n<\/style>\n    <\/div>\n \n\t<div class=\"img has-hover x100 md-x100 lg-x100 y20 md-y20 lg-y20\" id=\"image_58556268\">\n\t\t\t\t\t\t\t\t<div class=\"img-inner dark\" >\n\t\t\t<img loading=\"lazy\" decoding=\"async\" width=\"280\" height=\"280\" src=\"https:\/\/radius-radpol.pl\/wp-content\/uploads\/2020\/07\/002-007-280x280.jpg\" class=\"attachment-thumbnail size-thumbnail\" alt=\"Zaz\u0119bienie\" srcset=\"https:\/\/radius-radpol.pl\/wp-content\/uploads\/2020\/07\/002-007-280x280.jpg 280w, https:\/\/radius-radpol.pl\/wp-content\/uploads\/2020\/07\/002-007-247x247.jpg 247w, https:\/\/radius-radpol.pl\/wp-content\/uploads\/2020\/07\/002-007-100x100.jpg 100w, https:\/\/radius-radpol.pl\/wp-content\/uploads\/2020\/07\/002-007.jpg 294w\" sizes=\"auto, (max-width: 280px) 100vw, 280px\" \/>\t\t\t\t\t\t\n\t\t\t\t\t<\/div>\n\t\t\t\t\t\t\t\t\n<style>\n#image_58556268 {\n  width: 16%;\n}\n<\/style>\n\t<\/div>\n\t\n\t<div class=\"img has-hover x100 md-x100 lg-x100 y0 md-y0 lg-y0\" id=\"image_677273017\">\n\t\t\t\t\t\t\t\t<div class=\"img-inner dark\" >\n\t\t\t<img loading=\"lazy\" decoding=\"async\" width=\"280\" height=\"280\" src=\"https:\/\/radius-radpol.pl\/wp-content\/uploads\/2020\/07\/002-008-280x280.jpg\" class=\"attachment-thumbnail size-thumbnail\" alt=\"\u015aruby\" srcset=\"https:\/\/radius-radpol.pl\/wp-content\/uploads\/2020\/07\/002-008-280x280.jpg 280w, https:\/\/radius-radpol.pl\/wp-content\/uploads\/2020\/07\/002-008-247x247.jpg 247w, https:\/\/radius-radpol.pl\/wp-content\/uploads\/2020\/07\/002-008-100x100.jpg 100w, https:\/\/radius-radpol.pl\/wp-content\/uploads\/2020\/07\/002-008.jpg 294w\" sizes=\"auto, (max-width: 280px) 100vw, 280px\" \/>\t\t\t\t\t\t\n\t\t\t\t\t<\/div>\n\t\t\t\t\t\t\t\t\n<style>\n#image_677273017 {\n  width: 16%;\n}\n<\/style>\n\t<\/div>\n\t\n\t<div class=\"img has-hover x100 md-x100 lg-x100 y75 md-y75 lg-y75\" id=\"image_2029371396\">\n\t\t\t\t\t\t\t\t<div class=\"img-inner dark\" >\n\t\t\t<img loading=\"lazy\" decoding=\"async\" width=\"280\" height=\"280\" src=\"https:\/\/radius-radpol.pl\/wp-content\/uploads\/2020\/07\/002-011-280x280.jpg\" class=\"attachment-thumbnail size-thumbnail\" alt=\"Piasta sprz\u0119g\u0142a\" srcset=\"https:\/\/radius-radpol.pl\/wp-content\/uploads\/2020\/07\/002-011-280x280.jpg 280w, https:\/\/radius-radpol.pl\/wp-content\/uploads\/2020\/07\/002-011-247x247.jpg 247w, https:\/\/radius-radpol.pl\/wp-content\/uploads\/2020\/07\/002-011-100x100.jpg 100w\" sizes=\"auto, (max-width: 280px) 100vw, 280px\" \/>\t\t\t\t\t\t\n\t\t\t\t\t<\/div>\n\t\t\t\t\t\t\t\t\n<style>\n#image_2029371396 {\n  width: 16%;\n}\n<\/style>\n\t<\/div>\n\t\n\t<div class=\"img has-hover x100 md-x100 lg-x100 y40 md-y40 lg-y40\" id=\"image_1515660514\">\n\t\t\t\t\t\t\t\t<div class=\"img-inner dark\" >\n\t\t\t<img loading=\"lazy\" decoding=\"async\" width=\"280\" height=\"280\" src=\"https:\/\/radius-radpol.pl\/wp-content\/uploads\/2020\/07\/002-006-280x280.jpg\" class=\"attachment-thumbnail size-thumbnail\" alt=\"Uszczelnienie\" srcset=\"https:\/\/radius-radpol.pl\/wp-content\/uploads\/2020\/07\/002-006-280x280.jpg 280w, https:\/\/radius-radpol.pl\/wp-content\/uploads\/2020\/07\/002-006-247x247.jpg 247w, https:\/\/radius-radpol.pl\/wp-content\/uploads\/2020\/07\/002-006-100x100.jpg 100w, https:\/\/radius-radpol.pl\/wp-content\/uploads\/2020\/07\/002-006.jpg 294w\" sizes=\"auto, (max-width: 280px) 100vw, 280px\" \/>\t\t\t\t\t\t\n\t\t\t\t\t<\/div>\n\t\t\t\t\t\t\t\t\n<style>\n#image_1515660514 {\n  width: 16%;\n}\n<\/style>\n\t<\/div>\n\t\n\t<div class=\"img has-hover x100 md-x100 lg-x100 y95 md-y95 lg-y95\" id=\"image_515465563\">\n\t\t\t\t\t\t\t\t<div class=\"img-inner dark\" >\n\t\t\t<img loading=\"lazy\" decoding=\"async\" width=\"257\" height=\"257\" src=\"https:\/\/radius-radpol.pl\/wp-content\/uploads\/2020\/07\/002-012.jpg\" class=\"attachment-thumbnail size-thumbnail\" alt=\"Zaz\u0119bienie obudowy sprz\u0119g\u0142a\" srcset=\"https:\/\/radius-radpol.pl\/wp-content\/uploads\/2020\/07\/002-012.jpg 257w, https:\/\/radius-radpol.pl\/wp-content\/uploads\/2020\/07\/002-012-247x247.jpg 247w, https:\/\/radius-radpol.pl\/wp-content\/uploads\/2020\/07\/002-012-100x100.jpg 100w\" sizes=\"auto, (max-width: 257px) 100vw, 257px\" \/>\t\t\t\t\t\t\n\t\t\t\t\t<\/div>\n\t\t\t\t\t\t\t\t\n<style>\n#image_515465563 {\n  width: 15%;\n}\n<\/style>\n\t<\/div>\n\t\n\t<div class=\"img has-hover x0 md-x0 lg-x0 y10 md-y10 lg-y10\" id=\"image_1816668344\">\n\t\t\t\t\t\t\t\t<div class=\"img-inner dark\" >\n\t\t\t<img loading=\"lazy\" decoding=\"async\" width=\"813\" height=\"800\" src=\"https:\/\/radius-radpol.pl\/wp-content\/uploads\/2020\/07\/002-005-813x800.jpg\" class=\"attachment-large size-large\" alt=\"Sprz\u0119g\u0142o FlEXIDENT Senior\" srcset=\"https:\/\/radius-radpol.pl\/wp-content\/uploads\/2020\/07\/002-005-813x800.jpg 813w, https:\/\/radius-radpol.pl\/wp-content\/uploads\/2020\/07\/002-005-407x400.jpg 407w, https:\/\/radius-radpol.pl\/wp-content\/uploads\/2020\/07\/002-005-768x756.jpg 768w, https:\/\/radius-radpol.pl\/wp-content\/uploads\/2020\/07\/002-005-510x502.jpg 510w, https:\/\/radius-radpol.pl\/wp-content\/uploads\/2020\/07\/002-005.jpg 872w\" sizes=\"auto, (max-width: 813px) 100vw, 813px\" \/>\t\t\t\t\t\t\n\t\t\t\t\t<\/div>\n\t\t\t\t\t\t\t\t\n<style>\n#image_1816668344 {\n  width: 46%;\n}\n<\/style>\n\t<\/div>\n\t\n\t<div class=\"img has-hover x0 md-x0 lg-x0 y95 md-y95 lg-y95\" id=\"image_941269664\">\n\t\t\t\t\t\t\t\t<div class=\"img-inner dark\" >\n\t\t\t<img loading=\"lazy\" decoding=\"async\" width=\"158\" height=\"134\" src=\"https:\/\/radius-radpol.pl\/wp-content\/uploads\/2020\/07\/002-010.jpg\" class=\"attachment-thumbnail size-thumbnail\" alt=\"Certyfikowanie\" \/>\t\t\t\t\t\t\n\t\t\t\t\t<\/div>\n\t\t\t\t\t\t\t\t\n<style>\n#image_941269664 {\n  width: 10%;\n}\n<\/style>\n\t<\/div>\n\t\n   <div id=\"text-box-292772063\" class=\"text-box banner-layer x0 md-x0 lg-x0 y5 md-y5 lg-y5 res-text\">\n                                <div class=\"text-box-content text text-shadow-1\">\n              \n              <div class=\"text-inner text-left\">\n                  \n<h3>Sprz\u0119g\u0142o FLEXIDENT Senior<\/h3>\n              <\/div>\n           <\/div>\n                            \n<style>\n#text-box-292772063 .text-box-content {\n  background-color: rgba(199, 208, 236, 0.75);\n  font-size: 100%;\n}\n#text-box-292772063 {\n  width: 45%;\n}\n<\/style>\n    <\/div>\n \n   <div id=\"text-box-1241665415\" class=\"text-box banner-layer x0 md-x0 lg-x0 y100 md-y100 lg-y100 res-text\">\n                                <div class=\"text-box-content text text-shadow-1\">\n              \n              <div class=\"text-inner text-left\">\n                  \n<p>Certyfikowane zgodnie z dyrektyw\u0105 ATEX<\/p>\n              <\/div>\n           <\/div>\n                            \n<style>\n#text-box-1241665415 {\n  width: 40%;\n}\n#text-box-1241665415 .text-box-content {\n  font-size: 100%;\n}\n<\/style>\n    <\/div>\n \n   <div id=\"text-box-920382180\" class=\"text-box banner-layer x0 md-x0 lg-x0 y60 md-y60 lg-y60 res-text\">\n                                <div class=\"text-box-content text text-shadow-1\">\n              \n              <div class=\"text-inner text-left\">\n                  \n<p class=\"lead\"><strong>24 wielko\u015bci w zakresie 1200 &#8211; 4 500 000 Nm<\/strong><\/p>\n              <\/div>\n           <\/div>\n                            \n<style>\n#text-box-920382180 .text-box-content {\n  background-color: rgba(179, 179, 179, 0.4);\n  border-radius: 14px;\n  font-size: 100%;\n}\n#text-box-920382180 {\n  width: 47%;\n}\n<\/style>\n    <\/div>\n \n   <div id=\"text-box-655077948\" class=\"text-box banner-layer x0 md-x0 lg-x0 y80 md-y80 lg-y80 res-text\">\n                                <div class=\"text-box-content text text-shadow-1\">\n              \n              <div class=\"text-inner text-left\">\n                  \n<p><strong>Temp. robocza od -20<span class=\"st\">\u00b0C<\/span> do +100<span class=\"st\">\u00b0C (wy\u017csze mo\u017cliwe na zapytanie)<\/span><\/strong><br \/>\n<strong>Odchylenie k\u0105towe: do 1<span class=\"st\">\u00b030&#8242; na zaz\u0119bienie (dla wielko\u015bci 50-280)<\/span><\/strong><br \/>\n<strong>Odchylenie k\u0105towe do 1<span class=\"st\">\u00b0<\/span> na zaz\u0119bienie (dla wielko\u015bci 310-800)<\/strong><\/p>\n              <\/div>\n           <\/div>\n                            \n<style>\n#text-box-655077948 .text-box-content {\n  background-color: rgba(179, 179, 179, 0.4);\n  border-radius: 14px;\n  font-size: 100%;\n}\n#text-box-655077948 {\n  width: 47%;\n}\n<\/style>\n    <\/div>\n \n        <\/div>\n      <\/div>\n\n            \n<style>\n#banner-492899894 {\n  padding-top: 800px;\n  background-color: rgb(255, 255, 255);\n}\n<\/style>\n  <\/div>\n\n\n<h2>Kompensacyjne sprz\u0119g\u0142o z\u0119bate<\/h2>\n<p style=\"text-align: justify;\">W sprz\u0119g\u0142ach przymusowych, czyli tych, w kt\u00f3rych wyst\u0119puje sztywne po\u0142\u0105czenie cz\u0142onu nap\u0119dzanego i nap\u0119dowego musz\u0105 by\u0107 one idealnie dopasowane, aby \u015brednia pr\u0119dko\u015b\u0107 obrotowa by\u0142a w nich r\u00f3wna. Oferujemy produkty znanych i cenionych producent\u00f3w, kt\u00f3re zapewniaj\u0105 bezawaryjne dzia\u0142anie oraz wysok\u0105 wydajno\u015b\u0107. Sprz\u0119g\u0142o z\u0119bate to jeden z najcz\u0119\u015bciej wykorzystywanych typ\u00f3w kompensacyjnych. Dopuszczalne s\u0105 w nich r\u00f3\u017cnice w pr\u0119dko\u015bci pomi\u0119dzy wa\u0142em nap\u0119dzaj\u0105cym i nap\u0119dzanym, ze wzgl\u0119du na elastyczne \u0142\u0105czniki.<\/p>\n<h2>Zastosowanie sprz\u0119g\u0142a z\u0119batego dwustronnego<\/h2>\n<p style=\"text-align: justify;\">Oferujemy wysokiej jako\u015bci cz\u0119\u015bci nap\u0119dowe, kt\u00f3re sprawi\u0105, \u017ce ka\u017cda maszyna przemys\u0142owa czy rolnicza b\u0119dzie dzia\u0142a\u0142a w pe\u0142ni sprawnie. Dost\u0119pne modele urz\u0105dze\u0144 takich jak sprz\u0119g\u0142o z\u0119bate dwustronne wyr\u00f3\u017cnia prosta budowa oraz bezobs\u0142ugowe dzia\u0142anie. Tuleja wykonywana jest z tworzyw sztucznych odpornych na obci\u0105\u017cenia i uszkodzenia mechaniczne. Sprz\u0119g\u0142o z\u0119bate roz\u0142\u0105czne mo\u017ce by\u0107 stosowane r\u00f3wnie\u017c w poziomie. Po dodaniu smaru praca cz\u0142on\u00f3w jest bezawaryjna.<\/p>","protected":false},"excerpt":{"rendered":"<p>Kompensacyjne sprz\u0119g\u0142o z\u0119bate W sprz\u0119g\u0142ach przymusowych, czyli tych, w kt\u00f3rych wyst\u0119puje sztywne po\u0142\u0105czenie cz\u0142onu nap\u0119dzanego i nap\u0119dowego musz\u0105 by\u0107 one idealnie dopasowane, aby \u015brednia pr\u0119dko\u015b\u0107 obrotowa by\u0142a w nich r\u00f3wna. Oferujemy produkty znanych i cenionych producent\u00f3w, kt\u00f3re zapewniaj\u0105 bezawaryjne dzia\u0142anie oraz wysok\u0105 wydajno\u015b\u0107. Sprz\u0119g\u0142o z\u0119bate to jeden z najcz\u0119\u015bciej wykorzystywanych typ\u00f3w kompensacyjnych. Dopuszczalne s\u0105 w [&#8230;]","protected":false},"featured_media":2189,"template":"","meta":[],"product_cat":[72],"product_tag":[95],"class_list":{"0":"post-2191","1":"product","2":"type-product","3":"status-publish","4":"has-post-thumbnail","6":"product_cat-sprzegla-elastyczne","7":"product_tag-desch","9":"first","10":"instock","11":"shipping-taxable","12":"product-type-simple"},"yoast_head":"<!-- This site is optimized with the Yoast SEO plugin v24.0 - https:\/\/yoast.com\/wordpress\/plugins\/seo\/ -->\n<title>Sprz\u0119g\u0142o z\u0119bate Flexident - Radius Radpol - technika nap\u0119d\u00f3w mechanicznych<\/title>\n<meta name=\"description\" content=\"Oferujemy wysokiej jako\u015bci cz\u0119\u015bci nap\u0119dowe, kt\u00f3re sprawi\u0105, \u017ce ka\u017cda maszyna przemys\u0142owa czy rolnicza b\u0119dzie dzia\u0142a\u0142a w pe\u0142ni sprawnie.\" \/>\n<meta name=\"robots\" content=\"index, follow, max-snippet:-1, max-image-preview:large, max-video-preview:-1\" \/>\n<link rel=\"canonical\" href=\"https:\/\/radius-radpol.pl\/en\/product\/sprzeglo-zebate-flexident\/\" \/>\n<script type=\"application\/ld+json\" class=\"yoast-schema-graph\">{\"@context\":\"https:\/\/schema.org\",\"@graph\":[{\"@type\":\"WebPage\",\"@id\":\"https:\/\/radius-radpol.pl\/produkt\/sprzeglo-zebate-flexident\/\",\"url\":\"https:\/\/radius-radpol.pl\/produkt\/sprzeglo-zebate-flexident\/\",\"name\":\"Sprz\u0119g\u0142o z\u0119bate Flexident - Radius Radpol - technika nap\u0119d\u00f3w mechanicznych\",\"isPartOf\":{\"@id\":\"https:\/\/radius-radpol.pl\/#website\"},\"primaryImageOfPage\":{\"@id\":\"https:\/\/radius-radpol.pl\/produkt\/sprzeglo-zebate-flexident\/#primaryimage\"},\"image\":{\"@id\":\"https:\/\/radius-radpol.pl\/produkt\/sprzeglo-zebate-flexident\/#primaryimage\"},\"thumbnailUrl\":\"https:\/\/radius-radpol.pl\/wp-content\/uploads\/2020\/07\/4.png\",\"datePublished\":\"2020-07-06T06:42:41+00:00\",\"dateModified\":\"2024-08-14T11:00:49+00:00\",\"description\":\"Oferujemy wysokiej jako\u015bci cz\u0119\u015bci nap\u0119dowe, kt\u00f3re sprawi\u0105, \u017ce ka\u017cda maszyna przemys\u0142owa czy rolnicza b\u0119dzie dzia\u0142a\u0142a w pe\u0142ni sprawnie.\",\"breadcrumb\":{\"@id\":\"https:\/\/radius-radpol.pl\/produkt\/sprzeglo-zebate-flexident\/#breadcrumb\"},\"inLanguage\":\"en-US\",\"potentialAction\":[{\"@type\":\"ReadAction\",\"target\":[\"https:\/\/radius-radpol.pl\/produkt\/sprzeglo-zebate-flexident\/\"]}]},{\"@type\":\"ImageObject\",\"inLanguage\":\"en-US\",\"@id\":\"https:\/\/radius-radpol.pl\/produkt\/sprzeglo-zebate-flexident\/#primaryimage\",\"url\":\"https:\/\/radius-radpol.pl\/wp-content\/uploads\/2020\/07\/4.png\",\"contentUrl\":\"https:\/\/radius-radpol.pl\/wp-content\/uploads\/2020\/07\/4.png\",\"width\":500,\"height\":500,\"caption\":\"Sprz\u0119g\u0142o z\u0119bate Flexident\"},{\"@type\":\"BreadcrumbList\",\"@id\":\"https:\/\/radius-radpol.pl\/produkt\/sprzeglo-zebate-flexident\/#breadcrumb\",\"itemListElement\":[{\"@type\":\"ListItem\",\"position\":1,\"name\":\"Strona g\u0142\u00f3wna\",\"item\":\"https:\/\/radius-radpol.pl\/\"},{\"@type\":\"ListItem\",\"position\":2,\"name\":\"Produkty\",\"item\":\"https:\/\/radius-radpol.pl\/produkty\/\"},{\"@type\":\"ListItem\",\"position\":3,\"name\":\"Sprz\u0119g\u0142o z\u0119bate Flexident\"}]},{\"@type\":\"WebSite\",\"@id\":\"https:\/\/radius-radpol.pl\/#website\",\"url\":\"https:\/\/radius-radpol.pl\/\",\"name\":\"Radius Radpol\",\"description\":\"Technika nap\u0119d\u00f3w mechanicznych\",\"publisher\":{\"@id\":\"https:\/\/radius-radpol.pl\/#organization\"},\"potentialAction\":[{\"@type\":\"SearchAction\",\"target\":{\"@type\":\"EntryPoint\",\"urlTemplate\":\"https:\/\/radius-radpol.pl\/?s={search_term_string}\"},\"query-input\":{\"@type\":\"PropertyValueSpecification\",\"valueRequired\":true,\"valueName\":\"search_term_string\"}}],\"inLanguage\":\"en-US\"},{\"@type\":\"Organization\",\"@id\":\"https:\/\/radius-radpol.pl\/#organization\",\"name\":\"Radius Radpol\",\"url\":\"https:\/\/radius-radpol.pl\/\",\"logo\":{\"@type\":\"ImageObject\",\"inLanguage\":\"en-US\",\"@id\":\"https:\/\/radius-radpol.pl\/#\/schema\/logo\/image\/\",\"url\":\"https:\/\/radius-radpol.pl\/wp-content\/uploads\/2021\/10\/Radius-LOGO4.png\",\"contentUrl\":\"https:\/\/radius-radpol.pl\/wp-content\/uploads\/2021\/10\/Radius-LOGO4.png\",\"width\":1500,\"height\":900,\"caption\":\"Radius Radpol\"},\"image\":{\"@id\":\"https:\/\/radius-radpol.pl\/#\/schema\/logo\/image\/\"}}]}<\/script>\n<!-- \/ Yoast SEO plugin. -->","yoast_head_json":{"title":"Sprz\u0119g\u0142o z\u0119bate Flexident - Radius Radpol - technika nap\u0119d\u00f3w mechanicznych","description":"Oferujemy wysokiej jako\u015bci cz\u0119\u015bci nap\u0119dowe, kt\u00f3re sprawi\u0105, \u017ce ka\u017cda maszyna przemys\u0142owa czy rolnicza b\u0119dzie dzia\u0142a\u0142a w pe\u0142ni sprawnie.","robots":{"index":"index","follow":"follow","max-snippet":"max-snippet:-1","max-image-preview":"max-image-preview:large","max-video-preview":"max-video-preview:-1"},"canonical":"https:\/\/radius-radpol.pl\/en\/product\/sprzeglo-zebate-flexident\/","schema":{"@context":"https:\/\/schema.org","@graph":[{"@type":"WebPage","@id":"https:\/\/radius-radpol.pl\/produkt\/sprzeglo-zebate-flexident\/","url":"https:\/\/radius-radpol.pl\/produkt\/sprzeglo-zebate-flexident\/","name":"Sprz\u0119g\u0142o z\u0119bate Flexident - Radius Radpol - technika nap\u0119d\u00f3w mechanicznych","isPartOf":{"@id":"https:\/\/radius-radpol.pl\/#website"},"primaryImageOfPage":{"@id":"https:\/\/radius-radpol.pl\/produkt\/sprzeglo-zebate-flexident\/#primaryimage"},"image":{"@id":"https:\/\/radius-radpol.pl\/produkt\/sprzeglo-zebate-flexident\/#primaryimage"},"thumbnailUrl":"https:\/\/radius-radpol.pl\/wp-content\/uploads\/2020\/07\/4.png","datePublished":"2020-07-06T06:42:41+00:00","dateModified":"2024-08-14T11:00:49+00:00","description":"Oferujemy wysokiej jako\u015bci cz\u0119\u015bci nap\u0119dowe, kt\u00f3re sprawi\u0105, \u017ce ka\u017cda maszyna przemys\u0142owa czy rolnicza b\u0119dzie dzia\u0142a\u0142a w pe\u0142ni sprawnie.","breadcrumb":{"@id":"https:\/\/radius-radpol.pl\/produkt\/sprzeglo-zebate-flexident\/#breadcrumb"},"inLanguage":"en-US","potentialAction":[{"@type":"ReadAction","target":["https:\/\/radius-radpol.pl\/produkt\/sprzeglo-zebate-flexident\/"]}]},{"@type":"ImageObject","inLanguage":"en-US","@id":"https:\/\/radius-radpol.pl\/produkt\/sprzeglo-zebate-flexident\/#primaryimage","url":"https:\/\/radius-radpol.pl\/wp-content\/uploads\/2020\/07\/4.png","contentUrl":"https:\/\/radius-radpol.pl\/wp-content\/uploads\/2020\/07\/4.png","width":500,"height":500,"caption":"Sprz\u0119g\u0142o z\u0119bate Flexident"},{"@type":"BreadcrumbList","@id":"https:\/\/radius-radpol.pl\/produkt\/sprzeglo-zebate-flexident\/#breadcrumb","itemListElement":[{"@type":"ListItem","position":1,"name":"Strona g\u0142\u00f3wna","item":"https:\/\/radius-radpol.pl\/"},{"@type":"ListItem","position":2,"name":"Produkty","item":"https:\/\/radius-radpol.pl\/produkty\/"},{"@type":"ListItem","position":3,"name":"Sprz\u0119g\u0142o z\u0119bate Flexident"}]},{"@type":"WebSite","@id":"https:\/\/radius-radpol.pl\/#website","url":"https:\/\/radius-radpol.pl\/","name":"Radius Radpol","description":"Technika nap\u0119d\u00f3w mechanicznych","publisher":{"@id":"https:\/\/radius-radpol.pl\/#organization"},"potentialAction":[{"@type":"SearchAction","target":{"@type":"EntryPoint","urlTemplate":"https:\/\/radius-radpol.pl\/?s={search_term_string}"},"query-input":{"@type":"PropertyValueSpecification","valueRequired":true,"valueName":"search_term_string"}}],"inLanguage":"en-US"},{"@type":"Organization","@id":"https:\/\/radius-radpol.pl\/#organization","name":"Radius Radpol","url":"https:\/\/radius-radpol.pl\/","logo":{"@type":"ImageObject","inLanguage":"en-US","@id":"https:\/\/radius-radpol.pl\/#\/schema\/logo\/image\/","url":"https:\/\/radius-radpol.pl\/wp-content\/uploads\/2021\/10\/Radius-LOGO4.png","contentUrl":"https:\/\/radius-radpol.pl\/wp-content\/uploads\/2021\/10\/Radius-LOGO4.png","width":1500,"height":900,"caption":"Radius Radpol"},"image":{"@id":"https:\/\/radius-radpol.pl\/#\/schema\/logo\/image\/"}}]}},"_links":{"self":[{"href":"https:\/\/radius-radpol.pl\/en\/wp-json\/wp\/v2\/product\/2191","targetHints":{"allow":["GET"]}}],"collection":[{"href":"https:\/\/radius-radpol.pl\/en\/wp-json\/wp\/v2\/product"}],"about":[{"href":"https:\/\/radius-radpol.pl\/en\/wp-json\/wp\/v2\/types\/product"}],"wp:featuredmedia":[{"embeddable":true,"href":"https:\/\/radius-radpol.pl\/en\/wp-json\/wp\/v2\/media\/2189"}],"wp:attachment":[{"href":"https:\/\/radius-radpol.pl\/en\/wp-json\/wp\/v2\/media?parent=2191"}],"wp:term":[{"taxonomy":"product_cat","embeddable":true,"href":"https:\/\/radius-radpol.pl\/en\/wp-json\/wp\/v2\/product_cat?post=2191"},{"taxonomy":"product_tag","embeddable":true,"href":"https:\/\/radius-radpol.pl\/en\/wp-json\/wp\/v2\/product_tag?post=2191"}],"curies":[{"name":"wp","href":"https:\/\/api.w.org\/{rel}","templated":true}]}}