{"id":2112,"date":"2020-06-23T09:08:53","date_gmt":"2020-06-23T09:08:53","guid":{"rendered":"https:\/\/radius-radpol.pl\/?post_type=product&#038;p=2112"},"modified":"2024-08-08T09:52:32","modified_gmt":"2024-08-08T09:52:32","slug":"sprzeglo-zaciskowe-rwk","status":"publish","type":"product","link":"https:\/\/radius-radpol.pl\/en\/product\/sprzeglo-zaciskowe-rwk\/","title":{"rendered":"Cone clamping coupling RWK 500"},"content":{"rendered":"<h2>Sprz\u0119g\u0142o zaciskowe RWK<\/h2>\n<p>do bezluzowego po\u0142\u0105czenia dw\u00f3ch ko\u0144c\u00f3w wa\u0142u<\/p>\n<h3><strong>Cechy<\/strong><\/h3>\n<p>kompaktowa konstrukcja<br \/>\n\u0142atwy do zwolnienia<br \/>\nDo wa\u0142\u00f3w o \u015brednicach od 14 mm do 100 mm<br \/>\nSztywne i bezluzowe po\u0142\u0105czenie ko\u0144c\u00f3w wa\u0142\u00f3w<br \/>\nBrak os\u0142abienia wa\u0142\u00f3w za pomoc\u0105 kluczy pi\u00f3rowych Brak korozji ciernej jak w przypadku po\u0142\u0105cze\u0144 wpustowych<br \/>\nPrzenoszenie moment\u00f3w i si\u0142 osiowych<br \/>\nTypowe zastosowania: \u0142\u0105czenie sekcji wa\u0142u np. z nawijarkami krajarek w przemy\u015ble papierniczym<\/p>","protected":false},"excerpt":{"rendered":"<p>Sprz\u0119g\u0142o zaciskowe RWK do bezluzowego po\u0142\u0105czenia dw\u00f3ch ko\u0144c\u00f3w wa\u0142u Cechy kompaktowa konstrukcja \u0142atwy do zwolnienia Do wa\u0142\u00f3w o \u015brednicach od 14 mm do 100 mm Sztywne i bezluzowe po\u0142\u0105czenie ko\u0144c\u00f3w wa\u0142\u00f3w Brak os\u0142abienia wa\u0142\u00f3w za pomoc\u0105 kluczy pi\u00f3rowych Brak korozji ciernej jak w przypadku po\u0142\u0105cze\u0144 wpustowych Przenoszenie moment\u00f3w i si\u0142 osiowych Typowe zastosowania: \u0142\u0105czenie sekcji [&#8230;]","protected":false},"featured_media":2270,"template":"","meta":[],"product_cat":[77,79],"product_tag":[93],"class_list":{"0":"post-2112","1":"product","2":"type-product","3":"status-publish","4":"has-post-thumbnail","6":"product_cat-pierscienie-i-tarcze-rozprezno-zaciskowe","7":"product_cat-sprzegla-sztywne","8":"product_tag-ringspann","10":"first","11":"instock","12":"shipping-taxable","13":"product-type-simple"},"yoast_head":"<!-- This site is optimized with the Yoast SEO plugin v24.0 - https:\/\/yoast.com\/wordpress\/plugins\/seo\/ -->\n<title>Sprz\u0119g\u0142o zaciskowe RWK 500 - Radius Radpol - technika nap\u0119d\u00f3w mechanicznych<\/title>\n<meta name=\"description\" content=\"Oferujemy sprz\u0119g\u0142a zaciskowe RWK do bezluzowego po\u0142\u0105czenia dw\u00f3ch ko\u0144c\u00f3w wa\u0142u. Przeznaczone do wa\u0142\u00f3w o \u015brednicach od 14 do 100 mm.\" \/>\n<meta name=\"robots\" content=\"index, follow, max-snippet:-1, max-image-preview:large, max-video-preview:-1\" \/>\n<link rel=\"canonical\" href=\"https:\/\/radius-radpol.pl\/en\/product\/sprzeglo-zaciskowe-rwk\/\" \/>\n<script type=\"application\/ld+json\" class=\"yoast-schema-graph\">{\"@context\":\"https:\/\/schema.org\",\"@graph\":[{\"@type\":\"WebPage\",\"@id\":\"https:\/\/radius-radpol.pl\/produkt\/sprzeglo-zaciskowe-rwk\/\",\"url\":\"https:\/\/radius-radpol.pl\/produkt\/sprzeglo-zaciskowe-rwk\/\",\"name\":\"Sprz\u0119g\u0142o zaciskowe RWK 500 - Radius Radpol - technika nap\u0119d\u00f3w mechanicznych\",\"isPartOf\":{\"@id\":\"https:\/\/radius-radpol.pl\/#website\"},\"primaryImageOfPage\":{\"@id\":\"https:\/\/radius-radpol.pl\/produkt\/sprzeglo-zaciskowe-rwk\/#primaryimage\"},\"image\":{\"@id\":\"https:\/\/radius-radpol.pl\/produkt\/sprzeglo-zaciskowe-rwk\/#primaryimage\"},\"thumbnailUrl\":\"https:\/\/radius-radpol.pl\/wp-content\/uploads\/2020\/06\/2-2.png\",\"datePublished\":\"2020-06-23T09:08:53+00:00\",\"dateModified\":\"2024-08-08T09:52:32+00:00\",\"description\":\"Oferujemy sprz\u0119g\u0142a zaciskowe RWK do bezluzowego po\u0142\u0105czenia dw\u00f3ch ko\u0144c\u00f3w wa\u0142u. Przeznaczone do wa\u0142\u00f3w o \u015brednicach od 14 do 100 mm.\",\"breadcrumb\":{\"@id\":\"https:\/\/radius-radpol.pl\/produkt\/sprzeglo-zaciskowe-rwk\/#breadcrumb\"},\"inLanguage\":\"en-US\",\"potentialAction\":[{\"@type\":\"ReadAction\",\"target\":[\"https:\/\/radius-radpol.pl\/produkt\/sprzeglo-zaciskowe-rwk\/\"]}]},{\"@type\":\"ImageObject\",\"inLanguage\":\"en-US\",\"@id\":\"https:\/\/radius-radpol.pl\/produkt\/sprzeglo-zaciskowe-rwk\/#primaryimage\",\"url\":\"https:\/\/radius-radpol.pl\/wp-content\/uploads\/2020\/06\/2-2.png\",\"contentUrl\":\"https:\/\/radius-radpol.pl\/wp-content\/uploads\/2020\/06\/2-2.png\",\"width\":500,\"height\":500,\"caption\":\"Sprz\u0119g\u0142o zaciskowe RWK 500\"},{\"@type\":\"BreadcrumbList\",\"@id\":\"https:\/\/radius-radpol.pl\/produkt\/sprzeglo-zaciskowe-rwk\/#breadcrumb\",\"itemListElement\":[{\"@type\":\"ListItem\",\"position\":1,\"name\":\"Strona g\u0142\u00f3wna\",\"item\":\"https:\/\/radius-radpol.pl\/\"},{\"@type\":\"ListItem\",\"position\":2,\"name\":\"Produkty\",\"item\":\"https:\/\/radius-radpol.pl\/produkty\/\"},{\"@type\":\"ListItem\",\"position\":3,\"name\":\"Sprz\u0119g\u0142o zaciskowe RWK 500\"}]},{\"@type\":\"WebSite\",\"@id\":\"https:\/\/radius-radpol.pl\/#website\",\"url\":\"https:\/\/radius-radpol.pl\/\",\"name\":\"Radius Radpol\",\"description\":\"Technika nap\u0119d\u00f3w mechanicznych\",\"publisher\":{\"@id\":\"https:\/\/radius-radpol.pl\/#organization\"},\"potentialAction\":[{\"@type\":\"SearchAction\",\"target\":{\"@type\":\"EntryPoint\",\"urlTemplate\":\"https:\/\/radius-radpol.pl\/?s={search_term_string}\"},\"query-input\":{\"@type\":\"PropertyValueSpecification\",\"valueRequired\":true,\"valueName\":\"search_term_string\"}}],\"inLanguage\":\"en-US\"},{\"@type\":\"Organization\",\"@id\":\"https:\/\/radius-radpol.pl\/#organization\",\"name\":\"Radius Radpol\",\"url\":\"https:\/\/radius-radpol.pl\/\",\"logo\":{\"@type\":\"ImageObject\",\"inLanguage\":\"en-US\",\"@id\":\"https:\/\/radius-radpol.pl\/#\/schema\/logo\/image\/\",\"url\":\"https:\/\/radius-radpol.pl\/wp-content\/uploads\/2021\/10\/Radius-LOGO4.png\",\"contentUrl\":\"https:\/\/radius-radpol.pl\/wp-content\/uploads\/2021\/10\/Radius-LOGO4.png\",\"width\":1500,\"height\":900,\"caption\":\"Radius Radpol\"},\"image\":{\"@id\":\"https:\/\/radius-radpol.pl\/#\/schema\/logo\/image\/\"}}]}<\/script>\n<!-- \/ Yoast SEO plugin. -->","yoast_head_json":{"title":"Sprz\u0119g\u0142o zaciskowe RWK 500 - Radius Radpol - technika nap\u0119d\u00f3w mechanicznych","description":"Oferujemy sprz\u0119g\u0142a zaciskowe RWK do bezluzowego po\u0142\u0105czenia dw\u00f3ch ko\u0144c\u00f3w wa\u0142u. Przeznaczone do wa\u0142\u00f3w o \u015brednicach od 14 do 100 mm.","robots":{"index":"index","follow":"follow","max-snippet":"max-snippet:-1","max-image-preview":"max-image-preview:large","max-video-preview":"max-video-preview:-1"},"canonical":"https:\/\/radius-radpol.pl\/en\/product\/sprzeglo-zaciskowe-rwk\/","schema":{"@context":"https:\/\/schema.org","@graph":[{"@type":"WebPage","@id":"https:\/\/radius-radpol.pl\/produkt\/sprzeglo-zaciskowe-rwk\/","url":"https:\/\/radius-radpol.pl\/produkt\/sprzeglo-zaciskowe-rwk\/","name":"Sprz\u0119g\u0142o zaciskowe RWK 500 - Radius Radpol - technika nap\u0119d\u00f3w mechanicznych","isPartOf":{"@id":"https:\/\/radius-radpol.pl\/#website"},"primaryImageOfPage":{"@id":"https:\/\/radius-radpol.pl\/produkt\/sprzeglo-zaciskowe-rwk\/#primaryimage"},"image":{"@id":"https:\/\/radius-radpol.pl\/produkt\/sprzeglo-zaciskowe-rwk\/#primaryimage"},"thumbnailUrl":"https:\/\/radius-radpol.pl\/wp-content\/uploads\/2020\/06\/2-2.png","datePublished":"2020-06-23T09:08:53+00:00","dateModified":"2024-08-08T09:52:32+00:00","description":"Oferujemy sprz\u0119g\u0142a zaciskowe RWK do bezluzowego po\u0142\u0105czenia dw\u00f3ch ko\u0144c\u00f3w wa\u0142u. Przeznaczone do wa\u0142\u00f3w o \u015brednicach od 14 do 100 mm.","breadcrumb":{"@id":"https:\/\/radius-radpol.pl\/produkt\/sprzeglo-zaciskowe-rwk\/#breadcrumb"},"inLanguage":"en-US","potentialAction":[{"@type":"ReadAction","target":["https:\/\/radius-radpol.pl\/produkt\/sprzeglo-zaciskowe-rwk\/"]}]},{"@type":"ImageObject","inLanguage":"en-US","@id":"https:\/\/radius-radpol.pl\/produkt\/sprzeglo-zaciskowe-rwk\/#primaryimage","url":"https:\/\/radius-radpol.pl\/wp-content\/uploads\/2020\/06\/2-2.png","contentUrl":"https:\/\/radius-radpol.pl\/wp-content\/uploads\/2020\/06\/2-2.png","width":500,"height":500,"caption":"Sprz\u0119g\u0142o zaciskowe RWK 500"},{"@type":"BreadcrumbList","@id":"https:\/\/radius-radpol.pl\/produkt\/sprzeglo-zaciskowe-rwk\/#breadcrumb","itemListElement":[{"@type":"ListItem","position":1,"name":"Strona g\u0142\u00f3wna","item":"https:\/\/radius-radpol.pl\/"},{"@type":"ListItem","position":2,"name":"Produkty","item":"https:\/\/radius-radpol.pl\/produkty\/"},{"@type":"ListItem","position":3,"name":"Sprz\u0119g\u0142o zaciskowe RWK 500"}]},{"@type":"WebSite","@id":"https:\/\/radius-radpol.pl\/#website","url":"https:\/\/radius-radpol.pl\/","name":"Radius Radpol","description":"Technika nap\u0119d\u00f3w mechanicznych","publisher":{"@id":"https:\/\/radius-radpol.pl\/#organization"},"potentialAction":[{"@type":"SearchAction","target":{"@type":"EntryPoint","urlTemplate":"https:\/\/radius-radpol.pl\/?s={search_term_string}"},"query-input":{"@type":"PropertyValueSpecification","valueRequired":true,"valueName":"search_term_string"}}],"inLanguage":"en-US"},{"@type":"Organization","@id":"https:\/\/radius-radpol.pl\/#organization","name":"Radius Radpol","url":"https:\/\/radius-radpol.pl\/","logo":{"@type":"ImageObject","inLanguage":"en-US","@id":"https:\/\/radius-radpol.pl\/#\/schema\/logo\/image\/","url":"https:\/\/radius-radpol.pl\/wp-content\/uploads\/2021\/10\/Radius-LOGO4.png","contentUrl":"https:\/\/radius-radpol.pl\/wp-content\/uploads\/2021\/10\/Radius-LOGO4.png","width":1500,"height":900,"caption":"Radius Radpol"},"image":{"@id":"https:\/\/radius-radpol.pl\/#\/schema\/logo\/image\/"}}]}},"_links":{"self":[{"href":"https:\/\/radius-radpol.pl\/en\/wp-json\/wp\/v2\/product\/2112","targetHints":{"allow":["GET"]}}],"collection":[{"href":"https:\/\/radius-radpol.pl\/en\/wp-json\/wp\/v2\/product"}],"about":[{"href":"https:\/\/radius-radpol.pl\/en\/wp-json\/wp\/v2\/types\/product"}],"wp:featuredmedia":[{"embeddable":true,"href":"https:\/\/radius-radpol.pl\/en\/wp-json\/wp\/v2\/media\/2270"}],"wp:attachment":[{"href":"https:\/\/radius-radpol.pl\/en\/wp-json\/wp\/v2\/media?parent=2112"}],"wp:term":[{"taxonomy":"product_cat","embeddable":true,"href":"https:\/\/radius-radpol.pl\/en\/wp-json\/wp\/v2\/product_cat?post=2112"},{"taxonomy":"product_tag","embeddable":true,"href":"https:\/\/radius-radpol.pl\/en\/wp-json\/wp\/v2\/product_tag?post=2112"}],"curies":[{"name":"wp","href":"https:\/\/api.w.org\/{rel}","templated":true}]}}