{"id":2102,"date":"2020-06-23T07:41:04","date_gmt":"2020-06-23T07:41:04","guid":{"rendered":"https:\/\/radius-radpol.pl\/?post_type=product&#038;p=2102"},"modified":"2024-08-08T09:53:51","modified_gmt":"2024-08-08T09:53:51","slug":"wolnobiegi-koszykowe","status":"publish","type":"product","link":"https:\/\/radius-radpol.pl\/en\/product\/wolnobiegi-koszykowe\/","title":{"rendered":"Cage Freewheels"},"content":{"rendered":"<article id=\"box_363_template_1124\" class=\"einspalter level-1 margin\">\n<header class=\"content_headline\">\n<h1>Cage Freewheels<\/h1>\n<\/header>\n<article id=\"box_37_template_115\" class=\"einspalter level-1 margin\">\n<div class=\"column count-1\">\n<div id=\"object_116\" class=\"level-2\">\n<div class=\"object_content\">\n<div id=\"product-detail\">\n<h2><span class=\"tlid-translation translation\" lang=\"pl\"><span class=\"\" title=\"\">do kompletowania z pier\u015bcieniem wewn\u0119trznym i zewn\u0119trznym<\/span><\/span><\/h2>\n<p>z rolkami blokuj\u0105cymi<\/p>\n<div class=\"headline\">\n<h2 class=\"red\">Wolnobiegi koszykowe SF<\/h2>\n<p>z elementami blokuj\u0105cymi dost\u0119pnymi w trzech rodzajach<\/p>\n<\/div>\n<div class=\"info\"><\/div>\n<p>&nbsp;<\/p>\n<ul>\n<li class=\"box-model\"><a class=\"shopping link_grey\" href=\"https:\/\/www.ringspann.com\/en\/products\/freewheels\/cage-freewheels\/for-assembly-with-inner-and-outer-ring\/cage-freewheels-sf\" target=\"_blank\" rel=\"nofollow noopener noreferrer\">Artyku\u0142 SF<\/a><\/li>\n<li class=\"box-model\"><a class=\"pdf link_grey\" href=\"\/\/\/en\/files\/Datasheet-SF-845.pdf\" target=\"_blank\" rel=\"nofollow noopener noreferrer\">Karta katalog<\/a><\/li>\n<li class=\"box-model\"><a class=\"cad link_grey\" href=\"https:\/\/www.ringspann.com\/en\/service\/downloads\/cad-models\/freewheels\/cage-freewheels\/for-assembly-with-inner-and-outer-ring\/cage-freewheels-sf\">3D CAD model<\/a><\/li>\n<li class=\"box-model\"><a class=\"einbau link_grey\" href=\"\/\/\/en\/files\/InstallationInstructions-SF-3715.pdf\" target=\"_blank\" rel=\"nofollow noopener noreferrer\">Installation Instruction<\/a><\/li>\n<\/ul>\n<p>&nbsp;<\/p>\n<h2>Wolnobiegi koszykowe SFB<\/h2>\n<div class=\"headline\">\n<p>z elementami blokuj\u0105cymi dost\u0119pnymi w trzech rodzajach<\/p>\n<\/div>\n<ul>\n<li><a class=\"shopping link_grey\" href=\"https:\/\/www.ringspann.com\/en\/products\/freewheels\/cage-freewheels\/for-assembly-with-inner-and-outer-ring\/cage-freewheels-sfb\" target=\"_blank\" rel=\"nofollow noopener noreferrer\">Artyku\u0142 SFB<\/a><\/li>\n<li><a class=\"pdf link_grey\" title=\"Datasheet SFB\" href=\"\/\/\/en\/files\/E08.122e---Cage-Freewheels-SFB-190220-5337.pdf\" target=\"_blank\" rel=\"noopener noreferrer\">Karta katalogowa<\/a><\/li>\n<li><a class=\"cad link_grey\" href=\"file:\/\/\/C:\/Users\/ptryb\/Downloads\/Cage Freewheels from RINGSPANN.html\">3D CAD model<\/a><\/li>\n<\/ul>\n<div class=\"headline\">\n<h2 class=\"red\">Wolnobiegi koszykowe SF \u2026 P<\/h2>\n<p>do wysokich odchyle\u0144 wsp\u00f3\u0142osiowo\u015bci<\/p>\n<\/div>\n<ul>\n<li><a class=\"shopping link_grey\" href=\"https:\/\/www.ringspann.com\/en\/products\/freewheels\/cage-freewheels\/for-assembly-with-inner-and-outer-ring\/cage-freewheels-sf-p\" target=\"_blank\" rel=\"nofollow noopener noreferrer\">Artyku\u0142 SF&#8230;P<\/a><\/li>\n<li><a class=\"pdf link_grey\" href=\"\/\/\/en\/files\/Datasheet-SF-P-844.pdf\" target=\"_blank\" rel=\"nofollow noopener noreferrer\">Karta katalogowa<\/a><\/li>\n<li><a class=\"cad link_grey\" href=\"https:\/\/www.ringspann.com\/en\/service\/downloads\/cad-models\/freewheels\/cage-freewheels\/for-assembly-with-inner-and-outer-ring\/cage-freewheels-sf-p\" target=\"_blank\" rel=\"nofollow noopener noreferrer\">3D CAD model<\/a><\/li>\n<li><a class=\"einbau link_grey\" href=\"\/\/\/en\/files\/InstallationInstructions-SF-3715.pdf\" target=\"_blank\" rel=\"nofollow noopener noreferrer\">Instrukcja monta\u017cu<\/a><\/li>\n<\/ul>\n<div class=\"headline\">\n<h2 class=\"red\">Wolnobiegi koszykowe E<\/h2>\n<p><span class=\"tlid-translation translation\" lang=\"pl\"><span class=\"\" title=\"\">o najwy\u017cszym momencie obrotowym<\/span><\/span><\/p>\n<\/div>\n<div class=\"info\"><\/div>\n<ul>\n<li><a class=\"shopping link_grey\" href=\"https:\/\/www.ringspann.com\/en\/products\/freewheels\/cage-freewheels\/for-assembly-with-inner-and-outer-ring\/cage-freewheels-e\" target=\"_blank\" rel=\"nofollow noopener noreferrer\">Artyku\u0142 E<\/a><\/li>\n<li><a class=\"pdf link_grey\" href=\"\/\/\/en\/files\/Datasheet-E-4939.pdf\" target=\"_blank\" rel=\"nofollow noopener noreferrer\">Karta katalogowa<\/a><\/li>\n<li><a class=\"pdf link_grey\" title=\"Flyer Cage Freewheels E\" href=\"\/\/\/en\/files\/Product Flyer Cage Freewheels E-5091.pdf\" target=\"_blank\" rel=\"nofollow noopener noreferrer\">Ulotka produktu<\/a><\/li>\n<li><a class=\"cad link_grey\" href=\"https:\/\/www.ringspann.com\/en\/service\/downloads\/cad-models\/freewheels\/cage-freewheels\/for-assembly-with-inner-and-outer-ring\/cage-freewheels-e\" target=\"_blank\" rel=\"nofollow noopener noreferrer\">3D CAD model<\/a><\/li>\n<li><a class=\"einbau link_grey\" title=\"Installation and Operating Instructions Cage Freewheel E\" href=\"\/\/\/en\/files\/E08-785e-5221.pdf\" target=\"_blank\" rel=\"nofollow noopener noreferrer\">Instrukcja monta\u017cu<\/a><\/li>\n<\/ul>\n<\/div>\n<\/div>\n<\/div>\n<\/div>\n<\/article>\n<\/article>","protected":false},"excerpt":{"rendered":"<p>Cage Freewheels do kompletowania z pier\u015bcieniem wewn\u0119trznym i zewn\u0119trznym z rolkami blokuj\u0105cymi Wolnobiegi koszykowe SF z elementami blokuj\u0105cymi dost\u0119pnymi w trzech rodzajach &nbsp; Artyku\u0142 SF Karta katalog 3D CAD model Installation Instruction &nbsp; Wolnobiegi koszykowe SFB z elementami blokuj\u0105cymi dost\u0119pnymi w trzech rodzajach Artyku\u0142 SFB Karta katalogowa 3D CAD model Wolnobiegi koszykowe SF \u2026 P [&#8230;]","protected":false},"featured_media":2104,"template":"","meta":[],"product_cat":[71],"product_tag":[93],"class_list":{"0":"post-2102","1":"product","2":"type-product","3":"status-publish","4":"has-post-thumbnail","6":"product_cat-wolnobiegi","7":"product_tag-ringspann","9":"first","10":"instock","11":"shipping-taxable","12":"product-type-simple"},"yoast_head":"<!-- This site is optimized with the Yoast SEO plugin v24.0 - https:\/\/yoast.com\/wordpress\/plugins\/seo\/ -->\n<title>Wolnobiegi koszykowe - Radius Radpol - technika nap\u0119d\u00f3w mechanicznych<\/title>\n<meta name=\"robots\" content=\"index, follow, max-snippet:-1, max-image-preview:large, max-video-preview:-1\" \/>\n<link rel=\"canonical\" href=\"https:\/\/radius-radpol.pl\/en\/product\/wolnobiegi-koszykowe\/\" \/>\n<script type=\"application\/ld+json\" class=\"yoast-schema-graph\">{\"@context\":\"https:\/\/schema.org\",\"@graph\":[{\"@type\":\"WebPage\",\"@id\":\"https:\/\/radius-radpol.pl\/produkt\/wolnobiegi-koszykowe\/\",\"url\":\"https:\/\/radius-radpol.pl\/produkt\/wolnobiegi-koszykowe\/\",\"name\":\"Wolnobiegi koszykowe - Radius Radpol - technika nap\u0119d\u00f3w mechanicznych\",\"isPartOf\":{\"@id\":\"https:\/\/radius-radpol.pl\/#website\"},\"primaryImageOfPage\":{\"@id\":\"https:\/\/radius-radpol.pl\/produkt\/wolnobiegi-koszykowe\/#primaryimage\"},\"image\":{\"@id\":\"https:\/\/radius-radpol.pl\/produkt\/wolnobiegi-koszykowe\/#primaryimage\"},\"thumbnailUrl\":\"https:\/\/radius-radpol.pl\/wp-content\/uploads\/2020\/06\/SF.png\",\"datePublished\":\"2020-06-23T07:41:04+00:00\",\"dateModified\":\"2024-08-08T09:53:51+00:00\",\"breadcrumb\":{\"@id\":\"https:\/\/radius-radpol.pl\/produkt\/wolnobiegi-koszykowe\/#breadcrumb\"},\"inLanguage\":\"en-US\",\"potentialAction\":[{\"@type\":\"ReadAction\",\"target\":[\"https:\/\/radius-radpol.pl\/produkt\/wolnobiegi-koszykowe\/\"]}]},{\"@type\":\"ImageObject\",\"inLanguage\":\"en-US\",\"@id\":\"https:\/\/radius-radpol.pl\/produkt\/wolnobiegi-koszykowe\/#primaryimage\",\"url\":\"https:\/\/radius-radpol.pl\/wp-content\/uploads\/2020\/06\/SF.png\",\"contentUrl\":\"https:\/\/radius-radpol.pl\/wp-content\/uploads\/2020\/06\/SF.png\",\"width\":450,\"height\":295,\"caption\":\"Wolnobiegi koszykowe\"},{\"@type\":\"BreadcrumbList\",\"@id\":\"https:\/\/radius-radpol.pl\/produkt\/wolnobiegi-koszykowe\/#breadcrumb\",\"itemListElement\":[{\"@type\":\"ListItem\",\"position\":1,\"name\":\"Strona g\u0142\u00f3wna\",\"item\":\"https:\/\/radius-radpol.pl\/\"},{\"@type\":\"ListItem\",\"position\":2,\"name\":\"Produkty\",\"item\":\"https:\/\/radius-radpol.pl\/produkty\/\"},{\"@type\":\"ListItem\",\"position\":3,\"name\":\"Wolnobiegi koszykowe\"}]},{\"@type\":\"WebSite\",\"@id\":\"https:\/\/radius-radpol.pl\/#website\",\"url\":\"https:\/\/radius-radpol.pl\/\",\"name\":\"Radius Radpol\",\"description\":\"Technika nap\u0119d\u00f3w mechanicznych\",\"publisher\":{\"@id\":\"https:\/\/radius-radpol.pl\/#organization\"},\"potentialAction\":[{\"@type\":\"SearchAction\",\"target\":{\"@type\":\"EntryPoint\",\"urlTemplate\":\"https:\/\/radius-radpol.pl\/?s={search_term_string}\"},\"query-input\":{\"@type\":\"PropertyValueSpecification\",\"valueRequired\":true,\"valueName\":\"search_term_string\"}}],\"inLanguage\":\"en-US\"},{\"@type\":\"Organization\",\"@id\":\"https:\/\/radius-radpol.pl\/#organization\",\"name\":\"Radius Radpol\",\"url\":\"https:\/\/radius-radpol.pl\/\",\"logo\":{\"@type\":\"ImageObject\",\"inLanguage\":\"en-US\",\"@id\":\"https:\/\/radius-radpol.pl\/#\/schema\/logo\/image\/\",\"url\":\"https:\/\/radius-radpol.pl\/wp-content\/uploads\/2021\/10\/Radius-LOGO4.png\",\"contentUrl\":\"https:\/\/radius-radpol.pl\/wp-content\/uploads\/2021\/10\/Radius-LOGO4.png\",\"width\":1500,\"height\":900,\"caption\":\"Radius Radpol\"},\"image\":{\"@id\":\"https:\/\/radius-radpol.pl\/#\/schema\/logo\/image\/\"}}]}<\/script>\n<!-- \/ Yoast SEO plugin. -->","yoast_head_json":{"title":"Wolnobiegi koszykowe - Radius Radpol - technika nap\u0119d\u00f3w mechanicznych","robots":{"index":"index","follow":"follow","max-snippet":"max-snippet:-1","max-image-preview":"max-image-preview:large","max-video-preview":"max-video-preview:-1"},"canonical":"https:\/\/radius-radpol.pl\/en\/product\/wolnobiegi-koszykowe\/","schema":{"@context":"https:\/\/schema.org","@graph":[{"@type":"WebPage","@id":"https:\/\/radius-radpol.pl\/produkt\/wolnobiegi-koszykowe\/","url":"https:\/\/radius-radpol.pl\/produkt\/wolnobiegi-koszykowe\/","name":"Wolnobiegi koszykowe - Radius Radpol - technika nap\u0119d\u00f3w mechanicznych","isPartOf":{"@id":"https:\/\/radius-radpol.pl\/#website"},"primaryImageOfPage":{"@id":"https:\/\/radius-radpol.pl\/produkt\/wolnobiegi-koszykowe\/#primaryimage"},"image":{"@id":"https:\/\/radius-radpol.pl\/produkt\/wolnobiegi-koszykowe\/#primaryimage"},"thumbnailUrl":"https:\/\/radius-radpol.pl\/wp-content\/uploads\/2020\/06\/SF.png","datePublished":"2020-06-23T07:41:04+00:00","dateModified":"2024-08-08T09:53:51+00:00","breadcrumb":{"@id":"https:\/\/radius-radpol.pl\/produkt\/wolnobiegi-koszykowe\/#breadcrumb"},"inLanguage":"en-US","potentialAction":[{"@type":"ReadAction","target":["https:\/\/radius-radpol.pl\/produkt\/wolnobiegi-koszykowe\/"]}]},{"@type":"ImageObject","inLanguage":"en-US","@id":"https:\/\/radius-radpol.pl\/produkt\/wolnobiegi-koszykowe\/#primaryimage","url":"https:\/\/radius-radpol.pl\/wp-content\/uploads\/2020\/06\/SF.png","contentUrl":"https:\/\/radius-radpol.pl\/wp-content\/uploads\/2020\/06\/SF.png","width":450,"height":295,"caption":"Wolnobiegi koszykowe"},{"@type":"BreadcrumbList","@id":"https:\/\/radius-radpol.pl\/produkt\/wolnobiegi-koszykowe\/#breadcrumb","itemListElement":[{"@type":"ListItem","position":1,"name":"Strona g\u0142\u00f3wna","item":"https:\/\/radius-radpol.pl\/"},{"@type":"ListItem","position":2,"name":"Produkty","item":"https:\/\/radius-radpol.pl\/produkty\/"},{"@type":"ListItem","position":3,"name":"Wolnobiegi koszykowe"}]},{"@type":"WebSite","@id":"https:\/\/radius-radpol.pl\/#website","url":"https:\/\/radius-radpol.pl\/","name":"Radius Radpol","description":"Technika nap\u0119d\u00f3w mechanicznych","publisher":{"@id":"https:\/\/radius-radpol.pl\/#organization"},"potentialAction":[{"@type":"SearchAction","target":{"@type":"EntryPoint","urlTemplate":"https:\/\/radius-radpol.pl\/?s={search_term_string}"},"query-input":{"@type":"PropertyValueSpecification","valueRequired":true,"valueName":"search_term_string"}}],"inLanguage":"en-US"},{"@type":"Organization","@id":"https:\/\/radius-radpol.pl\/#organization","name":"Radius Radpol","url":"https:\/\/radius-radpol.pl\/","logo":{"@type":"ImageObject","inLanguage":"en-US","@id":"https:\/\/radius-radpol.pl\/#\/schema\/logo\/image\/","url":"https:\/\/radius-radpol.pl\/wp-content\/uploads\/2021\/10\/Radius-LOGO4.png","contentUrl":"https:\/\/radius-radpol.pl\/wp-content\/uploads\/2021\/10\/Radius-LOGO4.png","width":1500,"height":900,"caption":"Radius Radpol"},"image":{"@id":"https:\/\/radius-radpol.pl\/#\/schema\/logo\/image\/"}}]}},"_links":{"self":[{"href":"https:\/\/radius-radpol.pl\/en\/wp-json\/wp\/v2\/product\/2102","targetHints":{"allow":["GET"]}}],"collection":[{"href":"https:\/\/radius-radpol.pl\/en\/wp-json\/wp\/v2\/product"}],"about":[{"href":"https:\/\/radius-radpol.pl\/en\/wp-json\/wp\/v2\/types\/product"}],"wp:featuredmedia":[{"embeddable":true,"href":"https:\/\/radius-radpol.pl\/en\/wp-json\/wp\/v2\/media\/2104"}],"wp:attachment":[{"href":"https:\/\/radius-radpol.pl\/en\/wp-json\/wp\/v2\/media?parent=2102"}],"wp:term":[{"taxonomy":"product_cat","embeddable":true,"href":"https:\/\/radius-radpol.pl\/en\/wp-json\/wp\/v2\/product_cat?post=2102"},{"taxonomy":"product_tag","embeddable":true,"href":"https:\/\/radius-radpol.pl\/en\/wp-json\/wp\/v2\/product_tag?post=2102"}],"curies":[{"name":"wp","href":"https:\/\/api.w.org\/{rel}","templated":true}]}}