{"id":1719,"date":"2020-05-31T17:25:19","date_gmt":"2020-05-31T17:25:19","guid":{"rendered":"https:\/\/radius-radpol.pl\/?post_type=product&#038;p=1719"},"modified":"2024-08-14T11:21:51","modified_gmt":"2024-08-14T11:21:51","slug":"motoreduktory-slimakowe-cm","status":"publish","type":"product","link":"https:\/\/radius-radpol.pl\/en\/product\/motoreduktory-slimakowe-cm\/","title":{"rendered":"Wormgearmotors CM"},"content":{"rendered":"<div id=\"gap-1019264392\" class=\"gap-element clearfix\" style=\"display:block; height:auto;\">\n\t\t\n<style>\n#gap-1019264392 {\n  padding-top: 40px;\n}\n<\/style>\n\t<\/div>\n\t\n\n  <div class=\"banner has-hover\" id=\"banner-2045848071\">\n          <div class=\"banner-inner fill\">\n        <div class=\"banner-bg fill\" >\n                                    <div class=\"overlay\"><\/div>            \n                    <\/div>\n\t\t\n        <div class=\"banner-layers container\">\n            <div class=\"fill banner-link\"><\/div>            \n   <div id=\"text-box-1496086392\" class=\"text-box banner-layer x0 md-x0 lg-x0 y15 md-y15 lg-y15 res-text\">\n                                <div class=\"text-box-content text\">\n              \n              <div class=\"text-inner text-center\">\n                  \n<h1 style=\"text-align: left;\"><span style=\"color: #282828;\">Wormgearmotors<\/span><\/h1>\n<ul>\n<li style=\"text-align: left;\"><span style=\"color: #282828; font-size: 100%;\"><strong>IEC mechanical sizes:<\/strong> 026, 030, 040, 050, 063, 070, 075, 090, 110, 130<\/span><\/li>\n<li style=\"text-align: left;\"><span style=\"color: #282828; font-size: 100%;\"><strong>Ratio<\/strong> 1:100 (seria CM) 1:3600 (seria CMM)<\/span><\/li>\n<li style=\"text-align: left;\"><span style=\"color: #282828; font-size: 100%;\"><strong>Electric Motors<\/strong>: IEC 56-132, flanges B14\/B5<\/span><\/li>\n<\/ul>\n<p style=\"text-align: left;\"><strong>Types<\/strong><\/p>\n<ul>\n<li style=\"text-align: left;\">single output shaft<\/li>\n<li style=\"text-align: left;\">double output shaft<\/li>\n<li style=\"text-align: left;\">hollow shaft<\/li>\n<li style=\"text-align: left;\">torque arm<\/li>\n<\/ul>\n              <\/div>\n           <\/div>\n                            \n<style>\n#text-box-1496086392 {\n  width: 60%;\n}\n#text-box-1496086392 .text-box-content {\n  font-size: 100%;\n}\n<\/style>\n    <\/div>\n \n\t<div class=\"img has-hover x100 md-x100 lg-x100 y90 md-y90 lg-y90\" id=\"image_1707515386\">\n\t\t\t\t\t\t\t\t<div class=\"img-inner dark\" >\n\t\t\t<img loading=\"lazy\" decoding=\"async\" width=\"480\" height=\"432\" src=\"https:\/\/radius-radpol.pl\/wp-content\/uploads\/2020\/05\/18_1id-Transtecno-Motoriduttori-combinati-a-vite-senza-fine-CMM.png\" class=\"attachment-large size-large\" alt=\"Motoreduktor \u015blimakowy\" srcset=\"https:\/\/radius-radpol.pl\/wp-content\/uploads\/2020\/05\/18_1id-Transtecno-Motoriduttori-combinati-a-vite-senza-fine-CMM.png 480w, https:\/\/radius-radpol.pl\/wp-content\/uploads\/2020\/05\/18_1id-Transtecno-Motoriduttori-combinati-a-vite-senza-fine-CMM-444x400.png 444w\" sizes=\"auto, (max-width: 480px) 100vw, 480px\" \/>\t\t\t\t\t\t\n\t\t\t\t\t<\/div>\n\t\t\t\t\t\t\t\t\n<style>\n#image_1707515386 {\n  width: 34%;\n}\n<\/style>\n\t<\/div>\n\t\n\t<div class=\"img has-hover x100 md-x100 lg-x100 y5 md-y5 lg-y5\" id=\"image_1035548164\">\n\t\t\t\t\t\t\t\t<div class=\"img-inner dark\" >\n\t\t\t<img loading=\"lazy\" decoding=\"async\" width=\"480\" height=\"432\" src=\"https:\/\/radius-radpol.pl\/wp-content\/uploads\/2020\/05\/20_1id-Transtecno-Motoriduttori-a-vite-senza-fine-CM.png\" class=\"attachment-large size-large\" alt=\"Motoreduktor \u015blimakowy\" srcset=\"https:\/\/radius-radpol.pl\/wp-content\/uploads\/2020\/05\/20_1id-Transtecno-Motoriduttori-a-vite-senza-fine-CM.png 480w, https:\/\/radius-radpol.pl\/wp-content\/uploads\/2020\/05\/20_1id-Transtecno-Motoriduttori-a-vite-senza-fine-CM-444x400.png 444w\" sizes=\"auto, (max-width: 480px) 100vw, 480px\" \/>\t\t\t\t\t\t\n\t\t\t\t\t<\/div>\n\t\t\t\t\t\t\t\t\n<style>\n#image_1035548164 {\n  width: 34%;\n}\n<\/style>\n\t<\/div>\n\t\n        <\/div>\n      <\/div>\n\n            \n<style>\n#banner-2045848071 {\n  padding-top: 500px;\n  background-color: #f2f2f2;\n}\n#banner-2045848071 .overlay {\n  background-color: rgba(255,255,255,.5);\n}\n<\/style>\n  <\/div>\n\n\n\t\n  \n    <div class=\"row large-columns-3 medium-columns- small-columns-2 row-small has-shadow row-box-shadow-1\" >\n  \n\t     <div class=\"col\" >\n\t\t\t\t\t\t<div class=\"col-inner\">\n\t\t\t\t\t\t\n<div class=\"badge-container absolute left top z-1\">\n\n<\/div>\n\t\t\t\t\t\t<div class=\"product-small box has-hover box-vertical box-text-bottom\">\n\t\t\t\t\t\t\t<div class=\"box-image\" >\n\t\t\t\t\t\t\t\t<div class=\"\" >\n\t\t\t\t\t\t\t\t\t<a href=\"https:\/\/radius-radpol.pl\/en\/product\/motoreduktory-dc\/\" aria-label=\"DC gearmotors\">\n\t\t\t\t\t\t\t\t\t\t<img loading=\"lazy\" decoding=\"async\" width=\"247\" height=\"247\" src=\"https:\/\/radius-radpol.pl\/wp-content\/uploads\/2020\/05\/Projekt-bez-tytu\u0142u2-247x247.png\" class=\"attachment-woocommerce_thumbnail size-woocommerce_thumbnail\" alt=\"Motoreduktory DC\" srcset=\"https:\/\/radius-radpol.pl\/wp-content\/uploads\/2020\/05\/Projekt-bez-tytu\u0142u2-247x247.png 247w, https:\/\/radius-radpol.pl\/wp-content\/uploads\/2020\/05\/Projekt-bez-tytu\u0142u2-400x400.png 400w, https:\/\/radius-radpol.pl\/wp-content\/uploads\/2020\/05\/Projekt-bez-tytu\u0142u2-280x280.png 280w, https:\/\/radius-radpol.pl\/wp-content\/uploads\/2020\/05\/Projekt-bez-tytu\u0142u2-100x100.png 100w, https:\/\/radius-radpol.pl\/wp-content\/uploads\/2020\/05\/Projekt-bez-tytu\u0142u2.png 500w\" sizes=\"auto, (max-width: 247px) 100vw, 247px\" \/>\t\t\t\t\t\t\t\t\t<\/a>\n\t\t\t\t\t\t\t\t\t\t\t\t\t\t\t\t\t\t \t\t\t\t\t\t\t\t<\/div>\n\t\t\t\t\t\t\t\t<div class=\"image-tools top right show-on-hover\">\n\t\t\t\t\t\t\t\t\t\t\t\t\t\t\t\t\t<\/div>\n\t\t\t\t\t\t\t\t\t\t\t\t\t\t\t\t\t<div class=\"image-tools grid-tools text-center hide-for-small bottom hover-slide-in show-on-hover\">\n\t\t\t\t\t\t\t\t\t\t\t\t\t\t\t\t\t\t\t<\/div>\n\t\t\t\t\t\t\t\t\t\t\t\t\t\t\t\t\t\t\t\t\t\t\t<\/div>\n\n\t\t\t\t\t\t\t<div class=\"box-text text-center\" >\n\t\t\t\t\t\t\t\t<div class=\"title-wrapper\"><p class=\"name product-title woocommerce-loop-product__title\"><a href=\"https:\/\/radius-radpol.pl\/en\/product\/motoreduktory-dc\/\" class=\"woocommerce-LoopProduct-link woocommerce-loop-product__link\">DC gearmotors<\/a><\/p><\/div><div class=\"price-wrapper\"><\/div>\t\t\t\t\t\t\t<\/div>\n\t\t\t\t\t\t<\/div>\n\t\t\t\t\t\t<\/div>\n\t\t\t\t\t<\/div><\/div>\n<div class=\"container section-title-container\" style=\"max-width:1980px;\"><h3 class=\"section-title section-title-normal\"><b><\/b><span class=\"section-title-main\" style=\"font-size:87%;color:rgb(0, 0, 0);\"><i class=\"icon-play\" ><\/i>Combination worm gearmotors<\/span><b><\/b><\/h3><\/div>\n\n  <div class=\"banner has-hover\" id=\"banner-1008665896\">\n          <div class=\"banner-inner fill\">\n        <div class=\"banner-bg fill\" >\n                                                \n\t<div class=\"is-border\"\n\t\tstyle=\"border-color:rgb(3, 55, 103);border-width:0px 0px 0px 0px;\">\n\t<\/div>\n                    <\/div>\n\t\t\n        <div class=\"banner-layers container\">\n            <div class=\"fill banner-link\"><\/div>            \n   <div id=\"text-box-1143855936\" class=\"text-box banner-layer x0 md-x0 lg-x0 y10 md-y10 lg-y10 res-text\">\n                                <div class=\"text-box-content text text-shadow-1\">\n              \n              <div class=\"text-inner text-left\">\n                  \n<h3><strong>Series CMM<\/strong><\/h3>\n<h2 class=\"lead\">Combination worm gearmotors<\/h2>\n              <\/div>\n           <\/div>\n                            \n<style>\n#text-box-1143855936 {\n  width: 89%;\n}\n#text-box-1143855936 .text-box-content {\n  font-size: 100%;\n}\n<\/style>\n    <\/div>\n \n\t<div class=\"img has-hover x100 md-x100 lg-x100 y0 md-y0 lg-y0\" id=\"image_158567676\">\n\t\t\t\t\t\t\t\t<div class=\"img-inner dark\" >\n\t\t\t<img loading=\"lazy\" decoding=\"async\" width=\"480\" height=\"432\" src=\"https:\/\/radius-radpol.pl\/wp-content\/uploads\/2020\/05\/18_1id-Transtecno-Motoriduttori-combinati-a-vite-senza-fine-CMM.png\" class=\"attachment-large size-large\" alt=\"Motoreduktor \u015blimakowy\" srcset=\"https:\/\/radius-radpol.pl\/wp-content\/uploads\/2020\/05\/18_1id-Transtecno-Motoriduttori-combinati-a-vite-senza-fine-CMM.png 480w, https:\/\/radius-radpol.pl\/wp-content\/uploads\/2020\/05\/18_1id-Transtecno-Motoriduttori-combinati-a-vite-senza-fine-CMM-444x400.png 444w\" sizes=\"auto, (max-width: 480px) 100vw, 480px\" \/>\t\t\t\t\t\t\n\t\t\t\t\t<\/div>\n\t\t\t\t\t\t\t\t\n<style>\n#image_158567676 {\n  width: 36%;\n}\n<\/style>\n\t<\/div>\n\t\n   <div id=\"text-box-1235755747\" class=\"text-box banner-layer x0 md-x0 lg-x0 y100 md-y100 lg-y100 res-text\">\n                                <div class=\"text-box-content text\">\n              \n              <div class=\"text-inner text-center\">\n                  \n              <\/div>\n           <\/div>\n                            \n<style>\n#text-box-1235755747 {\n  width: 60%;\n}\n#text-box-1235755747 .text-box-content {\n  font-size: 100%;\n}\n<\/style>\n    <\/div>\n \n        <\/div>\n      <\/div>\n\n            \n<style>\n#banner-1008665896 {\n  padding-top: 400px;\n  background-color: rgb(255, 255, 255);\n}\n<\/style>\n  <\/div>\n\n\n<div class=\"row row-small row-full-width\"  id=\"row-39391192\">\n\n\t<div id=\"col-1479532208\" class=\"col large-12\"  >\n\t\t\t\t<div class=\"col-inner\"  >\n\t\t\t\n\t\t\t\n\n  <div class=\"banner has-hover\" id=\"banner-559283950\">\n          <div class=\"banner-inner fill\">\n        <div class=\"banner-bg fill\" >\n                                                \n\t<div class=\"is-border\"\n\t\tstyle=\"border-color:rgb(3, 55, 103);border-width:0px 0px 0px 0px;\">\n\t<\/div>\n                    <\/div>\n\t\t\n        <div class=\"banner-layers container\">\n            <div class=\"fill banner-link\"><\/div>            \n   <div id=\"text-box-224974759\" class=\"text-box banner-layer x0 md-x0 lg-x0 y10 md-y10 lg-y10 res-text\">\n                                <div class=\"text-box-content text text-shadow-1\">\n              \n              <div class=\"text-inner text-left\">\n                  \n<h3><strong>Series CMP<\/strong><\/h3>\n<h2 class=\"lead\">Wormgearmotors with pre-stage<\/h2>\n              <\/div>\n           <\/div>\n                            \n<style>\n#text-box-224974759 {\n  width: 87%;\n}\n#text-box-224974759 .text-box-content {\n  font-size: 100%;\n}\n<\/style>\n    <\/div>\n \n\t<div class=\"img has-hover x100 md-x100 lg-x100 y0 md-y0 lg-y0\" id=\"image_1033047041\">\n\t\t\t\t\t\t\t\t<div class=\"img-inner dark\" >\n\t\t\t<img loading=\"lazy\" decoding=\"async\" width=\"480\" height=\"432\" src=\"https:\/\/radius-radpol.pl\/wp-content\/uploads\/2020\/05\/16_1id-Transtecno-Motoriduttori-a-vite-senza-fine-CMP.png\" class=\"attachment-large size-large\" alt=\"Motoreduktor \u015blimakowy z redukcj\u0105 wst\u0119pn\u0105\" srcset=\"https:\/\/radius-radpol.pl\/wp-content\/uploads\/2020\/05\/16_1id-Transtecno-Motoriduttori-a-vite-senza-fine-CMP.png 480w, https:\/\/radius-radpol.pl\/wp-content\/uploads\/2020\/05\/16_1id-Transtecno-Motoriduttori-a-vite-senza-fine-CMP-444x400.png 444w\" sizes=\"auto, (max-width: 480px) 100vw, 480px\" \/>\t\t\t\t\t\t\n\t\t\t\t\t<\/div>\n\t\t\t\t\t\t\t\t\n<style>\n#image_1033047041 {\n  width: 36%;\n}\n<\/style>\n\t<\/div>\n\t\n   <div id=\"text-box-2103865167\" class=\"text-box banner-layer x50 md-x50 lg-x50 y50 md-y50 lg-y50 res-text\">\n                                <div class=\"text-box-content text text-shadow-1\">\n              \n              <div class=\"text-inner text-center\">\n                  \n              <\/div>\n           <\/div>\n                            \n<style>\n#text-box-2103865167 {\n  width: 60%;\n}\n#text-box-2103865167 .text-box-content {\n  font-size: 100%;\n}\n<\/style>\n    <\/div>\n \n        <\/div>\n      <\/div>\n\n            \n<style>\n#banner-559283950 {\n  padding-top: 400px;\n  background-color: rgb(255, 255, 255);\n}\n<\/style>\n  <\/div>\n\n\n\t\t<\/div>\n\t\t\t\t\t<\/div>\n\n\t\n<\/div>\n\n  <div class=\"banner has-hover\" id=\"banner-140254199\">\n          <div class=\"banner-inner fill\">\n        <div class=\"banner-bg fill\" >\n                                                \n\t<div class=\"is-border\"\n\t\tstyle=\"border-color:rgb(3, 55, 103);border-width:0px 0px 0px 0px;\">\n\t<\/div>\n                    <\/div>\n\t\t\n        <div class=\"banner-layers container\">\n            <div class=\"fill banner-link\"><\/div>            \n   <div id=\"text-box-712610589\" class=\"text-box banner-layer x0 md-x0 lg-x0 y10 md-y10 lg-y10 res-text\">\n                                <div class=\"text-box-content text text-shadow-1\">\n              \n              <div class=\"text-inner text-left\">\n                  \n<h3><strong>TOR<\/strong><\/h3>\n<p class=\"lead\">TOR series limit switch, used with worm gearmotors for motion control.<\/p>\n              <\/div>\n           <\/div>\n                            \n<style>\n#text-box-712610589 {\n  width: 60%;\n}\n#text-box-712610589 .text-box-content {\n  font-size: 100%;\n}\n<\/style>\n    <\/div>\n \n\t<div class=\"img has-hover x100 md-x100 lg-x100 y0 md-y0 lg-y0\" id=\"image_961318083\">\n\t\t\t\t\t\t\t\t<div class=\"img-inner dark\" >\n\t\t\t<img loading=\"lazy\" decoding=\"async\" width=\"460\" height=\"353\" src=\"https:\/\/radius-radpol.pl\/wp-content\/uploads\/2020\/05\/unnamed.jpg\" class=\"attachment-original size-original\" alt=\"Motoreduktor \u015blimakowy TOR\" \/>\t\t\t\t\t\t\n\t\t\t\t\t<\/div>\n\t\t\t\t\t\t\t\t\n<style>\n#image_961318083 {\n  width: 36%;\n}\n<\/style>\n\t<\/div>\n\t\n        <\/div>\n      <\/div>\n\n            \n<style>\n#banner-140254199 {\n  padding-top: 400px;\n  background-color: rgb(255, 255, 255);\n}\n<\/style>\n  <\/div>\n\n\n<div class=\"row row-small row-full-width\"  id=\"row-410128873\">\n\n\t<div id=\"col-709566850\" class=\"col large-12\"  >\n\t\t\t\t<div class=\"col-inner\"  >\n\t\t\t\n\t\t\t\n\n  <div class=\"banner has-hover\" id=\"banner-1213297452\">\n          <div class=\"banner-inner fill\">\n        <div class=\"banner-bg fill\" >\n                                                \n\t<div class=\"is-border\"\n\t\tstyle=\"border-color:rgb(3, 55, 103);border-width:0px 0px 0px 0px;\">\n\t<\/div>\n                    <\/div>\n\t\t\n        <div class=\"banner-layers container\">\n            <div class=\"fill banner-link\"><\/div>            \n   <div id=\"text-box-972471421\" class=\"text-box banner-layer x0 md-x0 lg-x0 y10 md-y10 lg-y10 res-text\">\n                                <div class=\"text-box-content text text-shadow-1\">\n              \n              <div class=\"text-inner text-left\">\n                  \n<h3><strong>Series CMPU<\/strong><\/h3>\n<h3 class=\"lead\">Worm gearmotors combined with PU helical gearboxes<\/h3>\n              <\/div>\n           <\/div>\n                            \n<style>\n#text-box-972471421 {\n  width: 89%;\n}\n#text-box-972471421 .text-box-content {\n  font-size: 100%;\n}\n<\/style>\n    <\/div>\n \n\t<div class=\"img has-hover x100 md-x100 lg-x100 y0 md-y0 lg-y0\" id=\"image_769860799\">\n\t\t\t\t\t\t\t\t<div class=\"img-inner dark\" >\n\t\t\t<img loading=\"lazy\" decoding=\"async\" width=\"480\" height=\"432\" src=\"https:\/\/radius-radpol.pl\/wp-content\/uploads\/2020\/05\/17_1id-Transtecno-Motoriduttori-a-vite-senza-fine-con-precoppia-CMPU.png\" class=\"attachment-large size-large\" alt=\"Motoreduktor \u015blimakowy CMPU\" srcset=\"https:\/\/radius-radpol.pl\/wp-content\/uploads\/2020\/05\/17_1id-Transtecno-Motoriduttori-a-vite-senza-fine-con-precoppia-CMPU.png 480w, https:\/\/radius-radpol.pl\/wp-content\/uploads\/2020\/05\/17_1id-Transtecno-Motoriduttori-a-vite-senza-fine-con-precoppia-CMPU-444x400.png 444w\" sizes=\"auto, (max-width: 480px) 100vw, 480px\" \/>\t\t\t\t\t\t\n\t\t\t\t\t<\/div>\n\t\t\t\t\t\t\t\t\n<style>\n#image_769860799 {\n  width: 40%;\n}\n<\/style>\n\t<\/div>\n\t\n        <\/div>\n      <\/div>\n\n            \n<style>\n#banner-1213297452 {\n  padding-top: 400px;\n  background-color: rgb(255, 255, 255);\n}\n<\/style>\n  <\/div>\n\n\n\t\t<\/div>\n\t\t\t\t\t<\/div>\n\n\t\n<\/div>","protected":false},"excerpt":{"rendered":"<ul>\n<li><span class=\"fontstyle0\">Zakres mocy: 0,06 kW &#8211; 7,5 kW.<br \/>\n<\/span><\/li>\n<li><span class=\"fontstyle0\">Zakres prze\u0142o\u017ce\u0227: 5 &#8211; 100.<\/span><\/li>\n<li><span class=\"fontstyle0\">Zakres moment\u0238w: 15 Nm &#8211; 1050 Nm<\/span><\/li>\n<\/ul>","protected":false},"featured_media":661,"template":"","meta":[],"product_cat":[69],"product_tag":[94],"class_list":{"0":"post-1719","1":"product","2":"type-product","3":"status-publish","4":"has-post-thumbnail","6":"product_cat-przekladnie-motoreduktory","7":"product_tag-transtecno","9":"first","10":"instock","11":"shipping-taxable","12":"product-type-simple"},"yoast_head":"<!-- This site is optimized with the Yoast SEO plugin v24.0 - https:\/\/yoast.com\/wordpress\/plugins\/seo\/ -->\n<title>Motoreduktory \u015blimakowe CM - Radius Radpol - technika nap\u0119d\u00f3w mechanicznych<\/title>\n<meta name=\"description\" content=\"Motoreduktory \u015blimakowe z wa\u0142em wyj\u015bciowym jednostronnym lub dwustronnym, tulej\u0105 dr\u0105\u017con\u0105 oraz ramieniem reakcyjnym.\" \/>\n<meta name=\"robots\" content=\"index, follow, max-snippet:-1, max-image-preview:large, max-video-preview:-1\" \/>\n<link rel=\"canonical\" href=\"https:\/\/radius-radpol.pl\/en\/product\/motoreduktory-slimakowe-cm\/\" \/>\n<script type=\"application\/ld+json\" class=\"yoast-schema-graph\">{\"@context\":\"https:\/\/schema.org\",\"@graph\":[{\"@type\":\"WebPage\",\"@id\":\"https:\/\/radius-radpol.pl\/produkt\/motoreduktory-slimakowe-cm\/\",\"url\":\"https:\/\/radius-radpol.pl\/produkt\/motoreduktory-slimakowe-cm\/\",\"name\":\"Motoreduktory \u015blimakowe CM - Radius Radpol - technika nap\u0119d\u00f3w mechanicznych\",\"isPartOf\":{\"@id\":\"https:\/\/radius-radpol.pl\/#website\"},\"primaryImageOfPage\":{\"@id\":\"https:\/\/radius-radpol.pl\/produkt\/motoreduktory-slimakowe-cm\/#primaryimage\"},\"image\":{\"@id\":\"https:\/\/radius-radpol.pl\/produkt\/motoreduktory-slimakowe-cm\/#primaryimage\"},\"thumbnailUrl\":\"https:\/\/radius-radpol.pl\/wp-content\/uploads\/2020\/05\/12.png\",\"datePublished\":\"2020-05-31T17:25:19+00:00\",\"dateModified\":\"2024-08-14T11:21:51+00:00\",\"description\":\"Motoreduktory \u015blimakowe z wa\u0142em wyj\u015bciowym jednostronnym lub dwustronnym, tulej\u0105 dr\u0105\u017con\u0105 oraz ramieniem reakcyjnym.\",\"breadcrumb\":{\"@id\":\"https:\/\/radius-radpol.pl\/produkt\/motoreduktory-slimakowe-cm\/#breadcrumb\"},\"inLanguage\":\"en-US\",\"potentialAction\":[{\"@type\":\"ReadAction\",\"target\":[\"https:\/\/radius-radpol.pl\/produkt\/motoreduktory-slimakowe-cm\/\"]}]},{\"@type\":\"ImageObject\",\"inLanguage\":\"en-US\",\"@id\":\"https:\/\/radius-radpol.pl\/produkt\/motoreduktory-slimakowe-cm\/#primaryimage\",\"url\":\"https:\/\/radius-radpol.pl\/wp-content\/uploads\/2020\/05\/12.png\",\"contentUrl\":\"https:\/\/radius-radpol.pl\/wp-content\/uploads\/2020\/05\/12.png\",\"width\":500,\"height\":500,\"caption\":\"Motoreduktory \u015blimakowe CM\"},{\"@type\":\"BreadcrumbList\",\"@id\":\"https:\/\/radius-radpol.pl\/produkt\/motoreduktory-slimakowe-cm\/#breadcrumb\",\"itemListElement\":[{\"@type\":\"ListItem\",\"position\":1,\"name\":\"Strona g\u0142\u00f3wna\",\"item\":\"https:\/\/radius-radpol.pl\/\"},{\"@type\":\"ListItem\",\"position\":2,\"name\":\"Produkty\",\"item\":\"https:\/\/radius-radpol.pl\/produkty\/\"},{\"@type\":\"ListItem\",\"position\":3,\"name\":\"Motoreduktory \u015blimakowe CM\"}]},{\"@type\":\"WebSite\",\"@id\":\"https:\/\/radius-radpol.pl\/#website\",\"url\":\"https:\/\/radius-radpol.pl\/\",\"name\":\"Radius Radpol\",\"description\":\"Technika nap\u0119d\u00f3w mechanicznych\",\"publisher\":{\"@id\":\"https:\/\/radius-radpol.pl\/#organization\"},\"potentialAction\":[{\"@type\":\"SearchAction\",\"target\":{\"@type\":\"EntryPoint\",\"urlTemplate\":\"https:\/\/radius-radpol.pl\/?s={search_term_string}\"},\"query-input\":{\"@type\":\"PropertyValueSpecification\",\"valueRequired\":true,\"valueName\":\"search_term_string\"}}],\"inLanguage\":\"en-US\"},{\"@type\":\"Organization\",\"@id\":\"https:\/\/radius-radpol.pl\/#organization\",\"name\":\"Radius Radpol\",\"url\":\"https:\/\/radius-radpol.pl\/\",\"logo\":{\"@type\":\"ImageObject\",\"inLanguage\":\"en-US\",\"@id\":\"https:\/\/radius-radpol.pl\/#\/schema\/logo\/image\/\",\"url\":\"https:\/\/radius-radpol.pl\/wp-content\/uploads\/2021\/10\/Radius-LOGO4.png\",\"contentUrl\":\"https:\/\/radius-radpol.pl\/wp-content\/uploads\/2021\/10\/Radius-LOGO4.png\",\"width\":1500,\"height\":900,\"caption\":\"Radius Radpol\"},\"image\":{\"@id\":\"https:\/\/radius-radpol.pl\/#\/schema\/logo\/image\/\"}}]}<\/script>\n<!-- \/ Yoast SEO plugin. -->","yoast_head_json":{"title":"Motoreduktory \u015blimakowe CM - Radius Radpol - technika nap\u0119d\u00f3w mechanicznych","description":"Motoreduktory \u015blimakowe z wa\u0142em wyj\u015bciowym jednostronnym lub dwustronnym, tulej\u0105 dr\u0105\u017con\u0105 oraz ramieniem reakcyjnym.","robots":{"index":"index","follow":"follow","max-snippet":"max-snippet:-1","max-image-preview":"max-image-preview:large","max-video-preview":"max-video-preview:-1"},"canonical":"https:\/\/radius-radpol.pl\/en\/product\/motoreduktory-slimakowe-cm\/","schema":{"@context":"https:\/\/schema.org","@graph":[{"@type":"WebPage","@id":"https:\/\/radius-radpol.pl\/produkt\/motoreduktory-slimakowe-cm\/","url":"https:\/\/radius-radpol.pl\/produkt\/motoreduktory-slimakowe-cm\/","name":"Motoreduktory \u015blimakowe CM - Radius Radpol - technika nap\u0119d\u00f3w mechanicznych","isPartOf":{"@id":"https:\/\/radius-radpol.pl\/#website"},"primaryImageOfPage":{"@id":"https:\/\/radius-radpol.pl\/produkt\/motoreduktory-slimakowe-cm\/#primaryimage"},"image":{"@id":"https:\/\/radius-radpol.pl\/produkt\/motoreduktory-slimakowe-cm\/#primaryimage"},"thumbnailUrl":"https:\/\/radius-radpol.pl\/wp-content\/uploads\/2020\/05\/12.png","datePublished":"2020-05-31T17:25:19+00:00","dateModified":"2024-08-14T11:21:51+00:00","description":"Motoreduktory \u015blimakowe z wa\u0142em wyj\u015bciowym jednostronnym lub dwustronnym, tulej\u0105 dr\u0105\u017con\u0105 oraz ramieniem reakcyjnym.","breadcrumb":{"@id":"https:\/\/radius-radpol.pl\/produkt\/motoreduktory-slimakowe-cm\/#breadcrumb"},"inLanguage":"en-US","potentialAction":[{"@type":"ReadAction","target":["https:\/\/radius-radpol.pl\/produkt\/motoreduktory-slimakowe-cm\/"]}]},{"@type":"ImageObject","inLanguage":"en-US","@id":"https:\/\/radius-radpol.pl\/produkt\/motoreduktory-slimakowe-cm\/#primaryimage","url":"https:\/\/radius-radpol.pl\/wp-content\/uploads\/2020\/05\/12.png","contentUrl":"https:\/\/radius-radpol.pl\/wp-content\/uploads\/2020\/05\/12.png","width":500,"height":500,"caption":"Motoreduktory \u015blimakowe CM"},{"@type":"BreadcrumbList","@id":"https:\/\/radius-radpol.pl\/produkt\/motoreduktory-slimakowe-cm\/#breadcrumb","itemListElement":[{"@type":"ListItem","position":1,"name":"Strona g\u0142\u00f3wna","item":"https:\/\/radius-radpol.pl\/"},{"@type":"ListItem","position":2,"name":"Produkty","item":"https:\/\/radius-radpol.pl\/produkty\/"},{"@type":"ListItem","position":3,"name":"Motoreduktory \u015blimakowe CM"}]},{"@type":"WebSite","@id":"https:\/\/radius-radpol.pl\/#website","url":"https:\/\/radius-radpol.pl\/","name":"Radius Radpol","description":"Technika nap\u0119d\u00f3w mechanicznych","publisher":{"@id":"https:\/\/radius-radpol.pl\/#organization"},"potentialAction":[{"@type":"SearchAction","target":{"@type":"EntryPoint","urlTemplate":"https:\/\/radius-radpol.pl\/?s={search_term_string}"},"query-input":{"@type":"PropertyValueSpecification","valueRequired":true,"valueName":"search_term_string"}}],"inLanguage":"en-US"},{"@type":"Organization","@id":"https:\/\/radius-radpol.pl\/#organization","name":"Radius Radpol","url":"https:\/\/radius-radpol.pl\/","logo":{"@type":"ImageObject","inLanguage":"en-US","@id":"https:\/\/radius-radpol.pl\/#\/schema\/logo\/image\/","url":"https:\/\/radius-radpol.pl\/wp-content\/uploads\/2021\/10\/Radius-LOGO4.png","contentUrl":"https:\/\/radius-radpol.pl\/wp-content\/uploads\/2021\/10\/Radius-LOGO4.png","width":1500,"height":900,"caption":"Radius Radpol"},"image":{"@id":"https:\/\/radius-radpol.pl\/#\/schema\/logo\/image\/"}}]}},"_links":{"self":[{"href":"https:\/\/radius-radpol.pl\/en\/wp-json\/wp\/v2\/product\/1719","targetHints":{"allow":["GET"]}}],"collection":[{"href":"https:\/\/radius-radpol.pl\/en\/wp-json\/wp\/v2\/product"}],"about":[{"href":"https:\/\/radius-radpol.pl\/en\/wp-json\/wp\/v2\/types\/product"}],"wp:featuredmedia":[{"embeddable":true,"href":"https:\/\/radius-radpol.pl\/en\/wp-json\/wp\/v2\/media\/661"}],"wp:attachment":[{"href":"https:\/\/radius-radpol.pl\/en\/wp-json\/wp\/v2\/media?parent=1719"}],"wp:term":[{"taxonomy":"product_cat","embeddable":true,"href":"https:\/\/radius-radpol.pl\/en\/wp-json\/wp\/v2\/product_cat?post=1719"},{"taxonomy":"product_tag","embeddable":true,"href":"https:\/\/radius-radpol.pl\/en\/wp-json\/wp\/v2\/product_tag?post=1719"}],"curies":[{"name":"wp","href":"https:\/\/api.w.org\/{rel}","templated":true}]}}