{"id":1667,"date":"2020-05-31T10:13:13","date_gmt":"2020-05-31T10:13:13","guid":{"rendered":"https:\/\/radius-radpol.pl\/?post_type=product&#038;p=1667"},"modified":"2024-08-19T08:18:32","modified_gmt":"2024-08-19T08:18:32","slug":"napedy-do-wind-i-systemow-karmienia-drobiu","status":"publish","type":"product","link":"https:\/\/radius-radpol.pl\/en\/product\/napedy-do-wind-i-systemow-karmienia-drobiu\/","title":{"rendered":"Gearmotors for livestock buildings"},"content":{"rendered":"<p><span class=\"tlid-translation translation\" lang=\"pl\">Various geared motors are used to move different systems and equipment in the poultry farm sector. As an authorized distributor of Transtecno in Poland, we offer our customers dedicated Poultrytecno solutions<\/span><\/p>\n\t<div class=\"box has-hover   has-hover box-text-bottom\" >\n\n\t\t<div class=\"box-image\" >\n\t\t\t\t\t\t<div class=\"\" >\n\t\t\t\t<img loading=\"lazy\" decoding=\"async\" width=\"1207\" height=\"360\" src=\"https:\/\/radius-radpol.pl\/wp-content\/uploads\/2020\/05\/poltrytecno.png\" class=\"attachment- size-\" alt=\"Motoreduktory Transtecno\" srcset=\"https:\/\/radius-radpol.pl\/wp-content\/uploads\/2020\/05\/poltrytecno.png 1207w, https:\/\/radius-radpol.pl\/wp-content\/uploads\/2020\/05\/poltrytecno-800x239.png 800w, https:\/\/radius-radpol.pl\/wp-content\/uploads\/2020\/05\/poltrytecno-768x229.png 768w, https:\/\/radius-radpol.pl\/wp-content\/uploads\/2020\/05\/poltrytecno-510x152.png 510w\" sizes=\"auto, (max-width: 1207px) 100vw, 1207px\" \/>\t\t\t\t\t\t\t\t\t\t\t<\/div>\n\t\t\t\t\t<\/div>\n\n\t\t<div class=\"box-text text-center\" >\n\t\t\t<div class=\"box-text-inner\">\n\t\t\t\t\n<div class=\"ux-logo has-hover align-middle ux_logo inline-block\" style=\"max-width: 100%!important; width: 342.5px!important\"><div class=\"ux-logo-link block image-\" title=\"\" href=\"\" style=\"padding: 15px;\"><img decoding=\"async\" src=\"https:\/\/radius-radpol.pl\/wp-content\/uploads\/2020\/05\/LOGOPoultrytecno-e1594712364701.png\" title=\"\" alt=\"\" class=\"ux-logo-image block\" style=\"height:50px;\" \/><\/div><\/div>\n\t\t\t<\/div>\n\t\t<\/div>\n\t<\/div>\n\t\n<div class=\"row row-collapse row-full-width\"  id=\"row-1159183934\">\n\n\t<div id=\"col-631851094\" class=\"col medium-8 large-8\"  >\n\t\t\t\t<div class=\"col-inner\"  >\n\t\t\t\n\t\t\t\n\t<div class=\"box has-hover   has-hover box-none box-text-bottom\" >\n\n\t\t<div class=\"box-image\" >\n\t\t\t\t\t\t<div class=\"\" >\n\t\t\t\t<img loading=\"lazy\" decoding=\"async\" width=\"1025\" height=\"728\" src=\"https:\/\/radius-radpol.pl\/wp-content\/uploads\/2020\/05\/windamotoreduktor.png\" class=\"attachment- size-\" alt=\"Winda z motoreduktorem \u015blimakowym\" srcset=\"https:\/\/radius-radpol.pl\/wp-content\/uploads\/2020\/05\/windamotoreduktor.png 1025w, https:\/\/radius-radpol.pl\/wp-content\/uploads\/2020\/05\/windamotoreduktor-563x400.png 563w, https:\/\/radius-radpol.pl\/wp-content\/uploads\/2020\/05\/windamotoreduktor-768x545.png 768w, https:\/\/radius-radpol.pl\/wp-content\/uploads\/2020\/05\/windamotoreduktor-510x362.png 510w\" sizes=\"auto, (max-width: 1025px) 100vw, 1025px\" \/>\t\t\t\t\t\t\t\t\t\t\t<\/div>\n\t\t\t\t\t<\/div>\n\n\t\t<div class=\"box-text text-center\" >\n\t\t\t<div class=\"box-text-inner\">\n\t\t\t\t\n\t\t\t<\/div>\n\t\t<\/div>\n\t<\/div>\n\t\n\t\t<\/div>\n\t\t\t\t\t<\/div>\n\n\t\n\n\t<div id=\"col-561320160\" class=\"col medium-4 large-4\"  >\n\t\t\t\t<div class=\"col-inner\"  >\n\t\t\t\n\t\t\t\n\t<div class=\"box has-hover   has-hover box-text-bottom\" >\n\n\t\t<div class=\"box-image\" style=\"width:70%;\">\n\t\t\t\t\t\t<div class=\"\" >\n\t\t\t\t<img loading=\"lazy\" decoding=\"async\" width=\"460\" height=\"353\" src=\"https:\/\/radius-radpol.pl\/wp-content\/uploads\/2020\/05\/unnamed.jpg\" class=\"attachment- size-\" alt=\"Motoreduktor \u015blimakowy TOR\" \/>\t\t\t\t\t\t\t\t\t\t\t<\/div>\n\t\t\t\t\t<\/div>\n\n\t\t<div class=\"box-text text-center\" >\n\t\t\t<div class=\"box-text-inner\">\n\t\t\t\t\n<h4>TOR<\/h4>\n<p>Worm gearmotor with limit switch<\/p>\n\t\t\t<\/div>\n\t\t<\/div>\n\t<\/div>\n\t\n\t\t<\/div>\n\t\t\t\t\t<\/div>\n\n\t\n\n<style>\n#row-1159183934 > .col > .col-inner {\n  padding: 20px 0px 20px 0px;\n}\n<\/style>\n<\/div>\n<div class=\"row row-collapse row-full-width\"  id=\"row-311051779\">\n\n\t<div id=\"col-1616661403\" class=\"col medium-8 large-8\"  >\n\t\t\t\t<div class=\"col-inner\"  >\n\t\t\t\n\t\t\t\n\t<div class=\"box has-hover   has-hover box-none box-text-bottom\" >\n\n\t\t<div class=\"box-image\" >\n\t\t\t\t\t\t<div class=\"\" >\n\t\t\t\t<img loading=\"lazy\" decoding=\"async\" width=\"1186\" height=\"685\" src=\"https:\/\/radius-radpol.pl\/wp-content\/uploads\/2020\/05\/POKkk.png\" class=\"attachment- size-\" alt=\"System karmienia z motoreduktorem POK\" srcset=\"https:\/\/radius-radpol.pl\/wp-content\/uploads\/2020\/05\/POKkk.png 1186w, https:\/\/radius-radpol.pl\/wp-content\/uploads\/2020\/05\/POKkk-693x400.png 693w, https:\/\/radius-radpol.pl\/wp-content\/uploads\/2020\/05\/POKkk-768x444.png 768w, https:\/\/radius-radpol.pl\/wp-content\/uploads\/2020\/05\/POKkk-510x295.png 510w\" sizes=\"auto, (max-width: 1186px) 100vw, 1186px\" \/>\t\t\t\t\t\t\t\t\t\t\t<\/div>\n\t\t\t\t\t<\/div>\n\n\t\t<div class=\"box-text text-center\" >\n\t\t\t<div class=\"box-text-inner\">\n\t\t\t\t\n\t\t\t<\/div>\n\t\t<\/div>\n\t<\/div>\n\t\n\t\t<\/div>\n\t\t\t\t\t<\/div>\n\n\t\n\n\t<div id=\"col-1326827648\" class=\"col medium-4 large-4\"  >\n\t\t\t\t<div class=\"col-inner\"  >\n\t\t\t\n\t\t\t\n\t<div class=\"box has-hover   has-hover box-text-bottom\" >\n\n\t\t<div class=\"box-image\" style=\"width:70%;\">\n\t\t\t\t\t\t<div class=\"\" >\n\t\t\t\t<img loading=\"lazy\" decoding=\"async\" width=\"360\" height=\"360\" src=\"https:\/\/radius-radpol.pl\/wp-content\/uploads\/2020\/05\/POK2.png\" class=\"attachment- size-\" alt=\"Motoreduktor POK\" srcset=\"https:\/\/radius-radpol.pl\/wp-content\/uploads\/2020\/05\/POK2.png 360w, https:\/\/radius-radpol.pl\/wp-content\/uploads\/2020\/05\/POK2-280x280.png 280w, https:\/\/radius-radpol.pl\/wp-content\/uploads\/2020\/05\/POK2-247x247.png 247w, https:\/\/radius-radpol.pl\/wp-content\/uploads\/2020\/05\/POK2-100x100.png 100w\" sizes=\"auto, (max-width: 360px) 100vw, 360px\" \/>\t\t\t\t\t\t\t\t\t\t\t<\/div>\n\t\t\t\t\t<\/div>\n\n\t\t<div class=\"box-text text-center\" >\n\t\t\t<div class=\"box-text-inner\">\n\t\t\t\t\n<h4>POK<\/h4>\n<p>Universal fixing<\/p>\n\t\t\t<\/div>\n\t\t<\/div>\n\t<\/div>\n\t\n\t\t<\/div>\n\t\t\t\t\t<\/div>\n\n\t\n\n<style>\n#row-311051779 > .col > .col-inner {\n  padding: 20px 0px 20px 0px;\n}\n<\/style>\n<\/div>\n<div class=\"row row-collapse row-full-width\"  id=\"row-1228906969\">\n\n\t<div id=\"col-1564434249\" class=\"col medium-8 large-8\"  >\n\t\t\t\t<div class=\"col-inner\"  >\n\t\t\t\n\t\t\t\n\t<div class=\"box has-hover   has-hover box-none box-text-bottom\" >\n\n\t\t<div class=\"box-image\" >\n\t\t\t\t\t\t<div class=\"\" >\n\t\t\t\t<img loading=\"lazy\" decoding=\"async\" width=\"1124\" height=\"374\" src=\"https:\/\/radius-radpol.pl\/wp-content\/uploads\/2020\/05\/TORR.png\" class=\"attachment- size-\" alt=\"System karmienia z motoreduktorem PX-PU\" srcset=\"https:\/\/radius-radpol.pl\/wp-content\/uploads\/2020\/05\/TORR.png 1124w, https:\/\/radius-radpol.pl\/wp-content\/uploads\/2020\/05\/TORR-800x266.png 800w, https:\/\/radius-radpol.pl\/wp-content\/uploads\/2020\/05\/TORR-768x256.png 768w, https:\/\/radius-radpol.pl\/wp-content\/uploads\/2020\/05\/TORR-510x170.png 510w\" sizes=\"auto, (max-width: 1124px) 100vw, 1124px\" \/>\t\t\t\t\t\t\t\t\t\t\t<\/div>\n\t\t\t\t\t<\/div>\n\n\t\t<div class=\"box-text text-center\" >\n\t\t\t<div class=\"box-text-inner\">\n\t\t\t\t\n\t\t\t<\/div>\n\t\t<\/div>\n\t<\/div>\n\t\n\t\t<\/div>\n\t\t\t\t\t<\/div>\n\n\t\n\n\t<div id=\"col-2046801333\" class=\"col medium-4 large-4\"  >\n\t\t\t\t<div class=\"col-inner\"  >\n\t\t\t\n\t\t\t\n\t<div class=\"box has-hover   has-hover box-text-bottom\" >\n\n\t\t<div class=\"box-image\" style=\"width:70%;\">\n\t\t\t\t\t\t<div class=\"\" >\n\t\t\t\t<img loading=\"lazy\" decoding=\"async\" width=\"360\" height=\"360\" src=\"https:\/\/radius-radpol.pl\/wp-content\/uploads\/2020\/05\/PX-1.png\" class=\"attachment- size-\" alt=\"Motoreduktor PX-PU\" srcset=\"https:\/\/radius-radpol.pl\/wp-content\/uploads\/2020\/05\/PX-1.png 360w, https:\/\/radius-radpol.pl\/wp-content\/uploads\/2020\/05\/PX-1-280x280.png 280w, https:\/\/radius-radpol.pl\/wp-content\/uploads\/2020\/05\/PX-1-247x247.png 247w, https:\/\/radius-radpol.pl\/wp-content\/uploads\/2020\/05\/PX-1-100x100.png 100w\" sizes=\"auto, (max-width: 360px) 100vw, 360px\" \/>\t\t\t\t\t\t\t\t\t\t\t<\/div>\n\t\t\t\t\t<\/div>\n\n\t\t<div class=\"box-text text-center\" >\n\t\t\t<div class=\"box-text-inner\">\n\t\t\t\t\n<h4>PX-PU<\/h4>\n<p>Single-stage helical gearboxes for feeders<\/p>\n\t\t\t<\/div>\n\t\t<\/div>\n\t<\/div>\n\t\n\t\t<\/div>\n\t\t\t\t\t<\/div>\n\n\t\n\n<style>\n#row-1228906969 > .col > .col-inner {\n  padding: 20px 0px 0px 0px;\n}\n<\/style>\n<\/div>","protected":false},"excerpt":{"rendered":"<p>Various geared motors are used to move different systems and equipment in the poultry farm sector. As an authorized distributor of Transtecno in Poland, we offer our customers dedicated Poultrytecno solutions<\/p>","protected":false},"featured_media":1686,"template":"","meta":[],"product_cat":[113],"product_tag":[94],"class_list":{"0":"post-1667","1":"product","2":"type-product","3":"status-publish","4":"has-post-thumbnail","6":"product_cat-rozwiazania-dedykowane","7":"product_tag-transtecno","9":"first","10":"instock","11":"shipping-taxable","12":"product-type-simple"},"yoast_head":"<!-- This site is optimized with the Yoast SEO plugin v24.0 - https:\/\/yoast.com\/wordpress\/plugins\/seo\/ -->\n<title>Nap\u0119dy do wind i system\u00f3w karmienia drobiu - Radius Radpol<\/title>\n<meta name=\"description\" content=\"Jako autoryzowany dystrybutor firmy Transtecno w Polsce oferujemy dedykowane rozwi\u0105zania do przemieszczania system\u00f3w i urz\u0105dze\u0144 w sektorze ferm drobiu.\" \/>\n<meta name=\"robots\" content=\"index, follow, max-snippet:-1, max-image-preview:large, max-video-preview:-1\" \/>\n<link rel=\"canonical\" href=\"https:\/\/radius-radpol.pl\/en\/product\/napedy-do-wind-i-systemow-karmienia-drobiu\/\" \/>\n<script type=\"application\/ld+json\" class=\"yoast-schema-graph\">{\"@context\":\"https:\/\/schema.org\",\"@graph\":[{\"@type\":\"WebPage\",\"@id\":\"https:\/\/radius-radpol.pl\/produkt\/napedy-do-wind-i-systemow-karmienia-drobiu\/\",\"url\":\"https:\/\/radius-radpol.pl\/produkt\/napedy-do-wind-i-systemow-karmienia-drobiu\/\",\"name\":\"Nap\u0119dy do wind i system\u00f3w karmienia drobiu - Radius Radpol\",\"isPartOf\":{\"@id\":\"https:\/\/radius-radpol.pl\/#website\"},\"primaryImageOfPage\":{\"@id\":\"https:\/\/radius-radpol.pl\/produkt\/napedy-do-wind-i-systemow-karmienia-drobiu\/#primaryimage\"},\"image\":{\"@id\":\"https:\/\/radius-radpol.pl\/produkt\/napedy-do-wind-i-systemow-karmienia-drobiu\/#primaryimage\"},\"thumbnailUrl\":\"https:\/\/radius-radpol.pl\/wp-content\/uploads\/2020\/05\/windyy.png\",\"datePublished\":\"2020-05-31T10:13:13+00:00\",\"dateModified\":\"2024-08-19T08:18:32+00:00\",\"description\":\"Jako autoryzowany dystrybutor firmy Transtecno w Polsce oferujemy dedykowane rozwi\u0105zania do przemieszczania system\u00f3w i urz\u0105dze\u0144 w sektorze ferm drobiu.\",\"breadcrumb\":{\"@id\":\"https:\/\/radius-radpol.pl\/produkt\/napedy-do-wind-i-systemow-karmienia-drobiu\/#breadcrumb\"},\"inLanguage\":\"en-US\",\"potentialAction\":[{\"@type\":\"ReadAction\",\"target\":[\"https:\/\/radius-radpol.pl\/produkt\/napedy-do-wind-i-systemow-karmienia-drobiu\/\"]}]},{\"@type\":\"ImageObject\",\"inLanguage\":\"en-US\",\"@id\":\"https:\/\/radius-radpol.pl\/produkt\/napedy-do-wind-i-systemow-karmienia-drobiu\/#primaryimage\",\"url\":\"https:\/\/radius-radpol.pl\/wp-content\/uploads\/2020\/05\/windyy.png\",\"contentUrl\":\"https:\/\/radius-radpol.pl\/wp-content\/uploads\/2020\/05\/windyy.png\",\"width\":500,\"height\":500,\"caption\":\"Nap\u0119dy do wind i system\u00f3w karmienia drobiu\"},{\"@type\":\"BreadcrumbList\",\"@id\":\"https:\/\/radius-radpol.pl\/produkt\/napedy-do-wind-i-systemow-karmienia-drobiu\/#breadcrumb\",\"itemListElement\":[{\"@type\":\"ListItem\",\"position\":1,\"name\":\"Strona g\u0142\u00f3wna\",\"item\":\"https:\/\/radius-radpol.pl\/\"},{\"@type\":\"ListItem\",\"position\":2,\"name\":\"Produkty\",\"item\":\"https:\/\/radius-radpol.pl\/produkty\/\"},{\"@type\":\"ListItem\",\"position\":3,\"name\":\"Nap\u0119dy do wind i system\u00f3w karmienia drobiu\"}]},{\"@type\":\"WebSite\",\"@id\":\"https:\/\/radius-radpol.pl\/#website\",\"url\":\"https:\/\/radius-radpol.pl\/\",\"name\":\"Radius Radpol\",\"description\":\"Technika nap\u0119d\u00f3w mechanicznych\",\"publisher\":{\"@id\":\"https:\/\/radius-radpol.pl\/#organization\"},\"potentialAction\":[{\"@type\":\"SearchAction\",\"target\":{\"@type\":\"EntryPoint\",\"urlTemplate\":\"https:\/\/radius-radpol.pl\/?s={search_term_string}\"},\"query-input\":{\"@type\":\"PropertyValueSpecification\",\"valueRequired\":true,\"valueName\":\"search_term_string\"}}],\"inLanguage\":\"en-US\"},{\"@type\":\"Organization\",\"@id\":\"https:\/\/radius-radpol.pl\/#organization\",\"name\":\"Radius Radpol\",\"url\":\"https:\/\/radius-radpol.pl\/\",\"logo\":{\"@type\":\"ImageObject\",\"inLanguage\":\"en-US\",\"@id\":\"https:\/\/radius-radpol.pl\/#\/schema\/logo\/image\/\",\"url\":\"https:\/\/radius-radpol.pl\/wp-content\/uploads\/2021\/10\/Radius-LOGO4.png\",\"contentUrl\":\"https:\/\/radius-radpol.pl\/wp-content\/uploads\/2021\/10\/Radius-LOGO4.png\",\"width\":1500,\"height\":900,\"caption\":\"Radius Radpol\"},\"image\":{\"@id\":\"https:\/\/radius-radpol.pl\/#\/schema\/logo\/image\/\"}}]}<\/script>\n<!-- \/ Yoast SEO plugin. -->","yoast_head_json":{"title":"Nap\u0119dy do wind i system\u00f3w karmienia drobiu - Radius Radpol","description":"Jako autoryzowany dystrybutor firmy Transtecno w Polsce oferujemy dedykowane rozwi\u0105zania do przemieszczania system\u00f3w i urz\u0105dze\u0144 w sektorze ferm drobiu.","robots":{"index":"index","follow":"follow","max-snippet":"max-snippet:-1","max-image-preview":"max-image-preview:large","max-video-preview":"max-video-preview:-1"},"canonical":"https:\/\/radius-radpol.pl\/en\/product\/napedy-do-wind-i-systemow-karmienia-drobiu\/","schema":{"@context":"https:\/\/schema.org","@graph":[{"@type":"WebPage","@id":"https:\/\/radius-radpol.pl\/produkt\/napedy-do-wind-i-systemow-karmienia-drobiu\/","url":"https:\/\/radius-radpol.pl\/produkt\/napedy-do-wind-i-systemow-karmienia-drobiu\/","name":"Nap\u0119dy do wind i system\u00f3w karmienia drobiu - Radius Radpol","isPartOf":{"@id":"https:\/\/radius-radpol.pl\/#website"},"primaryImageOfPage":{"@id":"https:\/\/radius-radpol.pl\/produkt\/napedy-do-wind-i-systemow-karmienia-drobiu\/#primaryimage"},"image":{"@id":"https:\/\/radius-radpol.pl\/produkt\/napedy-do-wind-i-systemow-karmienia-drobiu\/#primaryimage"},"thumbnailUrl":"https:\/\/radius-radpol.pl\/wp-content\/uploads\/2020\/05\/windyy.png","datePublished":"2020-05-31T10:13:13+00:00","dateModified":"2024-08-19T08:18:32+00:00","description":"Jako autoryzowany dystrybutor firmy Transtecno w Polsce oferujemy dedykowane rozwi\u0105zania do przemieszczania system\u00f3w i urz\u0105dze\u0144 w sektorze ferm drobiu.","breadcrumb":{"@id":"https:\/\/radius-radpol.pl\/produkt\/napedy-do-wind-i-systemow-karmienia-drobiu\/#breadcrumb"},"inLanguage":"en-US","potentialAction":[{"@type":"ReadAction","target":["https:\/\/radius-radpol.pl\/produkt\/napedy-do-wind-i-systemow-karmienia-drobiu\/"]}]},{"@type":"ImageObject","inLanguage":"en-US","@id":"https:\/\/radius-radpol.pl\/produkt\/napedy-do-wind-i-systemow-karmienia-drobiu\/#primaryimage","url":"https:\/\/radius-radpol.pl\/wp-content\/uploads\/2020\/05\/windyy.png","contentUrl":"https:\/\/radius-radpol.pl\/wp-content\/uploads\/2020\/05\/windyy.png","width":500,"height":500,"caption":"Nap\u0119dy do wind i system\u00f3w karmienia drobiu"},{"@type":"BreadcrumbList","@id":"https:\/\/radius-radpol.pl\/produkt\/napedy-do-wind-i-systemow-karmienia-drobiu\/#breadcrumb","itemListElement":[{"@type":"ListItem","position":1,"name":"Strona g\u0142\u00f3wna","item":"https:\/\/radius-radpol.pl\/"},{"@type":"ListItem","position":2,"name":"Produkty","item":"https:\/\/radius-radpol.pl\/produkty\/"},{"@type":"ListItem","position":3,"name":"Nap\u0119dy do wind i system\u00f3w karmienia drobiu"}]},{"@type":"WebSite","@id":"https:\/\/radius-radpol.pl\/#website","url":"https:\/\/radius-radpol.pl\/","name":"Radius Radpol","description":"Technika nap\u0119d\u00f3w mechanicznych","publisher":{"@id":"https:\/\/radius-radpol.pl\/#organization"},"potentialAction":[{"@type":"SearchAction","target":{"@type":"EntryPoint","urlTemplate":"https:\/\/radius-radpol.pl\/?s={search_term_string}"},"query-input":{"@type":"PropertyValueSpecification","valueRequired":true,"valueName":"search_term_string"}}],"inLanguage":"en-US"},{"@type":"Organization","@id":"https:\/\/radius-radpol.pl\/#organization","name":"Radius Radpol","url":"https:\/\/radius-radpol.pl\/","logo":{"@type":"ImageObject","inLanguage":"en-US","@id":"https:\/\/radius-radpol.pl\/#\/schema\/logo\/image\/","url":"https:\/\/radius-radpol.pl\/wp-content\/uploads\/2021\/10\/Radius-LOGO4.png","contentUrl":"https:\/\/radius-radpol.pl\/wp-content\/uploads\/2021\/10\/Radius-LOGO4.png","width":1500,"height":900,"caption":"Radius Radpol"},"image":{"@id":"https:\/\/radius-radpol.pl\/#\/schema\/logo\/image\/"}}]}},"_links":{"self":[{"href":"https:\/\/radius-radpol.pl\/en\/wp-json\/wp\/v2\/product\/1667","targetHints":{"allow":["GET"]}}],"collection":[{"href":"https:\/\/radius-radpol.pl\/en\/wp-json\/wp\/v2\/product"}],"about":[{"href":"https:\/\/radius-radpol.pl\/en\/wp-json\/wp\/v2\/types\/product"}],"wp:featuredmedia":[{"embeddable":true,"href":"https:\/\/radius-radpol.pl\/en\/wp-json\/wp\/v2\/media\/1686"}],"wp:attachment":[{"href":"https:\/\/radius-radpol.pl\/en\/wp-json\/wp\/v2\/media?parent=1667"}],"wp:term":[{"taxonomy":"product_cat","embeddable":true,"href":"https:\/\/radius-radpol.pl\/en\/wp-json\/wp\/v2\/product_cat?post=1667"},{"taxonomy":"product_tag","embeddable":true,"href":"https:\/\/radius-radpol.pl\/en\/wp-json\/wp\/v2\/product_tag?post=1667"}],"curies":[{"name":"wp","href":"https:\/\/api.w.org\/{rel}","templated":true}]}}