{"id":1648,"date":"2020-05-30T15:49:21","date_gmt":"2020-05-30T15:49:21","guid":{"rendered":"https:\/\/radius-radpol.pl\/?post_type=product&#038;p=1648"},"modified":"2024-08-08T10:27:37","modified_gmt":"2024-08-08T10:27:37","slug":"motoreduktory-walcowo-stozkowe-itb","status":"publish","type":"product","link":"https:\/\/radius-radpol.pl\/en\/product\/motoreduktory-walcowo-stozkowe-itb\/","title":{"rendered":"Helical Bevel gearmotors ITB"},"content":{"rendered":"<section class=\"section\" id=\"section_2086317103\">\n\t\t<div class=\"section-bg fill\" >\n\t\t\t\t\t\t\t\t\t\n\t\t\t\n\n\t\t<\/div>\n\n\t\t\n\n\t\t<div class=\"section-content relative\">\n\t\t\t\n<h6>Iron series for most demanding applications<\/h6>\n<h2><span style=\"font-size: 100%;\">ITB helical bevel gearmotors<br \/>\n<\/span><\/h2>\n<ul>\n<li>3 mechanical sizes in the power range of 0.55kW-22kW<\/li>\n<li>IEC motor sizes: 71-132 B5\/B14<\/li>\n<li>3-stage gearboxes<\/li>\n<li>gear ratios from i=7.34 to 179.16<\/li>\n<li>Output torque: from 500 to 3500Nm<\/li>\n<\/ul>\n<a href=\"http:\/\/configurator.transtecno.com\/configurator\/ITB\" target=\"_blank\" class=\"button primary is-underline\" rel=\"noopener\"  >\n\t\t<span>Configurator<\/span>\n\t<i class=\"icon-expand\" aria-hidden=\"true\" ><\/i><\/a>\n\n<a href=\"https:\/\/www.transtecno.com\/en-en\/tools\/3d-models\/3d-model-selection\/?idProdotto=7941&#038;scheda=10817\" target=\"_blank\" class=\"button primary is-underline\" rel=\"noopener\"  >\n\t\t<span>3D model<\/span>\n\t<i class=\"icon-expand\" aria-hidden=\"true\" ><\/i><\/a>\n\n<a href=\"https:\/\/www.transtecno.com\/en-en\/tools\/\" target=\"_blank\" class=\"button primary is-underline\" rel=\"noopener\"  >\n\t\t<span>Selection of gearboxes<\/span>\n\t<i class=\"icon-expand\" aria-hidden=\"true\" ><\/i><\/a>\n\n<a href=\"https:\/\/radius-radpol.pl\/wp-content\/uploads\/2020\/05\/ITB.pdf\" target=\"_blank\" class=\"button primary is-underline\" rel=\"noopener\"  >\n\t\t<span>Download catalogue<\/span>\n\t<i class=\"icon-angle-down\" aria-hidden=\"true\" ><\/i><\/a>\n\n\t\t<\/div>\n\n\t\t\n<style>\n#section_2086317103 {\n  padding-top: 100px;\n  padding-bottom: 100px;\n}\n@media (min-width:850px) {\n  #section_2086317103 {\n    padding-top: 0px;\n    padding-bottom: 0px;\n  }\n}\n<\/style>\n\t<\/section>","protected":false},"excerpt":{"rendered":"","protected":false},"featured_media":522,"template":"","meta":[],"product_cat":[69],"product_tag":[],"class_list":{"0":"post-1648","1":"product","2":"type-product","3":"status-publish","4":"has-post-thumbnail","6":"product_cat-przekladnie-motoreduktory","8":"first","9":"instock","10":"shipping-taxable","11":"product-type-simple"},"yoast_head":"<!-- This site is optimized with the Yoast SEO plugin v24.0 - https:\/\/yoast.com\/wordpress\/plugins\/seo\/ -->\n<title>Motoreduktory walcowo-sto\u017ckowe ITB - Radius Radpol<\/title>\n<meta name=\"description\" content=\"Oferujemy motoreduktory walcowo-sto\u017ckowe ITB o zakresie mocy od 0,55 do 22 kW i momencie wyj\u015bciowym od 500 do 3500 Nm.\" \/>\n<meta name=\"robots\" content=\"index, follow, max-snippet:-1, max-image-preview:large, max-video-preview:-1\" \/>\n<link rel=\"canonical\" href=\"https:\/\/radius-radpol.pl\/en\/product\/motoreduktory-walcowo-stozkowe-itb\/\" \/>\n<script type=\"application\/ld+json\" class=\"yoast-schema-graph\">{\"@context\":\"https:\/\/schema.org\",\"@graph\":[{\"@type\":\"WebPage\",\"@id\":\"https:\/\/radius-radpol.pl\/produkt\/motoreduktory-walcowo-stozkowe-itb\/\",\"url\":\"https:\/\/radius-radpol.pl\/produkt\/motoreduktory-walcowo-stozkowe-itb\/\",\"name\":\"Motoreduktory walcowo-sto\u017ckowe ITB - Radius Radpol\",\"isPartOf\":{\"@id\":\"https:\/\/radius-radpol.pl\/#website\"},\"primaryImageOfPage\":{\"@id\":\"https:\/\/radius-radpol.pl\/produkt\/motoreduktory-walcowo-stozkowe-itb\/#primaryimage\"},\"image\":{\"@id\":\"https:\/\/radius-radpol.pl\/produkt\/motoreduktory-walcowo-stozkowe-itb\/#primaryimage\"},\"thumbnailUrl\":\"https:\/\/radius-radpol.pl\/wp-content\/uploads\/2020\/05\/ITB.png\",\"datePublished\":\"2020-05-30T15:49:21+00:00\",\"dateModified\":\"2024-08-08T10:27:37+00:00\",\"description\":\"Oferujemy motoreduktory walcowo-sto\u017ckowe ITB o zakresie mocy od 0,55 do 22 kW i momencie wyj\u015bciowym od 500 do 3500 Nm.\",\"breadcrumb\":{\"@id\":\"https:\/\/radius-radpol.pl\/produkt\/motoreduktory-walcowo-stozkowe-itb\/#breadcrumb\"},\"inLanguage\":\"en-US\",\"potentialAction\":[{\"@type\":\"ReadAction\",\"target\":[\"https:\/\/radius-radpol.pl\/produkt\/motoreduktory-walcowo-stozkowe-itb\/\"]}]},{\"@type\":\"ImageObject\",\"inLanguage\":\"en-US\",\"@id\":\"https:\/\/radius-radpol.pl\/produkt\/motoreduktory-walcowo-stozkowe-itb\/#primaryimage\",\"url\":\"https:\/\/radius-radpol.pl\/wp-content\/uploads\/2020\/05\/ITB.png\",\"contentUrl\":\"https:\/\/radius-radpol.pl\/wp-content\/uploads\/2020\/05\/ITB.png\",\"width\":1281,\"height\":1079,\"caption\":\"Motoreduktory walcowo-sto\u017ckowe ITB\"},{\"@type\":\"BreadcrumbList\",\"@id\":\"https:\/\/radius-radpol.pl\/produkt\/motoreduktory-walcowo-stozkowe-itb\/#breadcrumb\",\"itemListElement\":[{\"@type\":\"ListItem\",\"position\":1,\"name\":\"Strona g\u0142\u00f3wna\",\"item\":\"https:\/\/radius-radpol.pl\/\"},{\"@type\":\"ListItem\",\"position\":2,\"name\":\"Produkty\",\"item\":\"https:\/\/radius-radpol.pl\/produkty\/\"},{\"@type\":\"ListItem\",\"position\":3,\"name\":\"Motoreduktory walcowo-sto\u017ckowe ITB\"}]},{\"@type\":\"WebSite\",\"@id\":\"https:\/\/radius-radpol.pl\/#website\",\"url\":\"https:\/\/radius-radpol.pl\/\",\"name\":\"Radius Radpol\",\"description\":\"Technika nap\u0119d\u00f3w mechanicznych\",\"publisher\":{\"@id\":\"https:\/\/radius-radpol.pl\/#organization\"},\"potentialAction\":[{\"@type\":\"SearchAction\",\"target\":{\"@type\":\"EntryPoint\",\"urlTemplate\":\"https:\/\/radius-radpol.pl\/?s={search_term_string}\"},\"query-input\":{\"@type\":\"PropertyValueSpecification\",\"valueRequired\":true,\"valueName\":\"search_term_string\"}}],\"inLanguage\":\"en-US\"},{\"@type\":\"Organization\",\"@id\":\"https:\/\/radius-radpol.pl\/#organization\",\"name\":\"Radius Radpol\",\"url\":\"https:\/\/radius-radpol.pl\/\",\"logo\":{\"@type\":\"ImageObject\",\"inLanguage\":\"en-US\",\"@id\":\"https:\/\/radius-radpol.pl\/#\/schema\/logo\/image\/\",\"url\":\"https:\/\/radius-radpol.pl\/wp-content\/uploads\/2021\/10\/Radius-LOGO4.png\",\"contentUrl\":\"https:\/\/radius-radpol.pl\/wp-content\/uploads\/2021\/10\/Radius-LOGO4.png\",\"width\":1500,\"height\":900,\"caption\":\"Radius Radpol\"},\"image\":{\"@id\":\"https:\/\/radius-radpol.pl\/#\/schema\/logo\/image\/\"}}]}<\/script>\n<!-- \/ Yoast SEO plugin. -->","yoast_head_json":{"title":"Motoreduktory walcowo-sto\u017ckowe ITB - Radius Radpol","description":"Oferujemy motoreduktory walcowo-sto\u017ckowe ITB o zakresie mocy od 0,55 do 22 kW i momencie wyj\u015bciowym od 500 do 3500 Nm.","robots":{"index":"index","follow":"follow","max-snippet":"max-snippet:-1","max-image-preview":"max-image-preview:large","max-video-preview":"max-video-preview:-1"},"canonical":"https:\/\/radius-radpol.pl\/en\/product\/motoreduktory-walcowo-stozkowe-itb\/","schema":{"@context":"https:\/\/schema.org","@graph":[{"@type":"WebPage","@id":"https:\/\/radius-radpol.pl\/produkt\/motoreduktory-walcowo-stozkowe-itb\/","url":"https:\/\/radius-radpol.pl\/produkt\/motoreduktory-walcowo-stozkowe-itb\/","name":"Motoreduktory walcowo-sto\u017ckowe ITB - Radius Radpol","isPartOf":{"@id":"https:\/\/radius-radpol.pl\/#website"},"primaryImageOfPage":{"@id":"https:\/\/radius-radpol.pl\/produkt\/motoreduktory-walcowo-stozkowe-itb\/#primaryimage"},"image":{"@id":"https:\/\/radius-radpol.pl\/produkt\/motoreduktory-walcowo-stozkowe-itb\/#primaryimage"},"thumbnailUrl":"https:\/\/radius-radpol.pl\/wp-content\/uploads\/2020\/05\/ITB.png","datePublished":"2020-05-30T15:49:21+00:00","dateModified":"2024-08-08T10:27:37+00:00","description":"Oferujemy motoreduktory walcowo-sto\u017ckowe ITB o zakresie mocy od 0,55 do 22 kW i momencie wyj\u015bciowym od 500 do 3500 Nm.","breadcrumb":{"@id":"https:\/\/radius-radpol.pl\/produkt\/motoreduktory-walcowo-stozkowe-itb\/#breadcrumb"},"inLanguage":"en-US","potentialAction":[{"@type":"ReadAction","target":["https:\/\/radius-radpol.pl\/produkt\/motoreduktory-walcowo-stozkowe-itb\/"]}]},{"@type":"ImageObject","inLanguage":"en-US","@id":"https:\/\/radius-radpol.pl\/produkt\/motoreduktory-walcowo-stozkowe-itb\/#primaryimage","url":"https:\/\/radius-radpol.pl\/wp-content\/uploads\/2020\/05\/ITB.png","contentUrl":"https:\/\/radius-radpol.pl\/wp-content\/uploads\/2020\/05\/ITB.png","width":1281,"height":1079,"caption":"Motoreduktory walcowo-sto\u017ckowe ITB"},{"@type":"BreadcrumbList","@id":"https:\/\/radius-radpol.pl\/produkt\/motoreduktory-walcowo-stozkowe-itb\/#breadcrumb","itemListElement":[{"@type":"ListItem","position":1,"name":"Strona g\u0142\u00f3wna","item":"https:\/\/radius-radpol.pl\/"},{"@type":"ListItem","position":2,"name":"Produkty","item":"https:\/\/radius-radpol.pl\/produkty\/"},{"@type":"ListItem","position":3,"name":"Motoreduktory walcowo-sto\u017ckowe ITB"}]},{"@type":"WebSite","@id":"https:\/\/radius-radpol.pl\/#website","url":"https:\/\/radius-radpol.pl\/","name":"Radius Radpol","description":"Technika nap\u0119d\u00f3w mechanicznych","publisher":{"@id":"https:\/\/radius-radpol.pl\/#organization"},"potentialAction":[{"@type":"SearchAction","target":{"@type":"EntryPoint","urlTemplate":"https:\/\/radius-radpol.pl\/?s={search_term_string}"},"query-input":{"@type":"PropertyValueSpecification","valueRequired":true,"valueName":"search_term_string"}}],"inLanguage":"en-US"},{"@type":"Organization","@id":"https:\/\/radius-radpol.pl\/#organization","name":"Radius Radpol","url":"https:\/\/radius-radpol.pl\/","logo":{"@type":"ImageObject","inLanguage":"en-US","@id":"https:\/\/radius-radpol.pl\/#\/schema\/logo\/image\/","url":"https:\/\/radius-radpol.pl\/wp-content\/uploads\/2021\/10\/Radius-LOGO4.png","contentUrl":"https:\/\/radius-radpol.pl\/wp-content\/uploads\/2021\/10\/Radius-LOGO4.png","width":1500,"height":900,"caption":"Radius Radpol"},"image":{"@id":"https:\/\/radius-radpol.pl\/#\/schema\/logo\/image\/"}}]}},"_links":{"self":[{"href":"https:\/\/radius-radpol.pl\/en\/wp-json\/wp\/v2\/product\/1648","targetHints":{"allow":["GET"]}}],"collection":[{"href":"https:\/\/radius-radpol.pl\/en\/wp-json\/wp\/v2\/product"}],"about":[{"href":"https:\/\/radius-radpol.pl\/en\/wp-json\/wp\/v2\/types\/product"}],"wp:featuredmedia":[{"embeddable":true,"href":"https:\/\/radius-radpol.pl\/en\/wp-json\/wp\/v2\/media\/522"}],"wp:attachment":[{"href":"https:\/\/radius-radpol.pl\/en\/wp-json\/wp\/v2\/media?parent=1648"}],"wp:term":[{"taxonomy":"product_cat","embeddable":true,"href":"https:\/\/radius-radpol.pl\/en\/wp-json\/wp\/v2\/product_cat?post=1648"},{"taxonomy":"product_tag","embeddable":true,"href":"https:\/\/radius-radpol.pl\/en\/wp-json\/wp\/v2\/product_tag?post=1648"}],"curies":[{"name":"wp","href":"https:\/\/api.w.org\/{rel}","templated":true}]}}