{"id":1646,"date":"2020-05-30T15:25:55","date_gmt":"2020-05-30T15:25:55","guid":{"rendered":"https:\/\/radius-radpol.pl\/?post_type=product&#038;p=1646"},"modified":"2024-08-13T09:16:42","modified_gmt":"2024-08-13T09:16:42","slug":"motoreduktory-walcowe-proste","status":"publish","type":"product","link":"https:\/\/radius-radpol.pl\/en\/product\/motoreduktory-walcowe-proste\/","title":{"rendered":"Helical in-line gearmotors ITH"},"content":{"rendered":"<h6>Iron series for most demanding applications<\/h6>\n<h2><span style=\"font-size: 120%;\" data-line-height=\"m\">ITH helical inline gearmotors<\/span><\/h2>\n<ul>\n<li>4 mechanical sizes in the power range 0,25kW-30kW<\/li>\n<li>IEC motor sizes: 71-200 B5\/B14<\/li>\n<li>2 or 3 stage gearboxes<\/li>\n<li>gear ratios from i=5.28 to 246.59<\/li>\n<li>Output torque: 350 to 3500Nm<\/li>\n<\/ul>\n<a href=\"https:\/\/www.transtecno.com\/en-en\/tools\/3d-models\/3d-model-selection\/?idProdotto=7940&#038;scheda=10816\" target=\"_blank\" class=\"button primary is-underline\" rel=\"noopener\"  >\n\t\t<span>3D model<\/span>\n\t<i class=\"icon-expand\" aria-hidden=\"true\" ><\/i><\/a>\n\n<a href=\"http:\/\/configurator.transtecno.com\/configurator\/ITH\" target=\"_blank\" class=\"button primary is-underline\" rel=\"noopener\"  >\n\t\t<span>Configurator<\/span>\n\t<i class=\"icon-expand\" aria-hidden=\"true\" ><\/i><\/a>\n\n<a href=\"https:\/\/www.transtecno.com\/en-en\/tools\/\" target=\"_blank\" class=\"button primary is-underline\" rel=\"noopener\"  >\n\t\t<span>Selection of gearboxes<\/span>\n\t<i class=\"icon-expand\" aria-hidden=\"true\" ><\/i><\/a>\n\n<a href=\"https:\/\/radius-radpol.pl\/wp-content\/uploads\/2020\/05\/ITH.pdf\" target=\"_blank\" class=\"button primary is-underline\" rel=\"noopener\"  >\n\t\t<span>Download catalogue<\/span>\n\t<i class=\"icon-angle-down\" aria-hidden=\"true\" ><\/i><\/a>","protected":false},"excerpt":{"rendered":"<p>Seria iron dla najbardziej wymagaj\u0105cych aplikacji Motoreduktory walcowe ITH 4 wielko\u015bci mechaniczne w zakresie mocy 0,25kW-30kW wielko\u015bci IEC silnika: 71-200 B5\/B14 przek\u0142adnie 2 lub 3 stopniowe prze\u0142o\u017cenia od i=5.28 do 246,59 moment wyj\u015bciowy: od 350 do 3500Nm<\/p>","protected":false},"featured_media":669,"template":"","meta":[],"product_cat":[69],"product_tag":[],"class_list":{"0":"post-1646","1":"product","2":"type-product","3":"status-publish","4":"has-post-thumbnail","6":"product_cat-przekladnie-motoreduktory","8":"first","9":"instock","10":"shipping-taxable","11":"product-type-simple"},"yoast_head":"<!-- This site is optimized with the Yoast SEO plugin v24.0 - https:\/\/yoast.com\/wordpress\/plugins\/seo\/ -->\n<title>Motoreduktory walcowe proste ITH - motoreduktory walcowe - Radius Radpol<\/title>\n<meta name=\"description\" content=\"Oferujemy motoreduktory walcowe ITH o zakresie mocy od 0,25 do 30 kW i momencie wyj\u015bciowym od 350 do 3500 Nm.\" \/>\n<meta name=\"robots\" content=\"index, follow, max-snippet:-1, max-image-preview:large, max-video-preview:-1\" \/>\n<link rel=\"canonical\" href=\"https:\/\/radius-radpol.pl\/en\/product\/motoreduktory-walcowe-proste\/\" \/>\n<script type=\"application\/ld+json\" class=\"yoast-schema-graph\">{\"@context\":\"https:\/\/schema.org\",\"@graph\":[{\"@type\":\"WebPage\",\"@id\":\"https:\/\/radius-radpol.pl\/produkt\/motoreduktory-walcowe-proste\/\",\"url\":\"https:\/\/radius-radpol.pl\/produkt\/motoreduktory-walcowe-proste\/\",\"name\":\"Motoreduktory walcowe proste ITH - motoreduktory walcowe - Radius Radpol\",\"isPartOf\":{\"@id\":\"https:\/\/radius-radpol.pl\/#website\"},\"primaryImageOfPage\":{\"@id\":\"https:\/\/radius-radpol.pl\/produkt\/motoreduktory-walcowe-proste\/#primaryimage\"},\"image\":{\"@id\":\"https:\/\/radius-radpol.pl\/produkt\/motoreduktory-walcowe-proste\/#primaryimage\"},\"thumbnailUrl\":\"https:\/\/radius-radpol.pl\/wp-content\/uploads\/2020\/05\/2-3.png\",\"datePublished\":\"2020-05-30T15:25:55+00:00\",\"dateModified\":\"2024-08-13T09:16:42+00:00\",\"description\":\"Oferujemy motoreduktory walcowe ITH o zakresie mocy od 0,25 do 30 kW i momencie wyj\u015bciowym od 350 do 3500 Nm.\",\"breadcrumb\":{\"@id\":\"https:\/\/radius-radpol.pl\/produkt\/motoreduktory-walcowe-proste\/#breadcrumb\"},\"inLanguage\":\"en-US\",\"potentialAction\":[{\"@type\":\"ReadAction\",\"target\":[\"https:\/\/radius-radpol.pl\/produkt\/motoreduktory-walcowe-proste\/\"]}]},{\"@type\":\"ImageObject\",\"inLanguage\":\"en-US\",\"@id\":\"https:\/\/radius-radpol.pl\/produkt\/motoreduktory-walcowe-proste\/#primaryimage\",\"url\":\"https:\/\/radius-radpol.pl\/wp-content\/uploads\/2020\/05\/2-3.png\",\"contentUrl\":\"https:\/\/radius-radpol.pl\/wp-content\/uploads\/2020\/05\/2-3.png\",\"width\":500,\"height\":500,\"caption\":\"Motoreduktory walcowe proste ITH\"},{\"@type\":\"BreadcrumbList\",\"@id\":\"https:\/\/radius-radpol.pl\/produkt\/motoreduktory-walcowe-proste\/#breadcrumb\",\"itemListElement\":[{\"@type\":\"ListItem\",\"position\":1,\"name\":\"Strona g\u0142\u00f3wna\",\"item\":\"https:\/\/radius-radpol.pl\/\"},{\"@type\":\"ListItem\",\"position\":2,\"name\":\"Produkty\",\"item\":\"https:\/\/radius-radpol.pl\/produkty\/\"},{\"@type\":\"ListItem\",\"position\":3,\"name\":\"Motoreduktory walcowe proste ITH\"}]},{\"@type\":\"WebSite\",\"@id\":\"https:\/\/radius-radpol.pl\/#website\",\"url\":\"https:\/\/radius-radpol.pl\/\",\"name\":\"Radius Radpol\",\"description\":\"Technika nap\u0119d\u00f3w mechanicznych\",\"publisher\":{\"@id\":\"https:\/\/radius-radpol.pl\/#organization\"},\"potentialAction\":[{\"@type\":\"SearchAction\",\"target\":{\"@type\":\"EntryPoint\",\"urlTemplate\":\"https:\/\/radius-radpol.pl\/?s={search_term_string}\"},\"query-input\":{\"@type\":\"PropertyValueSpecification\",\"valueRequired\":true,\"valueName\":\"search_term_string\"}}],\"inLanguage\":\"en-US\"},{\"@type\":\"Organization\",\"@id\":\"https:\/\/radius-radpol.pl\/#organization\",\"name\":\"Radius Radpol\",\"url\":\"https:\/\/radius-radpol.pl\/\",\"logo\":{\"@type\":\"ImageObject\",\"inLanguage\":\"en-US\",\"@id\":\"https:\/\/radius-radpol.pl\/#\/schema\/logo\/image\/\",\"url\":\"https:\/\/radius-radpol.pl\/wp-content\/uploads\/2021\/10\/Radius-LOGO4.png\",\"contentUrl\":\"https:\/\/radius-radpol.pl\/wp-content\/uploads\/2021\/10\/Radius-LOGO4.png\",\"width\":1500,\"height\":900,\"caption\":\"Radius Radpol\"},\"image\":{\"@id\":\"https:\/\/radius-radpol.pl\/#\/schema\/logo\/image\/\"}}]}<\/script>\n<!-- \/ Yoast SEO plugin. -->","yoast_head_json":{"title":"Motoreduktory walcowe proste ITH - motoreduktory walcowe - Radius Radpol","description":"Oferujemy motoreduktory walcowe ITH o zakresie mocy od 0,25 do 30 kW i momencie wyj\u015bciowym od 350 do 3500 Nm.","robots":{"index":"index","follow":"follow","max-snippet":"max-snippet:-1","max-image-preview":"max-image-preview:large","max-video-preview":"max-video-preview:-1"},"canonical":"https:\/\/radius-radpol.pl\/en\/product\/motoreduktory-walcowe-proste\/","schema":{"@context":"https:\/\/schema.org","@graph":[{"@type":"WebPage","@id":"https:\/\/radius-radpol.pl\/produkt\/motoreduktory-walcowe-proste\/","url":"https:\/\/radius-radpol.pl\/produkt\/motoreduktory-walcowe-proste\/","name":"Motoreduktory walcowe proste ITH - motoreduktory walcowe - Radius Radpol","isPartOf":{"@id":"https:\/\/radius-radpol.pl\/#website"},"primaryImageOfPage":{"@id":"https:\/\/radius-radpol.pl\/produkt\/motoreduktory-walcowe-proste\/#primaryimage"},"image":{"@id":"https:\/\/radius-radpol.pl\/produkt\/motoreduktory-walcowe-proste\/#primaryimage"},"thumbnailUrl":"https:\/\/radius-radpol.pl\/wp-content\/uploads\/2020\/05\/2-3.png","datePublished":"2020-05-30T15:25:55+00:00","dateModified":"2024-08-13T09:16:42+00:00","description":"Oferujemy motoreduktory walcowe ITH o zakresie mocy od 0,25 do 30 kW i momencie wyj\u015bciowym od 350 do 3500 Nm.","breadcrumb":{"@id":"https:\/\/radius-radpol.pl\/produkt\/motoreduktory-walcowe-proste\/#breadcrumb"},"inLanguage":"en-US","potentialAction":[{"@type":"ReadAction","target":["https:\/\/radius-radpol.pl\/produkt\/motoreduktory-walcowe-proste\/"]}]},{"@type":"ImageObject","inLanguage":"en-US","@id":"https:\/\/radius-radpol.pl\/produkt\/motoreduktory-walcowe-proste\/#primaryimage","url":"https:\/\/radius-radpol.pl\/wp-content\/uploads\/2020\/05\/2-3.png","contentUrl":"https:\/\/radius-radpol.pl\/wp-content\/uploads\/2020\/05\/2-3.png","width":500,"height":500,"caption":"Motoreduktory walcowe proste ITH"},{"@type":"BreadcrumbList","@id":"https:\/\/radius-radpol.pl\/produkt\/motoreduktory-walcowe-proste\/#breadcrumb","itemListElement":[{"@type":"ListItem","position":1,"name":"Strona g\u0142\u00f3wna","item":"https:\/\/radius-radpol.pl\/"},{"@type":"ListItem","position":2,"name":"Produkty","item":"https:\/\/radius-radpol.pl\/produkty\/"},{"@type":"ListItem","position":3,"name":"Motoreduktory walcowe proste ITH"}]},{"@type":"WebSite","@id":"https:\/\/radius-radpol.pl\/#website","url":"https:\/\/radius-radpol.pl\/","name":"Radius Radpol","description":"Technika nap\u0119d\u00f3w mechanicznych","publisher":{"@id":"https:\/\/radius-radpol.pl\/#organization"},"potentialAction":[{"@type":"SearchAction","target":{"@type":"EntryPoint","urlTemplate":"https:\/\/radius-radpol.pl\/?s={search_term_string}"},"query-input":{"@type":"PropertyValueSpecification","valueRequired":true,"valueName":"search_term_string"}}],"inLanguage":"en-US"},{"@type":"Organization","@id":"https:\/\/radius-radpol.pl\/#organization","name":"Radius Radpol","url":"https:\/\/radius-radpol.pl\/","logo":{"@type":"ImageObject","inLanguage":"en-US","@id":"https:\/\/radius-radpol.pl\/#\/schema\/logo\/image\/","url":"https:\/\/radius-radpol.pl\/wp-content\/uploads\/2021\/10\/Radius-LOGO4.png","contentUrl":"https:\/\/radius-radpol.pl\/wp-content\/uploads\/2021\/10\/Radius-LOGO4.png","width":1500,"height":900,"caption":"Radius Radpol"},"image":{"@id":"https:\/\/radius-radpol.pl\/#\/schema\/logo\/image\/"}}]}},"_links":{"self":[{"href":"https:\/\/radius-radpol.pl\/en\/wp-json\/wp\/v2\/product\/1646","targetHints":{"allow":["GET"]}}],"collection":[{"href":"https:\/\/radius-radpol.pl\/en\/wp-json\/wp\/v2\/product"}],"about":[{"href":"https:\/\/radius-radpol.pl\/en\/wp-json\/wp\/v2\/types\/product"}],"wp:featuredmedia":[{"embeddable":true,"href":"https:\/\/radius-radpol.pl\/en\/wp-json\/wp\/v2\/media\/669"}],"wp:attachment":[{"href":"https:\/\/radius-radpol.pl\/en\/wp-json\/wp\/v2\/media?parent=1646"}],"wp:term":[{"taxonomy":"product_cat","embeddable":true,"href":"https:\/\/radius-radpol.pl\/en\/wp-json\/wp\/v2\/product_cat?post=1646"},{"taxonomy":"product_tag","embeddable":true,"href":"https:\/\/radius-radpol.pl\/en\/wp-json\/wp\/v2\/product_tag?post=1646"}],"curies":[{"name":"wp","href":"https:\/\/api.w.org\/{rel}","templated":true}]}}