{"id":1455,"date":"2020-05-22T12:36:41","date_gmt":"2020-05-22T12:36:41","guid":{"rendered":"https:\/\/radius-radpol.pl\/?post_type=product&#038;p=1455"},"modified":"2024-08-14T11:48:40","modified_gmt":"2024-08-14T11:48:40","slug":"motoreduktory-keb","status":"publish","type":"product","link":"https:\/\/radius-radpol.pl\/en\/product\/motoreduktory-keb\/","title":{"rendered":"KEB gearmotors"},"content":{"rendered":"<div class=\"banner-grid-wrapper\">\n  <div id=\"banner-grid-1494856490\" class=\"banner-grid row row-grid row-small\" data-packery-options=\"\">\n                      \n<div class=\"col grid-col large-6 grid-col-1-2\" ><div class=\"col-inner\">\n\n  <div class=\"banner has-hover\" id=\"banner-2106442707\">\n          <div class=\"banner-inner fill\">\n        <div class=\"banner-bg fill\" >\n            <img loading=\"lazy\" decoding=\"async\" width=\"500\" height=\"375\" src=\"https:\/\/radius-radpol.pl\/wp-content\/uploads\/2020\/05\/walcoweproste.png\" class=\"bg attachment-large size-large\" alt=\"Motoreduktory walcowe proste\" \/>                        <div class=\"overlay\"><\/div>            \n                    <\/div>\n\t\t\n        <div class=\"banner-layers container\">\n            <div class=\"fill banner-link\"><\/div>            \n   <div id=\"text-box-962759122\" class=\"text-box banner-layer x50 md-x50 lg-x50 y80 md-y80 lg-y80 res-text\">\n                                <div class=\"text-box-content text text-shadow-1\">\n              \n              <div class=\"text-inner text-center\">\n                  \n<p class=\"lead\">Helical inline gearboxes<\/p>\n<h2>Seria G<\/h2>\n\t<div id=\"gap-1483762891\" class=\"gap-element clearfix\" style=\"display:block; height:auto;\">\n\t\t\n<style>\n#gap-1483762891 {\n  padding-top: 5px;\n}\n<\/style>\n\t<\/div>\n\t\n              <\/div>\n           <\/div>\n                            \n<style>\n#text-box-962759122 {\n  margin: 0px 0px -6px 0px;\n  width: 100%;\n}\n#text-box-962759122 .text-box-content {\n  background-color: rgba(255, 255, 255, 0.62);\n  font-size: 100%;\n}\n#text-box-962759122 .text-inner {\n  padding: 10px 10px 10px 10px;\n}\n<\/style>\n    <\/div>\n \n        <\/div>\n      <\/div>\n\n              <div class=\"height-fix is-invisible\"><img loading=\"lazy\" decoding=\"async\" width=\"500\" height=\"375\" src=\"https:\/\/radius-radpol.pl\/wp-content\/uploads\/2020\/05\/walcoweproste.png\" class=\"attachment-large size-large\" alt=\"Motoreduktory walcowe proste\" \/><\/div>\n            \n<style>\n#banner-2106442707 .overlay {\n  background-color: rgba(0, 0, 0, 0.09);\n}\n<\/style>\n  <\/div>\n\n\n<\/div><\/div>\n<div class=\"col grid-col large-6 grid-col-1-2\" ><div class=\"col-inner\">\n\n  <div class=\"banner has-hover\" id=\"banner-298347904\">\n          <div class=\"banner-inner fill\">\n        <div class=\"banner-bg fill\" >\n            <img loading=\"lazy\" decoding=\"async\" width=\"500\" height=\"375\" src=\"https:\/\/radius-radpol.pl\/wp-content\/uploads\/2020\/05\/walcowoslimakowy.png\" class=\"bg attachment-large size-large\" alt=\"Motoreduktory walcowo-\u015blimakowe\" \/>                        <div class=\"overlay\"><\/div>            \n                    <\/div>\n\t\t\n        <div class=\"banner-layers container\">\n            <div class=\"fill banner-link\"><\/div>            \n   <div id=\"text-box-260634859\" class=\"text-box banner-layer x50 md-x50 lg-x50 y80 md-y80 lg-y80 res-text\">\n                                <div class=\"text-box-content text text-shadow-1\">\n              \n              <div class=\"text-inner text-center\">\n                  \n<p class=\"lead\">Helical Bevel gearboxes<\/p>\n<h2>Seria s<\/h2>\n\t<div id=\"gap-2049086808\" class=\"gap-element clearfix\" style=\"display:block; height:auto;\">\n\t\t\n<style>\n#gap-2049086808 {\n  padding-top: 5px;\n}\n<\/style>\n\t<\/div>\n\t\n              <\/div>\n           <\/div>\n                            \n<style>\n#text-box-260634859 {\n  margin: 0px 0px -6px 0px;\n  width: 100%;\n}\n#text-box-260634859 .text-box-content {\n  background-color: rgba(255, 255, 255, 0.62);\n  font-size: 100%;\n}\n#text-box-260634859 .text-inner {\n  padding: 10px 10px 10px 10px;\n}\n<\/style>\n    <\/div>\n \n        <\/div>\n      <\/div>\n\n            \n<style>\n#banner-298347904 {\n  padding-top: 250px;\n}\n#banner-298347904 .overlay {\n  background-color: rgba(0, 0, 0, 0.09);\n}\n<\/style>\n  <\/div>\n\n\n<\/div><\/div>\n<div class=\"col grid-col large-6 grid-col-1-2\" ><div class=\"col-inner\">\n\n  <div class=\"banner has-hover\" id=\"banner-214479908\">\n          <div class=\"banner-inner fill\">\n        <div class=\"banner-bg fill\" >\n            <img loading=\"lazy\" decoding=\"async\" width=\"500\" height=\"375\" src=\"https:\/\/radius-radpol.pl\/wp-content\/uploads\/2020\/05\/walcowostozkowe.png\" class=\"bg attachment-large size-large\" alt=\"Motoreduktory walcowo-sto\u017ckowe\" \/>                        <div class=\"overlay\"><\/div>            \n                    <\/div>\n\t\t\n        <div class=\"banner-layers container\">\n            <div class=\"fill banner-link\"><\/div>            \n   <div id=\"text-box-1009867061\" class=\"text-box banner-layer x50 md-x50 lg-x50 y80 md-y80 lg-y80 res-text\">\n                                <div class=\"text-box-content text text-shadow-1\">\n              \n              <div class=\"text-inner text-center\">\n                  \n<p class=\"lead\">Helical Bevel gearmotors<\/p>\n<h2>Seria K<\/h2>\n\t<div id=\"gap-1647115181\" class=\"gap-element clearfix\" style=\"display:block; height:auto;\">\n\t\t\n<style>\n#gap-1647115181 {\n  padding-top: 5px;\n}\n<\/style>\n\t<\/div>\n\t\n              <\/div>\n           <\/div>\n                            \n<style>\n#text-box-1009867061 {\n  margin: 0px 0px -6px 0px;\n  width: 100%;\n}\n#text-box-1009867061 .text-box-content {\n  background-color: rgba(255, 255, 255, 0.62);\n  font-size: 100%;\n}\n#text-box-1009867061 .text-inner {\n  padding: 10px 10px 10px 10px;\n}\n<\/style>\n    <\/div>\n \n        <\/div>\n      <\/div>\n\n              <div class=\"height-fix is-invisible\"><img loading=\"lazy\" decoding=\"async\" width=\"500\" height=\"375\" src=\"https:\/\/radius-radpol.pl\/wp-content\/uploads\/2020\/05\/walcowostozkowe.png\" class=\"attachment-large size-large\" alt=\"Motoreduktory walcowo-sto\u017ckowe\" \/><\/div>\n            \n<style>\n#banner-214479908 .overlay {\n  background-color: rgba(0, 0, 0, 0.09);\n}\n<\/style>\n  <\/div>\n\n\n<\/div><\/div>\n<div class=\"col grid-col large-6 grid-col-1-2\" ><div class=\"col-inner\">\n\n  <div class=\"banner has-hover\" id=\"banner-1367539380\">\n          <div class=\"banner-inner fill\">\n        <div class=\"banner-bg fill\" >\n            <img loading=\"lazy\" decoding=\"async\" width=\"500\" height=\"375\" src=\"https:\/\/radius-radpol.pl\/wp-content\/uploads\/2020\/05\/walcowe.png\" class=\"bg attachment-large size-large\" alt=\"Motoreduktory walcowe p\u0142askie\" \/>                        <div class=\"overlay\"><\/div>            \n                    <\/div>\n\t\t\n        <div class=\"banner-layers container\">\n            <div class=\"fill banner-link\"><\/div>            \n   <div id=\"text-box-1323420300\" class=\"text-box banner-layer x50 md-x50 lg-x50 y80 md-y80 lg-y80 res-text\">\n                                <div class=\"text-box-content text text-shadow-1\">\n              \n              <div class=\"text-inner text-center\">\n                  \n<p class=\"lead\">Helical parallel gearmotors<\/p>\n<h2>Seria F<\/h2>\n\t<div id=\"gap-1188076742\" class=\"gap-element clearfix\" style=\"display:block; height:auto;\">\n\t\t\n<style>\n#gap-1188076742 {\n  padding-top: 5px;\n}\n<\/style>\n\t<\/div>\n\t\n              <\/div>\n           <\/div>\n                            \n<style>\n#text-box-1323420300 {\n  margin: 0px 0px -6px 0px;\n  width: 100%;\n}\n#text-box-1323420300 .text-box-content {\n  background-color: rgba(255, 255, 255, 0.62);\n  font-size: 100%;\n}\n#text-box-1323420300 .text-inner {\n  padding: 10px 10px 10px 10px;\n}\n<\/style>\n    <\/div>\n \n        <\/div>\n      <\/div>\n\n              <div class=\"height-fix is-invisible\"><img loading=\"lazy\" decoding=\"async\" width=\"500\" height=\"375\" src=\"https:\/\/radius-radpol.pl\/wp-content\/uploads\/2020\/05\/walcowe.png\" class=\"attachment-large size-large\" alt=\"Motoreduktory walcowe p\u0142askie\" \/><\/div>\n            \n<style>\n#banner-1367539380 .overlay {\n  background-color: rgba(0, 0, 0, 0.09);\n}\n<\/style>\n  <\/div>\n\n\n<\/div><\/div>\n            <\/div>\n    <style>\n    #banner-grid-1494856490 .grid-col-1{height: 600px}\n    #banner-grid-1494856490 .grid-col-1-2{height: 300px}\n    #banner-grid-1494856490 .grid-col-1-3{height:200px}\n    #banner-grid-1494856490 .grid-col-2-3{height: 400px}\n    #banner-grid-1494856490 .grid-col-1-4{height: 150px}\n    #banner-grid-1494856490 .grid-col-3-4{height: 450px}\n\n\n    \n    \n\n  <\/style>\n    <\/div>\n  \n\t<div id=\"gap-1424700230\" class=\"gap-element clearfix\" style=\"display:block; height:auto;\">\n\t\t\n<style>\n#gap-1424700230 {\n  padding-top: 35px;\n}\n<\/style>\n\t<\/div>","protected":false},"excerpt":{"rendered":"","protected":false},"featured_media":1603,"template":"","meta":[],"product_cat":[69],"product_tag":[],"class_list":{"0":"post-1455","1":"product","2":"type-product","3":"status-publish","4":"has-post-thumbnail","6":"product_cat-przekladnie-motoreduktory","8":"first","9":"instock","10":"shipping-taxable","11":"product-type-simple"},"yoast_head":"<!-- This site is optimized with the Yoast SEO plugin v24.0 - https:\/\/yoast.com\/wordpress\/plugins\/seo\/ -->\n<title>Motoreduktory KEB - Radius Radpol - technika nap\u0119d\u00f3w mechanicznych<\/title>\n<meta name=\"description\" content=\"Oferujemy motoreduktory walcowe proste - seria G, walcowo-\u015blimakowe - seria S, sto\u017ckowe - seria K oraz walcowe p\u0142askie - seria F.\" \/>\n<meta name=\"robots\" content=\"index, follow, max-snippet:-1, max-image-preview:large, max-video-preview:-1\" \/>\n<link rel=\"canonical\" href=\"https:\/\/radius-radpol.pl\/en\/product\/motoreduktory-keb\/\" \/>\n<script type=\"application\/ld+json\" class=\"yoast-schema-graph\">{\"@context\":\"https:\/\/schema.org\",\"@graph\":[{\"@type\":\"WebPage\",\"@id\":\"https:\/\/radius-radpol.pl\/produkt\/motoreduktory-keb\/\",\"url\":\"https:\/\/radius-radpol.pl\/produkt\/motoreduktory-keb\/\",\"name\":\"Motoreduktory KEB - Radius Radpol - technika nap\u0119d\u00f3w mechanicznych\",\"isPartOf\":{\"@id\":\"https:\/\/radius-radpol.pl\/#website\"},\"primaryImageOfPage\":{\"@id\":\"https:\/\/radius-radpol.pl\/produkt\/motoreduktory-keb\/#primaryimage\"},\"image\":{\"@id\":\"https:\/\/radius-radpol.pl\/produkt\/motoreduktory-keb\/#primaryimage\"},\"thumbnailUrl\":\"https:\/\/radius-radpol.pl\/wp-content\/uploads\/2020\/05\/KEB_.png\",\"datePublished\":\"2020-05-22T12:36:41+00:00\",\"dateModified\":\"2024-08-14T11:48:40+00:00\",\"description\":\"Oferujemy motoreduktory walcowe proste - seria G, walcowo-\u015blimakowe - seria S, sto\u017ckowe - seria K oraz walcowe p\u0142askie - seria F.\",\"breadcrumb\":{\"@id\":\"https:\/\/radius-radpol.pl\/produkt\/motoreduktory-keb\/#breadcrumb\"},\"inLanguage\":\"en-US\",\"potentialAction\":[{\"@type\":\"ReadAction\",\"target\":[\"https:\/\/radius-radpol.pl\/produkt\/motoreduktory-keb\/\"]}]},{\"@type\":\"ImageObject\",\"inLanguage\":\"en-US\",\"@id\":\"https:\/\/radius-radpol.pl\/produkt\/motoreduktory-keb\/#primaryimage\",\"url\":\"https:\/\/radius-radpol.pl\/wp-content\/uploads\/2020\/05\/KEB_.png\",\"contentUrl\":\"https:\/\/radius-radpol.pl\/wp-content\/uploads\/2020\/05\/KEB_.png\",\"width\":500,\"height\":500,\"caption\":\"Motoreduktory KEB\"},{\"@type\":\"BreadcrumbList\",\"@id\":\"https:\/\/radius-radpol.pl\/produkt\/motoreduktory-keb\/#breadcrumb\",\"itemListElement\":[{\"@type\":\"ListItem\",\"position\":1,\"name\":\"Strona g\u0142\u00f3wna\",\"item\":\"https:\/\/radius-radpol.pl\/\"},{\"@type\":\"ListItem\",\"position\":2,\"name\":\"Produkty\",\"item\":\"https:\/\/radius-radpol.pl\/produkty\/\"},{\"@type\":\"ListItem\",\"position\":3,\"name\":\"Motoreduktory KEB\"}]},{\"@type\":\"WebSite\",\"@id\":\"https:\/\/radius-radpol.pl\/#website\",\"url\":\"https:\/\/radius-radpol.pl\/\",\"name\":\"Radius Radpol\",\"description\":\"Technika nap\u0119d\u00f3w mechanicznych\",\"publisher\":{\"@id\":\"https:\/\/radius-radpol.pl\/#organization\"},\"potentialAction\":[{\"@type\":\"SearchAction\",\"target\":{\"@type\":\"EntryPoint\",\"urlTemplate\":\"https:\/\/radius-radpol.pl\/?s={search_term_string}\"},\"query-input\":{\"@type\":\"PropertyValueSpecification\",\"valueRequired\":true,\"valueName\":\"search_term_string\"}}],\"inLanguage\":\"en-US\"},{\"@type\":\"Organization\",\"@id\":\"https:\/\/radius-radpol.pl\/#organization\",\"name\":\"Radius Radpol\",\"url\":\"https:\/\/radius-radpol.pl\/\",\"logo\":{\"@type\":\"ImageObject\",\"inLanguage\":\"en-US\",\"@id\":\"https:\/\/radius-radpol.pl\/#\/schema\/logo\/image\/\",\"url\":\"https:\/\/radius-radpol.pl\/wp-content\/uploads\/2021\/10\/Radius-LOGO4.png\",\"contentUrl\":\"https:\/\/radius-radpol.pl\/wp-content\/uploads\/2021\/10\/Radius-LOGO4.png\",\"width\":1500,\"height\":900,\"caption\":\"Radius Radpol\"},\"image\":{\"@id\":\"https:\/\/radius-radpol.pl\/#\/schema\/logo\/image\/\"}}]}<\/script>\n<!-- \/ Yoast SEO plugin. -->","yoast_head_json":{"title":"Motoreduktory KEB - Radius Radpol - technika nap\u0119d\u00f3w mechanicznych","description":"Oferujemy motoreduktory walcowe proste - seria G, walcowo-\u015blimakowe - seria S, sto\u017ckowe - seria K oraz walcowe p\u0142askie - seria F.","robots":{"index":"index","follow":"follow","max-snippet":"max-snippet:-1","max-image-preview":"max-image-preview:large","max-video-preview":"max-video-preview:-1"},"canonical":"https:\/\/radius-radpol.pl\/en\/product\/motoreduktory-keb\/","schema":{"@context":"https:\/\/schema.org","@graph":[{"@type":"WebPage","@id":"https:\/\/radius-radpol.pl\/produkt\/motoreduktory-keb\/","url":"https:\/\/radius-radpol.pl\/produkt\/motoreduktory-keb\/","name":"Motoreduktory KEB - Radius Radpol - technika nap\u0119d\u00f3w mechanicznych","isPartOf":{"@id":"https:\/\/radius-radpol.pl\/#website"},"primaryImageOfPage":{"@id":"https:\/\/radius-radpol.pl\/produkt\/motoreduktory-keb\/#primaryimage"},"image":{"@id":"https:\/\/radius-radpol.pl\/produkt\/motoreduktory-keb\/#primaryimage"},"thumbnailUrl":"https:\/\/radius-radpol.pl\/wp-content\/uploads\/2020\/05\/KEB_.png","datePublished":"2020-05-22T12:36:41+00:00","dateModified":"2024-08-14T11:48:40+00:00","description":"Oferujemy motoreduktory walcowe proste - seria G, walcowo-\u015blimakowe - seria S, sto\u017ckowe - seria K oraz walcowe p\u0142askie - seria F.","breadcrumb":{"@id":"https:\/\/radius-radpol.pl\/produkt\/motoreduktory-keb\/#breadcrumb"},"inLanguage":"en-US","potentialAction":[{"@type":"ReadAction","target":["https:\/\/radius-radpol.pl\/produkt\/motoreduktory-keb\/"]}]},{"@type":"ImageObject","inLanguage":"en-US","@id":"https:\/\/radius-radpol.pl\/produkt\/motoreduktory-keb\/#primaryimage","url":"https:\/\/radius-radpol.pl\/wp-content\/uploads\/2020\/05\/KEB_.png","contentUrl":"https:\/\/radius-radpol.pl\/wp-content\/uploads\/2020\/05\/KEB_.png","width":500,"height":500,"caption":"Motoreduktory KEB"},{"@type":"BreadcrumbList","@id":"https:\/\/radius-radpol.pl\/produkt\/motoreduktory-keb\/#breadcrumb","itemListElement":[{"@type":"ListItem","position":1,"name":"Strona g\u0142\u00f3wna","item":"https:\/\/radius-radpol.pl\/"},{"@type":"ListItem","position":2,"name":"Produkty","item":"https:\/\/radius-radpol.pl\/produkty\/"},{"@type":"ListItem","position":3,"name":"Motoreduktory KEB"}]},{"@type":"WebSite","@id":"https:\/\/radius-radpol.pl\/#website","url":"https:\/\/radius-radpol.pl\/","name":"Radius Radpol","description":"Technika nap\u0119d\u00f3w mechanicznych","publisher":{"@id":"https:\/\/radius-radpol.pl\/#organization"},"potentialAction":[{"@type":"SearchAction","target":{"@type":"EntryPoint","urlTemplate":"https:\/\/radius-radpol.pl\/?s={search_term_string}"},"query-input":{"@type":"PropertyValueSpecification","valueRequired":true,"valueName":"search_term_string"}}],"inLanguage":"en-US"},{"@type":"Organization","@id":"https:\/\/radius-radpol.pl\/#organization","name":"Radius Radpol","url":"https:\/\/radius-radpol.pl\/","logo":{"@type":"ImageObject","inLanguage":"en-US","@id":"https:\/\/radius-radpol.pl\/#\/schema\/logo\/image\/","url":"https:\/\/radius-radpol.pl\/wp-content\/uploads\/2021\/10\/Radius-LOGO4.png","contentUrl":"https:\/\/radius-radpol.pl\/wp-content\/uploads\/2021\/10\/Radius-LOGO4.png","width":1500,"height":900,"caption":"Radius Radpol"},"image":{"@id":"https:\/\/radius-radpol.pl\/#\/schema\/logo\/image\/"}}]}},"_links":{"self":[{"href":"https:\/\/radius-radpol.pl\/en\/wp-json\/wp\/v2\/product\/1455","targetHints":{"allow":["GET"]}}],"collection":[{"href":"https:\/\/radius-radpol.pl\/en\/wp-json\/wp\/v2\/product"}],"about":[{"href":"https:\/\/radius-radpol.pl\/en\/wp-json\/wp\/v2\/types\/product"}],"wp:featuredmedia":[{"embeddable":true,"href":"https:\/\/radius-radpol.pl\/en\/wp-json\/wp\/v2\/media\/1603"}],"wp:attachment":[{"href":"https:\/\/radius-radpol.pl\/en\/wp-json\/wp\/v2\/media?parent=1455"}],"wp:term":[{"taxonomy":"product_cat","embeddable":true,"href":"https:\/\/radius-radpol.pl\/en\/wp-json\/wp\/v2\/product_cat?post=1455"},{"taxonomy":"product_tag","embeddable":true,"href":"https:\/\/radius-radpol.pl\/en\/wp-json\/wp\/v2\/product_tag?post=1455"}],"curies":[{"name":"wp","href":"https:\/\/api.w.org\/{rel}","templated":true}]}}