{"id":1417,"date":"2020-05-21T10:32:49","date_gmt":"2020-05-21T10:32:49","guid":{"rendered":"https:\/\/radius-radpol.pl\/?post_type=product&#038;p=1417"},"modified":"2024-08-08T10:35:10","modified_gmt":"2024-08-08T10:35:10","slug":"zespol-sprzeglowo-hamulcowy-lutex","status":"publish","type":"product","link":"https:\/\/radius-radpol.pl\/en\/product\/zespol-sprzeglowo-hamulcowy-lutex\/","title":{"rendered":"Zesp\u00f3\u0142 sprz\u0119g\u0142owo-hamulcowy Lutex"},"content":{"rendered":"<p>Sprz\u0119g\u0142o LUTEX zaliczane jest do tzw. zespo\u0142u sprz\u0119g\u0142owo-hamulcowego powsta\u0142ego z po\u0142\u0105czenia sprz\u0119g\u0142a tarczowego z hamulcem o docisku spr\u0119\u017cynowym.<br \/>\nWykonane jest w dw\u00f3ch wersjach:<\/p>\n<p>pneumatycznej pracuj\u0105cej na sucho<br \/>\nhydraulicznej pracuj\u0105cej na mokro<\/p>\n<p>Uruchamianie sprz\u0119g\u0142a odbywa si\u0119 hydraulicznie lub pneumatycznie. Doprowadzone pod odpowiednim ci\u015bnieniem medium dzia\u0142a na t\u0142ok, powoduj\u0105c pokonanie si\u0142y docisku spr\u0119\u017cyn hamulcowych i jego roz\u0142\u0105czenie, a nast\u0119pnie za\u0142\u0105czenie sprz\u0119g\u0142a wielop\u0142ytkowego.<\/p>\n<p>Stosowane typy:<\/p>\n<p>LS uruchamiane pneumatycznie ( LSZ, LSZU, LSKZ, LSBZ, LSBZU )<\/p>\n<p>LKB uruchamiane pneumatycznie (LKBZ, LKBZU, LKBKZ, LKBBZ, LKBBZU)<\/p>\n<p>HKB uruchamiane hydraulicznie<\/p>\n<p>Zastosowanie:<\/p>\n<p>Sprz\u0119g\u0142o LUTEX znajduje zastosowanie w przyspieszaniu i hamowaniu \u015brednich i du\u017cych moment\u00f3w bezw\u0142adno\u015bci masy. Ze wzgl\u0119du na precyzyjne dzia\u0142anie, stosowane jest w budowie urz\u0105dze\u0144, gdzie wymagana jest du\u017ca cz\u0119stotliwo\u015b\u0107 i kr\u00f3tki czas za\u0142\u0105cze\u0144.<br \/>\nDzi\u0119ki niezawodno\u015bci dzia\u0142ania zesp\u00f3\u0142 sprz\u0119g\u0142owo-hamulcowy znalaz\u0142 zastosowanie w wielu rodzajach pras i no\u017cycach.<br \/>\nKompletne nap\u0119dy do pras<\/p>","protected":false},"excerpt":{"rendered":"<p>Sprz\u0119g\u0142o LUTEX zaliczane jest do tzw. zespo\u0142u sprz\u0119g\u0142owo-hamulcowego powsta\u0142ego z po\u0142\u0105czenia sprz\u0119g\u0142a tarczowego z hamulcem o docisku spr\u0119\u017cynowym. Wykonane jest w dw\u00f3ch wersjach: pneumatycznej pracuj\u0105cej na sucho hydraulicznej pracuj\u0105cej na mokro Uruchamianie sprz\u0119g\u0142a odbywa si\u0119 hydraulicznie lub pneumatycznie. Doprowadzone pod odpowiednim ci\u015bnieniem medium dzia\u0142a na t\u0142ok, powoduj\u0105c pokonanie si\u0142y docisku spr\u0119\u017cyn hamulcowych i jego roz\u0142\u0105czenie, [&#8230;]","protected":false},"featured_media":1419,"template":"","meta":[],"product_cat":[102],"product_tag":[],"class_list":{"0":"post-1417","1":"product","2":"type-product","3":"status-publish","4":"has-post-thumbnail","6":"product_cat-sprzegla-rozlaczalne","8":"first","9":"instock","10":"shipping-taxable","11":"product-type-simple"},"yoast_head":"<!-- This site is optimized with the Yoast SEO plugin v24.0 - https:\/\/yoast.com\/wordpress\/plugins\/seo\/ -->\n<title>Zesp\u00f3\u0142 sprz\u0119g\u0142owo-hamulcowy Lutex - Radius Radpol<\/title>\n<meta name=\"description\" content=\"Oferujemy zesp\u00f3\u0142 sprz\u0119g\u0142owo-hamulcowy LUTEX , dost\u0119pny w dw\u00f3ch wersjach: pneumatycznej pracuj\u0105cej na sucho oraz hydraulicznej pracuj\u0105cej na mokro.\" \/>\n<meta name=\"robots\" content=\"index, follow, max-snippet:-1, max-image-preview:large, max-video-preview:-1\" \/>\n<link rel=\"canonical\" href=\"https:\/\/radius-radpol.pl\/en\/product\/zespol-sprzeglowo-hamulcowy-lutex\/\" \/>\n<script type=\"application\/ld+json\" class=\"yoast-schema-graph\">{\"@context\":\"https:\/\/schema.org\",\"@graph\":[{\"@type\":\"WebPage\",\"@id\":\"https:\/\/radius-radpol.pl\/produkt\/zespol-sprzeglowo-hamulcowy-lutex\/\",\"url\":\"https:\/\/radius-radpol.pl\/produkt\/zespol-sprzeglowo-hamulcowy-lutex\/\",\"name\":\"Zesp\u00f3\u0142 sprz\u0119g\u0142owo-hamulcowy Lutex - Radius Radpol\",\"isPartOf\":{\"@id\":\"https:\/\/radius-radpol.pl\/#website\"},\"primaryImageOfPage\":{\"@id\":\"https:\/\/radius-radpol.pl\/produkt\/zespol-sprzeglowo-hamulcowy-lutex\/#primaryimage\"},\"image\":{\"@id\":\"https:\/\/radius-radpol.pl\/produkt\/zespol-sprzeglowo-hamulcowy-lutex\/#primaryimage\"},\"thumbnailUrl\":\"https:\/\/radius-radpol.pl\/wp-content\/uploads\/2020\/05\/deschflex2.png\",\"datePublished\":\"2020-05-21T10:32:49+00:00\",\"dateModified\":\"2024-08-08T10:35:10+00:00\",\"description\":\"Oferujemy zesp\u00f3\u0142 sprz\u0119g\u0142owo-hamulcowy LUTEX , dost\u0119pny w dw\u00f3ch wersjach: pneumatycznej pracuj\u0105cej na sucho oraz hydraulicznej pracuj\u0105cej na mokro.\",\"breadcrumb\":{\"@id\":\"https:\/\/radius-radpol.pl\/produkt\/zespol-sprzeglowo-hamulcowy-lutex\/#breadcrumb\"},\"inLanguage\":\"en-US\",\"potentialAction\":[{\"@type\":\"ReadAction\",\"target\":[\"https:\/\/radius-radpol.pl\/produkt\/zespol-sprzeglowo-hamulcowy-lutex\/\"]}]},{\"@type\":\"ImageObject\",\"inLanguage\":\"en-US\",\"@id\":\"https:\/\/radius-radpol.pl\/produkt\/zespol-sprzeglowo-hamulcowy-lutex\/#primaryimage\",\"url\":\"https:\/\/radius-radpol.pl\/wp-content\/uploads\/2020\/05\/deschflex2.png\",\"contentUrl\":\"https:\/\/radius-radpol.pl\/wp-content\/uploads\/2020\/05\/deschflex2.png\",\"width\":500,\"height\":500,\"caption\":\"Zesp\u00f3\u0142 sprz\u0119g\u0142owo-hamulcowy Lutex\"},{\"@type\":\"BreadcrumbList\",\"@id\":\"https:\/\/radius-radpol.pl\/produkt\/zespol-sprzeglowo-hamulcowy-lutex\/#breadcrumb\",\"itemListElement\":[{\"@type\":\"ListItem\",\"position\":1,\"name\":\"Strona g\u0142\u00f3wna\",\"item\":\"https:\/\/radius-radpol.pl\/\"},{\"@type\":\"ListItem\",\"position\":2,\"name\":\"Produkty\",\"item\":\"https:\/\/radius-radpol.pl\/produkty\/\"},{\"@type\":\"ListItem\",\"position\":3,\"name\":\"Zesp\u00f3\u0142 sprz\u0119g\u0142owo-hamulcowy Lutex\"}]},{\"@type\":\"WebSite\",\"@id\":\"https:\/\/radius-radpol.pl\/#website\",\"url\":\"https:\/\/radius-radpol.pl\/\",\"name\":\"Radius Radpol\",\"description\":\"Technika nap\u0119d\u00f3w mechanicznych\",\"publisher\":{\"@id\":\"https:\/\/radius-radpol.pl\/#organization\"},\"potentialAction\":[{\"@type\":\"SearchAction\",\"target\":{\"@type\":\"EntryPoint\",\"urlTemplate\":\"https:\/\/radius-radpol.pl\/?s={search_term_string}\"},\"query-input\":{\"@type\":\"PropertyValueSpecification\",\"valueRequired\":true,\"valueName\":\"search_term_string\"}}],\"inLanguage\":\"en-US\"},{\"@type\":\"Organization\",\"@id\":\"https:\/\/radius-radpol.pl\/#organization\",\"name\":\"Radius Radpol\",\"url\":\"https:\/\/radius-radpol.pl\/\",\"logo\":{\"@type\":\"ImageObject\",\"inLanguage\":\"en-US\",\"@id\":\"https:\/\/radius-radpol.pl\/#\/schema\/logo\/image\/\",\"url\":\"https:\/\/radius-radpol.pl\/wp-content\/uploads\/2021\/10\/Radius-LOGO4.png\",\"contentUrl\":\"https:\/\/radius-radpol.pl\/wp-content\/uploads\/2021\/10\/Radius-LOGO4.png\",\"width\":1500,\"height\":900,\"caption\":\"Radius Radpol\"},\"image\":{\"@id\":\"https:\/\/radius-radpol.pl\/#\/schema\/logo\/image\/\"}}]}<\/script>\n<!-- \/ Yoast SEO plugin. -->","yoast_head_json":{"title":"Zesp\u00f3\u0142 sprz\u0119g\u0142owo-hamulcowy Lutex - Radius Radpol","description":"Oferujemy zesp\u00f3\u0142 sprz\u0119g\u0142owo-hamulcowy LUTEX , dost\u0119pny w dw\u00f3ch wersjach: pneumatycznej pracuj\u0105cej na sucho oraz hydraulicznej pracuj\u0105cej na mokro.","robots":{"index":"index","follow":"follow","max-snippet":"max-snippet:-1","max-image-preview":"max-image-preview:large","max-video-preview":"max-video-preview:-1"},"canonical":"https:\/\/radius-radpol.pl\/en\/product\/zespol-sprzeglowo-hamulcowy-lutex\/","schema":{"@context":"https:\/\/schema.org","@graph":[{"@type":"WebPage","@id":"https:\/\/radius-radpol.pl\/produkt\/zespol-sprzeglowo-hamulcowy-lutex\/","url":"https:\/\/radius-radpol.pl\/produkt\/zespol-sprzeglowo-hamulcowy-lutex\/","name":"Zesp\u00f3\u0142 sprz\u0119g\u0142owo-hamulcowy Lutex - Radius Radpol","isPartOf":{"@id":"https:\/\/radius-radpol.pl\/#website"},"primaryImageOfPage":{"@id":"https:\/\/radius-radpol.pl\/produkt\/zespol-sprzeglowo-hamulcowy-lutex\/#primaryimage"},"image":{"@id":"https:\/\/radius-radpol.pl\/produkt\/zespol-sprzeglowo-hamulcowy-lutex\/#primaryimage"},"thumbnailUrl":"https:\/\/radius-radpol.pl\/wp-content\/uploads\/2020\/05\/deschflex2.png","datePublished":"2020-05-21T10:32:49+00:00","dateModified":"2024-08-08T10:35:10+00:00","description":"Oferujemy zesp\u00f3\u0142 sprz\u0119g\u0142owo-hamulcowy LUTEX , dost\u0119pny w dw\u00f3ch wersjach: pneumatycznej pracuj\u0105cej na sucho oraz hydraulicznej pracuj\u0105cej na mokro.","breadcrumb":{"@id":"https:\/\/radius-radpol.pl\/produkt\/zespol-sprzeglowo-hamulcowy-lutex\/#breadcrumb"},"inLanguage":"en-US","potentialAction":[{"@type":"ReadAction","target":["https:\/\/radius-radpol.pl\/produkt\/zespol-sprzeglowo-hamulcowy-lutex\/"]}]},{"@type":"ImageObject","inLanguage":"en-US","@id":"https:\/\/radius-radpol.pl\/produkt\/zespol-sprzeglowo-hamulcowy-lutex\/#primaryimage","url":"https:\/\/radius-radpol.pl\/wp-content\/uploads\/2020\/05\/deschflex2.png","contentUrl":"https:\/\/radius-radpol.pl\/wp-content\/uploads\/2020\/05\/deschflex2.png","width":500,"height":500,"caption":"Zesp\u00f3\u0142 sprz\u0119g\u0142owo-hamulcowy Lutex"},{"@type":"BreadcrumbList","@id":"https:\/\/radius-radpol.pl\/produkt\/zespol-sprzeglowo-hamulcowy-lutex\/#breadcrumb","itemListElement":[{"@type":"ListItem","position":1,"name":"Strona g\u0142\u00f3wna","item":"https:\/\/radius-radpol.pl\/"},{"@type":"ListItem","position":2,"name":"Produkty","item":"https:\/\/radius-radpol.pl\/produkty\/"},{"@type":"ListItem","position":3,"name":"Zesp\u00f3\u0142 sprz\u0119g\u0142owo-hamulcowy Lutex"}]},{"@type":"WebSite","@id":"https:\/\/radius-radpol.pl\/#website","url":"https:\/\/radius-radpol.pl\/","name":"Radius Radpol","description":"Technika nap\u0119d\u00f3w mechanicznych","publisher":{"@id":"https:\/\/radius-radpol.pl\/#organization"},"potentialAction":[{"@type":"SearchAction","target":{"@type":"EntryPoint","urlTemplate":"https:\/\/radius-radpol.pl\/?s={search_term_string}"},"query-input":{"@type":"PropertyValueSpecification","valueRequired":true,"valueName":"search_term_string"}}],"inLanguage":"en-US"},{"@type":"Organization","@id":"https:\/\/radius-radpol.pl\/#organization","name":"Radius Radpol","url":"https:\/\/radius-radpol.pl\/","logo":{"@type":"ImageObject","inLanguage":"en-US","@id":"https:\/\/radius-radpol.pl\/#\/schema\/logo\/image\/","url":"https:\/\/radius-radpol.pl\/wp-content\/uploads\/2021\/10\/Radius-LOGO4.png","contentUrl":"https:\/\/radius-radpol.pl\/wp-content\/uploads\/2021\/10\/Radius-LOGO4.png","width":1500,"height":900,"caption":"Radius Radpol"},"image":{"@id":"https:\/\/radius-radpol.pl\/#\/schema\/logo\/image\/"}}]}},"_links":{"self":[{"href":"https:\/\/radius-radpol.pl\/en\/wp-json\/wp\/v2\/product\/1417","targetHints":{"allow":["GET"]}}],"collection":[{"href":"https:\/\/radius-radpol.pl\/en\/wp-json\/wp\/v2\/product"}],"about":[{"href":"https:\/\/radius-radpol.pl\/en\/wp-json\/wp\/v2\/types\/product"}],"wp:featuredmedia":[{"embeddable":true,"href":"https:\/\/radius-radpol.pl\/en\/wp-json\/wp\/v2\/media\/1419"}],"wp:attachment":[{"href":"https:\/\/radius-radpol.pl\/en\/wp-json\/wp\/v2\/media?parent=1417"}],"wp:term":[{"taxonomy":"product_cat","embeddable":true,"href":"https:\/\/radius-radpol.pl\/en\/wp-json\/wp\/v2\/product_cat?post=1417"},{"taxonomy":"product_tag","embeddable":true,"href":"https:\/\/radius-radpol.pl\/en\/wp-json\/wp\/v2\/product_tag?post=1417"}],"curies":[{"name":"wp","href":"https:\/\/api.w.org\/{rel}","templated":true}]}}