{"id":772,"date":"2020-05-06T11:30:19","date_gmt":"2020-05-06T11:30:19","guid":{"rendered":"https:\/\/radius-radpol.pl\/?page_id=772"},"modified":"2024-08-19T08:27:43","modified_gmt":"2024-08-19T08:27:43","slug":"o-firmie","status":"publish","type":"page","link":"https:\/\/radius-radpol.pl\/en\/o-firmie\/","title":{"rendered":"About us"},"content":{"rendered":"<section class=\"section\" id=\"section_817252820\">\n\t\t<div class=\"section-bg fill\" >\n\t\t\t\t\t\t\t\t\t\n\t\t\t\n\n\t\t<\/div>\n\n\t\t\n\n\t\t<div class=\"section-content relative\">\n\t\t\t <div class=\"row row-collapse align-middle\"  id=\"row-495309867\"> \n\t<div id=\"col-931363095\" class=\"col small-12 large-12\"  >\n\t\t\t\t<div class=\"col-inner text-left\"  >\n\t\t\t\n\t\t\t\r\n<h1><span style=\"font-size: 200%;\"><span style=\"color: #033767; font-size: 38px;\">About us<\/span><br \/><\/span><\/h1>\r\n<div class=\"is-divider divider clearfix\" style=\"max-width:292px;background-color:rgb(3, 55, 103);\"><\/div> \t\t<\/div>\n\t\t\t\t\n<style>\n#col-931363095 > .col-inner {\n  padding: 0px 70px 50px 70px;\n}\n<\/style>\n\t<\/div>\n\n\t \n\t<div id=\"col-413062987\" class=\"col medium-6 small-12 large-6\"  >\n\t\t\t\t<div class=\"col-inner text-left\"  >\n\t\t\t\n\t\t\t\r\n<h2>About our company<\/h2>\r\n<p><span style=\"font-size: 95%;\">Radius Radpol is a sales and engineering company offering its customers comprehensive solutions in the field of drive technology.<br \/><\/span><\/p>\r\n\t\t<\/div>\n\t\t\t\t\n<style>\n#col-413062987 > .col-inner {\n  padding: 0px 70px 50px 70px;\n}\n<\/style>\n\t<\/div>\n\n\t \n\t<div id=\"col-238354448\" class=\"col medium-6 small-12 large-6\"  >\n\t\t\t\t<div class=\"col-inner text-left\"  >\n\t\t\t\n\t\t\t \n\t\t<div class=\"icon-box featured-box icon-box-left text-left\"  >\n\t\t\t\t\t<div class=\"icon-box-img\" style=\"width: 75px\">\n\t\t\t\t<div class=\"icon\">\n\t\t\t\t\t<div class=\"icon-inner\" >\n\t\t\t\t\t\t<img loading=\"lazy\" decoding=\"async\" width=\"398\" height=\"400\" src=\"https:\/\/radius-radpol.pl\/wp-content\/uploads\/2020\/05\/Logo-TUV-NORD-398x400.png\" class=\"attachment-medium size-medium\" alt=\"Logo TUV NORD\" srcset=\"https:\/\/radius-radpol.pl\/wp-content\/uploads\/2020\/05\/Logo-TUV-NORD-398x400.png 398w, https:\/\/radius-radpol.pl\/wp-content\/uploads\/2020\/05\/Logo-TUV-NORD-280x280.png 280w, https:\/\/radius-radpol.pl\/wp-content\/uploads\/2020\/05\/Logo-TUV-NORD-247x247.png 247w, https:\/\/radius-radpol.pl\/wp-content\/uploads\/2020\/05\/Logo-TUV-NORD-100x100.png 100w, https:\/\/radius-radpol.pl\/wp-content\/uploads\/2020\/05\/Logo-TUV-NORD.png 500w\" sizes=\"auto, (max-width: 398px) 100vw, 398px\" \/>\t\t\t\t\t<\/div>\n\t\t\t\t<\/div>\n\t\t\t<\/div>\n\t\t\t\t<div class=\"icon-box-text last-reset\">\n\t\t\t\t\t\t\t\t\t\r\n<p style=\"text-align: left;\"><span style=\"font-size: 85%;\"><strong>Implemented certifications confirm the highest quality of products and services.<\/strong><\/span><\/p>\r\n\t\t<\/div>\n\t<\/div>\n\t\n\t \t<div id=\"gap-1407100317\" class=\"gap-element clearfix\" style=\"display:block; height:auto;\">\n\t\t\n<style>\n#gap-1407100317 {\n  padding-top: 100px;\n}\n<\/style>\n\t<\/div>\n\t \n\t\t<div class=\"icon-box featured-box icon-box-left text-left\"  >\n\t\t\t\t\t<div class=\"icon-box-img\" style=\"width: 75px\">\n\t\t\t\t<div class=\"icon\">\n\t\t\t\t\t<div class=\"icon-inner\" >\n\t\t\t\t\t\t<img loading=\"lazy\" decoding=\"async\" width=\"508\" height=\"400\" src=\"https:\/\/radius-radpol.pl\/wp-content\/uploads\/2020\/05\/LOGO_PTC-508x400.png\" class=\"attachment-medium size-medium\" alt=\"Logo PTC\" srcset=\"https:\/\/radius-radpol.pl\/wp-content\/uploads\/2020\/05\/LOGO_PTC-508x400.png 508w, https:\/\/radius-radpol.pl\/wp-content\/uploads\/2020\/05\/LOGO_PTC-768x604.png 768w, https:\/\/radius-radpol.pl\/wp-content\/uploads\/2020\/05\/LOGO_PTC-510x401.png 510w, https:\/\/radius-radpol.pl\/wp-content\/uploads\/2020\/05\/LOGO_PTC.png 920w\" sizes=\"auto, (max-width: 508px) 100vw, 508px\" \/>\t\t\t\t\t<\/div>\n\t\t\t\t<\/div>\n\t\t\t<\/div>\n\t\t\t\t<div class=\"icon-box-text last-reset\">\n\t\t\t\t\t\t\t\t\t\r\n<p style=\"text-align: left;\"><span style=\"font-size: 85%;\"><strong>As part of the PTC Group, we are constantly expanding our offerings to meet the specific needs of our customers.<br \/><\/strong><\/span><\/p>\r\n\t\t<\/div>\n\t<\/div>\n\t\n\t \t\t<\/div>\n\t\t\t\t\n<style>\n#col-238354448 > .col-inner {\n  padding: 0px 70px 50px 70px;\n}\n<\/style>\n\t<\/div>\n\n\t \n\t<div id=\"col-969567687\" class=\"col medium-6 small-12 large-6\"  >\n\t\t\t\t<div class=\"col-inner text-left\"  >\n\t\t\t\n\t\t\t \t\t<\/div>\n\t\t\t\t\n<style>\n#col-969567687 > .col-inner {\n  padding: 0px 70px 50px 70px;\n}\n<\/style>\n\t<\/div>\n\n\t <\/div> \t\t<\/div>\n\n\t\t\n<style>\n#section_817252820 {\n  padding-top: 30px;\n  padding-bottom: 30px;\n  background-color: rgb(255, 255, 255);\n}\n<\/style>\n\t<\/section>\n\t \n\t<section class=\"section\" id=\"section_344600296\">\n\t\t<div class=\"section-bg fill\" >\n\t\t\t\t\t\t\t\t\t\n\t\t\t\n\n\t\t<\/div>\n\n\t\t\n\n\t\t<div class=\"section-content relative\">\n\t\t\t <div class=\"row row-collapse align-middle align-center\"  id=\"row-193062892\"> \n\t<div id=\"col-662653175\" class=\"col medium-3 small-12 large-3\"  >\n\t\t\t\t<div class=\"col-inner text-left\"  >\n\t\t\t\n\t\t\t\r\n<h3><span style=\"font-size: 200%;\"><span style=\"color: #033767;\">Our suppliers<\/span><br \/><\/span><\/h3>\r\n<div class=\"is-divider divider clearfix\" style=\"max-width:292px;\"><\/div> \t\t<\/div>\n\t\t\t\t\n<style>\n#col-662653175 > .col-inner {\n  padding: 0px 70px 50px 70px;\n}\n<\/style>\n\t<\/div>\n\n\t \n\t<div id=\"col-240963163\" class=\"col medium-9 small-12 large-9\"  >\n\t\t\t\t<div class=\"col-inner text-left\"  >\n\t\t\t\n\t\t\t \n\t\t<div class=\"icon-box featured-box icon-box-left text-left\"  >\n\t\t\t\t\t<div class=\"icon-box-img\" style=\"width: 39px\">\n\t\t\t\t<div class=\"icon\">\n\t\t\t\t\t<div class=\"icon-inner\" >\n\t\t\t\t\t\t<img loading=\"lazy\" decoding=\"async\" width=\"128\" height=\"128\" src=\"https:\/\/radius-radpol.pl\/wp-content\/uploads\/2020\/05\/diamond.png\" class=\"attachment-medium size-medium\" alt=\"Diamond icon\" srcset=\"https:\/\/radius-radpol.pl\/wp-content\/uploads\/2020\/05\/diamond.png 128w, https:\/\/radius-radpol.pl\/wp-content\/uploads\/2020\/05\/diamond-100x100.png 100w\" sizes=\"auto, (max-width: 128px) 100vw, 128px\" \/>\t\t\t\t\t<\/div>\n\t\t\t\t<\/div>\n\t\t\t<\/div>\n\t\t\t\t<div class=\"icon-box-text last-reset\">\n\t\t\t\t\t\t\t\t\t\r\n<p><span style=\"font-size: 85%;\">We have successfully selected partners whose products meet the quality requirements of our customers.<\/span><\/p>\r\n\t\t<\/div>\n\t<\/div>\n\t\n\t \n\t\t<div class=\"icon-box featured-box icon-box-left text-left\"  >\n\t\t\t\t\t<div class=\"icon-box-img\" style=\"width: 39px\">\n\t\t\t\t<div class=\"icon\">\n\t\t\t\t\t<div class=\"icon-inner\" >\n\t\t\t\t\t\t<img loading=\"lazy\" decoding=\"async\" width=\"128\" height=\"128\" src=\"https:\/\/radius-radpol.pl\/wp-content\/uploads\/2020\/05\/network.png\" class=\"attachment-medium size-medium\" alt=\"Network icon\" srcset=\"https:\/\/radius-radpol.pl\/wp-content\/uploads\/2020\/05\/network.png 128w, https:\/\/radius-radpol.pl\/wp-content\/uploads\/2020\/05\/network-100x100.png 100w\" sizes=\"auto, (max-width: 128px) 100vw, 128px\" \/>\t\t\t\t\t<\/div>\n\t\t\t\t<\/div>\n\t\t\t<\/div>\n\t\t\t\t<div class=\"icon-box-text last-reset\">\n\t\t\t\t\t\t\t\t\t\r\n<p><span style=\"font-size: 85%;\">Our cooperation agreements guarantee you direct and continuous supply from manufacturers<strong><br \/><\/strong><\/span><\/p>\r\n\t\t<\/div>\n\t<\/div>\n\t\n\t \t\t<\/div>\n\t\t\t\t\n<style>\n#col-240963163 > .col-inner {\n  padding: 0px 70px 50px 70px;\n}\n<\/style>\n\t<\/div>\n\n\t <\/div> <div class=\"row row-full-width\"  id=\"row-862274849\"> \n\t<div id=\"col-766150429\" class=\"col small-12 large-12\"  >\n\t\t\t\t<div class=\"col-inner text-center\"  >\n\t\t\t\n\t\t\t <div class=\"ux-logo has-hover align-middle ux_logo inline-block\" style=\"max-width: 100%!important; width: 180px!important\"><a class=\"ux-logo-link block image-\" title=\"\" target=\"_blank\" rel=\"nofollow noopener\" href=\"https:\/\/www.elbe-group.de\/\" style=\"padding: 15px;\"><img decoding=\"async\" src=\"https:\/\/radius-radpol.pl\/wp-content\/uploads\/2020\/05\/4.png\" title=\"\" alt=\"\" class=\"ux-logo-image block\" style=\"height:150px;\" \/><\/a><\/div> <div class=\"ux-logo has-hover align-middle ux_logo inline-block\" style=\"max-width: 100%!important; width: 180px!important\"><a class=\"ux-logo-link block image-\" title=\"\" target=\"_blank\" rel=\"nofollow noopener\" href=\"https:\/\/www.omecmotors.com\/pl\/\" style=\"padding: 15px;\"><img decoding=\"async\" src=\"https:\/\/radius-radpol.pl\/wp-content\/uploads\/2020\/05\/6.png\" title=\"\" alt=\"\" class=\"ux-logo-image block\" style=\"height:150px;\" \/><\/a><\/div> <div class=\"ux-logo has-hover align-middle ux_logo inline-block\" style=\"max-width: 100%!important; width: 180px!important\"><a class=\"ux-logo-link block image-\" title=\"\" target=\"_blank\" rel=\"nofollow noopener\" href=\"https:\/\/www.desch.com\/en\/\" style=\"padding: 15px;\"><img decoding=\"async\" src=\"https:\/\/radius-radpol.pl\/wp-content\/uploads\/2020\/05\/7.png\" title=\"\" alt=\"\" class=\"ux-logo-image block\" style=\"height:150px;\" \/><\/a><\/div> <div class=\"ux-logo has-hover align-middle ux_logo inline-block\" style=\"max-width: 100%!important; width: 180px!important\"><a class=\"ux-logo-link block image-\" title=\"\" target=\"_blank\" rel=\"nofollow noopener\" href=\"https:\/\/www.tecnamic.com\/home\/\" style=\"padding: 15px;\"><img decoding=\"async\" src=\"https:\/\/radius-radpol.pl\/wp-content\/uploads\/2020\/05\/1.png\" title=\"\" alt=\"\" class=\"ux-logo-image block\" style=\"height:150px;\" \/><\/a><\/div> <div class=\"ux-logo has-hover align-middle ux_logo inline-block\" style=\"max-width: 100%!important; width: 180px!important\"><a class=\"ux-logo-link block image-\" title=\"\" target=\"_blank\" rel=\"nofollow noopener\" href=\"https:\/\/www.transtecno.com\/en-en\/\" style=\"padding: 15px;\"><img decoding=\"async\" src=\"https:\/\/radius-radpol.pl\/wp-content\/uploads\/2020\/05\/3.png\" title=\"\" alt=\"\" class=\"ux-logo-image block\" style=\"height:150px;\" \/><\/a><\/div> <div class=\"ux-logo has-hover align-middle ux_logo inline-block\" style=\"max-width: 100%!important; width: 180px!important\"><a class=\"ux-logo-link block image-\" title=\"\" target=\"_blank\" rel=\"nofollow noopener\" href=\"https:\/\/www.ringspann.com\/en\" style=\"padding: 15px;\"><img decoding=\"async\" src=\"https:\/\/radius-radpol.pl\/wp-content\/uploads\/2020\/05\/2.png\" title=\"\" alt=\"\" class=\"ux-logo-image block\" style=\"height:150px;\" \/><\/a><\/div> \t\t<\/div>\n\t\t\t\t\t<\/div>\n\n\t \n<style>\n#row-862274849 > .col > .col-inner {\n  padding: 0px 0px 0px 0px;\n  background-color: rgb(255, 255, 255);\n}\n<\/style>\n<\/div> \t\t<\/div>\n\n\t\t\n<style>\n#section_344600296 {\n  padding-top: 30px;\n  padding-bottom: 30px;\n  background-color: rgb(255, 255, 255);\n}\n<\/style>\n\t<\/section>","protected":false},"excerpt":{"rendered":"","protected":false},"author":1,"featured_media":0,"parent":0,"menu_order":0,"comment_status":"closed","ping_status":"closed","template":"page-blank.php","meta":{"footnotes":""},"class_list":["post-772","page","type-page","status-publish","hentry"],"yoast_head":"<!-- This site is optimized with the Yoast SEO plugin v24.0 - https:\/\/yoast.com\/wordpress\/plugins\/seo\/ -->\n<title>O firmie - Radius Radpol - technika nap\u0119d\u00f3w mechanicznych<\/title>\n<meta name=\"description\" content=\"Radius Radpol to firma handlowo-in\u017cynierska oferuj\u0105ca swoim klientom kompleksowe rozwi\u0105zania w dziedzinie techniki nap\u0119dowej.\u00a0\" \/>\n<meta name=\"robots\" content=\"index, follow, max-snippet:-1, max-image-preview:large, max-video-preview:-1\" \/>\n<link rel=\"canonical\" href=\"https:\/\/radius-radpol.pl\/en\/o-firmie\/\" \/>\n<script type=\"application\/ld+json\" class=\"yoast-schema-graph\">{\"@context\":\"https:\/\/schema.org\",\"@graph\":[{\"@type\":\"WebPage\",\"@id\":\"https:\/\/radius-radpol.pl\/o-firmie\/\",\"url\":\"https:\/\/radius-radpol.pl\/o-firmie\/\",\"name\":\"O firmie - Radius Radpol - technika nap\u0119d\u00f3w mechanicznych\",\"isPartOf\":{\"@id\":\"https:\/\/radius-radpol.pl\/#website\"},\"datePublished\":\"2020-05-06T11:30:19+00:00\",\"dateModified\":\"2024-08-19T08:27:43+00:00\",\"description\":\"Radius Radpol to firma handlowo-in\u017cynierska oferuj\u0105ca swoim klientom kompleksowe rozwi\u0105zania w dziedzinie techniki nap\u0119dowej.\u00a0\",\"breadcrumb\":{\"@id\":\"https:\/\/radius-radpol.pl\/o-firmie\/#breadcrumb\"},\"inLanguage\":\"en-US\",\"potentialAction\":[{\"@type\":\"ReadAction\",\"target\":[\"https:\/\/radius-radpol.pl\/o-firmie\/\"]}]},{\"@type\":\"BreadcrumbList\",\"@id\":\"https:\/\/radius-radpol.pl\/o-firmie\/#breadcrumb\",\"itemListElement\":[{\"@type\":\"ListItem\",\"position\":1,\"name\":\"Strona g\u0142\u00f3wna\",\"item\":\"https:\/\/radius-radpol.pl\/\"},{\"@type\":\"ListItem\",\"position\":2,\"name\":\"O firmie\"}]},{\"@type\":\"WebSite\",\"@id\":\"https:\/\/radius-radpol.pl\/#website\",\"url\":\"https:\/\/radius-radpol.pl\/\",\"name\":\"Radius Radpol\",\"description\":\"Technika nap\u0119d\u00f3w mechanicznych\",\"publisher\":{\"@id\":\"https:\/\/radius-radpol.pl\/#organization\"},\"potentialAction\":[{\"@type\":\"SearchAction\",\"target\":{\"@type\":\"EntryPoint\",\"urlTemplate\":\"https:\/\/radius-radpol.pl\/?s={search_term_string}\"},\"query-input\":{\"@type\":\"PropertyValueSpecification\",\"valueRequired\":true,\"valueName\":\"search_term_string\"}}],\"inLanguage\":\"en-US\"},{\"@type\":\"Organization\",\"@id\":\"https:\/\/radius-radpol.pl\/#organization\",\"name\":\"Radius Radpol\",\"url\":\"https:\/\/radius-radpol.pl\/\",\"logo\":{\"@type\":\"ImageObject\",\"inLanguage\":\"en-US\",\"@id\":\"https:\/\/radius-radpol.pl\/#\/schema\/logo\/image\/\",\"url\":\"https:\/\/radius-radpol.pl\/wp-content\/uploads\/2021\/10\/Radius-LOGO4.png\",\"contentUrl\":\"https:\/\/radius-radpol.pl\/wp-content\/uploads\/2021\/10\/Radius-LOGO4.png\",\"width\":1500,\"height\":900,\"caption\":\"Radius Radpol\"},\"image\":{\"@id\":\"https:\/\/radius-radpol.pl\/#\/schema\/logo\/image\/\"}}]}<\/script>\n<!-- \/ Yoast SEO plugin. -->","yoast_head_json":{"title":"O firmie - Radius Radpol - technika nap\u0119d\u00f3w mechanicznych","description":"Radius Radpol to firma handlowo-in\u017cynierska oferuj\u0105ca swoim klientom kompleksowe rozwi\u0105zania w dziedzinie techniki nap\u0119dowej.\u00a0","robots":{"index":"index","follow":"follow","max-snippet":"max-snippet:-1","max-image-preview":"max-image-preview:large","max-video-preview":"max-video-preview:-1"},"canonical":"https:\/\/radius-radpol.pl\/en\/o-firmie\/","schema":{"@context":"https:\/\/schema.org","@graph":[{"@type":"WebPage","@id":"https:\/\/radius-radpol.pl\/o-firmie\/","url":"https:\/\/radius-radpol.pl\/o-firmie\/","name":"O firmie - Radius Radpol - technika nap\u0119d\u00f3w mechanicznych","isPartOf":{"@id":"https:\/\/radius-radpol.pl\/#website"},"datePublished":"2020-05-06T11:30:19+00:00","dateModified":"2024-08-19T08:27:43+00:00","description":"Radius Radpol to firma handlowo-in\u017cynierska oferuj\u0105ca swoim klientom kompleksowe rozwi\u0105zania w dziedzinie techniki nap\u0119dowej.\u00a0","breadcrumb":{"@id":"https:\/\/radius-radpol.pl\/o-firmie\/#breadcrumb"},"inLanguage":"en-US","potentialAction":[{"@type":"ReadAction","target":["https:\/\/radius-radpol.pl\/o-firmie\/"]}]},{"@type":"BreadcrumbList","@id":"https:\/\/radius-radpol.pl\/o-firmie\/#breadcrumb","itemListElement":[{"@type":"ListItem","position":1,"name":"Strona g\u0142\u00f3wna","item":"https:\/\/radius-radpol.pl\/"},{"@type":"ListItem","position":2,"name":"O firmie"}]},{"@type":"WebSite","@id":"https:\/\/radius-radpol.pl\/#website","url":"https:\/\/radius-radpol.pl\/","name":"Radius Radpol","description":"Technika nap\u0119d\u00f3w mechanicznych","publisher":{"@id":"https:\/\/radius-radpol.pl\/#organization"},"potentialAction":[{"@type":"SearchAction","target":{"@type":"EntryPoint","urlTemplate":"https:\/\/radius-radpol.pl\/?s={search_term_string}"},"query-input":{"@type":"PropertyValueSpecification","valueRequired":true,"valueName":"search_term_string"}}],"inLanguage":"en-US"},{"@type":"Organization","@id":"https:\/\/radius-radpol.pl\/#organization","name":"Radius Radpol","url":"https:\/\/radius-radpol.pl\/","logo":{"@type":"ImageObject","inLanguage":"en-US","@id":"https:\/\/radius-radpol.pl\/#\/schema\/logo\/image\/","url":"https:\/\/radius-radpol.pl\/wp-content\/uploads\/2021\/10\/Radius-LOGO4.png","contentUrl":"https:\/\/radius-radpol.pl\/wp-content\/uploads\/2021\/10\/Radius-LOGO4.png","width":1500,"height":900,"caption":"Radius Radpol"},"image":{"@id":"https:\/\/radius-radpol.pl\/#\/schema\/logo\/image\/"}}]}},"_links":{"self":[{"href":"https:\/\/radius-radpol.pl\/en\/wp-json\/wp\/v2\/pages\/772","targetHints":{"allow":["GET"]}}],"collection":[{"href":"https:\/\/radius-radpol.pl\/en\/wp-json\/wp\/v2\/pages"}],"about":[{"href":"https:\/\/radius-radpol.pl\/en\/wp-json\/wp\/v2\/types\/page"}],"author":[{"embeddable":true,"href":"https:\/\/radius-radpol.pl\/en\/wp-json\/wp\/v2\/users\/1"}],"replies":[{"embeddable":true,"href":"https:\/\/radius-radpol.pl\/en\/wp-json\/wp\/v2\/comments?post=772"}],"version-history":[{"count":6,"href":"https:\/\/radius-radpol.pl\/en\/wp-json\/wp\/v2\/pages\/772\/revisions"}],"predecessor-version":[{"id":3425,"href":"https:\/\/radius-radpol.pl\/en\/wp-json\/wp\/v2\/pages\/772\/revisions\/3425"}],"wp:attachment":[{"href":"https:\/\/radius-radpol.pl\/en\/wp-json\/wp\/v2\/media?parent=772"}],"curies":[{"name":"wp","href":"https:\/\/api.w.org\/{rel}","templated":true}]}}