{"id":719,"date":"2020-05-06T07:39:45","date_gmt":"2020-05-06T07:39:45","guid":{"rendered":"https:\/\/radius-radpol.pl\/?page_id=719"},"modified":"2024-08-13T08:02:00","modified_gmt":"2024-08-13T08:02:00","slug":"kontakt","status":"publish","type":"page","link":"https:\/\/radius-radpol.pl\/en\/kontakt\/","title":{"rendered":"Contact"},"content":{"rendered":"<section class=\"section dark\" id=\"section_1295793111\">\n\t\t<div class=\"section-bg fill\" >\n\t\t\t\t\t\t\t\t\t\n\t\t\t\n\n\t\t<\/div>\n\n\t\t\n\n\t\t<div class=\"section-content relative\">\n\t\t\t\n\t<div id=\"gap-1137051057\" class=\"gap-element clearfix\" style=\"display:block; height:auto;\">\n\t\t\n<style>\n#gap-1137051057 {\n  padding-top: 30px;\n}\n<\/style>\n\t<\/div>\n\t\n<div class=\"row\"  id=\"row-1586477529\">\n\n\t<div id=\"col-643653349\" class=\"col medium-4 small-12 large-4\"  >\n\t\t\t\t<div class=\"col-inner dark\"  >\n\t\t\t\n\t\t\t\n<h1><strong>Radius-Radpol Sp. z o.o.<br \/>\n<\/strong><\/h1>\n<p style=\"text-align: left;\">ul. Pasjonat\u00f3w 3, D\u0105browa<br \/>\n62-070 Dopiewo<\/p>\n<p style=\"text-align: left;\">NIP 7791017755<br \/>\nKRS 0001038859<br \/>\n<a href=\"mailto:info@radius-radpol.com.pl\">info@radius-radpol.com.pl<\/a><\/p>\n<h2>Technical department<\/h2>\n<p>tel. 61 814-39-28<br \/>\ne-mail: <a href=\"mailto:techniczny@radius-radpol.com.pl\">techniczny@radius-radpol.com.pl<\/a><\/p>\n<h3>Customer service department<\/h3>\n<p>tel. (0-61) 814-39-28<br \/>\ntel. (0-61) 894-61-58<br \/>\ntel. (0-61) 894-65-03<br \/>\ne-mail: <a href=\"mailto:dok@radius-radpol.com.pl\">dok@radius-radpol.com.pl<\/a><\/p>\n\t\t<\/div>\n\t\t\t\t\t<\/div>\n\n\t\n\n\t<div id=\"col-1483173188\" class=\"col medium-8 small-12 large-8\"  >\n\t\t\t\t<div class=\"col-inner\"  >\n\t\t\t\n\t\t\t\n\n  <div class=\"banner has-hover\" id=\"banner-1848604958\">\n          <div class=\"banner-inner fill\">\n        <div class=\"banner-bg fill\" >\n            <img loading=\"lazy\" decoding=\"async\" width=\"1543\" height=\"888\" src=\"https:\/\/radius-radpol.pl\/wp-content\/uploads\/2020\/05\/tlo332.png\" class=\"bg attachment-original size-original\" alt=\"T\u0142o kontakt\" \/>                                    \n\t<div class=\"is-border\"\n\t\tstyle=\"border-color:rgba(255, 255, 255, 0.08);border-radius:6px;border-width:2px 2px 2px 2px;\">\n\t<\/div>\n                    <\/div>\n\t\t\n        <div class=\"banner-layers container\">\n            <div class=\"fill banner-link\"><\/div>            \n        <\/div>\n      <\/div>\n\n            \n<style>\n#banner-1848604958 {\n  padding-top: 400px;\n}\n#banner-1848604958 .banner-bg img {\n  object-position: 19% 80%;\n}\n<\/style>\n  <\/div>\n\n\n\t\t<\/div>\n\t\t\t\t\t<\/div>\n\n\t\n<\/div>\n\t\t<\/div>\n\n\t\t\n<style>\n#section_1295793111 {\n  padding-top: 30px;\n  padding-bottom: 30px;\n  background-color: rgb(0, 92, 179);\n}\n<\/style>\n\t<\/section>\n\t\n\n\t<section class=\"section\" id=\"section_380950016\">\n\t\t<div class=\"section-bg fill\" >\n\t\t\t\t\t\t\t\t\t\n\t\t\t\n\n\t\t<\/div>\n\n\t\t\n\n\t\t<div class=\"section-content relative\">\n\t\t\t\n<div class=\"row\"  id=\"row-1061636973\">\n\n\t<div id=\"col-719527880\" class=\"col small-12 large-12\"  >\n\t\t\t\t<div class=\"col-inner text-left\"  >\n\t\t\t\n\t<div class=\"is-border\"\n\t\tstyle=\"border-color:rgb(3, 55, 103);border-width:0px 0px 0px 0px;\">\n\t<\/div>\n\t\t\t\n<h2>Technical and commercial field consultants<\/h2>\n<p>Our field consultants will be happy to provide explanations related to technical and commercial issues in our product range<\/p>\n\t\t<\/div>\n\t\t\t\t\t<\/div>\n\n\t\n<\/div>\n<div class=\"row\"  id=\"row-76800478\">\n\n\t<div id=\"col-1979346592\" class=\"col medium-4 small-12 large-4\"  >\n\t\t\t\t<div class=\"col-inner box-shadow-3\"  >\n\t\t\t\n\t\t\t\n    <div class=\"box has-hover has-hover box-text-bottom\" >\n\n                  <div class=\"box-image\" style=\"width:50%;\">\n           <div class=\"box-image-inner image-cover\" style=\"padding-top:100%;\">\n              <img loading=\"lazy\" decoding=\"async\" width=\"1067\" height=\"1024\" src=\"https:\/\/radius-radpol.pl\/wp-content\/uploads\/2021\/10\/piotr-polska_mapa.jpg\" class=\"attachment-original size-original\" alt=\"Piotr-obszar dzia\u0142ano\u015bci\" srcset=\"https:\/\/radius-radpol.pl\/wp-content\/uploads\/2021\/10\/piotr-polska_mapa.jpg 1067w, https:\/\/radius-radpol.pl\/wp-content\/uploads\/2021\/10\/piotr-polska_mapa-417x400.jpg 417w, https:\/\/radius-radpol.pl\/wp-content\/uploads\/2021\/10\/piotr-polska_mapa-834x800.jpg 834w, https:\/\/radius-radpol.pl\/wp-content\/uploads\/2021\/10\/piotr-polska_mapa-768x737.jpg 768w, https:\/\/radius-radpol.pl\/wp-content\/uploads\/2021\/10\/piotr-polska_mapa-510x489.jpg 510w\" sizes=\"auto, (max-width: 1067px) 100vw, 1067px\" \/>                         <\/div>\n          <\/div>\n         \n          <div class=\"box-text text-left\" style=\"padding:11px 0px 10px 15px;\">\n                <div class=\"box-text-inner\">\n                  <h4 class=\"uppercase\">\n                    <span class=\"person-name\">Piotr Generalczyk<\/span><br\/>\n                    <span class=\"person-title is-small thin-font op-7\">\n                                          <\/span>\n                  <\/h4>\n\t\t\t\t\t\n<p>+48 603 235 006<\/p>\n<p><a href=\"mailto:piotr.generalczyk@radius-radpol.com.pl\">piotr.generalczyk@radius-radpol.com.pl<\/a><\/p>\n                <\/div>\n          <\/div>\n    <\/div>\n\n\t\n    \n\t\t<\/div>\n\t\t\t\t\n<style>\n#col-1979346592 > .col-inner {\n  border-radius: 5px;\n}\n<\/style>\n\t<\/div>\n\n\t\n\n\t<div id=\"col-695418876\" class=\"col medium-4 small-12 large-4\"  >\n\t\t\t\t<div class=\"col-inner box-shadow-3\"  >\n\t\t\t\n\t\t\t\n    <div class=\"box has-hover has-hover box-text-bottom\" >\n\n                  <div class=\"box-image\" style=\"width:50%;\">\n           <div class=\"box-image-inner image-cover\" style=\"padding-top:100%;\">\n              <img loading=\"lazy\" decoding=\"async\" width=\"1067\" height=\"1024\" src=\"https:\/\/radius-radpol.pl\/wp-content\/uploads\/2021\/10\/polska_mapa11.jpg\" class=\"attachment-original size-original\" alt=\"Dominik-obszar dzia\u0142alno\u015bci\" srcset=\"https:\/\/radius-radpol.pl\/wp-content\/uploads\/2021\/10\/polska_mapa11.jpg 1067w, https:\/\/radius-radpol.pl\/wp-content\/uploads\/2021\/10\/polska_mapa11-417x400.jpg 417w, https:\/\/radius-radpol.pl\/wp-content\/uploads\/2021\/10\/polska_mapa11-834x800.jpg 834w, https:\/\/radius-radpol.pl\/wp-content\/uploads\/2021\/10\/polska_mapa11-768x737.jpg 768w, https:\/\/radius-radpol.pl\/wp-content\/uploads\/2021\/10\/polska_mapa11-510x489.jpg 510w\" sizes=\"auto, (max-width: 1067px) 100vw, 1067px\" \/>                         <\/div>\n          <\/div>\n         \n          <div class=\"box-text text-left\" style=\"padding:11px 0px 10px 15px;\">\n                <div class=\"box-text-inner\">\n                  <h4 class=\"uppercase\">\n                    <span class=\"person-name\">Dominik Hoszowski<\/span><br\/>\n                    <span class=\"person-title is-small thin-font op-7\">\n                                          <\/span>\n                  <\/h4>\n\t\t\t\t\t\n<p>+48 601 328 623<\/p>\n<p><a href=\"mailto:dominik.hoszowski@radius-radpol.com.pl\">dominik.hoszowski@radius-radpol.com.pl<\/a><\/p>\n                <\/div>\n          <\/div>\n    <\/div>\n\n\t\n    \n\t\t<\/div>\n\t\t\t\t\n<style>\n#col-695418876 > .col-inner {\n  border-radius: 5px;\n}\n<\/style>\n\t<\/div>\n\n\t\n\n\t<div id=\"col-963994625\" class=\"col medium-4 small-12 large-4\"  >\n\t\t\t\t<div class=\"col-inner box-shadow-3\"  >\n\t\t\t\n\t\t\t\n    <div class=\"box has-hover has-hover box-text-bottom\" >\n\n                  <div class=\"box-image\" style=\"width:50%;\">\n           <div class=\"box-image-inner image-cover\" style=\"padding-top:100%;\">\n              <img loading=\"lazy\" decoding=\"async\" width=\"1067\" height=\"1024\" src=\"https:\/\/radius-radpol.pl\/wp-content\/uploads\/2022\/03\/polska_mapa22.jpg\" class=\"attachment-original size-original\" alt=\"Stanis\u0142aw-obszar dzia\u0142alno\u015bci\" srcset=\"https:\/\/radius-radpol.pl\/wp-content\/uploads\/2022\/03\/polska_mapa22.jpg 1067w, https:\/\/radius-radpol.pl\/wp-content\/uploads\/2022\/03\/polska_mapa22-417x400.jpg 417w, https:\/\/radius-radpol.pl\/wp-content\/uploads\/2022\/03\/polska_mapa22-834x800.jpg 834w, https:\/\/radius-radpol.pl\/wp-content\/uploads\/2022\/03\/polska_mapa22-768x737.jpg 768w, https:\/\/radius-radpol.pl\/wp-content\/uploads\/2022\/03\/polska_mapa22-510x489.jpg 510w\" sizes=\"auto, (max-width: 1067px) 100vw, 1067px\" \/>                         <\/div>\n          <\/div>\n         \n          <div class=\"box-text text-left\" style=\"padding:11px 0px 10px 15px;\">\n                <div class=\"box-text-inner\">\n                  <h4 class=\"uppercase\">\n                    <span class=\"person-name\">Stanis\u0142aw Surosz<\/span><br\/>\n                    <span class=\"person-title is-small thin-font op-7\">\n                      mANAGER PRODUKTU - ringspann, desch                    <\/span>\n                  <\/h4>\n\t\t\t\t\t\n<p>+48 665 324 927<\/p>\n<p><a href=\"mailto:stanislaw.surosz@radius-radpol.com.pl\">stanislaw.surosz@radius-radpol.com.pl<\/a><\/p>\n                <\/div>\n          <\/div>\n    <\/div>\n\n\t\n    \n\t\t<\/div>\n\t\t\t\t\n<style>\n#col-963994625 > .col-inner {\n  border-radius: 5px;\n}\n<\/style>\n\t<\/div>\n\n\t\n\n\t<div id=\"col-908109623\" class=\"col medium-4 small-12 large-4\"  >\n\t\t\t\t<div class=\"col-inner box-shadow-3\"  >\n\t\t\t\n\t\t\t\n    <div class=\"box has-hover has-hover box-text-bottom\" >\n\n                  <div class=\"box-image\" style=\"width:50%;\">\n           <div class=\"box-image-inner image-cover\" style=\"padding-top:100%;\">\n              <img loading=\"lazy\" decoding=\"async\" width=\"1067\" height=\"1024\" src=\"https:\/\/radius-radpol.pl\/wp-content\/uploads\/2023\/06\/polska_mapa_DK.jpg\" class=\"attachment-original size-original\" alt=\"Dariusz-obszar dzia\u0142alno\u015bci\" srcset=\"https:\/\/radius-radpol.pl\/wp-content\/uploads\/2023\/06\/polska_mapa_DK.jpg 1067w, https:\/\/radius-radpol.pl\/wp-content\/uploads\/2023\/06\/polska_mapa_DK-417x400.jpg 417w, https:\/\/radius-radpol.pl\/wp-content\/uploads\/2023\/06\/polska_mapa_DK-834x800.jpg 834w, https:\/\/radius-radpol.pl\/wp-content\/uploads\/2023\/06\/polska_mapa_DK-768x737.jpg 768w, https:\/\/radius-radpol.pl\/wp-content\/uploads\/2023\/06\/polska_mapa_DK-13x12.jpg 13w, https:\/\/radius-radpol.pl\/wp-content\/uploads\/2023\/06\/polska_mapa_DK-510x489.jpg 510w\" sizes=\"auto, (max-width: 1067px) 100vw, 1067px\" \/>                         <\/div>\n          <\/div>\n         \n          <div class=\"box-text text-left\" style=\"padding:11px 0px 10px 15px;\">\n                <div class=\"box-text-inner\">\n                  <h4 class=\"uppercase\">\n                    <span class=\"person-name\">Dariusz Kowalik<\/span><br\/>\n                    <span class=\"person-title is-small thin-font op-7\">\n                                          <\/span>\n                  <\/h4>\n\t\t\t\t\t\n<p>+48 607 377 437<\/p>\n<p><a href=\"mailto:dariusz.kowalik@radius-radpol.com.pl\">dariusz.kowalik@radius-radpol.com.pl<\/a><\/p>\n                <\/div>\n          <\/div>\n    <\/div>\n\n\t\n    \n\t\t<\/div>\n\t\t\t\t\n<style>\n#col-908109623 > .col-inner {\n  border-radius: 5px;\n}\n<\/style>\n\t<\/div>\n\n\t\n\n\t<div id=\"col-658327060\" class=\"col medium-4 small-12 large-4\"  >\n\t\t\t\t<div class=\"col-inner box-shadow-3\"  >\n\t\t\t\n\t\t\t\n    <div class=\"box has-hover has-hover box-text-bottom\" >\n\n                  <div class=\"box-image\" style=\"width:50%;\">\n           <div class=\"box-image-inner image-cover\" style=\"padding-top:100%;\">\n              <img loading=\"lazy\" decoding=\"async\" width=\"1067\" height=\"1024\" src=\"https:\/\/radius-radpol.pl\/wp-content\/uploads\/2023\/06\/grzegorz-polska_mapa333.jpg\" class=\"attachment-original size-original\" alt=\"Janusz-obszar dzia\u0142alno\u015bci\" srcset=\"https:\/\/radius-radpol.pl\/wp-content\/uploads\/2023\/06\/grzegorz-polska_mapa333.jpg 1067w, https:\/\/radius-radpol.pl\/wp-content\/uploads\/2023\/06\/grzegorz-polska_mapa333-417x400.jpg 417w, https:\/\/radius-radpol.pl\/wp-content\/uploads\/2023\/06\/grzegorz-polska_mapa333-834x800.jpg 834w, https:\/\/radius-radpol.pl\/wp-content\/uploads\/2023\/06\/grzegorz-polska_mapa333-768x737.jpg 768w, https:\/\/radius-radpol.pl\/wp-content\/uploads\/2023\/06\/grzegorz-polska_mapa333-13x12.jpg 13w, https:\/\/radius-radpol.pl\/wp-content\/uploads\/2023\/06\/grzegorz-polska_mapa333-510x489.jpg 510w\" sizes=\"auto, (max-width: 1067px) 100vw, 1067px\" \/>                         <\/div>\n          <\/div>\n         \n          <div class=\"box-text text-left\" style=\"padding:11px 0px 10px 15px;\">\n                <div class=\"box-text-inner\">\n                  <h4 class=\"uppercase\">\n                    <span class=\"person-name\">Janusz Dziadyk<\/span><br\/>\n                    <span class=\"person-title is-small thin-font op-7\">\n                                          <\/span>\n                  <\/h4>\n\t\t\t\t\t\n<p>+48 607 083 377<\/p>\n<p><a href=\"mailto:janusz.dziadyk@radius-radpol.com.pl\">janusz.dziadyk@radius-radpol.com.pl<\/a><\/p>\n                <\/div>\n          <\/div>\n    <\/div>\n\n\t\n    \n\t\t<\/div>\n\t\t\t\t\n<style>\n#col-658327060 > .col-inner {\n  border-radius: 5px;\n}\n<\/style>\n\t<\/div>\n\n\t\n<\/div>\n\t\t<\/div>\n\n\t\t\n<style>\n#section_380950016 {\n  padding-top: 20px;\n  padding-bottom: 20px;\n}\n<\/style>\n\t<\/section>\n\t\n\n\t<section class=\"section\" id=\"section_916761239\">\n\t\t<div class=\"section-bg fill\" >\n\t\t\t\t\t\t\t\t\t\n\t\t\t\n\t<div class=\"is-border\"\n\t\tstyle=\"border-color:rgb(3, 55, 103);border-width:2px 0px 2px 0px;\">\n\t<\/div>\n\n\t\t<\/div>\n\n\t\t\n\n\t\t<div class=\"section-content relative\">\n\t\t\t\n<div class=\"row align-bottom\"  id=\"row-745406302\">\n\n\t<div id=\"col-1211347846\" class=\"col medium-7 small-12 large-7\"  >\n\t\t\t\t<div class=\"col-inner\"  >\n\t\t\t\n\t\t\t\n<h2><strong>Radius-Radpol office in Lodz<\/strong><\/h2>\n<p>ul. Starorudzka 12E<br \/>\n93-418 \u0141\u00f3d\u017a<\/p>\n<h4>S\u0142awomir Trybulski<\/h4>\n<p>Director Lodz<\/p>\n<p>+48 601 305 809<br \/>\n<a href=\"mailto:slawomir.trybulski@radius-radpol.com.pl\">slawomir.trybulski@radius-radpol.com.pl<\/a><\/p>\n\t\t<\/div>\n\t\t\t\t\t<\/div>\n\n\t\n\n\t<div id=\"col-1065271580\" class=\"col medium-5 small-12 large-5\"  >\n\t\t\t\t<div class=\"col-inner\"  >\n\t\t\t\n\t\t\t\n<h4>Marcin P\u0142aczek<\/h4>\n<p>+48 603 811 707<br \/>\n<a href=\"mailto:marcin.placzek@radius-radpol.com.pl\">marcin.placzek@radius-radpol.com.pl<\/a><\/p>\n<h4>Przemys\u0142aw Trybulski<\/h4>\n<p>+48 603 989 033<br \/>\n<a href=\"mailto:przemyslaw.trybulski@radius-radpol.com.pl\">przemyslaw.trybulski@radius-radpol.com.pl<\/a><\/p>\n\t\t<\/div>\n\t\t\t\t\t<\/div>\n\n\t\n<\/div>\n\t\t<\/div>\n\n\t\t\n<style>\n#section_916761239 {\n  padding-top: 20px;\n  padding-bottom: 20px;\n  background-color: rgb(242, 242, 242);\n}\n<\/style>\n\t<\/section>\n\t\n\t<div id=\"gap-1498054564\" class=\"gap-element clearfix\" style=\"display:block; height:auto;\">\n\t\t\n<style>\n#gap-1498054564 {\n  padding-top: 150px;\n}\n<\/style>\n\t<\/div>","protected":false},"excerpt":{"rendered":"","protected":false},"author":1,"featured_media":0,"parent":0,"menu_order":0,"comment_status":"closed","ping_status":"closed","template":"page-blank.php","meta":{"footnotes":""},"class_list":["post-719","page","type-page","status-publish","hentry"],"yoast_head":"<!-- This site is optimized with the Yoast SEO plugin v24.0 - https:\/\/yoast.com\/wordpress\/plugins\/seo\/ -->\n<title>Kontakt - Radius Radpol - technika nap\u0119d\u00f3w mechanicznych<\/title>\n<meta name=\"description\" content=\"Radius-Radpol Sp. z o.o., ul. Pasjonat\u00f3w 3, D\u0105browa, 62-070 Dopiewo, e-mail: info@radius-radpol.com.pl\" \/>\n<meta name=\"robots\" content=\"index, follow, max-snippet:-1, max-image-preview:large, max-video-preview:-1\" \/>\n<link rel=\"canonical\" href=\"https:\/\/radius-radpol.pl\/en\/kontakt\/\" \/>\n<script type=\"application\/ld+json\" class=\"yoast-schema-graph\">{\"@context\":\"https:\/\/schema.org\",\"@graph\":[{\"@type\":\"WebPage\",\"@id\":\"https:\/\/radius-radpol.pl\/kontakt\/\",\"url\":\"https:\/\/radius-radpol.pl\/kontakt\/\",\"name\":\"Kontakt - Radius Radpol - technika nap\u0119d\u00f3w mechanicznych\",\"isPartOf\":{\"@id\":\"https:\/\/radius-radpol.pl\/#website\"},\"datePublished\":\"2020-05-06T07:39:45+00:00\",\"dateModified\":\"2024-08-13T08:02:00+00:00\",\"description\":\"Radius-Radpol Sp. z o.o., ul. Pasjonat\u00f3w 3, D\u0105browa, 62-070 Dopiewo, e-mail: info@radius-radpol.com.pl\",\"breadcrumb\":{\"@id\":\"https:\/\/radius-radpol.pl\/kontakt\/#breadcrumb\"},\"inLanguage\":\"en-US\",\"potentialAction\":[{\"@type\":\"ReadAction\",\"target\":[\"https:\/\/radius-radpol.pl\/kontakt\/\"]}]},{\"@type\":\"BreadcrumbList\",\"@id\":\"https:\/\/radius-radpol.pl\/kontakt\/#breadcrumb\",\"itemListElement\":[{\"@type\":\"ListItem\",\"position\":1,\"name\":\"Strona g\u0142\u00f3wna\",\"item\":\"https:\/\/radius-radpol.pl\/\"},{\"@type\":\"ListItem\",\"position\":2,\"name\":\"Kontakt\"}]},{\"@type\":\"WebSite\",\"@id\":\"https:\/\/radius-radpol.pl\/#website\",\"url\":\"https:\/\/radius-radpol.pl\/\",\"name\":\"Radius Radpol\",\"description\":\"Technika nap\u0119d\u00f3w mechanicznych\",\"publisher\":{\"@id\":\"https:\/\/radius-radpol.pl\/#organization\"},\"potentialAction\":[{\"@type\":\"SearchAction\",\"target\":{\"@type\":\"EntryPoint\",\"urlTemplate\":\"https:\/\/radius-radpol.pl\/?s={search_term_string}\"},\"query-input\":{\"@type\":\"PropertyValueSpecification\",\"valueRequired\":true,\"valueName\":\"search_term_string\"}}],\"inLanguage\":\"en-US\"},{\"@type\":\"Organization\",\"@id\":\"https:\/\/radius-radpol.pl\/#organization\",\"name\":\"Radius Radpol\",\"url\":\"https:\/\/radius-radpol.pl\/\",\"logo\":{\"@type\":\"ImageObject\",\"inLanguage\":\"en-US\",\"@id\":\"https:\/\/radius-radpol.pl\/#\/schema\/logo\/image\/\",\"url\":\"https:\/\/radius-radpol.pl\/wp-content\/uploads\/2021\/10\/Radius-LOGO4.png\",\"contentUrl\":\"https:\/\/radius-radpol.pl\/wp-content\/uploads\/2021\/10\/Radius-LOGO4.png\",\"width\":1500,\"height\":900,\"caption\":\"Radius Radpol\"},\"image\":{\"@id\":\"https:\/\/radius-radpol.pl\/#\/schema\/logo\/image\/\"}}]}<\/script>\n<!-- \/ Yoast SEO plugin. -->","yoast_head_json":{"title":"Kontakt - Radius Radpol - technika nap\u0119d\u00f3w mechanicznych","description":"Radius-Radpol Sp. z o.o., ul. Pasjonat\u00f3w 3, D\u0105browa, 62-070 Dopiewo, e-mail: info@radius-radpol.com.pl","robots":{"index":"index","follow":"follow","max-snippet":"max-snippet:-1","max-image-preview":"max-image-preview:large","max-video-preview":"max-video-preview:-1"},"canonical":"https:\/\/radius-radpol.pl\/en\/kontakt\/","schema":{"@context":"https:\/\/schema.org","@graph":[{"@type":"WebPage","@id":"https:\/\/radius-radpol.pl\/kontakt\/","url":"https:\/\/radius-radpol.pl\/kontakt\/","name":"Kontakt - Radius Radpol - technika nap\u0119d\u00f3w mechanicznych","isPartOf":{"@id":"https:\/\/radius-radpol.pl\/#website"},"datePublished":"2020-05-06T07:39:45+00:00","dateModified":"2024-08-13T08:02:00+00:00","description":"Radius-Radpol Sp. z o.o., ul. Pasjonat\u00f3w 3, D\u0105browa, 62-070 Dopiewo, e-mail: info@radius-radpol.com.pl","breadcrumb":{"@id":"https:\/\/radius-radpol.pl\/kontakt\/#breadcrumb"},"inLanguage":"en-US","potentialAction":[{"@type":"ReadAction","target":["https:\/\/radius-radpol.pl\/kontakt\/"]}]},{"@type":"BreadcrumbList","@id":"https:\/\/radius-radpol.pl\/kontakt\/#breadcrumb","itemListElement":[{"@type":"ListItem","position":1,"name":"Strona g\u0142\u00f3wna","item":"https:\/\/radius-radpol.pl\/"},{"@type":"ListItem","position":2,"name":"Kontakt"}]},{"@type":"WebSite","@id":"https:\/\/radius-radpol.pl\/#website","url":"https:\/\/radius-radpol.pl\/","name":"Radius Radpol","description":"Technika nap\u0119d\u00f3w mechanicznych","publisher":{"@id":"https:\/\/radius-radpol.pl\/#organization"},"potentialAction":[{"@type":"SearchAction","target":{"@type":"EntryPoint","urlTemplate":"https:\/\/radius-radpol.pl\/?s={search_term_string}"},"query-input":{"@type":"PropertyValueSpecification","valueRequired":true,"valueName":"search_term_string"}}],"inLanguage":"en-US"},{"@type":"Organization","@id":"https:\/\/radius-radpol.pl\/#organization","name":"Radius Radpol","url":"https:\/\/radius-radpol.pl\/","logo":{"@type":"ImageObject","inLanguage":"en-US","@id":"https:\/\/radius-radpol.pl\/#\/schema\/logo\/image\/","url":"https:\/\/radius-radpol.pl\/wp-content\/uploads\/2021\/10\/Radius-LOGO4.png","contentUrl":"https:\/\/radius-radpol.pl\/wp-content\/uploads\/2021\/10\/Radius-LOGO4.png","width":1500,"height":900,"caption":"Radius Radpol"},"image":{"@id":"https:\/\/radius-radpol.pl\/#\/schema\/logo\/image\/"}}]}},"_links":{"self":[{"href":"https:\/\/radius-radpol.pl\/en\/wp-json\/wp\/v2\/pages\/719","targetHints":{"allow":["GET"]}}],"collection":[{"href":"https:\/\/radius-radpol.pl\/en\/wp-json\/wp\/v2\/pages"}],"about":[{"href":"https:\/\/radius-radpol.pl\/en\/wp-json\/wp\/v2\/types\/page"}],"author":[{"embeddable":true,"href":"https:\/\/radius-radpol.pl\/en\/wp-json\/wp\/v2\/users\/1"}],"replies":[{"embeddable":true,"href":"https:\/\/radius-radpol.pl\/en\/wp-json\/wp\/v2\/comments?post=719"}],"version-history":[{"count":1,"href":"https:\/\/radius-radpol.pl\/en\/wp-json\/wp\/v2\/pages\/719\/revisions"}],"predecessor-version":[{"id":3415,"href":"https:\/\/radius-radpol.pl\/en\/wp-json\/wp\/v2\/pages\/719\/revisions\/3415"}],"wp:attachment":[{"href":"https:\/\/radius-radpol.pl\/en\/wp-json\/wp\/v2\/media?parent=719"}],"curies":[{"name":"wp","href":"https:\/\/api.w.org\/{rel}","templated":true}]}}