{"id":2785,"date":"2023-04-04T06:50:20","date_gmt":"2023-04-04T06:50:20","guid":{"rendered":"https:\/\/radius-radpol.pl\/?page_id=2785"},"modified":"2024-08-19T08:30:21","modified_gmt":"2024-08-19T08:30:21","slug":"pliki-do-pobrania","status":"publish","type":"page","link":"https:\/\/radius-radpol.pl\/en\/pliki-do-pobrania\/","title":{"rendered":"Download"},"content":{"rendered":"<section class=\"section\" id=\"section_1938452807\">\n\t\t<div class=\"section-bg fill\" >\n\t\t\t\t\t\t\t\t\t\n\t\t\t\n\t<div class=\"is-border\"\n\t\tstyle=\"border-color:rgb(235, 235, 235);border-width:1px 0px 0px 0px;\">\n\t<\/div>\n\n\t\t<\/div>\n\n\t\t\n\n\t\t<div class=\"section-content relative\">\n\t\t\t <div class=\"row\"  id=\"row-244673520\"> \n\t<div id=\"col-1971799523\" class=\"col small-12 large-12\"  >\n\t\t\t\t<div class=\"col-inner\"  >\n\t\t\t\n\t\t\t <div class=\"row align-right\"  id=\"row-1690988559\"> \n\t<div id=\"col-1329314183\" class=\"col small-12 large-12\"  >\n\t\t\t\t<div class=\"col-inner\"  >\n\t\t\t\n\t\t\t \t<div id=\"text-3432119211\" class=\"text\">\n\t\t\r\n<h1 class=\"lead\" style=\"font-size: 26px; font-weight: 500\">Download<\/h1>\r\n\t\t\n<style>\n#text-3432119211 {\n  font-size: 1.05rem;\n}\n<\/style>\n\t<\/div>\n\t \n\t\t<div class=\"tabbed-content\">\n\t\t\t\n\t\t\t<ul class=\"nav nav-outline nav-vertical nav-normal nav-size-large nav-left\" role=\"tablist\"><li id=\"tab-katalogi-og\u00f3lne\" class=\"tab active has-icon\" role=\"presentation\"><a href=\"#tab_katalogi-og\u00f3lne\" role=\"tab\" aria-selected=\"true\" aria-controls=\"tab_katalogi-og\u00f3lne\"><span>General Catalogues<\/span><\/a><\/li>\n<li id=\"tab-instrukcje-obs\u0142ugi,-dtr\" class=\"tab has-icon\" role=\"presentation\"><a href=\"#tab_instrukcje-obs\u0142ugi,-dtr\" tabindex=\"-1\" role=\"tab\" aria-selected=\"false\" aria-controls=\"tab_instrukcje-obs\u0142ugi,-dtr\"><span>Operating instructions<\/span><\/a><\/li>\n<li id=\"tab-og\u00f3lne-warunki-sprzeda\u017cy\" class=\"tab has-icon\" role=\"presentation\"><a href=\"#tab_og\u00f3lne-warunki-sprzeda\u017cy\" tabindex=\"-1\" role=\"tab\" aria-selected=\"false\" aria-controls=\"tab_og\u00f3lne-warunki-sprzeda\u017cy\"><span>Sales terms and conditions<\/span><\/a><\/li>\n<li id=\"tab-certyfikaty\" class=\"tab has-icon\" role=\"presentation\"><a href=\"#tab_certyfikaty\" tabindex=\"-1\" role=\"tab\" aria-selected=\"false\" aria-controls=\"tab_certyfikaty\"><span>Certificates<\/span><\/a><\/li>\n<li id=\"tab-arkusze-doboru\" class=\"tab has-icon\" role=\"presentation\"><a href=\"#tab_arkusze-doboru\" tabindex=\"-1\" role=\"tab\" aria-selected=\"false\" aria-controls=\"tab_arkusze-doboru\"><span>Product selection sheets<\/span><\/a><\/li><\/ul><div class=\"tab-panels\"><div id=\"tab_katalogi-og\u00f3lne\" class=\"panel active entry-content\" role=\"tabpanel\" aria-labelledby=\"tab-katalogi-og\u00f3lne\"> \t<div id=\"text-3915564099\" class=\"text\">\n\t\t\r\n<p><em><strong><a href=\"https:\/\/radius-radpol.pl\/wp-content\/uploads\/2023\/04\/KATALOG-Silniki-EN.pdf\">Electric Motors<\/a><\/strong><\/em><\/p>\r\n<p><em><strong><a href=\"https:\/\/radius-radpol.pl\/wp-content\/uploads\/2020\/05\/Karta_katalogowa_chlodzeniaomt41.pdf\">Cooling units for electric motors<\/a><\/strong><\/em><\/p>\r\n<p><em><strong><a href=\"https:\/\/www.transtecno.com\/en-en\/category\/downloads-en\/\">Geared motors TRANSTECNO<\/a><\/strong><\/em><\/p>\r\n<p><em><strong><a href=\"https:\/\/radius-radpol.pl\/wp-content\/uploads\/2020\/09\/katalog-sprzegiel-elast.-wyd.3.pdf\">Elastic Shaft Couplings<\/a><\/strong><\/em><\/p>\r\n<p><em><strong><a href=\"https:\/\/radius-radpol.pl\/wp-content\/uploads\/2023\/02\/V-Belt-pulleys-for-TaperLock.pdf\">V-Belt pulleys &amp; Hubs<\/a><\/strong><\/em><\/p>\r\n<p><em><strong><a href=\"https:\/\/radius-radpol.pl\/wp-content\/uploads\/2023\/02\/Product-Catalog-Sprockets-and-plate-wheels.pdf\">Sprocket and platewheel<\/a><\/strong><\/em><\/p>\r\n<p><em><strong><a href=\"https:\/\/radius-radpol.pl\/wp-content\/uploads\/2020\/07\/Hamulce-wyd.7.pdf\" target=\"_blank\" rel=\"noopener noreferrer\">Brakes<\/a><\/strong><\/em><\/p>\r\n<p><em><strong><a href=\"https:\/\/radius-radpol.pl\/wp-content\/uploads\/2021\/02\/Wolnobiegi-wyd.-8.pdf\">Freewheels<\/a><\/strong><\/em><\/p>\r\n<p><em><strong><a href=\"https:\/\/radius-radpol.pl\/wp-content\/uploads\/2020\/05\/Katalog-ELSO-ELBE-wyd.7.pdf\">Cardan shafts &amp; precision joints<\/a><\/strong><\/em><\/p>\r\n<p><em><strong><a href=\"https:\/\/radius-radpol.pl\/wp-content\/uploads\/2020\/07\/Po%C5%82%C4%85czenie-wa%C5%82-piasta-wyd.4.pdf\" target=\"_blank\" rel=\"noopener noreferrer\">Shaft-Hub connections<\/a><\/strong><\/em><\/p>\r\n<p><em><strong><a href=\"https:\/\/radius-radpol.pl\/wp-content\/uploads\/2020\/07\/Precyzyjne-narz%C4%99dzia-mocuj%C4%85ce-wyd.3.pdf\" target=\"_blank\" rel=\"noopener noreferrer\">Precision clamping fixtures<\/a><\/strong><\/em><\/p>\r\n<p><em><strong><a href=\"https:\/\/radius-radpol.pl\/wp-content\/uploads\/2020\/07\/Sprz%C4%99g%C5%82a-do-wa%C5%82%C3%B3w-wyd.2-1.pdf\" target=\"_blank\" rel=\"noopener noreferrer\">Shaft couplings<\/a><\/strong><\/em><\/p>\r\n<p><em><strong><a href=\"https:\/\/radius-radpol.pl\/wp-content\/uploads\/2020\/07\/Sprz%C4%99g%C5%82a-HELICAL-wyd.2.pdf\" target=\"_blank\" rel=\"noopener noreferrer\">HELICAL Couplings<\/a><\/strong><\/em><\/p>\r\n<p><em><strong><a href=\"https:\/\/radius-radpol.pl\/wp-content\/uploads\/2020\/07\/Sprz%C4%99g%C5%82a-przeci%C4%85%C5%BCeniowe-wyd.4.pdf\" target=\"_blank\" rel=\"noopener noreferrer\">Overload Clutches <\/a><\/strong><\/em><em><strong><a href=\"https:\/\/radius-radpol.pl\/wp-content\/uploads\/2020\/07\/Sprz%C4%99g%C5%82o-po%C5%9Blizgowe-RSHD.pdf\" target=\"_blank\" rel=\"noopener noreferrer\">+ Sprz\u0119g\u0142o po\u015blizgowe RSHD<\/a><\/strong><\/em><\/p>\r\n\t\t\n<style>\n#text-3915564099 {\n  font-size: 1.05rem;\n  line-height: 1.1;\n  text-align: left;\n}\n<\/style>\n\t<\/div>\n\t <\/div>\n<div id=\"tab_instrukcje-obs\u0142ugi,-dtr\" class=\"panel entry-content\" role=\"tabpanel\" aria-labelledby=\"tab-instrukcje-obs\u0142ugi,-dtr\">\r\n<p><a href=\"https:\/\/radius-radpol.pl\/wp-content\/uploads\/2024\/01\/Instrukcja-DTR-Silniki-elektryczne.pdf\">Manual OMEC Motors Electric Motors<\/a><\/p>\r\n<p><a href=\"https:\/\/radius-radpol.pl\/wp-content\/uploads\/2024\/01\/Szyny-naciagowe-do-silnikow.pdf\">Manual - Tension rails for motors<\/a><\/p>\r\n<p><a href=\"https:\/\/radius-radpol.pl\/wp-content\/uploads\/2024\/01\/Taper-lock.pdf\">Taper-lock bushing installation instructions<\/a><\/p>\r\n<p><a href=\"https:\/\/radius-radpol.pl\/wp-content\/uploads\/2024\/01\/winflex.pdf\">Installation and maintenance instructions - Winflex couplings<\/a><\/p>\r\n<p><a href=\"https:\/\/radius-radpol.pl\/wp-content\/uploads\/2024\/01\/flexident-senior.pdf\">Installation and maintenance instructions - Flexident Senior couplings<\/a><\/p>\r\n<p><a href=\"https:\/\/radius-radpol.pl\/wp-content\/uploads\/2024\/01\/Instrukcja-walow-kardana-ELBE.pdf\">ELBE Cardan Shafts Manual<\/a><\/p>\r\n<p><a href=\"https:\/\/radius-radpol.pl\/wp-content\/uploads\/2024\/01\/Instrukcja-walow-precyzyjnych-ELSO.pdf\">ELSO Precision Shafts Manual<\/a><\/p>\r\n<p><a href=\"https:\/\/radius-radpol.pl\/wp-content\/uploads\/2020\/07\/Instrukcja-obs%C5%82ugi-Falowniki.pdf\" target=\"_blank\" rel=\"nofollow noopener noreferrer\">Instrukcja obs\u0142ugi \u2013 Falowniki<\/a><\/p>\r\n<p><a href=\"https:\/\/radius-radpol.pl\/wp-content\/uploads\/2020\/07\/Przek%C5%82.%C5%9Blimakowe-CM.pdf\" target=\"_blank\" rel=\"nofollow noopener noreferrer\">Operating instructions - CM worm gears<\/a><\/p>\r\n<p><a href=\"https:\/\/radius-radpol.pl\/wp-content\/uploads\/2020\/07\/Przek%C5%82.sto%C5%BCk.-walcowe-CMB.pdf\" target=\"_blank\" rel=\"nofollow noopener noreferrer\">Operating instructions - CMB helical bevel gearboxes<\/a><\/p>\r\n<p><a href=\"https:\/\/radius-radpol.pl\/wp-content\/uploads\/2020\/07\/Przek%C5%82.walcowe-CMG.pdf\" target=\"_blank\" rel=\"nofollow noopener noreferrer\">Operating instructions - CMG helical gearboxes<\/a><\/p>\r\n<p><a href=\"https:\/\/radius-radpol.pl\/wp-content\/uploads\/2020\/07\/Przek%C5%82.walcowe-PU.pdf\" target=\"_blank\" rel=\"nofollow noopener noreferrer\">Operating instructions - PU single stage helical gearboxes<\/a><\/p>\r\n<\/div>\n<div id=\"tab_og\u00f3lne-warunki-sprzeda\u017cy\" class=\"panel entry-content\" role=\"tabpanel\" aria-labelledby=\"tab-og\u00f3lne-warunki-sprzeda\u017cy\"> \t<div id=\"text-1788928102\" class=\"text\">\n\t\t\r\n<ul>\r\n<li><a href=\"https:\/\/radius-radpol.pl\/wp-content\/uploads\/2023\/06\/OWS-Radius-Radpol-RR-Sp.zo_.o.pdf\">OWS Radius-Radpol Sp. z o.o.<\/a><\/li>\r\n<li><a href=\"https:\/\/radius-radpol.pl\/wp-content\/uploads\/2021\/09\/Karta_gwarancyjna.PDF\">Warranty card<\/a><\/li>\r\n<li><a href=\"https:\/\/radius-radpol.pl\/wp-content\/uploads\/2021\/09\/22%20Zg%C5%82oszenie%20reklamacji.doc\">Complaints form<\/a><\/li>\r\n<\/ul>\r\n\t\t\n<style>\n#text-1788928102 {\n  font-size: 1rem;\n}\n<\/style>\n\t<\/div>\n\t <\/div>\n<div id=\"tab_certyfikaty\" class=\"panel entry-content\" role=\"tabpanel\" aria-labelledby=\"tab-certyfikaty\">\r\n<ul>\r\n<li><a href=\"https:\/\/radius-radpol.pl\/wp-content\/uploads\/2023\/04\/CERTIFICATE-OF-CONFORMITY-CE-OMEC.pdf\">CE certification - OMEC Motors<\/a><\/li>\r\n<li><a href=\"https:\/\/radius-radpol.pl\/wp-content\/uploads\/2023\/04\/deklaracja-pochodzenia-towaru.pdf\">Declaration of origin of the goods<\/a><\/li>\r\n<li><a href=\"https:\/\/radius-radpol.pl\/wp-content\/uploads\/2023\/06\/ISOpl.pdf\">ISO certificate<\/a><\/li>\r\n<\/ul>\r\n<\/div>\n<div id=\"tab_arkusze-doboru\" class=\"panel entry-content\" role=\"tabpanel\" aria-labelledby=\"tab-arkusze-doboru\">\r\n<table class=\"NormalTable\">\r\n<tbody>\r\n<tr>\r\n<td width=\"550\"><a href=\"https:\/\/radius-radpol.pl\/wp-content\/uploads\/2020\/07\/Arkusz-doboru-LUTEX.pdf\" target=\"_blank\" rel=\"nofollow noopener noreferrer\">Arkusz doboru LUTEX<\/a><\/td>\r\n<\/tr>\r\n<tr>\r\n<td width=\"550\"><a href=\"https:\/\/radius-radpol.pl\/wp-content\/uploads\/2020\/07\/Arkusz-doboru-nap%C4%99du-kompletnego-KA.pdf\" target=\"_blank\" rel=\"nofollow noopener noreferrer\">Arkusz doboru nap\u0119du kompletnego KA<\/a><\/td>\r\n<\/tr>\r\n<tr>\r\n<td width=\"550\"><a href=\"https:\/\/radius-radpol.pl\/wp-content\/uploads\/2020\/07\/Arkusz-doboru-PLANOX.pdf\" target=\"_blank\" rel=\"nofollow noopener noreferrer\">Arkusz doboru PLANOX<\/a><\/td>\r\n<\/tr>\r\n<tr>\r\n<td width=\"550\"><a href=\"https:\/\/radius-radpol.pl\/wp-content\/uploads\/2020\/07\/Arkusz-doboru-przek%C5%82adni-planetarnej.pdf\" target=\"_blank\" rel=\"nofollow noopener noreferrer\">Arkusz doboru przek\u0142adni planetarnej<\/a><\/td>\r\n<\/tr>\r\n<tr>\r\n<td><a href=\"https:\/\/radius-radpol.pl\/wp-content\/uploads\/2020\/07\/Arkusz-doboru-rozruchu-ci%C4%99%C5%BCkiego.pdf\" target=\"_blank\" rel=\"nofollow noopener noreferrer\">Arkusz doboru rozruchu ci\u0119\u017ckiego<\/a><\/td>\r\n<\/tr>\r\n<tr>\r\n<td width=\"550\"><a href=\"https:\/\/radius-radpol.pl\/wp-content\/uploads\/2020\/07\/Arkusz-doboru-sprz%C4%99g%C5%82a-za%C5%82.-i-po%C5%9Blizg..pdf\" target=\"_blank\" rel=\"nofollow noopener noreferrer\">Arkusz doboru sprz\u0119g\u0142a za\u0142. i po\u015blizg<\/a><\/td>\r\n<\/tr>\r\n<tr>\r\n<td width=\"550\"><a href=\"https:\/\/radius-radpol.pl\/wp-content\/uploads\/2020\/07\/Arkusz-doboru-sprz%C4%99g%C5%82a-za%C5%82.-i-po%C5%9Blizg-wersja-angielska.pdf\" target=\"_blank\" rel=\"nofollow noopener noreferrer\">Arkusz doboru sprz\u0119g\u0142a za\u0142. i po\u015blizg-wersja angielska<\/a><\/td>\r\n<\/tr>\r\n<\/tbody>\r\n<\/table>\r\n<table class=\"NormalTable\">\r\n<tbody>\r\n<tr>\r\n<td width=\"550\"><a href=\"https:\/\/radius-radpol.pl\/wp-content\/uploads\/2020\/07\/Arkusz-doboru-hamulca.pdf\" target=\"_blank\" rel=\"nofollow noopener noreferrer\">Arkusz doboru hamulca<\/a><\/td>\r\n<\/tr>\r\n<tr>\r\n<td width=\"550\"><a href=\"https:\/\/radius-radpol.pl\/wp-content\/uploads\/2020\/07\/Arkusz-doboru-ogranicznika-momentu-obr..pdf\" target=\"_blank\" rel=\"nofollow noopener noreferrer\">Arkusz doboru ogranicznika momentu obr.<\/a><\/td>\r\n<\/tr>\r\n<tr>\r\n<td width=\"550\"><a href=\"https:\/\/radius-radpol.pl\/wp-content\/uploads\/2020\/07\/Arkusz-doboru-ogranicznika-si%C5%82y-PA.pdf\" target=\"_blank\" rel=\"nofollow noopener noreferrer\">Arkusz doboru ogranicznika si\u0142y PA<\/a><\/td>\r\n<\/tr>\r\n<tr>\r\n<td width=\"550\"><a href=\"https:\/\/radius-radpol.pl\/wp-content\/uploads\/2020\/07\/Arkusz-doboru-przyrz%C4%85d%C3%B3w-mocuj%C4%85cych.pdf\" target=\"_blank\" rel=\"nofollow noopener noreferrer\">Arkusz doboru przyrz\u0105d\u00f3w mocuj\u0105cych<\/a><\/td>\r\n<\/tr>\r\n<tr>\r\n<td><a href=\"https:\/\/radius-radpol.pl\/wp-content\/uploads\/2020\/07\/Arkusz-doboru-sprz%C4%99g%C5%82a-ko%C5%82n.RFK_.pdf\" target=\"_blank\" rel=\"nofollow noopener noreferrer\">Arkusz doboru sprz\u0119g\u0142a ko\u0142n.RFK<\/a><\/td>\r\n<\/tr>\r\n<tr>\r\n<td width=\"550\"><a href=\"https:\/\/radius-radpol.pl\/wp-content\/uploads\/2020\/07\/Arkusz-doboru-urz%C4%85dz.zacisk-KEFH-KEFP.pdf\" target=\"_blank\" rel=\"nofollow noopener noreferrer\">Arkusz doboru urz\u0105dz.zacisk KEFH, KEFP<\/a><\/td>\r\n<\/tr>\r\n<tr>\r\n<td width=\"550\"><a href=\"https:\/\/radius-radpol.pl\/wp-content\/uploads\/2020\/07\/Arkusze-doboru-wolnobiegu.pdf\" target=\"_blank\" rel=\"nofollow noopener noreferrer\">Arkusze doboru wolnobiegu<\/a><\/td>\r\n<\/tr>\r\n<\/tbody>\r\n<\/table>\r\n<table class=\"NormalTable\">\r\n<tbody>\r\n<tr>\r\n<td width=\"550\"><a href=\"https:\/\/radius-radpol.pl\/wp-content\/uploads\/2020\/07\/Arkusz-doboru-wa%C5%82u-przegubowego.pdf\" target=\"_blank\" rel=\"nofollow noopener noreferrer\">Arkusz doboru wa\u0142u przegubowego<\/a><\/td>\r\n<\/tr>\r\n<tr>\r\n<td width=\"550\"><a href=\"https:\/\/radius-radpol.pl\/wp-content\/uploads\/2020\/07\/Formularz-zapytania_pl.pdf\" target=\"_blank\" rel=\"nofollow noopener noreferrer\">Formularz zapytania &#8211; wa\u0142y przegubowe<\/a><\/td>\r\n<\/tr>\r\n<\/tbody>\r\n<\/table>\r\n<\/div><\/div><\/div> \t\t<\/div>\n\t\t\t\t\t<\/div>\n\n\t <\/div> \t\t<\/div>\n\t\t\t\t\t<\/div>\n\n\t <\/div> \t\t<\/div>\n\n\t\t\n<style>\n#section_1938452807 {\n  padding-top: 60px;\n  padding-bottom: 60px;\n  min-height: 300px;\n  background-color: rgb(245, 245, 245);\n}\n<\/style>\n\t<\/section>","protected":false},"excerpt":{"rendered":"","protected":false},"author":1,"featured_media":0,"parent":0,"menu_order":0,"comment_status":"closed","ping_status":"closed","template":"page-blank.php","meta":{"footnotes":""},"class_list":["post-2785","page","type-page","status-publish","hentry"],"yoast_head":"<!-- This site is optimized with the Yoast SEO plugin v24.0 - https:\/\/yoast.com\/wordpress\/plugins\/seo\/ -->\n<title>Pliki do pobrania - Radius Radpol - technika nap\u0119d\u00f3w mechanicznych<\/title>\n<meta name=\"description\" content=\"Katalogi og\u00f3lne, instrukcje obs\u0142ugi, DTR, og\u00f3lne warunki sprzeda\u017cy, certyfikaty, arkusze odbioru.\" \/>\n<meta name=\"robots\" content=\"index, follow, max-snippet:-1, max-image-preview:large, max-video-preview:-1\" \/>\n<link rel=\"canonical\" href=\"https:\/\/radius-radpol.pl\/en\/pliki-do-pobrania\/\" \/>\n<script type=\"application\/ld+json\" class=\"yoast-schema-graph\">{\"@context\":\"https:\/\/schema.org\",\"@graph\":[{\"@type\":\"WebPage\",\"@id\":\"https:\/\/radius-radpol.pl\/pliki-do-pobrania\/\",\"url\":\"https:\/\/radius-radpol.pl\/pliki-do-pobrania\/\",\"name\":\"Pliki do pobrania - Radius Radpol - technika nap\u0119d\u00f3w mechanicznych\",\"isPartOf\":{\"@id\":\"https:\/\/radius-radpol.pl\/#website\"},\"datePublished\":\"2023-04-04T06:50:20+00:00\",\"dateModified\":\"2024-08-19T08:30:21+00:00\",\"description\":\"Katalogi og\u00f3lne, instrukcje obs\u0142ugi, DTR, og\u00f3lne warunki sprzeda\u017cy, certyfikaty, arkusze odbioru.\",\"breadcrumb\":{\"@id\":\"https:\/\/radius-radpol.pl\/pliki-do-pobrania\/#breadcrumb\"},\"inLanguage\":\"en-US\",\"potentialAction\":[{\"@type\":\"ReadAction\",\"target\":[\"https:\/\/radius-radpol.pl\/pliki-do-pobrania\/\"]}]},{\"@type\":\"BreadcrumbList\",\"@id\":\"https:\/\/radius-radpol.pl\/pliki-do-pobrania\/#breadcrumb\",\"itemListElement\":[{\"@type\":\"ListItem\",\"position\":1,\"name\":\"Strona g\u0142\u00f3wna\",\"item\":\"https:\/\/radius-radpol.pl\/\"},{\"@type\":\"ListItem\",\"position\":2,\"name\":\"Pliki do pobrania\"}]},{\"@type\":\"WebSite\",\"@id\":\"https:\/\/radius-radpol.pl\/#website\",\"url\":\"https:\/\/radius-radpol.pl\/\",\"name\":\"Radius Radpol\",\"description\":\"Technika nap\u0119d\u00f3w mechanicznych\",\"publisher\":{\"@id\":\"https:\/\/radius-radpol.pl\/#organization\"},\"potentialAction\":[{\"@type\":\"SearchAction\",\"target\":{\"@type\":\"EntryPoint\",\"urlTemplate\":\"https:\/\/radius-radpol.pl\/?s={search_term_string}\"},\"query-input\":{\"@type\":\"PropertyValueSpecification\",\"valueRequired\":true,\"valueName\":\"search_term_string\"}}],\"inLanguage\":\"en-US\"},{\"@type\":\"Organization\",\"@id\":\"https:\/\/radius-radpol.pl\/#organization\",\"name\":\"Radius Radpol\",\"url\":\"https:\/\/radius-radpol.pl\/\",\"logo\":{\"@type\":\"ImageObject\",\"inLanguage\":\"en-US\",\"@id\":\"https:\/\/radius-radpol.pl\/#\/schema\/logo\/image\/\",\"url\":\"https:\/\/radius-radpol.pl\/wp-content\/uploads\/2021\/10\/Radius-LOGO4.png\",\"contentUrl\":\"https:\/\/radius-radpol.pl\/wp-content\/uploads\/2021\/10\/Radius-LOGO4.png\",\"width\":1500,\"height\":900,\"caption\":\"Radius Radpol\"},\"image\":{\"@id\":\"https:\/\/radius-radpol.pl\/#\/schema\/logo\/image\/\"}}]}<\/script>\n<!-- \/ Yoast SEO plugin. -->","yoast_head_json":{"title":"Pliki do pobrania - Radius Radpol - technika nap\u0119d\u00f3w mechanicznych","description":"Katalogi og\u00f3lne, instrukcje obs\u0142ugi, DTR, og\u00f3lne warunki sprzeda\u017cy, certyfikaty, arkusze odbioru.","robots":{"index":"index","follow":"follow","max-snippet":"max-snippet:-1","max-image-preview":"max-image-preview:large","max-video-preview":"max-video-preview:-1"},"canonical":"https:\/\/radius-radpol.pl\/en\/pliki-do-pobrania\/","schema":{"@context":"https:\/\/schema.org","@graph":[{"@type":"WebPage","@id":"https:\/\/radius-radpol.pl\/pliki-do-pobrania\/","url":"https:\/\/radius-radpol.pl\/pliki-do-pobrania\/","name":"Pliki do pobrania - Radius Radpol - technika nap\u0119d\u00f3w mechanicznych","isPartOf":{"@id":"https:\/\/radius-radpol.pl\/#website"},"datePublished":"2023-04-04T06:50:20+00:00","dateModified":"2024-08-19T08:30:21+00:00","description":"Katalogi og\u00f3lne, instrukcje obs\u0142ugi, DTR, og\u00f3lne warunki sprzeda\u017cy, certyfikaty, arkusze odbioru.","breadcrumb":{"@id":"https:\/\/radius-radpol.pl\/pliki-do-pobrania\/#breadcrumb"},"inLanguage":"en-US","potentialAction":[{"@type":"ReadAction","target":["https:\/\/radius-radpol.pl\/pliki-do-pobrania\/"]}]},{"@type":"BreadcrumbList","@id":"https:\/\/radius-radpol.pl\/pliki-do-pobrania\/#breadcrumb","itemListElement":[{"@type":"ListItem","position":1,"name":"Strona g\u0142\u00f3wna","item":"https:\/\/radius-radpol.pl\/"},{"@type":"ListItem","position":2,"name":"Pliki do pobrania"}]},{"@type":"WebSite","@id":"https:\/\/radius-radpol.pl\/#website","url":"https:\/\/radius-radpol.pl\/","name":"Radius Radpol","description":"Technika nap\u0119d\u00f3w mechanicznych","publisher":{"@id":"https:\/\/radius-radpol.pl\/#organization"},"potentialAction":[{"@type":"SearchAction","target":{"@type":"EntryPoint","urlTemplate":"https:\/\/radius-radpol.pl\/?s={search_term_string}"},"query-input":{"@type":"PropertyValueSpecification","valueRequired":true,"valueName":"search_term_string"}}],"inLanguage":"en-US"},{"@type":"Organization","@id":"https:\/\/radius-radpol.pl\/#organization","name":"Radius Radpol","url":"https:\/\/radius-radpol.pl\/","logo":{"@type":"ImageObject","inLanguage":"en-US","@id":"https:\/\/radius-radpol.pl\/#\/schema\/logo\/image\/","url":"https:\/\/radius-radpol.pl\/wp-content\/uploads\/2021\/10\/Radius-LOGO4.png","contentUrl":"https:\/\/radius-radpol.pl\/wp-content\/uploads\/2021\/10\/Radius-LOGO4.png","width":1500,"height":900,"caption":"Radius Radpol"},"image":{"@id":"https:\/\/radius-radpol.pl\/#\/schema\/logo\/image\/"}}]}},"_links":{"self":[{"href":"https:\/\/radius-radpol.pl\/en\/wp-json\/wp\/v2\/pages\/2785","targetHints":{"allow":["GET"]}}],"collection":[{"href":"https:\/\/radius-radpol.pl\/en\/wp-json\/wp\/v2\/pages"}],"about":[{"href":"https:\/\/radius-radpol.pl\/en\/wp-json\/wp\/v2\/types\/page"}],"author":[{"embeddable":true,"href":"https:\/\/radius-radpol.pl\/en\/wp-json\/wp\/v2\/users\/1"}],"replies":[{"embeddable":true,"href":"https:\/\/radius-radpol.pl\/en\/wp-json\/wp\/v2\/comments?post=2785"}],"version-history":[{"count":5,"href":"https:\/\/radius-radpol.pl\/en\/wp-json\/wp\/v2\/pages\/2785\/revisions"}],"predecessor-version":[{"id":3428,"href":"https:\/\/radius-radpol.pl\/en\/wp-json\/wp\/v2\/pages\/2785\/revisions\/3428"}],"wp:attachment":[{"href":"https:\/\/radius-radpol.pl\/en\/wp-json\/wp\/v2\/media?parent=2785"}],"curies":[{"name":"wp","href":"https:\/\/api.w.org\/{rel}","templated":true}]}}